{"id":10383,"date":"2025-01-17T12:16:08","date_gmt":"2025-01-17T11:16:08","guid":{"rendered":"https:\/\/www.france.no\/?page_id=10383"},"modified":"2026-03-26T10:24:05","modified_gmt":"2026-03-26T09:24:05","slug":"studenthistorier","status":"publish","type":"page","link":"https:\/\/www.france.no\/no\/universiteter\/hoyere-utdanning-og-postdoktorstillinger\/studenthistorier\/","title":{"rendered":"Studenthistorier"},"content":{"rendered":"\n<p><strong><strong><strong>Studere i Frankrike: Bli inspirert av norske studenters erfaringer!<\/strong><\/strong><\/strong><\/p>\n\n\n\n<p>Har du alltid hatt lyst til \u00e5 studere i Frankrike og oppleve noe unikt b\u00e5de akademisk og kulturelt? Her kan du lese om norske studenter som har valgt \u00e5 studere i Frankrike. De deler sine erfaringer, hva som motiverte dem til \u00e5 studere i utlandet, og hvilke utfordringer de har m\u00f8tt p\u00e5 veien. Fra spr\u00e5kl\u00e6ring til \u00e5 bli kjent med den franske kulturen og livet p\u00e5 et fransk universitet \u2013 disse historiene gir et godt innblikk i hva det inneb\u00e6rer \u00e5 v\u00e6re student i Frankrike.<\/p>\n\n\n\n<p>Din franske dr\u00f8m kan bli virkelighet!<\/p>\n\n\n\n<div class=\"wp-block-media-text is-stacked-on-mobile\" style=\"grid-template-columns:25% auto\"><figure class=\"wp-block-media-text__media\"><a href=\"https:\/\/www.france.no\/no\/fra-oslo-til-caen-ingrids-erfaringer-med-a-studere-fransk-didaktikk-i-frankrike\/\"><img loading=\"lazy\" decoding=\"async\" width=\"866\" height=\"1006\" src=\"https:\/\/www.france.no\/wp-content\/uploads\/2025\/01\/Untitled-design-1.png\" alt=\"\" class=\"wp-image-10452 size-full\" srcset=\"https:\/\/www.france.no\/wp-content\/uploads\/2025\/01\/Untitled-design-1.png 866w, https:\/\/www.france.no\/wp-content\/uploads\/2025\/01\/Untitled-design-1-258x300.png 258w, https:\/\/www.france.no\/wp-content\/uploads\/2025\/01\/Untitled-design-1-768x892.png 768w\" sizes=\"auto, (max-width: 866px) 100vw, 866px\" \/><\/a><\/figure><div class=\"wp-block-media-text__content\">\n<p><a href=\"https:\/\/www.france.no\/no\/fra-oslo-til-caen-ingrids-erfaringer-med-a-studere-fransk-didaktikk-i-frankrike\/\" target=\"_blank\" rel=\"noreferrer noopener\">Les intervjuet med <strong>Ingrid<\/strong><\/a>, som forteller om sitt studie\u00e5r i fransk didaktikk i Caen, og hvordan hun har f\u00e5tt en dypere forst\u00e5else av den franske kulturen.<\/p>\n<\/div><\/div>\n\n\n\n<div class=\"wp-block-media-text is-stacked-on-mobile\" style=\"grid-template-columns:25% auto\"><figure class=\"wp-block-media-text__media\"><a href=\"https:\/\/www.france.no\/no\/fra-saetre-til-paris-henriks-erfaringer-med-a-studere-ved-sciences-po\/\"><img loading=\"lazy\" decoding=\"async\" width=\"277\" height=\"322\" src=\"https:\/\/www.france.no\/wp-content\/uploads\/2024\/11\/ARCTANDER_Henrik_Picture.jpg\" alt=\"\" class=\"wp-image-9653 size-full\" srcset=\"https:\/\/www.france.no\/wp-content\/uploads\/2024\/11\/ARCTANDER_Henrik_Picture.jpg 277w, https:\/\/www.france.no\/wp-content\/uploads\/2024\/11\/ARCTANDER_Henrik_Picture-258x300.jpg 258w\" sizes=\"auto, (max-width: 277px) 100vw, 277px\" \/><\/a><\/figure><div class=\"wp-block-media-text__content\">\n<p><a href=\"https:\/\/www.france.no\/no\/fra-saetre-til-paris-henriks-erfaringer-med-a-studere-ved-sciences-po\/\" target=\"_blank\" rel=\"noreferrer noopener\">Les intervjuet med <strong>Henrik<\/strong><\/a>, som deler sine erfaringer fra studiene i geopolitiske fag ved Sciences Po i Paris og Reims, og hvordan hans profesjonelle opplevelser i Gen\u00e8ve har formet karrieren hans.<\/p>\n<\/div><\/div>\n\n\n\n<div class=\"wp-block-media-text is-stacked-on-mobile\" style=\"grid-template-columns:25% auto\"><figure class=\"wp-block-media-text__media\"><a href=\"https:\/\/www.france.no\/no\/fra-bryne-til-toulouse-heddas-erfaringer-med-a-studere-ledelse-og-finans-i-frankrike\/\"><img loading=\"lazy\" decoding=\"async\" width=\"866\" height=\"1006\" src=\"https:\/\/www.france.no\/wp-content\/uploads\/2025\/01\/Untitled-design-2.png\" alt=\"\" class=\"wp-image-10458 size-full\" srcset=\"https:\/\/www.france.no\/wp-content\/uploads\/2025\/01\/Untitled-design-2.png 866w, https:\/\/www.france.no\/wp-content\/uploads\/2025\/01\/Untitled-design-2-258x300.png 258w, https:\/\/www.france.no\/wp-content\/uploads\/2025\/01\/Untitled-design-2-768x892.png 768w\" sizes=\"auto, (max-width: 866px) 100vw, 866px\" \/><\/a><\/figure><div class=\"wp-block-media-text__content\">\n<p><a href=\"https:\/\/www.france.no\/no\/universiteter\/studenthistorier\/fra-bryne-til-toulouse-heddas-erfaringer-med-a-studere-ledelse-og-finans-ved-tbs\/\" target=\"_blank\" rel=\"noreferrer noopener\">Les intervjuet med <strong>Hedda<\/strong><\/a>, som forteller om studiene sine i ledelse og finans ved Toulouse Business School, og hvordan hun kombinerer studier i Frankrike med en bachelorgrad i samfunns\u00f8konomi fra Universitetet i Bergen.<\/p>\n<\/div><\/div>\n\n\n\n<div class=\"wp-block-media-text is-stacked-on-mobile\" style=\"grid-template-columns:25% auto\"><figure class=\"wp-block-media-text__media\"><a href=\"https:\/\/www.france.no\/no\/fra-molde-til-toulouse-oskars-erfaringer-som-ingeniorstudent-i-frankrike\/\"><img loading=\"lazy\" decoding=\"async\" width=\"866\" height=\"1006\" src=\"https:\/\/www.france.no\/wp-content\/uploads\/2025\/01\/Untitled-design.png\" alt=\"\" class=\"wp-image-10464 size-full\" srcset=\"https:\/\/www.france.no\/wp-content\/uploads\/2025\/01\/Untitled-design.png 866w, https:\/\/www.france.no\/wp-content\/uploads\/2025\/01\/Untitled-design-258x300.png 258w, https:\/\/www.france.no\/wp-content\/uploads\/2025\/01\/Untitled-design-768x892.png 768w\" sizes=\"auto, (max-width: 866px) 100vw, 866px\" \/><\/a><\/figure><div class=\"wp-block-media-text__content\">\n<p><a href=\"https:\/\/www.france.no\/no\/universiteter\/studenthistorier\/fra-molde-til-toulouse-oskars-erfaringer-som-ingeniorstudent-ved-insa\/\" target=\"_blank\" rel=\"noreferrer noopener\">Les intervjuet med <strong>Oskar<\/strong><\/a>, som deler sine erfaringer fra ingeni\u00f8rstudiene i Toulouse, etter \u00e5 ha tatt en automatikerutdanning (TAF) p\u00e5 videreg\u00e5ende i Norge.<\/p>\n<\/div><\/div>\n\n\n\n<p>Er du nysgjerrig p\u00e5 \u00e5 studere i Frankrike? Ta kontakt med <a href=\"https:\/\/www.norvege.campusfrance.org\/campus-france-norge\" target=\"_blank\" rel=\"noreferrer noopener\">Campus France Norge<\/a> for personlig veiledning: <a href=\"mailto:studier@france.no\" target=\"_blank\" rel=\"noreferrer noopener\">studier@france.no<\/a><\/p>\n\n\n\n<p><\/p>\n","protected":false},"excerpt":{"rendered":"<p>Studere i Frankrike: Bli inspirert av norske studenters erfaringer! Har du alltid hatt lyst til \u00e5 studere i Frankrike og oppleve noe unikt b\u00e5de akademisk og kulturelt? Her kan du lese om norske studenter som har valgt \u00e5 studere i Frankrike. De deler sine erfaringer, hva som motiverte dem til \u00e5 studere i utlandet, og [&hellip;]<\/p>\n","protected":false},"author":10,"featured_media":0,"parent":419,"menu_order":0,"comment_status":"closed","ping_status":"closed","template":"","meta":{"footnotes":""},"categories":[15],"class_list":["post-10383","page","type-page","status-publish","hentry","category-universitetene","no-media"],"yoast_head":"<!-- This site is optimized with the Yoast SEO plugin v27.5 - https:\/\/yoast.com\/product\/yoast-seo-wordpress\/ -->\n<title>Studenthistorier - Institut fran\u00e7ais<\/title>\n<meta name=\"robots\" content=\"index, follow, max-snippet:-1, max-image-preview:large, max-video-preview:-1\" \/>\n<link rel=\"canonical\" href=\"https:\/\/www.france.no\/no\/universiteter\/hoyere-utdanning-og-postdoktorstillinger\/studenthistorier\/\" \/>\n<meta property=\"og:locale\" content=\"nb_NO\" \/>\n<meta property=\"og:type\" content=\"article\" \/>\n<meta property=\"og:title\" content=\"Studenthistorier - Institut fran\u00e7ais\" \/>\n<meta property=\"og:description\" content=\"Studere i Frankrike: Bli inspirert av norske studenters erfaringer! Har du alltid hatt lyst til \u00e5 studere i Frankrike og oppleve noe unikt b\u00e5de akademisk og kulturelt? Her kan du lese om norske studenter som har valgt \u00e5 studere i Frankrike. De deler sine erfaringer, hva som motiverte dem til \u00e5 studere i utlandet, og [&hellip;]\" \/>\n<meta property=\"og:url\" content=\"https:\/\/www.france.no\/no\/universiteter\/hoyere-utdanning-og-postdoktorstillinger\/studenthistorier\/\" \/>\n<meta property=\"og:site_name\" content=\"Institut fran\u00e7ais\" \/>\n<meta property=\"article:publisher\" content=\"https:\/\/www.facebook.com\/institutfrancaisoslo\" \/>\n<meta property=\"article:modified_time\" content=\"2026-03-26T09:24:05+00:00\" \/>\n<meta property=\"og:image\" content=\"https:\/\/www.france.no\/wp-content\/uploads\/2025\/01\/Untitled-design-1-866x617.png\" \/>\n\t<meta property=\"og:image:width\" content=\"866\" \/>\n\t<meta property=\"og:image:height\" content=\"1006\" \/>\n\t<meta property=\"og:image:type\" content=\"image\/png\" \/>\n<meta name=\"twitter:card\" content=\"summary_large_image\" \/>\n<meta name=\"twitter:site\" content=\"@ifnorvege\" \/>\n<meta name=\"twitter:label1\" content=\"Ansl. lesetid\" \/>\n\t<meta name=\"twitter:data1\" content=\"2 minutter\" \/>\n<script type=\"application\/ld+json\" class=\"yoast-schema-graph\">{\"@context\":\"https:\\\/\\\/schema.org\",\"@graph\":[{\"@type\":\"WebPage\",\"@id\":\"https:\\\/\\\/www.france.no\\\/no\\\/universiteter\\\/hoyere-utdanning-og-postdoktorstillinger\\\/studenthistorier\\\/\",\"url\":\"https:\\\/\\\/www.france.no\\\/no\\\/universiteter\\\/hoyere-utdanning-og-postdoktorstillinger\\\/studenthistorier\\\/\",\"name\":\"Studenthistorier - Institut fran\u00e7ais\",\"isPartOf\":{\"@id\":\"https:\\\/\\\/www.france.no\\\/no\\\/#website\"},\"primaryImageOfPage\":{\"@id\":\"https:\\\/\\\/www.france.no\\\/no\\\/universiteter\\\/hoyere-utdanning-og-postdoktorstillinger\\\/studenthistorier\\\/#primaryimage\"},\"image\":{\"@id\":\"https:\\\/\\\/www.france.no\\\/no\\\/universiteter\\\/hoyere-utdanning-og-postdoktorstillinger\\\/studenthistorier\\\/#primaryimage\"},\"thumbnailUrl\":\"https:\\\/\\\/www.france.no\\\/wp-content\\\/uploads\\\/2025\\\/01\\\/Untitled-design-1.png\",\"datePublished\":\"2025-01-17T11:16:08+00:00\",\"dateModified\":\"2026-03-26T09:24:05+00:00\",\"breadcrumb\":{\"@id\":\"https:\\\/\\\/www.france.no\\\/no\\\/universiteter\\\/hoyere-utdanning-og-postdoktorstillinger\\\/studenthistorier\\\/#breadcrumb\"},\"inLanguage\":\"nb-NO\",\"potentialAction\":[{\"@type\":\"ReadAction\",\"target\":[\"https:\\\/\\\/www.france.no\\\/no\\\/universiteter\\\/hoyere-utdanning-og-postdoktorstillinger\\\/studenthistorier\\\/\"]}]},{\"@type\":\"ImageObject\",\"inLanguage\":\"nb-NO\",\"@id\":\"https:\\\/\\\/www.france.no\\\/no\\\/universiteter\\\/hoyere-utdanning-og-postdoktorstillinger\\\/studenthistorier\\\/#primaryimage\",\"url\":\"https:\\\/\\\/www.france.no\\\/wp-content\\\/uploads\\\/2025\\\/01\\\/Untitled-design-1.png\",\"contentUrl\":\"https:\\\/\\\/www.france.no\\\/wp-content\\\/uploads\\\/2025\\\/01\\\/Untitled-design-1.png\"},{\"@type\":\"BreadcrumbList\",\"@id\":\"https:\\\/\\\/www.france.no\\\/no\\\/universiteter\\\/hoyere-utdanning-og-postdoktorstillinger\\\/studenthistorier\\\/#breadcrumb\",\"itemListElement\":[{\"@type\":\"ListItem\",\"position\":1,\"name\":\"\",\"item\":\"https:\\\/\\\/www.france.no\\\/no\\\/\"},{\"@type\":\"ListItem\",\"position\":2,\"name\":\"Universiteter\",\"item\":\"https:\\\/\\\/www.france.no\\\/no\\\/universiteter\\\/\"},{\"@type\":\"ListItem\",\"position\":3,\"name\":\"H\u00f8yere utdanning og postdoktorstillinger\",\"item\":\"https:\\\/\\\/www.france.no\\\/no\\\/universiteter\\\/hoyere-utdanning-og-postdoktorstillinger\\\/\"},{\"@type\":\"ListItem\",\"position\":4,\"name\":\"Studenthistorier\"}]},{\"@type\":\"WebSite\",\"@id\":\"https:\\\/\\\/www.france.no\\\/no\\\/#website\",\"url\":\"https:\\\/\\\/www.france.no\\\/no\\\/\",\"name\":\"Institut fran\u00e7ais\",\"description\":\"Norv\u00e8ge\",\"publisher\":{\"@id\":\"https:\\\/\\\/www.france.no\\\/no\\\/#organization\"},\"potentialAction\":[{\"@type\":\"SearchAction\",\"target\":{\"@type\":\"EntryPoint\",\"urlTemplate\":\"https:\\\/\\\/www.france.no\\\/no\\\/?s={search_term_string}\"},\"query-input\":{\"@type\":\"PropertyValueSpecification\",\"valueRequired\":true,\"valueName\":\"search_term_string\"}}],\"inLanguage\":\"nb-NO\"},{\"@type\":\"Organization\",\"@id\":\"https:\\\/\\\/www.france.no\\\/no\\\/#organization\",\"name\":\"Institut fran\u00e7ais\",\"url\":\"https:\\\/\\\/www.france.no\\\/no\\\/\",\"logo\":{\"@type\":\"ImageObject\",\"inLanguage\":\"nb-NO\",\"@id\":\"https:\\\/\\\/www.france.no\\\/no\\\/#\\\/schema\\\/logo\\\/image\\\/\",\"url\":\"https:\\\/\\\/www.france.no\\\/wp-content\\\/uploads\\\/2022\\\/11\\\/IF_Logo_Sans_Bleu_RVB.png\",\"contentUrl\":\"https:\\\/\\\/www.france.no\\\/wp-content\\\/uploads\\\/2022\\\/11\\\/IF_Logo_Sans_Bleu_RVB.png\",\"width\":852,\"height\":591,\"caption\":\"Institut fran\u00e7ais\"},\"image\":{\"@id\":\"https:\\\/\\\/www.france.no\\\/no\\\/#\\\/schema\\\/logo\\\/image\\\/\"},\"sameAs\":[\"https:\\\/\\\/www.facebook.com\\\/institutfrancaisoslo\",\"https:\\\/\\\/x.com\\\/ifnorvege\",\"https:\\\/\\\/instagram.com\\\/ifnorvege\"]}]}<\/script>\n<!-- \/ Yoast SEO plugin. -->","yoast_head_json":{"title":"Studenthistorier - Institut fran\u00e7ais","robots":{"index":"index","follow":"follow","max-snippet":"max-snippet:-1","max-image-preview":"max-image-preview:large","max-video-preview":"max-video-preview:-1"},"canonical":"https:\/\/www.france.no\/no\/universiteter\/hoyere-utdanning-og-postdoktorstillinger\/studenthistorier\/","og_locale":"nb_NO","og_type":"article","og_title":"Studenthistorier - Institut fran\u00e7ais","og_description":"Studere i Frankrike: Bli inspirert av norske studenters erfaringer! Har du alltid hatt lyst til \u00e5 studere i Frankrike og oppleve noe unikt b\u00e5de akademisk og kulturelt? Her kan du lese om norske studenter som har valgt \u00e5 studere i Frankrike. De deler sine erfaringer, hva som motiverte dem til \u00e5 studere i utlandet, og [&hellip;]","og_url":"https:\/\/www.france.no\/no\/universiteter\/hoyere-utdanning-og-postdoktorstillinger\/studenthistorier\/","og_site_name":"Institut fran\u00e7ais","article_publisher":"https:\/\/www.facebook.com\/institutfrancaisoslo","article_modified_time":"2026-03-26T09:24:05+00:00","og_image":[{"width":866,"height":1006,"url":"https:\/\/www.france.no\/wp-content\/uploads\/2025\/01\/Untitled-design-1-866x617.png","type":"image\/png"}],"twitter_card":"summary_large_image","twitter_site":"@ifnorvege","twitter_misc":{"Ansl. lesetid":"2 minutter"},"schema":{"@context":"https:\/\/schema.org","@graph":[{"@type":"WebPage","@id":"https:\/\/www.france.no\/no\/universiteter\/hoyere-utdanning-og-postdoktorstillinger\/studenthistorier\/","url":"https:\/\/www.france.no\/no\/universiteter\/hoyere-utdanning-og-postdoktorstillinger\/studenthistorier\/","name":"Studenthistorier - Institut fran\u00e7ais","isPartOf":{"@id":"https:\/\/www.france.no\/no\/#website"},"primaryImageOfPage":{"@id":"https:\/\/www.france.no\/no\/universiteter\/hoyere-utdanning-og-postdoktorstillinger\/studenthistorier\/#primaryimage"},"image":{"@id":"https:\/\/www.france.no\/no\/universiteter\/hoyere-utdanning-og-postdoktorstillinger\/studenthistorier\/#primaryimage"},"thumbnailUrl":"https:\/\/www.france.no\/wp-content\/uploads\/2025\/01\/Untitled-design-1.png","datePublished":"2025-01-17T11:16:08+00:00","dateModified":"2026-03-26T09:24:05+00:00","breadcrumb":{"@id":"https:\/\/www.france.no\/no\/universiteter\/hoyere-utdanning-og-postdoktorstillinger\/studenthistorier\/#breadcrumb"},"inLanguage":"nb-NO","potentialAction":[{"@type":"ReadAction","target":["https:\/\/www.france.no\/no\/universiteter\/hoyere-utdanning-og-postdoktorstillinger\/studenthistorier\/"]}]},{"@type":"ImageObject","inLanguage":"nb-NO","@id":"https:\/\/www.france.no\/no\/universiteter\/hoyere-utdanning-og-postdoktorstillinger\/studenthistorier\/#primaryimage","url":"https:\/\/www.france.no\/wp-content\/uploads\/2025\/01\/Untitled-design-1.png","contentUrl":"https:\/\/www.france.no\/wp-content\/uploads\/2025\/01\/Untitled-design-1.png"},{"@type":"BreadcrumbList","@id":"https:\/\/www.france.no\/no\/universiteter\/hoyere-utdanning-og-postdoktorstillinger\/studenthistorier\/#breadcrumb","itemListElement":[{"@type":"ListItem","position":1,"name":"","item":"https:\/\/www.france.no\/no\/"},{"@type":"ListItem","position":2,"name":"Universiteter","item":"https:\/\/www.france.no\/no\/universiteter\/"},{"@type":"ListItem","position":3,"name":"H\u00f8yere utdanning og postdoktorstillinger","item":"https:\/\/www.france.no\/no\/universiteter\/hoyere-utdanning-og-postdoktorstillinger\/"},{"@type":"ListItem","position":4,"name":"Studenthistorier"}]},{"@type":"WebSite","@id":"https:\/\/www.france.no\/no\/#website","url":"https:\/\/www.france.no\/no\/","name":"Institut fran\u00e7ais","description":"Norv\u00e8ge","publisher":{"@id":"https:\/\/www.france.no\/no\/#organization"},"potentialAction":[{"@type":"SearchAction","target":{"@type":"EntryPoint","urlTemplate":"https:\/\/www.france.no\/no\/?s={search_term_string}"},"query-input":{"@type":"PropertyValueSpecification","valueRequired":true,"valueName":"search_term_string"}}],"inLanguage":"nb-NO"},{"@type":"Organization","@id":"https:\/\/www.france.no\/no\/#organization","name":"Institut fran\u00e7ais","url":"https:\/\/www.france.no\/no\/","logo":{"@type":"ImageObject","inLanguage":"nb-NO","@id":"https:\/\/www.france.no\/no\/#\/schema\/logo\/image\/","url":"https:\/\/www.france.no\/wp-content\/uploads\/2022\/11\/IF_Logo_Sans_Bleu_RVB.png","contentUrl":"https:\/\/www.france.no\/wp-content\/uploads\/2022\/11\/IF_Logo_Sans_Bleu_RVB.png","width":852,"height":591,"caption":"Institut fran\u00e7ais"},"image":{"@id":"https:\/\/www.france.no\/no\/#\/schema\/logo\/image\/"},"sameAs":["https:\/\/www.facebook.com\/institutfrancaisoslo","https:\/\/x.com\/ifnorvege","https:\/\/instagram.com\/ifnorvege"]}]}},"_links":{"self":[{"href":"https:\/\/www.france.no\/no\/wp-json\/wp\/v2\/pages\/10383","targetHints":{"allow":["GET"]}}],"collection":[{"href":"https:\/\/www.france.no\/no\/wp-json\/wp\/v2\/pages"}],"about":[{"href":"https:\/\/www.france.no\/no\/wp-json\/wp\/v2\/types\/page"}],"author":[{"embeddable":true,"href":"https:\/\/www.france.no\/no\/wp-json\/wp\/v2\/users\/10"}],"replies":[{"embeddable":true,"href":"https:\/\/www.france.no\/no\/wp-json\/wp\/v2\/comments?post=10383"}],"version-history":[{"count":9,"href":"https:\/\/www.france.no\/no\/wp-json\/wp\/v2\/pages\/10383\/revisions"}],"predecessor-version":[{"id":22193,"href":"https:\/\/www.france.no\/no\/wp-json\/wp\/v2\/pages\/10383\/revisions\/22193"}],"up":[{"embeddable":true,"href":"https:\/\/www.france.no\/no\/wp-json\/wp\/v2\/pages\/419"}],"wp:attachment":[{"href":"https:\/\/www.france.no\/no\/wp-json\/wp\/v2\/media?parent=10383"}],"wp:term":[{"taxonomy":"category","embeddable":true,"href":"https:\/\/www.france.no\/no\/wp-json\/wp\/v2\/categories?post=10383"}],"curies":[{"name":"wp","href":"https:\/\/api.w.org\/{rel}","templated":true}]}}