{"id":10575,"date":"2025-01-17T12:20:34","date_gmt":"2025-01-17T11:20:34","guid":{"rendered":"https:\/\/www.france.no\/?page_id=10575"},"modified":"2025-01-29T15:21:03","modified_gmt":"2025-01-29T14:21:03","slug":"fra-molde-til-toulouse-oskars-erfaringer-som-ingeniorstudent-ved-insa","status":"publish","type":"page","link":"https:\/\/www.france.no\/no\/universiteter\/hoyere-utdanning-og-postdoktorstillinger\/studenthistorier\/fra-molde-til-toulouse-oskars-erfaringer-som-ingeniorstudent-ved-insa\/","title":{"rendered":"Fra Molde til Toulouse \u2013 Oskars erfaringer som ingeni\u00f8rstudent ved INSA"},"content":{"rendered":"\n<div class=\"wp-block-media-text has-media-on-the-right is-stacked-on-mobile\" style=\"grid-template-columns:auto 30%\"><div class=\"wp-block-media-text__content\">\n<p><strong>Kan du presentere deg selv?<\/strong><\/p>\n\n\n\n<p>Hei, jeg heter Oskar og kommer fra Molde. Jeg er en rolig type som liker brettspill.<\/p>\n<\/div><figure class=\"wp-block-media-text__media\"><img loading=\"lazy\" decoding=\"async\" width=\"866\" height=\"1006\" src=\"https:\/\/www.france.no\/wp-content\/uploads\/2025\/01\/Untitled-design.png\" alt=\"\" class=\"wp-image-10467 size-full\" srcset=\"https:\/\/www.france.no\/wp-content\/uploads\/2025\/01\/Untitled-design.png 866w, https:\/\/www.france.no\/wp-content\/uploads\/2025\/01\/Untitled-design-258x300.png 258w, https:\/\/www.france.no\/wp-content\/uploads\/2025\/01\/Untitled-design-768x892.png 768w\" sizes=\"auto, (max-width: 866px) 100vw, 866px\" \/><\/figure><\/div>\n\n\n\n<p><strong>Kan du fortelle litt om studiel\u00f8pet ditt?<\/strong><\/p>\n\n\n\n<p>Jeg tok 4,5 \u00e5r med TAF (automatikerutdanning) p\u00e5 videreg\u00e5ende, og etter det jobbet jeg et halvt \u00e5r hos Kongsberg Maritim og ett \u00e5r hos NKSS. N\u00e5 er jeg i gang med 2. \u00e5ret p\u00e5 NORGINSA.<\/p>\n\n\n\n<p><strong><strong>Hvorfor valgte du \u00e5 studere i Frankrike? Hvorfor akkurat<\/strong> Toulouse<strong>?<\/strong><\/strong><\/p>\n\n\n\n<p>Det var egentlig litt tilfeldig. Jeg visste at jeg ville studere ingeni\u00f8rfag i utlandet, og s\u00e5 oppdaget jeg NORGINSA-programmet. Det som gjorde det spesielt interessant, var at man kunne reise til Frankrike sammen med en norsk gruppe og studere med andre nordmenn. I tillegg var det enkelt \u00e5 s\u00f8ke.<\/p>\n\n\n\n<p><strong><strong><strong>Hvordan var dine f\u00f8rste uker i Frankrike? Var det for eksempel lett \u00e5 finne bolig?<\/strong><\/strong><\/strong><\/p>\n\n\n\n<p>F\u00f8r studiestart hadde jeg allerede v\u00e6rt en tur i Toulouse p\u00e5 ferie. Den f\u00f8rste uka gikk mest med til \u00e5 bli kjent med klassen, og etterp\u00e5 fulgte 4 uker med spr\u00e5kkurs. S\u00e5 startet forelesningene. I begynnelsen virket det hele litt kaotisk, men det ble raskt en naturlig del av hverdagen.<\/p>\n\n\n\n<p><strong><strong>Har du m\u00f8tt p\u00e5 noen vanskeligheter, for eksempel med spr\u00e5ket?<\/strong><\/strong><\/p>\n\n\n\n<p>Spr\u00e5ket er litt som et tveegget sverd \u2013 det er g\u00f8y \u00e5 l\u00e6re, men ogs\u00e5 krevende. Man kan bli ganske sliten av \u00e5 v\u00e6re omgitt av et fremmedspr\u00e5k hele tiden, spesielt siden all undervisning er p\u00e5 fransk. Det kan ogs\u00e5 v\u00e6re litt utfordrende \u00e5 komme i kontakt med franskmenn hvis man ikke selv tar initiativ.<\/p>\n\n\n\n<p><strong>Hvilke kulturforskjeller har du lagt merke til?<\/strong><\/p>\n\n\n\n<p>Arbeidsdagene i Frankrike er lengre enn i Norge. En annen ting er den tydelige forskjellen mellom universiteter og Grandes \u00c9coles. Studentene her er ogs\u00e5 yngre, og franskmenn har en mye sterkere h\u00f8flighetskultur enn vi er vant til.<\/p>\n\n\n\n<p><strong>Hvordan er studentlivet i Frankrike?<\/strong><\/p>\n\n\n\n<p>Studentlivet i Frankrike er veldig bra, og Toulouse er en livlig by som er tilrettelagt for studenter. INSA, skolen min, f\u00f8les som et sosialt sted hvor man kjenner mange og gjenkjenner de fleste ansiktene rundt seg.<\/p>\n\n\n\n<p><strong>Og hva med undervisningen?<\/strong><\/p>\n\n\n\n<p>Det er mye mer obligatorisk undervisning enn i Norge, og mange praktiske undervisnings\u00f8kter \u2013 eller \u00abTP\u00bb som franskmennene kaller det. Det er et pluss.<\/p>\n\n\n\n<p>Undervisningen fokuserer ofte mer p\u00e5 det som gjennomg\u00e5s i forelesningene enn p\u00e5 pensumlitteraturen. Det kan v\u00e6re litt skummelt \u00e5 g\u00e5 glipp av for mange timer, men etter hvert i studiel\u00f8pet blir det heldigvis litt mer fleksibelt.<\/p>\n\n\n\n<p><strong>Ville du anbefalt andre \u00e5 studere i Frankrike?<\/strong><\/p>\n\n\n\n<p>Ja, absolutt. Jeg tror alle har godt av et utenlandsopphold for \u00e5 f\u00e5 kjenne p\u00e5 hvordan det er \u00e5 v\u00e6re utlending.<\/p>\n\n\n\n<p><strong>Hva er ditt beste r\u00e5d til en som \u00f8nsker \u00e5 studere i Frankrike?<\/strong><\/p>\n\n\n\n<p>F\u00f8lg dr\u00f8mmen din og utforsk alle mulighetene som finnes. Samtidig er det viktig \u00e5 tenke gjennom hvem du er som person, f\u00f8r du bestemmer deg.<\/p>\n\n\n\n<hr class=\"wp-block-separator has-alpha-channel-opacity\"\/>\n\n\n\n<h3 class=\"wp-block-heading\"><strong>Vil du vite mer om studier i Frankrike? <\/strong><\/h3>\n\n\n\n<p>Bes\u00f8k siden til <a href=\"https:\/\/www.norvege.campusfrance.org\/\" target=\"_blank\" rel=\"noreferrer noopener\">Campus France<\/a> eller kontakt oss p\u00e5 e-post: <a href=\"mailto:studier@france.no\" target=\"_blank\" rel=\"noreferrer noopener\">studier@france.no<\/a>.<\/p>\n","protected":false},"excerpt":{"rendered":"<p>Kan du presentere deg selv? Hei, jeg heter Oskar og kommer fra Molde. Jeg er en rolig type som liker brettspill. Kan du fortelle litt om studiel\u00f8pet ditt? Jeg tok 4,5 \u00e5r med TAF (automatikerutdanning) p\u00e5 videreg\u00e5ende, og etter det jobbet jeg et halvt \u00e5r hos Kongsberg Maritim og ett \u00e5r hos NKSS. N\u00e5 er [&hellip;]<\/p>\n","protected":false},"author":6,"featured_media":0,"parent":10383,"menu_order":0,"comment_status":"closed","ping_status":"closed","template":"","meta":{"footnotes":""},"categories":[15],"class_list":["post-10575","page","type-page","status-publish","hentry","category-universitetene","no-media"],"yoast_head":"<!-- This site is optimized with the Yoast SEO plugin v24.2 - https:\/\/yoast.com\/wordpress\/plugins\/seo\/ -->\n<title>Fra Molde til Toulouse \u2013 Oskars erfaringer som ingeni\u00f8rstudent ved INSA - Institut fran\u00e7ais<\/title>\n<meta name=\"robots\" content=\"index, follow, max-snippet:-1, max-image-preview:large, max-video-preview:-1\" \/>\n<link rel=\"canonical\" href=\"https:\/\/www.france.no\/no\/universiteter\/hoyere-utdanning-og-postdoktorstillinger\/studenthistorier\/fra-molde-til-toulouse-oskars-erfaringer-som-ingeniorstudent-ved-insa\/\" \/>\n<meta property=\"og:locale\" content=\"nb_NO\" \/>\n<meta property=\"og:type\" content=\"article\" \/>\n<meta property=\"og:title\" content=\"Fra Molde til Toulouse \u2013 Oskars erfaringer som ingeni\u00f8rstudent ved INSA - Institut fran\u00e7ais\" \/>\n<meta property=\"og:description\" content=\"Kan du presentere deg selv? Hei, jeg heter Oskar og kommer fra Molde. Jeg er en rolig type som liker brettspill. Kan du fortelle litt om studiel\u00f8pet ditt? Jeg tok 4,5 \u00e5r med TAF (automatikerutdanning) p\u00e5 videreg\u00e5ende, og etter det jobbet jeg et halvt \u00e5r hos Kongsberg Maritim og ett \u00e5r hos NKSS. N\u00e5 er [&hellip;]\" \/>\n<meta property=\"og:url\" content=\"https:\/\/www.france.no\/no\/universiteter\/hoyere-utdanning-og-postdoktorstillinger\/studenthistorier\/fra-molde-til-toulouse-oskars-erfaringer-som-ingeniorstudent-ved-insa\/\" \/>\n<meta property=\"og:site_name\" content=\"Institut fran\u00e7ais\" \/>\n<meta property=\"article:publisher\" content=\"https:\/\/www.facebook.com\/institutfrancaisoslo\" \/>\n<meta property=\"article:modified_time\" content=\"2025-01-29T14:21:03+00:00\" \/>\n<meta property=\"og:image\" content=\"https:\/\/www.france.no\/wp-content\/uploads\/2025\/01\/Untitled-design-866x617.png\" \/>\n\t<meta property=\"og:image:width\" content=\"866\" \/>\n\t<meta property=\"og:image:height\" content=\"1006\" \/>\n\t<meta property=\"og:image:type\" content=\"image\/png\" \/>\n<meta name=\"twitter:card\" content=\"summary_large_image\" \/>\n<meta name=\"twitter:site\" content=\"@ifnorvege\" \/>\n<meta name=\"twitter:label1\" content=\"Ansl. lesetid\" \/>\n\t<meta name=\"twitter:data1\" content=\"3 minutter\" \/>\n<script type=\"application\/ld+json\" class=\"yoast-schema-graph\">{\"@context\":\"https:\/\/schema.org\",\"@graph\":[{\"@type\":\"WebPage\",\"@id\":\"https:\/\/www.france.no\/no\/universiteter\/hoyere-utdanning-og-postdoktorstillinger\/studenthistorier\/fra-molde-til-toulouse-oskars-erfaringer-som-ingeniorstudent-ved-insa\/\",\"url\":\"https:\/\/www.france.no\/no\/universiteter\/hoyere-utdanning-og-postdoktorstillinger\/studenthistorier\/fra-molde-til-toulouse-oskars-erfaringer-som-ingeniorstudent-ved-insa\/\",\"name\":\"Fra Molde til Toulouse \u2013 Oskars erfaringer som ingeni\u00f8rstudent ved INSA - Institut fran\u00e7ais\",\"isPartOf\":{\"@id\":\"https:\/\/www.france.no\/no\/#website\"},\"primaryImageOfPage\":{\"@id\":\"https:\/\/www.france.no\/no\/universiteter\/hoyere-utdanning-og-postdoktorstillinger\/studenthistorier\/fra-molde-til-toulouse-oskars-erfaringer-som-ingeniorstudent-ved-insa\/#primaryimage\"},\"image\":{\"@id\":\"https:\/\/www.france.no\/no\/universiteter\/hoyere-utdanning-og-postdoktorstillinger\/studenthistorier\/fra-molde-til-toulouse-oskars-erfaringer-som-ingeniorstudent-ved-insa\/#primaryimage\"},\"thumbnailUrl\":\"https:\/\/www.france.no\/wp-content\/uploads\/2025\/01\/Untitled-design.png\",\"datePublished\":\"2025-01-17T11:20:34+00:00\",\"dateModified\":\"2025-01-29T14:21:03+00:00\",\"breadcrumb\":{\"@id\":\"https:\/\/www.france.no\/no\/universiteter\/hoyere-utdanning-og-postdoktorstillinger\/studenthistorier\/fra-molde-til-toulouse-oskars-erfaringer-som-ingeniorstudent-ved-insa\/#breadcrumb\"},\"inLanguage\":\"nb-NO\",\"potentialAction\":[{\"@type\":\"ReadAction\",\"target\":[\"https:\/\/www.france.no\/no\/universiteter\/hoyere-utdanning-og-postdoktorstillinger\/studenthistorier\/fra-molde-til-toulouse-oskars-erfaringer-som-ingeniorstudent-ved-insa\/\"]}]},{\"@type\":\"ImageObject\",\"inLanguage\":\"nb-NO\",\"@id\":\"https:\/\/www.france.no\/no\/universiteter\/hoyere-utdanning-og-postdoktorstillinger\/studenthistorier\/fra-molde-til-toulouse-oskars-erfaringer-som-ingeniorstudent-ved-insa\/#primaryimage\",\"url\":\"https:\/\/www.france.no\/wp-content\/uploads\/2025\/01\/Untitled-design.png\",\"contentUrl\":\"https:\/\/www.france.no\/wp-content\/uploads\/2025\/01\/Untitled-design.png\"},{\"@type\":\"BreadcrumbList\",\"@id\":\"https:\/\/www.france.no\/no\/universiteter\/hoyere-utdanning-og-postdoktorstillinger\/studenthistorier\/fra-molde-til-toulouse-oskars-erfaringer-som-ingeniorstudent-ved-insa\/#breadcrumb\",\"itemListElement\":[{\"@type\":\"ListItem\",\"position\":1,\"name\":\"\",\"item\":\"https:\/\/www.france.no\/no\/\"},{\"@type\":\"ListItem\",\"position\":2,\"name\":\"Universiteter\",\"item\":\"https:\/\/www.france.no\/no\/universiteter\/\"},{\"@type\":\"ListItem\",\"position\":3,\"name\":\"H\u00f8yere utdanning og postdoktorstillinger\",\"item\":\"https:\/\/www.france.no\/no\/universiteter\/hoyere-utdanning-og-postdoktorstillinger\/\"},{\"@type\":\"ListItem\",\"position\":4,\"name\":\"Studenthistorier\",\"item\":\"https:\/\/www.france.no\/no\/universiteter\/hoyere-utdanning-og-postdoktorstillinger\/studenthistorier\/\"},{\"@type\":\"ListItem\",\"position\":5,\"name\":\"Fra Molde til Toulouse \u2013 Oskars erfaringer som ingeni\u00f8rstudent ved INSA\"}]},{\"@type\":\"WebSite\",\"@id\":\"https:\/\/www.france.no\/no\/#website\",\"url\":\"https:\/\/www.france.no\/no\/\",\"name\":\"Institut fran\u00e7ais\",\"description\":\"Norv\u00e8ge\",\"publisher\":{\"@id\":\"https:\/\/www.france.no\/no\/#organization\"},\"potentialAction\":[{\"@type\":\"SearchAction\",\"target\":{\"@type\":\"EntryPoint\",\"urlTemplate\":\"https:\/\/www.france.no\/no\/?s={search_term_string}\"},\"query-input\":{\"@type\":\"PropertyValueSpecification\",\"valueRequired\":true,\"valueName\":\"search_term_string\"}}],\"inLanguage\":\"nb-NO\"},{\"@type\":\"Organization\",\"@id\":\"https:\/\/www.france.no\/no\/#organization\",\"name\":\"Institut fran\u00e7ais\",\"url\":\"https:\/\/www.france.no\/no\/\",\"logo\":{\"@type\":\"ImageObject\",\"inLanguage\":\"nb-NO\",\"@id\":\"https:\/\/www.france.no\/no\/#\/schema\/logo\/image\/\",\"url\":\"https:\/\/www.france.no\/wp-content\/uploads\/2022\/11\/IF_Logo_Sans_Bleu_RVB.png\",\"contentUrl\":\"https:\/\/www.france.no\/wp-content\/uploads\/2022\/11\/IF_Logo_Sans_Bleu_RVB.png\",\"width\":852,\"height\":591,\"caption\":\"Institut fran\u00e7ais\"},\"image\":{\"@id\":\"https:\/\/www.france.no\/no\/#\/schema\/logo\/image\/\"},\"sameAs\":[\"https:\/\/www.facebook.com\/institutfrancaisoslo\",\"https:\/\/x.com\/ifnorvege\",\"https:\/\/instagram.com\/ifnorvege\"]}]}<\/script>\n<!-- \/ Yoast SEO plugin. -->","yoast_head_json":{"title":"Fra Molde til Toulouse \u2013 Oskars erfaringer som ingeni\u00f8rstudent ved INSA - Institut fran\u00e7ais","robots":{"index":"index","follow":"follow","max-snippet":"max-snippet:-1","max-image-preview":"max-image-preview:large","max-video-preview":"max-video-preview:-1"},"canonical":"https:\/\/www.france.no\/no\/universiteter\/hoyere-utdanning-og-postdoktorstillinger\/studenthistorier\/fra-molde-til-toulouse-oskars-erfaringer-som-ingeniorstudent-ved-insa\/","og_locale":"nb_NO","og_type":"article","og_title":"Fra Molde til Toulouse \u2013 Oskars erfaringer som ingeni\u00f8rstudent ved INSA - Institut fran\u00e7ais","og_description":"Kan du presentere deg selv? Hei, jeg heter Oskar og kommer fra Molde. Jeg er en rolig type som liker brettspill. Kan du fortelle litt om studiel\u00f8pet ditt? Jeg tok 4,5 \u00e5r med TAF (automatikerutdanning) p\u00e5 videreg\u00e5ende, og etter det jobbet jeg et halvt \u00e5r hos Kongsberg Maritim og ett \u00e5r hos NKSS. N\u00e5 er [&hellip;]","og_url":"https:\/\/www.france.no\/no\/universiteter\/hoyere-utdanning-og-postdoktorstillinger\/studenthistorier\/fra-molde-til-toulouse-oskars-erfaringer-som-ingeniorstudent-ved-insa\/","og_site_name":"Institut fran\u00e7ais","article_publisher":"https:\/\/www.facebook.com\/institutfrancaisoslo","article_modified_time":"2025-01-29T14:21:03+00:00","og_image":[{"width":866,"height":1006,"url":"https:\/\/www.france.no\/wp-content\/uploads\/2025\/01\/Untitled-design-866x617.png","type":"image\/png"}],"twitter_card":"summary_large_image","twitter_site":"@ifnorvege","twitter_misc":{"Ansl. lesetid":"3 minutter"},"schema":{"@context":"https:\/\/schema.org","@graph":[{"@type":"WebPage","@id":"https:\/\/www.france.no\/no\/universiteter\/hoyere-utdanning-og-postdoktorstillinger\/studenthistorier\/fra-molde-til-toulouse-oskars-erfaringer-som-ingeniorstudent-ved-insa\/","url":"https:\/\/www.france.no\/no\/universiteter\/hoyere-utdanning-og-postdoktorstillinger\/studenthistorier\/fra-molde-til-toulouse-oskars-erfaringer-som-ingeniorstudent-ved-insa\/","name":"Fra Molde til Toulouse \u2013 Oskars erfaringer som ingeni\u00f8rstudent ved INSA - Institut fran\u00e7ais","isPartOf":{"@id":"https:\/\/www.france.no\/no\/#website"},"primaryImageOfPage":{"@id":"https:\/\/www.france.no\/no\/universiteter\/hoyere-utdanning-og-postdoktorstillinger\/studenthistorier\/fra-molde-til-toulouse-oskars-erfaringer-som-ingeniorstudent-ved-insa\/#primaryimage"},"image":{"@id":"https:\/\/www.france.no\/no\/universiteter\/hoyere-utdanning-og-postdoktorstillinger\/studenthistorier\/fra-molde-til-toulouse-oskars-erfaringer-som-ingeniorstudent-ved-insa\/#primaryimage"},"thumbnailUrl":"https:\/\/www.france.no\/wp-content\/uploads\/2025\/01\/Untitled-design.png","datePublished":"2025-01-17T11:20:34+00:00","dateModified":"2025-01-29T14:21:03+00:00","breadcrumb":{"@id":"https:\/\/www.france.no\/no\/universiteter\/hoyere-utdanning-og-postdoktorstillinger\/studenthistorier\/fra-molde-til-toulouse-oskars-erfaringer-som-ingeniorstudent-ved-insa\/#breadcrumb"},"inLanguage":"nb-NO","potentialAction":[{"@type":"ReadAction","target":["https:\/\/www.france.no\/no\/universiteter\/hoyere-utdanning-og-postdoktorstillinger\/studenthistorier\/fra-molde-til-toulouse-oskars-erfaringer-som-ingeniorstudent-ved-insa\/"]}]},{"@type":"ImageObject","inLanguage":"nb-NO","@id":"https:\/\/www.france.no\/no\/universiteter\/hoyere-utdanning-og-postdoktorstillinger\/studenthistorier\/fra-molde-til-toulouse-oskars-erfaringer-som-ingeniorstudent-ved-insa\/#primaryimage","url":"https:\/\/www.france.no\/wp-content\/uploads\/2025\/01\/Untitled-design.png","contentUrl":"https:\/\/www.france.no\/wp-content\/uploads\/2025\/01\/Untitled-design.png"},{"@type":"BreadcrumbList","@id":"https:\/\/www.france.no\/no\/universiteter\/hoyere-utdanning-og-postdoktorstillinger\/studenthistorier\/fra-molde-til-toulouse-oskars-erfaringer-som-ingeniorstudent-ved-insa\/#breadcrumb","itemListElement":[{"@type":"ListItem","position":1,"name":"","item":"https:\/\/www.france.no\/no\/"},{"@type":"ListItem","position":2,"name":"Universiteter","item":"https:\/\/www.france.no\/no\/universiteter\/"},{"@type":"ListItem","position":3,"name":"H\u00f8yere utdanning og postdoktorstillinger","item":"https:\/\/www.france.no\/no\/universiteter\/hoyere-utdanning-og-postdoktorstillinger\/"},{"@type":"ListItem","position":4,"name":"Studenthistorier","item":"https:\/\/www.france.no\/no\/universiteter\/hoyere-utdanning-og-postdoktorstillinger\/studenthistorier\/"},{"@type":"ListItem","position":5,"name":"Fra Molde til Toulouse \u2013 Oskars erfaringer som ingeni\u00f8rstudent ved INSA"}]},{"@type":"WebSite","@id":"https:\/\/www.france.no\/no\/#website","url":"https:\/\/www.france.no\/no\/","name":"Institut fran\u00e7ais","description":"Norv\u00e8ge","publisher":{"@id":"https:\/\/www.france.no\/no\/#organization"},"potentialAction":[{"@type":"SearchAction","target":{"@type":"EntryPoint","urlTemplate":"https:\/\/www.france.no\/no\/?s={search_term_string}"},"query-input":{"@type":"PropertyValueSpecification","valueRequired":true,"valueName":"search_term_string"}}],"inLanguage":"nb-NO"},{"@type":"Organization","@id":"https:\/\/www.france.no\/no\/#organization","name":"Institut fran\u00e7ais","url":"https:\/\/www.france.no\/no\/","logo":{"@type":"ImageObject","inLanguage":"nb-NO","@id":"https:\/\/www.france.no\/no\/#\/schema\/logo\/image\/","url":"https:\/\/www.france.no\/wp-content\/uploads\/2022\/11\/IF_Logo_Sans_Bleu_RVB.png","contentUrl":"https:\/\/www.france.no\/wp-content\/uploads\/2022\/11\/IF_Logo_Sans_Bleu_RVB.png","width":852,"height":591,"caption":"Institut fran\u00e7ais"},"image":{"@id":"https:\/\/www.france.no\/no\/#\/schema\/logo\/image\/"},"sameAs":["https:\/\/www.facebook.com\/institutfrancaisoslo","https:\/\/x.com\/ifnorvege","https:\/\/instagram.com\/ifnorvege"]}]}},"_links":{"self":[{"href":"https:\/\/www.france.no\/no\/wp-json\/wp\/v2\/pages\/10575","targetHints":{"allow":["GET"]}}],"collection":[{"href":"https:\/\/www.france.no\/no\/wp-json\/wp\/v2\/pages"}],"about":[{"href":"https:\/\/www.france.no\/no\/wp-json\/wp\/v2\/types\/page"}],"author":[{"embeddable":true,"href":"https:\/\/www.france.no\/no\/wp-json\/wp\/v2\/users\/6"}],"replies":[{"embeddable":true,"href":"https:\/\/www.france.no\/no\/wp-json\/wp\/v2\/comments?post=10575"}],"version-history":[{"count":13,"href":"https:\/\/www.france.no\/no\/wp-json\/wp\/v2\/pages\/10575\/revisions"}],"predecessor-version":[{"id":11496,"href":"https:\/\/www.france.no\/no\/wp-json\/wp\/v2\/pages\/10575\/revisions\/11496"}],"up":[{"embeddable":true,"href":"https:\/\/www.france.no\/no\/wp-json\/wp\/v2\/pages\/10383"}],"wp:attachment":[{"href":"https:\/\/www.france.no\/no\/wp-json\/wp\/v2\/media?parent=10575"}],"wp:term":[{"taxonomy":"category","embeddable":true,"href":"https:\/\/www.france.no\/no\/wp-json\/wp\/v2\/categories?post=10575"}],"curies":[{"name":"wp","href":"https:\/\/api.w.org\/{rel}","templated":true}]}}