{"id":10758,"date":"2025-01-17T12:17:44","date_gmt":"2025-01-17T11:17:44","guid":{"rendered":"https:\/\/www.france.no\/?page_id=10758"},"modified":"2026-03-20T11:42:35","modified_gmt":"2026-03-20T10:42:35","slug":"studiestipender","status":"publish","type":"page","link":"https:\/\/www.france.no\/no\/universiteter\/hoyere-utdanning-og-postdoktorstillinger\/studiestipender\/","title":{"rendered":"Studiestipender"},"content":{"rendered":"\n<p><strong><strong>Sommerskole i Frankrike: French+Sciences og French+Gastronomy<\/strong> \/ Hospitality<\/strong><\/p>\n\n\n\n<p>Dr\u00f8mmer du om \u00e5 l\u00e6re fransk i Frankrike, samtidig som du fordyper deg i vitenskap eller gastronomi og service ? <a href=\"https:\/\/www.norvege.campusfrance.org\/campus-france-norge\" target=\"_blank\" rel=\"noreferrer noopener\">Campus France Norge<\/a> tilbyr hvert \u00e5r mobilitetsstipender til norske studenter som \u00f8nsker \u00e5 delta p\u00e5 sommerskoler i Frankrike. Dette er din sjanse til \u00e5 utvikle spr\u00e5kferdighetene dine, utforske spennende fag og oppleve det beste av fransk kultur \u2013 alt i et internasjonalt milj\u00f8!<\/p>\n\n\n\n<p>Som stipendmottaker f\u00e5r du ogs\u00e5 muligheten til \u00e5 utforske Frankrikes kultur og historie \u2013 og oppleve landets ber\u00f8mte livsstil p\u00e5 n\u00e6rt hold.<\/p>\n\n\n\n<p>Stipendene dekker en stor del av skolepengene og levekostnadene, noe som gj\u00f8r det enklere for flere \u00e5 delta.<\/p>\n\n\n\n<p>Vil du vite mer om hvordan du s\u00f8ker og hvilke sommerskoler som tilbys? Bes\u00f8k sidene \u00abFrench+Sciences\u00bb og \u00abFrench+Gastronomy \/ Hospitality \u00bb <\/p>\n\n\n\n<p>Grip sjansen til \u00e5 ta del i et uforglemmelig akademisk og kulturelt eventyr i Frankrike!<\/p>\n","protected":false},"excerpt":{"rendered":"<p>Sommerskole i Frankrike: French+Sciences og French+Gastronomy \/ Hospitality Dr\u00f8mmer du om \u00e5 l\u00e6re fransk i Frankrike, samtidig som du fordyper deg i vitenskap eller gastronomi og service ? Campus France Norge tilbyr hvert \u00e5r mobilitetsstipender til norske studenter som \u00f8nsker \u00e5 delta p\u00e5 sommerskoler i Frankrike. Dette er din sjanse til \u00e5 utvikle spr\u00e5kferdighetene dine, [&hellip;]<\/p>\n","protected":false},"author":6,"featured_media":0,"parent":419,"menu_order":0,"comment_status":"closed","ping_status":"closed","template":"","meta":{"footnotes":""},"categories":[15],"class_list":["post-10758","page","type-page","status-publish","hentry","category-universitetene","no-media"],"yoast_head":"<!-- This site is optimized with the Yoast SEO plugin v24.2 - https:\/\/yoast.com\/wordpress\/plugins\/seo\/ -->\n<title>Studiestipender - Institut fran\u00e7ais<\/title>\n<meta name=\"robots\" content=\"index, follow, max-snippet:-1, max-image-preview:large, max-video-preview:-1\" \/>\n<link rel=\"canonical\" href=\"https:\/\/www.france.no\/no\/universiteter\/hoyere-utdanning-og-postdoktorstillinger\/studiestipender\/\" \/>\n<meta property=\"og:locale\" content=\"nb_NO\" \/>\n<meta property=\"og:type\" content=\"article\" \/>\n<meta property=\"og:title\" content=\"Studiestipender - Institut fran\u00e7ais\" \/>\n<meta property=\"og:description\" content=\"Sommerskole i Frankrike: French+Sciences og French+Gastronomy \/ Hospitality Dr\u00f8mmer du om \u00e5 l\u00e6re fransk i Frankrike, samtidig som du fordyper deg i vitenskap eller gastronomi og service ? Campus France Norge tilbyr hvert \u00e5r mobilitetsstipender til norske studenter som \u00f8nsker \u00e5 delta p\u00e5 sommerskoler i Frankrike. Dette er din sjanse til \u00e5 utvikle spr\u00e5kferdighetene dine, [&hellip;]\" \/>\n<meta property=\"og:url\" content=\"https:\/\/www.france.no\/no\/universiteter\/hoyere-utdanning-og-postdoktorstillinger\/studiestipender\/\" \/>\n<meta property=\"og:site_name\" content=\"Institut fran\u00e7ais\" \/>\n<meta property=\"article:publisher\" content=\"https:\/\/www.facebook.com\/institutfrancaisoslo\" \/>\n<meta property=\"article:modified_time\" content=\"2026-03-20T10:42:35+00:00\" \/>\n<meta property=\"og:image\" content=\"https:\/\/www.france.no\/wp-content\/uploads\/2022\/01\/IFN-logo.png\" \/>\n\t<meta property=\"og:image:width\" content=\"946\" \/>\n\t<meta property=\"og:image:height\" content=\"546\" \/>\n\t<meta property=\"og:image:type\" content=\"image\/png\" \/>\n<meta name=\"twitter:card\" content=\"summary_large_image\" \/>\n<meta name=\"twitter:site\" content=\"@ifnorvege\" \/>\n<meta name=\"twitter:label1\" content=\"Ansl. lesetid\" \/>\n\t<meta name=\"twitter:data1\" content=\"1 minutt\" \/>\n<script type=\"application\/ld+json\" class=\"yoast-schema-graph\">{\"@context\":\"https:\/\/schema.org\",\"@graph\":[{\"@type\":\"WebPage\",\"@id\":\"https:\/\/www.france.no\/no\/universiteter\/hoyere-utdanning-og-postdoktorstillinger\/studiestipender\/\",\"url\":\"https:\/\/www.france.no\/no\/universiteter\/hoyere-utdanning-og-postdoktorstillinger\/studiestipender\/\",\"name\":\"Studiestipender - Institut fran\u00e7ais\",\"isPartOf\":{\"@id\":\"https:\/\/www.france.no\/no\/#website\"},\"datePublished\":\"2025-01-17T11:17:44+00:00\",\"dateModified\":\"2026-03-20T10:42:35+00:00\",\"breadcrumb\":{\"@id\":\"https:\/\/www.france.no\/no\/universiteter\/hoyere-utdanning-og-postdoktorstillinger\/studiestipender\/#breadcrumb\"},\"inLanguage\":\"nb-NO\",\"potentialAction\":[{\"@type\":\"ReadAction\",\"target\":[\"https:\/\/www.france.no\/no\/universiteter\/hoyere-utdanning-og-postdoktorstillinger\/studiestipender\/\"]}]},{\"@type\":\"BreadcrumbList\",\"@id\":\"https:\/\/www.france.no\/no\/universiteter\/hoyere-utdanning-og-postdoktorstillinger\/studiestipender\/#breadcrumb\",\"itemListElement\":[{\"@type\":\"ListItem\",\"position\":1,\"name\":\"\",\"item\":\"https:\/\/www.france.no\/no\/\"},{\"@type\":\"ListItem\",\"position\":2,\"name\":\"Universiteter\",\"item\":\"https:\/\/www.france.no\/no\/universiteter\/\"},{\"@type\":\"ListItem\",\"position\":3,\"name\":\"H\u00f8yere utdanning og postdoktorstillinger\",\"item\":\"https:\/\/www.france.no\/no\/universiteter\/hoyere-utdanning-og-postdoktorstillinger\/\"},{\"@type\":\"ListItem\",\"position\":4,\"name\":\"Studiestipender\"}]},{\"@type\":\"WebSite\",\"@id\":\"https:\/\/www.france.no\/no\/#website\",\"url\":\"https:\/\/www.france.no\/no\/\",\"name\":\"Institut fran\u00e7ais\",\"description\":\"Norv\u00e8ge\",\"publisher\":{\"@id\":\"https:\/\/www.france.no\/no\/#organization\"},\"potentialAction\":[{\"@type\":\"SearchAction\",\"target\":{\"@type\":\"EntryPoint\",\"urlTemplate\":\"https:\/\/www.france.no\/no\/?s={search_term_string}\"},\"query-input\":{\"@type\":\"PropertyValueSpecification\",\"valueRequired\":true,\"valueName\":\"search_term_string\"}}],\"inLanguage\":\"nb-NO\"},{\"@type\":\"Organization\",\"@id\":\"https:\/\/www.france.no\/no\/#organization\",\"name\":\"Institut fran\u00e7ais\",\"url\":\"https:\/\/www.france.no\/no\/\",\"logo\":{\"@type\":\"ImageObject\",\"inLanguage\":\"nb-NO\",\"@id\":\"https:\/\/www.france.no\/no\/#\/schema\/logo\/image\/\",\"url\":\"https:\/\/www.france.no\/wp-content\/uploads\/2022\/11\/IF_Logo_Sans_Bleu_RVB.png\",\"contentUrl\":\"https:\/\/www.france.no\/wp-content\/uploads\/2022\/11\/IF_Logo_Sans_Bleu_RVB.png\",\"width\":852,\"height\":591,\"caption\":\"Institut fran\u00e7ais\"},\"image\":{\"@id\":\"https:\/\/www.france.no\/no\/#\/schema\/logo\/image\/\"},\"sameAs\":[\"https:\/\/www.facebook.com\/institutfrancaisoslo\",\"https:\/\/x.com\/ifnorvege\",\"https:\/\/instagram.com\/ifnorvege\"]}]}<\/script>\n<!-- \/ Yoast SEO plugin. -->","yoast_head_json":{"title":"Studiestipender - Institut fran\u00e7ais","robots":{"index":"index","follow":"follow","max-snippet":"max-snippet:-1","max-image-preview":"max-image-preview:large","max-video-preview":"max-video-preview:-1"},"canonical":"https:\/\/www.france.no\/no\/universiteter\/hoyere-utdanning-og-postdoktorstillinger\/studiestipender\/","og_locale":"nb_NO","og_type":"article","og_title":"Studiestipender - Institut fran\u00e7ais","og_description":"Sommerskole i Frankrike: French+Sciences og French+Gastronomy \/ Hospitality Dr\u00f8mmer du om \u00e5 l\u00e6re fransk i Frankrike, samtidig som du fordyper deg i vitenskap eller gastronomi og service ? Campus France Norge tilbyr hvert \u00e5r mobilitetsstipender til norske studenter som \u00f8nsker \u00e5 delta p\u00e5 sommerskoler i Frankrike. Dette er din sjanse til \u00e5 utvikle spr\u00e5kferdighetene dine, [&hellip;]","og_url":"https:\/\/www.france.no\/no\/universiteter\/hoyere-utdanning-og-postdoktorstillinger\/studiestipender\/","og_site_name":"Institut fran\u00e7ais","article_publisher":"https:\/\/www.facebook.com\/institutfrancaisoslo","article_modified_time":"2026-03-20T10:42:35+00:00","og_image":[{"width":946,"height":546,"url":"https:\/\/www.france.no\/wp-content\/uploads\/2022\/01\/IFN-logo.png","type":"image\/png"}],"twitter_card":"summary_large_image","twitter_site":"@ifnorvege","twitter_misc":{"Ansl. lesetid":"1 minutt"},"schema":{"@context":"https:\/\/schema.org","@graph":[{"@type":"WebPage","@id":"https:\/\/www.france.no\/no\/universiteter\/hoyere-utdanning-og-postdoktorstillinger\/studiestipender\/","url":"https:\/\/www.france.no\/no\/universiteter\/hoyere-utdanning-og-postdoktorstillinger\/studiestipender\/","name":"Studiestipender - Institut fran\u00e7ais","isPartOf":{"@id":"https:\/\/www.france.no\/no\/#website"},"datePublished":"2025-01-17T11:17:44+00:00","dateModified":"2026-03-20T10:42:35+00:00","breadcrumb":{"@id":"https:\/\/www.france.no\/no\/universiteter\/hoyere-utdanning-og-postdoktorstillinger\/studiestipender\/#breadcrumb"},"inLanguage":"nb-NO","potentialAction":[{"@type":"ReadAction","target":["https:\/\/www.france.no\/no\/universiteter\/hoyere-utdanning-og-postdoktorstillinger\/studiestipender\/"]}]},{"@type":"BreadcrumbList","@id":"https:\/\/www.france.no\/no\/universiteter\/hoyere-utdanning-og-postdoktorstillinger\/studiestipender\/#breadcrumb","itemListElement":[{"@type":"ListItem","position":1,"name":"","item":"https:\/\/www.france.no\/no\/"},{"@type":"ListItem","position":2,"name":"Universiteter","item":"https:\/\/www.france.no\/no\/universiteter\/"},{"@type":"ListItem","position":3,"name":"H\u00f8yere utdanning og postdoktorstillinger","item":"https:\/\/www.france.no\/no\/universiteter\/hoyere-utdanning-og-postdoktorstillinger\/"},{"@type":"ListItem","position":4,"name":"Studiestipender"}]},{"@type":"WebSite","@id":"https:\/\/www.france.no\/no\/#website","url":"https:\/\/www.france.no\/no\/","name":"Institut fran\u00e7ais","description":"Norv\u00e8ge","publisher":{"@id":"https:\/\/www.france.no\/no\/#organization"},"potentialAction":[{"@type":"SearchAction","target":{"@type":"EntryPoint","urlTemplate":"https:\/\/www.france.no\/no\/?s={search_term_string}"},"query-input":{"@type":"PropertyValueSpecification","valueRequired":true,"valueName":"search_term_string"}}],"inLanguage":"nb-NO"},{"@type":"Organization","@id":"https:\/\/www.france.no\/no\/#organization","name":"Institut fran\u00e7ais","url":"https:\/\/www.france.no\/no\/","logo":{"@type":"ImageObject","inLanguage":"nb-NO","@id":"https:\/\/www.france.no\/no\/#\/schema\/logo\/image\/","url":"https:\/\/www.france.no\/wp-content\/uploads\/2022\/11\/IF_Logo_Sans_Bleu_RVB.png","contentUrl":"https:\/\/www.france.no\/wp-content\/uploads\/2022\/11\/IF_Logo_Sans_Bleu_RVB.png","width":852,"height":591,"caption":"Institut fran\u00e7ais"},"image":{"@id":"https:\/\/www.france.no\/no\/#\/schema\/logo\/image\/"},"sameAs":["https:\/\/www.facebook.com\/institutfrancaisoslo","https:\/\/x.com\/ifnorvege","https:\/\/instagram.com\/ifnorvege"]}]}},"_links":{"self":[{"href":"https:\/\/www.france.no\/no\/wp-json\/wp\/v2\/pages\/10758","targetHints":{"allow":["GET"]}}],"collection":[{"href":"https:\/\/www.france.no\/no\/wp-json\/wp\/v2\/pages"}],"about":[{"href":"https:\/\/www.france.no\/no\/wp-json\/wp\/v2\/types\/page"}],"author":[{"embeddable":true,"href":"https:\/\/www.france.no\/no\/wp-json\/wp\/v2\/users\/6"}],"replies":[{"embeddable":true,"href":"https:\/\/www.france.no\/no\/wp-json\/wp\/v2\/comments?post=10758"}],"version-history":[{"count":7,"href":"https:\/\/www.france.no\/no\/wp-json\/wp\/v2\/pages\/10758\/revisions"}],"predecessor-version":[{"id":21998,"href":"https:\/\/www.france.no\/no\/wp-json\/wp\/v2\/pages\/10758\/revisions\/21998"}],"up":[{"embeddable":true,"href":"https:\/\/www.france.no\/no\/wp-json\/wp\/v2\/pages\/419"}],"wp:attachment":[{"href":"https:\/\/www.france.no\/no\/wp-json\/wp\/v2\/media?parent=10758"}],"wp:term":[{"taxonomy":"category","embeddable":true,"href":"https:\/\/www.france.no\/no\/wp-json\/wp\/v2\/categories?post=10758"}],"curies":[{"name":"wp","href":"https:\/\/api.w.org\/{rel}","templated":true}]}}