{"id":2192,"date":"2022-12-13T19:25:22","date_gmt":"2022-12-13T18:25:22","guid":{"rendered":"https:\/\/www.france.no\/?page_id=2192"},"modified":"2024-10-18T16:15:34","modified_gmt":"2024-10-18T14:15:34","slug":"frankofoni","status":"publish","type":"page","link":"https:\/\/www.france.no\/no\/utdanning-og-fransk-sprak\/fremming-av-fransk-sprak\/frankofoni\/","title":{"rendered":"Frankofoni"},"content":{"rendered":"\n<figure class=\"wp-block-embed is-type-video is-provider-youtube wp-block-embed-youtube wp-embed-aspect-16-9 wp-has-aspect-ratio\"><div class=\"wp-block-embed__wrapper\">\n<div class=\"rve\" data-content-width=\"580\"><iframe loading=\"lazy\" title=\"Qu&#039;est-ce que la Francophonie ?\" width=\"580\" height=\"326\" src=\"https:\/\/www.youtube.com\/embed\/pFbNL6OPda0?feature=oembed\" frameborder=\"0\" allow=\"accelerometer; autoplay; clipboard-write; encrypted-media; gyroscope; picture-in-picture; web-share\" referrerpolicy=\"strict-origin-when-cross-origin\" allowfullscreen><\/iframe><\/div><!-- Responsive Video Embeds plugin by www.kevinleary.net -->\n<\/div><\/figure>\n\n\n\n<h2 class=\"wp-block-heading has-normal-font-size\"><strong>EN REISE GJENNOM FRANKOFONIENS VERDEN: Konkurransen for franskklasser i Norge<\/strong><\/h2>\n\n\n\n<p>Hvert \u00e5r organiserer Institut fran\u00e7ais de Norv\u00e8ge konkurransen \u00abConcours de la Francophonie\u00bb for franskklasser i Norge. <\/p>\n\n\n\n<p>I samarbeid med Fremmedspr\u00e5ksenteret og Franskl\u00e6rerforeningen i Norge inviterer vi alle franskklasser til \u00e5 delta \u2013 eller fortsette \u2013 denne virtuelle reisen i frankofoniens verden. Annenhver uke sender vi ut en utfordring der franskelevene vil oppdage en eller flere kulturelle sider ved et fransktalende land. Etter denne reisen vil elevene se at fransk virkelig er et internasjonalt spr\u00e5k!<\/p>\n\n\n\n<p><strong>Det er gratis \u00e5 delta.<\/strong><\/p>\n\n\n\n<p><em>Ytterligere informasjon om 2025 vil bli tilgjengelig snart.<\/em><\/p>\n","protected":false},"excerpt":{"rendered":"<p>EN REISE GJENNOM FRANKOFONIENS VERDEN: Konkurransen for franskklasser i Norge Hvert \u00e5r organiserer Institut fran\u00e7ais de Norv\u00e8ge konkurransen \u00abConcours de la Francophonie\u00bb for franskklasser i Norge. I samarbeid med Fremmedspr\u00e5ksenteret og Franskl\u00e6rerforeningen i Norge inviterer vi alle franskklasser til \u00e5 delta \u2013 eller fortsette \u2013 denne virtuelle reisen i frankofoniens verden. Annenhver uke sender vi [&hellip;]<\/p>\n","protected":false},"author":1,"featured_media":0,"parent":2185,"menu_order":0,"comment_status":"closed","ping_status":"closed","template":"","meta":{"footnotes":""},"categories":[13],"class_list":["post-2192","page","type-page","status-publish","hentry","category-utdanning-og-fransk-sprak","no-media"],"yoast_head":"<!-- This site is optimized with the Yoast SEO plugin v27.6 - https:\/\/yoast.com\/product\/yoast-seo-wordpress\/ -->\n<title>Frankofoni - Institut fran\u00e7ais<\/title>\n<meta name=\"robots\" content=\"index, follow, max-snippet:-1, max-image-preview:large, max-video-preview:-1\" \/>\n<link rel=\"canonical\" href=\"https:\/\/www.france.no\/no\/utdanning-og-fransk-sprak\/fremming-av-fransk-sprak\/frankofoni\/\" \/>\n<meta property=\"og:locale\" content=\"nb_NO\" \/>\n<meta property=\"og:type\" content=\"article\" \/>\n<meta property=\"og:title\" content=\"Frankofoni - Institut fran\u00e7ais\" \/>\n<meta property=\"og:description\" content=\"EN REISE GJENNOM FRANKOFONIENS VERDEN: Konkurransen for franskklasser i Norge Hvert \u00e5r organiserer Institut fran\u00e7ais de Norv\u00e8ge konkurransen \u00abConcours de la Francophonie\u00bb for franskklasser i Norge. I samarbeid med Fremmedspr\u00e5ksenteret og Franskl\u00e6rerforeningen i Norge inviterer vi alle franskklasser til \u00e5 delta \u2013 eller fortsette \u2013 denne virtuelle reisen i frankofoniens verden. Annenhver uke sender vi [&hellip;]\" \/>\n<meta property=\"og:url\" content=\"https:\/\/www.france.no\/no\/utdanning-og-fransk-sprak\/fremming-av-fransk-sprak\/frankofoni\/\" \/>\n<meta property=\"og:site_name\" content=\"Institut fran\u00e7ais\" \/>\n<meta property=\"article:publisher\" content=\"https:\/\/www.facebook.com\/institutfrancaisoslo\" \/>\n<meta property=\"article:modified_time\" content=\"2024-10-18T14:15:34+00:00\" \/>\n<meta property=\"og:image\" content=\"https:\/\/www.france.no\/wp-content\/uploads\/2022\/01\/IFN-logo.png\" \/>\n\t<meta property=\"og:image:width\" content=\"946\" \/>\n\t<meta property=\"og:image:height\" content=\"546\" \/>\n\t<meta property=\"og:image:type\" content=\"image\/png\" \/>\n<meta name=\"twitter:card\" content=\"summary_large_image\" \/>\n<meta name=\"twitter:site\" content=\"@ifnorvege\" \/>\n<meta name=\"twitter:label1\" content=\"Ansl. lesetid\" \/>\n\t<meta name=\"twitter:data1\" content=\"1 minutt\" \/>\n<script type=\"application\/ld+json\" class=\"yoast-schema-graph\">{\"@context\":\"https:\\\/\\\/schema.org\",\"@graph\":[{\"@type\":\"WebPage\",\"@id\":\"https:\\\/\\\/www.france.no\\\/no\\\/utdanning-og-fransk-sprak\\\/fremming-av-fransk-sprak\\\/frankofoni\\\/\",\"url\":\"https:\\\/\\\/www.france.no\\\/no\\\/utdanning-og-fransk-sprak\\\/fremming-av-fransk-sprak\\\/frankofoni\\\/\",\"name\":\"Frankofoni - Institut fran\u00e7ais\",\"isPartOf\":{\"@id\":\"https:\\\/\\\/www.france.no\\\/no\\\/#website\"},\"datePublished\":\"2022-12-13T18:25:22+00:00\",\"dateModified\":\"2024-10-18T14:15:34+00:00\",\"breadcrumb\":{\"@id\":\"https:\\\/\\\/www.france.no\\\/no\\\/utdanning-og-fransk-sprak\\\/fremming-av-fransk-sprak\\\/frankofoni\\\/#breadcrumb\"},\"inLanguage\":\"nb-NO\",\"potentialAction\":[{\"@type\":\"ReadAction\",\"target\":[\"https:\\\/\\\/www.france.no\\\/no\\\/utdanning-og-fransk-sprak\\\/fremming-av-fransk-sprak\\\/frankofoni\\\/\"]}]},{\"@type\":\"BreadcrumbList\",\"@id\":\"https:\\\/\\\/www.france.no\\\/no\\\/utdanning-og-fransk-sprak\\\/fremming-av-fransk-sprak\\\/frankofoni\\\/#breadcrumb\",\"itemListElement\":[{\"@type\":\"ListItem\",\"position\":1,\"name\":\"\",\"item\":\"https:\\\/\\\/www.france.no\\\/no\\\/\"},{\"@type\":\"ListItem\",\"position\":2,\"name\":\"Utdanning og fransk spr\u00e5k\",\"item\":\"https:\\\/\\\/www.france.no\\\/no\\\/utdanning-og-fransk-sprak\\\/\"},{\"@type\":\"ListItem\",\"position\":3,\"name\":\"Fremming av fransk spr\u00e5k\",\"item\":\"https:\\\/\\\/www.france.no\\\/no\\\/utdanning-og-fransk-sprak\\\/fremming-av-fransk-sprak\\\/\"},{\"@type\":\"ListItem\",\"position\":4,\"name\":\"Frankofoni\"}]},{\"@type\":\"WebSite\",\"@id\":\"https:\\\/\\\/www.france.no\\\/no\\\/#website\",\"url\":\"https:\\\/\\\/www.france.no\\\/no\\\/\",\"name\":\"Institut fran\u00e7ais\",\"description\":\"Norv\u00e8ge\",\"publisher\":{\"@id\":\"https:\\\/\\\/www.france.no\\\/no\\\/#organization\"},\"potentialAction\":[{\"@type\":\"SearchAction\",\"target\":{\"@type\":\"EntryPoint\",\"urlTemplate\":\"https:\\\/\\\/www.france.no\\\/no\\\/?s={search_term_string}\"},\"query-input\":{\"@type\":\"PropertyValueSpecification\",\"valueRequired\":true,\"valueName\":\"search_term_string\"}}],\"inLanguage\":\"nb-NO\"},{\"@type\":\"Organization\",\"@id\":\"https:\\\/\\\/www.france.no\\\/no\\\/#organization\",\"name\":\"Institut fran\u00e7ais\",\"url\":\"https:\\\/\\\/www.france.no\\\/no\\\/\",\"logo\":{\"@type\":\"ImageObject\",\"inLanguage\":\"nb-NO\",\"@id\":\"https:\\\/\\\/www.france.no\\\/no\\\/#\\\/schema\\\/logo\\\/image\\\/\",\"url\":\"https:\\\/\\\/www.france.no\\\/wp-content\\\/uploads\\\/2022\\\/11\\\/IF_Logo_Sans_Bleu_RVB.png\",\"contentUrl\":\"https:\\\/\\\/www.france.no\\\/wp-content\\\/uploads\\\/2022\\\/11\\\/IF_Logo_Sans_Bleu_RVB.png\",\"width\":852,\"height\":591,\"caption\":\"Institut fran\u00e7ais\"},\"image\":{\"@id\":\"https:\\\/\\\/www.france.no\\\/no\\\/#\\\/schema\\\/logo\\\/image\\\/\"},\"sameAs\":[\"https:\\\/\\\/www.facebook.com\\\/institutfrancaisoslo\",\"https:\\\/\\\/x.com\\\/ifnorvege\",\"https:\\\/\\\/instagram.com\\\/ifnorvege\"]}]}<\/script>\n<!-- \/ Yoast SEO plugin. -->","yoast_head_json":{"title":"Frankofoni - Institut fran\u00e7ais","robots":{"index":"index","follow":"follow","max-snippet":"max-snippet:-1","max-image-preview":"max-image-preview:large","max-video-preview":"max-video-preview:-1"},"canonical":"https:\/\/www.france.no\/no\/utdanning-og-fransk-sprak\/fremming-av-fransk-sprak\/frankofoni\/","og_locale":"nb_NO","og_type":"article","og_title":"Frankofoni - Institut fran\u00e7ais","og_description":"EN REISE GJENNOM FRANKOFONIENS VERDEN: Konkurransen for franskklasser i Norge Hvert \u00e5r organiserer Institut fran\u00e7ais de Norv\u00e8ge konkurransen \u00abConcours de la Francophonie\u00bb for franskklasser i Norge. I samarbeid med Fremmedspr\u00e5ksenteret og Franskl\u00e6rerforeningen i Norge inviterer vi alle franskklasser til \u00e5 delta \u2013 eller fortsette \u2013 denne virtuelle reisen i frankofoniens verden. Annenhver uke sender vi [&hellip;]","og_url":"https:\/\/www.france.no\/no\/utdanning-og-fransk-sprak\/fremming-av-fransk-sprak\/frankofoni\/","og_site_name":"Institut fran\u00e7ais","article_publisher":"https:\/\/www.facebook.com\/institutfrancaisoslo","article_modified_time":"2024-10-18T14:15:34+00:00","og_image":[{"width":946,"height":546,"url":"https:\/\/www.france.no\/wp-content\/uploads\/2022\/01\/IFN-logo.png","type":"image\/png"}],"twitter_card":"summary_large_image","twitter_site":"@ifnorvege","twitter_misc":{"Ansl. lesetid":"1 minutt"},"schema":{"@context":"https:\/\/schema.org","@graph":[{"@type":"WebPage","@id":"https:\/\/www.france.no\/no\/utdanning-og-fransk-sprak\/fremming-av-fransk-sprak\/frankofoni\/","url":"https:\/\/www.france.no\/no\/utdanning-og-fransk-sprak\/fremming-av-fransk-sprak\/frankofoni\/","name":"Frankofoni - Institut fran\u00e7ais","isPartOf":{"@id":"https:\/\/www.france.no\/no\/#website"},"datePublished":"2022-12-13T18:25:22+00:00","dateModified":"2024-10-18T14:15:34+00:00","breadcrumb":{"@id":"https:\/\/www.france.no\/no\/utdanning-og-fransk-sprak\/fremming-av-fransk-sprak\/frankofoni\/#breadcrumb"},"inLanguage":"nb-NO","potentialAction":[{"@type":"ReadAction","target":["https:\/\/www.france.no\/no\/utdanning-og-fransk-sprak\/fremming-av-fransk-sprak\/frankofoni\/"]}]},{"@type":"BreadcrumbList","@id":"https:\/\/www.france.no\/no\/utdanning-og-fransk-sprak\/fremming-av-fransk-sprak\/frankofoni\/#breadcrumb","itemListElement":[{"@type":"ListItem","position":1,"name":"","item":"https:\/\/www.france.no\/no\/"},{"@type":"ListItem","position":2,"name":"Utdanning og fransk spr\u00e5k","item":"https:\/\/www.france.no\/no\/utdanning-og-fransk-sprak\/"},{"@type":"ListItem","position":3,"name":"Fremming av fransk spr\u00e5k","item":"https:\/\/www.france.no\/no\/utdanning-og-fransk-sprak\/fremming-av-fransk-sprak\/"},{"@type":"ListItem","position":4,"name":"Frankofoni"}]},{"@type":"WebSite","@id":"https:\/\/www.france.no\/no\/#website","url":"https:\/\/www.france.no\/no\/","name":"Institut fran\u00e7ais","description":"Norv\u00e8ge","publisher":{"@id":"https:\/\/www.france.no\/no\/#organization"},"potentialAction":[{"@type":"SearchAction","target":{"@type":"EntryPoint","urlTemplate":"https:\/\/www.france.no\/no\/?s={search_term_string}"},"query-input":{"@type":"PropertyValueSpecification","valueRequired":true,"valueName":"search_term_string"}}],"inLanguage":"nb-NO"},{"@type":"Organization","@id":"https:\/\/www.france.no\/no\/#organization","name":"Institut fran\u00e7ais","url":"https:\/\/www.france.no\/no\/","logo":{"@type":"ImageObject","inLanguage":"nb-NO","@id":"https:\/\/www.france.no\/no\/#\/schema\/logo\/image\/","url":"https:\/\/www.france.no\/wp-content\/uploads\/2022\/11\/IF_Logo_Sans_Bleu_RVB.png","contentUrl":"https:\/\/www.france.no\/wp-content\/uploads\/2022\/11\/IF_Logo_Sans_Bleu_RVB.png","width":852,"height":591,"caption":"Institut fran\u00e7ais"},"image":{"@id":"https:\/\/www.france.no\/no\/#\/schema\/logo\/image\/"},"sameAs":["https:\/\/www.facebook.com\/institutfrancaisoslo","https:\/\/x.com\/ifnorvege","https:\/\/instagram.com\/ifnorvege"]}]}},"_links":{"self":[{"href":"https:\/\/www.france.no\/no\/wp-json\/wp\/v2\/pages\/2192","targetHints":{"allow":["GET"]}}],"collection":[{"href":"https:\/\/www.france.no\/no\/wp-json\/wp\/v2\/pages"}],"about":[{"href":"https:\/\/www.france.no\/no\/wp-json\/wp\/v2\/types\/page"}],"author":[{"embeddable":true,"href":"https:\/\/www.france.no\/no\/wp-json\/wp\/v2\/users\/1"}],"replies":[{"embeddable":true,"href":"https:\/\/www.france.no\/no\/wp-json\/wp\/v2\/comments?post=2192"}],"version-history":[{"count":15,"href":"https:\/\/www.france.no\/no\/wp-json\/wp\/v2\/pages\/2192\/revisions"}],"predecessor-version":[{"id":9225,"href":"https:\/\/www.france.no\/no\/wp-json\/wp\/v2\/pages\/2192\/revisions\/9225"}],"up":[{"embeddable":true,"href":"https:\/\/www.france.no\/no\/wp-json\/wp\/v2\/pages\/2185"}],"wp:attachment":[{"href":"https:\/\/www.france.no\/no\/wp-json\/wp\/v2\/media?parent=2192"}],"wp:term":[{"taxonomy":"category","embeddable":true,"href":"https:\/\/www.france.no\/no\/wp-json\/wp\/v2\/categories?post=2192"}],"curies":[{"name":"wp","href":"https:\/\/api.w.org\/{rel}","templated":true}]}}