{"id":2196,"date":"2022-12-13T19:34:05","date_gmt":"2022-12-13T18:34:05","guid":{"rendered":"https:\/\/www.france.no\/?page_id=2196"},"modified":"2024-11-07T10:59:56","modified_gmt":"2024-11-07T09:59:56","slug":"skolebesok","status":"publish","type":"page","link":"https:\/\/www.france.no\/no\/utdanning-og-fransk-sprak\/fremming-av-fransk-sprak\/skolebesok\/","title":{"rendered":"Skolebes\u00f8k"},"content":{"rendered":"\n<p><strong>Er du franskl\u00e6rer? Vi har en rekke ressurser tilgjengelig for \u00e5 bidra til \u00e5 motivere elevene under franskoppl\u00e6ringen.<\/strong><\/p>\n\n\n\n<h3 class=\"wp-block-heading\">Institut fran\u00e7ais p\u00e5 bes\u00f8k i franskklassen<\/h3>\n\n\n\n<p><strong>Representanter fra l&#8217;<strong>Institut fran\u00e7ais<\/strong> de Norv\u00e8ge bes\u00f8ker franskklasser over hele Norge.<\/strong><\/p>\n\n\n\n<p>Disse bes\u00f8kene er <strong>tilpasset undervisningsplanen<\/strong> gjennom engasjerende aktiviteter som fungerer som tilskudd til pensum, og som er utviklet fra materiale tilpasset niv\u00e5et. Bes\u00f8kene gir ogs\u00e5 anledning <strong>til \u00e5 informere elvene<\/strong> om tjenestene til Institut fran\u00e7ais i Norge og studiemuligheter i Frankrike. Programmet er det samme som tilbys klasser som bes\u00f8ker instituttet, men det tilpasses i hvert tilfelle til l\u00e6rernes og elevenes behov.<\/p>\n\n\n\n<p>Interessert? Kontakt oss <a href=\"mailto:vgs@france.no\">her<\/a>.<\/p>\n\n\n\n<h3 class=\"wp-block-heading\">Klassebes\u00f8k hos Institut fran\u00e7ais<\/h3>\n\n\n\n<p><em>Institut fran\u00e7ais<\/em> <em>er midlertidig stengt for oppussing. Vi \u00e5pner d\u00f8rene igjen i 2025!<\/em><\/p>\n\n\n\n<p><strong>Institut fran\u00e7ais tar imot franskl\u00e6rere og elever fra  ungdomsskoler og videreg\u00e5ende skoler, og tilbyr et program som omfatter<\/strong><\/p>\n\n\n\n<ul class=\"wp-block-list\">\n<li>kulturelle og pedagogiske aktiviteter<\/li>\n\n\n\n<li>informasjon om sertifiseringer<\/li>\n\n\n\n<li>presentasjon av utvekslingprogrammer <\/li>\n<\/ul>\n","protected":false},"excerpt":{"rendered":"<p>Er du franskl\u00e6rer? Vi har en rekke ressurser tilgjengelig for \u00e5 bidra til \u00e5 motivere elevene under franskoppl\u00e6ringen. Institut fran\u00e7ais p\u00e5 bes\u00f8k i franskklassen Representanter fra l&#8217;Institut fran\u00e7ais de Norv\u00e8ge bes\u00f8ker franskklasser over hele Norge. Disse bes\u00f8kene er tilpasset undervisningsplanen gjennom engasjerende aktiviteter som fungerer som tilskudd til pensum, og som er utviklet fra materiale [&hellip;]<\/p>\n","protected":false},"author":1,"featured_media":0,"parent":2185,"menu_order":3,"comment_status":"closed","ping_status":"closed","template":"","meta":{"footnotes":""},"categories":[13],"class_list":["post-2196","page","type-page","status-publish","hentry","category-utdanning-og-fransk-sprak","no-media"],"yoast_head":"<!-- This site is optimized with the Yoast SEO plugin v27.6 - https:\/\/yoast.com\/product\/yoast-seo-wordpress\/ -->\n<title>Skolebes\u00f8k - Institut fran\u00e7ais<\/title>\n<meta name=\"robots\" content=\"index, follow, max-snippet:-1, max-image-preview:large, max-video-preview:-1\" \/>\n<link rel=\"canonical\" href=\"https:\/\/www.france.no\/no\/utdanning-og-fransk-sprak\/fremming-av-fransk-sprak\/skolebesok\/\" \/>\n<meta property=\"og:locale\" content=\"nb_NO\" \/>\n<meta property=\"og:type\" content=\"article\" \/>\n<meta property=\"og:title\" content=\"Skolebes\u00f8k - Institut fran\u00e7ais\" \/>\n<meta property=\"og:description\" content=\"Er du franskl\u00e6rer? Vi har en rekke ressurser tilgjengelig for \u00e5 bidra til \u00e5 motivere elevene under franskoppl\u00e6ringen. Institut fran\u00e7ais p\u00e5 bes\u00f8k i franskklassen Representanter fra l&#8217;Institut fran\u00e7ais de Norv\u00e8ge bes\u00f8ker franskklasser over hele Norge. Disse bes\u00f8kene er tilpasset undervisningsplanen gjennom engasjerende aktiviteter som fungerer som tilskudd til pensum, og som er utviklet fra materiale [&hellip;]\" \/>\n<meta property=\"og:url\" content=\"https:\/\/www.france.no\/no\/utdanning-og-fransk-sprak\/fremming-av-fransk-sprak\/skolebesok\/\" \/>\n<meta property=\"og:site_name\" content=\"Institut fran\u00e7ais\" \/>\n<meta property=\"article:publisher\" content=\"https:\/\/www.facebook.com\/institutfrancaisoslo\" \/>\n<meta property=\"article:modified_time\" content=\"2024-11-07T09:59:56+00:00\" \/>\n<meta property=\"og:image\" content=\"https:\/\/www.france.no\/wp-content\/uploads\/2022\/01\/IFN-logo.png\" \/>\n\t<meta property=\"og:image:width\" content=\"946\" \/>\n\t<meta property=\"og:image:height\" content=\"546\" \/>\n\t<meta property=\"og:image:type\" content=\"image\/png\" \/>\n<meta name=\"twitter:card\" content=\"summary_large_image\" \/>\n<meta name=\"twitter:site\" content=\"@ifnorvege\" \/>\n<meta name=\"twitter:label1\" content=\"Ansl. lesetid\" \/>\n\t<meta name=\"twitter:data1\" content=\"1 minutt\" \/>\n<script type=\"application\/ld+json\" class=\"yoast-schema-graph\">{\"@context\":\"https:\\\/\\\/schema.org\",\"@graph\":[{\"@type\":\"WebPage\",\"@id\":\"https:\\\/\\\/www.france.no\\\/no\\\/utdanning-og-fransk-sprak\\\/fremming-av-fransk-sprak\\\/skolebesok\\\/\",\"url\":\"https:\\\/\\\/www.france.no\\\/no\\\/utdanning-og-fransk-sprak\\\/fremming-av-fransk-sprak\\\/skolebesok\\\/\",\"name\":\"Skolebes\u00f8k - Institut fran\u00e7ais\",\"isPartOf\":{\"@id\":\"https:\\\/\\\/www.france.no\\\/no\\\/#website\"},\"datePublished\":\"2022-12-13T18:34:05+00:00\",\"dateModified\":\"2024-11-07T09:59:56+00:00\",\"breadcrumb\":{\"@id\":\"https:\\\/\\\/www.france.no\\\/no\\\/utdanning-og-fransk-sprak\\\/fremming-av-fransk-sprak\\\/skolebesok\\\/#breadcrumb\"},\"inLanguage\":\"nb-NO\",\"potentialAction\":[{\"@type\":\"ReadAction\",\"target\":[\"https:\\\/\\\/www.france.no\\\/no\\\/utdanning-og-fransk-sprak\\\/fremming-av-fransk-sprak\\\/skolebesok\\\/\"]}]},{\"@type\":\"BreadcrumbList\",\"@id\":\"https:\\\/\\\/www.france.no\\\/no\\\/utdanning-og-fransk-sprak\\\/fremming-av-fransk-sprak\\\/skolebesok\\\/#breadcrumb\",\"itemListElement\":[{\"@type\":\"ListItem\",\"position\":1,\"name\":\"\",\"item\":\"https:\\\/\\\/www.france.no\\\/no\\\/\"},{\"@type\":\"ListItem\",\"position\":2,\"name\":\"Utdanning og fransk spr\u00e5k\",\"item\":\"https:\\\/\\\/www.france.no\\\/no\\\/utdanning-og-fransk-sprak\\\/\"},{\"@type\":\"ListItem\",\"position\":3,\"name\":\"Fremming av fransk spr\u00e5k\",\"item\":\"https:\\\/\\\/www.france.no\\\/no\\\/utdanning-og-fransk-sprak\\\/fremming-av-fransk-sprak\\\/\"},{\"@type\":\"ListItem\",\"position\":4,\"name\":\"Skolebes\u00f8k\"}]},{\"@type\":\"WebSite\",\"@id\":\"https:\\\/\\\/www.france.no\\\/no\\\/#website\",\"url\":\"https:\\\/\\\/www.france.no\\\/no\\\/\",\"name\":\"Institut fran\u00e7ais\",\"description\":\"Norv\u00e8ge\",\"publisher\":{\"@id\":\"https:\\\/\\\/www.france.no\\\/no\\\/#organization\"},\"potentialAction\":[{\"@type\":\"SearchAction\",\"target\":{\"@type\":\"EntryPoint\",\"urlTemplate\":\"https:\\\/\\\/www.france.no\\\/no\\\/?s={search_term_string}\"},\"query-input\":{\"@type\":\"PropertyValueSpecification\",\"valueRequired\":true,\"valueName\":\"search_term_string\"}}],\"inLanguage\":\"nb-NO\"},{\"@type\":\"Organization\",\"@id\":\"https:\\\/\\\/www.france.no\\\/no\\\/#organization\",\"name\":\"Institut fran\u00e7ais\",\"url\":\"https:\\\/\\\/www.france.no\\\/no\\\/\",\"logo\":{\"@type\":\"ImageObject\",\"inLanguage\":\"nb-NO\",\"@id\":\"https:\\\/\\\/www.france.no\\\/no\\\/#\\\/schema\\\/logo\\\/image\\\/\",\"url\":\"https:\\\/\\\/www.france.no\\\/wp-content\\\/uploads\\\/2022\\\/11\\\/IF_Logo_Sans_Bleu_RVB.png\",\"contentUrl\":\"https:\\\/\\\/www.france.no\\\/wp-content\\\/uploads\\\/2022\\\/11\\\/IF_Logo_Sans_Bleu_RVB.png\",\"width\":852,\"height\":591,\"caption\":\"Institut fran\u00e7ais\"},\"image\":{\"@id\":\"https:\\\/\\\/www.france.no\\\/no\\\/#\\\/schema\\\/logo\\\/image\\\/\"},\"sameAs\":[\"https:\\\/\\\/www.facebook.com\\\/institutfrancaisoslo\",\"https:\\\/\\\/x.com\\\/ifnorvege\",\"https:\\\/\\\/instagram.com\\\/ifnorvege\"]}]}<\/script>\n<!-- \/ Yoast SEO plugin. -->","yoast_head_json":{"title":"Skolebes\u00f8k - Institut fran\u00e7ais","robots":{"index":"index","follow":"follow","max-snippet":"max-snippet:-1","max-image-preview":"max-image-preview:large","max-video-preview":"max-video-preview:-1"},"canonical":"https:\/\/www.france.no\/no\/utdanning-og-fransk-sprak\/fremming-av-fransk-sprak\/skolebesok\/","og_locale":"nb_NO","og_type":"article","og_title":"Skolebes\u00f8k - Institut fran\u00e7ais","og_description":"Er du franskl\u00e6rer? Vi har en rekke ressurser tilgjengelig for \u00e5 bidra til \u00e5 motivere elevene under franskoppl\u00e6ringen. Institut fran\u00e7ais p\u00e5 bes\u00f8k i franskklassen Representanter fra l&#8217;Institut fran\u00e7ais de Norv\u00e8ge bes\u00f8ker franskklasser over hele Norge. Disse bes\u00f8kene er tilpasset undervisningsplanen gjennom engasjerende aktiviteter som fungerer som tilskudd til pensum, og som er utviklet fra materiale [&hellip;]","og_url":"https:\/\/www.france.no\/no\/utdanning-og-fransk-sprak\/fremming-av-fransk-sprak\/skolebesok\/","og_site_name":"Institut fran\u00e7ais","article_publisher":"https:\/\/www.facebook.com\/institutfrancaisoslo","article_modified_time":"2024-11-07T09:59:56+00:00","og_image":[{"width":946,"height":546,"url":"https:\/\/www.france.no\/wp-content\/uploads\/2022\/01\/IFN-logo.png","type":"image\/png"}],"twitter_card":"summary_large_image","twitter_site":"@ifnorvege","twitter_misc":{"Ansl. lesetid":"1 minutt"},"schema":{"@context":"https:\/\/schema.org","@graph":[{"@type":"WebPage","@id":"https:\/\/www.france.no\/no\/utdanning-og-fransk-sprak\/fremming-av-fransk-sprak\/skolebesok\/","url":"https:\/\/www.france.no\/no\/utdanning-og-fransk-sprak\/fremming-av-fransk-sprak\/skolebesok\/","name":"Skolebes\u00f8k - Institut fran\u00e7ais","isPartOf":{"@id":"https:\/\/www.france.no\/no\/#website"},"datePublished":"2022-12-13T18:34:05+00:00","dateModified":"2024-11-07T09:59:56+00:00","breadcrumb":{"@id":"https:\/\/www.france.no\/no\/utdanning-og-fransk-sprak\/fremming-av-fransk-sprak\/skolebesok\/#breadcrumb"},"inLanguage":"nb-NO","potentialAction":[{"@type":"ReadAction","target":["https:\/\/www.france.no\/no\/utdanning-og-fransk-sprak\/fremming-av-fransk-sprak\/skolebesok\/"]}]},{"@type":"BreadcrumbList","@id":"https:\/\/www.france.no\/no\/utdanning-og-fransk-sprak\/fremming-av-fransk-sprak\/skolebesok\/#breadcrumb","itemListElement":[{"@type":"ListItem","position":1,"name":"","item":"https:\/\/www.france.no\/no\/"},{"@type":"ListItem","position":2,"name":"Utdanning og fransk spr\u00e5k","item":"https:\/\/www.france.no\/no\/utdanning-og-fransk-sprak\/"},{"@type":"ListItem","position":3,"name":"Fremming av fransk spr\u00e5k","item":"https:\/\/www.france.no\/no\/utdanning-og-fransk-sprak\/fremming-av-fransk-sprak\/"},{"@type":"ListItem","position":4,"name":"Skolebes\u00f8k"}]},{"@type":"WebSite","@id":"https:\/\/www.france.no\/no\/#website","url":"https:\/\/www.france.no\/no\/","name":"Institut fran\u00e7ais","description":"Norv\u00e8ge","publisher":{"@id":"https:\/\/www.france.no\/no\/#organization"},"potentialAction":[{"@type":"SearchAction","target":{"@type":"EntryPoint","urlTemplate":"https:\/\/www.france.no\/no\/?s={search_term_string}"},"query-input":{"@type":"PropertyValueSpecification","valueRequired":true,"valueName":"search_term_string"}}],"inLanguage":"nb-NO"},{"@type":"Organization","@id":"https:\/\/www.france.no\/no\/#organization","name":"Institut fran\u00e7ais","url":"https:\/\/www.france.no\/no\/","logo":{"@type":"ImageObject","inLanguage":"nb-NO","@id":"https:\/\/www.france.no\/no\/#\/schema\/logo\/image\/","url":"https:\/\/www.france.no\/wp-content\/uploads\/2022\/11\/IF_Logo_Sans_Bleu_RVB.png","contentUrl":"https:\/\/www.france.no\/wp-content\/uploads\/2022\/11\/IF_Logo_Sans_Bleu_RVB.png","width":852,"height":591,"caption":"Institut fran\u00e7ais"},"image":{"@id":"https:\/\/www.france.no\/no\/#\/schema\/logo\/image\/"},"sameAs":["https:\/\/www.facebook.com\/institutfrancaisoslo","https:\/\/x.com\/ifnorvege","https:\/\/instagram.com\/ifnorvege"]}]}},"_links":{"self":[{"href":"https:\/\/www.france.no\/no\/wp-json\/wp\/v2\/pages\/2196","targetHints":{"allow":["GET"]}}],"collection":[{"href":"https:\/\/www.france.no\/no\/wp-json\/wp\/v2\/pages"}],"about":[{"href":"https:\/\/www.france.no\/no\/wp-json\/wp\/v2\/types\/page"}],"author":[{"embeddable":true,"href":"https:\/\/www.france.no\/no\/wp-json\/wp\/v2\/users\/1"}],"replies":[{"embeddable":true,"href":"https:\/\/www.france.no\/no\/wp-json\/wp\/v2\/comments?post=2196"}],"version-history":[{"count":8,"href":"https:\/\/www.france.no\/no\/wp-json\/wp\/v2\/pages\/2196\/revisions"}],"predecessor-version":[{"id":9509,"href":"https:\/\/www.france.no\/no\/wp-json\/wp\/v2\/pages\/2196\/revisions\/9509"}],"up":[{"embeddable":true,"href":"https:\/\/www.france.no\/no\/wp-json\/wp\/v2\/pages\/2185"}],"wp:attachment":[{"href":"https:\/\/www.france.no\/no\/wp-json\/wp\/v2\/media?parent=2196"}],"wp:term":[{"taxonomy":"category","embeddable":true,"href":"https:\/\/www.france.no\/no\/wp-json\/wp\/v2\/categories?post=2196"}],"curies":[{"name":"wp","href":"https:\/\/api.w.org\/{rel}","templated":true}]}}