{"id":22592,"date":"2026-04-08T10:34:22","date_gmt":"2026-04-08T08:34:22","guid":{"rendered":"https:\/\/www.france.no\/?page_id=22592"},"modified":"2026-04-08T10:40:54","modified_gmt":"2026-04-08T08:40:54","slug":"campus-france-norge-moter-norske-studenter-i-frankrike","status":"publish","type":"page","link":"https:\/\/www.france.no\/no\/campus-france-norge-moter-norske-studenter-i-frankrike\/","title":{"rendered":"Campus France Norge p\u00e5 reise i Frankrike"},"content":{"rendered":"\n<p>Som en del av sitt oppdrag med \u00e5 fremme fransk h\u00f8yere utdanning, reiste teamet fra <strong>Campus France Norge<\/strong> til Frankrike for \u00e5 m\u00f8te norske elever og studenter som har valgt \u00e5 fortsette studiene sine der!<\/p>\n\n\n\n<p>Denne reisen gjorde det mulig \u00e5 synliggj\u00f8re deres utdanningsl\u00f8p, l\u00f8fte frem erfaringene deres og gi et innblikk i de franske byene hvor de studerer: <strong>Paris<\/strong>, <strong>Rouen<\/strong>, <strong>Nantes<\/strong>, <strong>Caen<\/strong> og <strong>Bayeux<\/strong>.<\/p>\n\n\n\n<p>Hvis du er nysgjerrig p\u00e5 hvordan det er \u00e5 studere i Frankrike, ikke n\u00f8l med \u00e5 kontakte Campus France Norge p\u00e5 adressen <a>studier@france.no<\/a>.<\/p>\n\n\n\n<p class=\"has-accent-color has-text-color has-link-color has-normal-font-size wp-elements-fbaa2740e74c76c06b5f1d647e73eb2b\"><strong>Episode 1: Studentlivet i Paris<\/strong><\/p>\n\n\n\n<p>I denne f\u00f8rste episoden m\u00f8ter du studentene fra <a href=\"https:\/\/www.ansa.no\/personer\/ansa-paris\/\" type=\"link\" id=\"https:\/\/www.ansa.no\/personer\/ansa-paris\/\" target=\"_blank\" rel=\"noreferrer noopener\">ANSA Paris <\/a>(Association of Norwegian Students Abroad), som presenterer studentlivet og hverdagen i den franske hovedstaden.<\/p>\n\n\n\n<p>Se episoden <a href=\"https:\/\/www.youtube.com\/watch?v=yrzOWWMMLR0&amp;t=12s\" type=\"link\" id=\"https:\/\/www.youtube.com\/watch?v=yrzOWWMMLR0&amp;t=12s\" target=\"_blank\" rel=\"noreferrer noopener\">her<\/a>! <\/p>\n\n\n\n<p class=\"has-accent-color has-text-color has-link-color has-normal-font-size wp-elements-d5066634de6c8ab2964272b294c6fcc8\"><strong>Episode 2: Tips til nye studenter i Paris<\/strong><\/p>\n\n\n\n<p>Er du stresset over alt som m\u00e5 ordnes f\u00f8r du flytter til Frankrike? Ikke v\u00e6r redd: studentene fra ANSA Paris er tilbake for \u00e5 gi deg sine beste r\u00e5d slik at du f\u00e5r en god start p\u00e5 studentlivet!<\/p>\n\n\n\n<p>Se episoden <a href=\"https:\/\/www.youtube.com\/watch?v=CN5fftFobhU&amp;list=PLg_l1XcTNFm6otlfsUS1S-CAmciKnoeRy\" type=\"link\" id=\"https:\/\/www.youtube.com\/watch?v=CN5fftFobhU&amp;list=PLg_l1XcTNFm6otlfsUS1S-CAmciKnoeRy\" target=\"_blank\" rel=\"noreferrer noopener\">her<\/a>!<\/p>\n\n\n\n<p class=\"has-accent-color has-text-color has-link-color has-normal-font-size wp-elements-8bc3b71ee0b3d30190ddd2c90875ad77\"><strong>Episode 3: Videreg\u00e5ende skole i Rouen<\/strong><\/p>\n\n\n\n<p class=\"has-primary-color has-text-color has-link-color has-normal-font-size wp-elements-af381df84355f89ea5018adb18f84790\">Visste du at det er mulig \u00e5 ta hele videreg\u00e5ende oppl\u00e6ring i Frankrike?<\/p>\n\n\n\n<p>I denne episoden m\u00f8tte vi elever i VG2 og VG3 ved den norske seksjonen i Rouen, som tar hele sin videreg\u00e5ende oppl\u00e6ring i Frankrike.<\/p>\n\n\n\n<p>Det finnes ogs\u00e5 norske seksjoner i Bayeux og Lyon.<\/p>\n\n\n\n<p>Se episoden <a href=\"https:\/\/www.youtube.com\/watch?v=dVYAkRd-Feg&amp;list=PLg_l1XcTNFm6otlfsUS1S-CAmciKnoeRy\" type=\"link\" id=\"https:\/\/www.youtube.com\/watch?v=dVYAkRd-Feg&amp;list=PLg_l1XcTNFm6otlfsUS1S-CAmciKnoeRy\" target=\"_blank\" rel=\"noreferrer noopener\">her<\/a>!<\/p>\n\n\n\n<p class=\"has-accent-color has-text-color has-link-color has-normal-font-size wp-elements-4c7a495a8e5648c9ed98259aa6c07516\"><strong>Episode 4: Nantes <\/strong><\/p>\n\n\n\n<p>\u00ab \u00c5 studere i Frankrike har \u00e5pnet veldig mange d\u00f8rer for meg\u00bb forteller\u00a0Sigve Helsan, som tok hele bachelorl\u00f8pet sitt p\u00e5 fransk i Nantes og som i dag jobber ved den franske ambassaden i Oslo.<\/p>\n\n\n\n<p>N\u00e5 er han tilbake i historiske Nantes for \u00e5 fortelle om \u00e5rene han studerte biologi og \u00f8kologi ved universitetet der. Sigve kan rapportere om et levende og inkluderende studentmilj\u00f8 og en autentisk fransk atmosf\u00e6re med flust av bakerier, ostebutikker og markeder.<\/p>\n\n\n\n<p>\u00abBare hopp i det, den vanskeligste etappen er selve valget\u00bb sier Sigve. <\/p>\n\n\n\n<p>Se episoden <a href=\"https:\/\/www.youtube.com\/watch?v=Ie8djmQ7mco&amp;t=1s\" type=\"link\" id=\"https:\/\/www.youtube.com\/watch?v=Ie8djmQ7mco&amp;t=1s\" target=\"_blank\" rel=\"noreferrer noopener\">her<\/a>! <\/p>\n\n\n\n<p class=\"has-accent-color has-text-color has-link-color has-normal-font-size wp-elements-1090170cb68dd6a2a5ebfb425a81d7f1\"><strong>Episode 5: Det fransk-norske studiesenteret i Caen<\/strong> <strong>(OFNEC)<\/strong><\/p>\n\n\n\n<p>Vil du studere fransk i Frankrike OG f\u00e5 studiepoeng for det?<\/p>\n\n\n\n<p>Bli bedre kjent med studentene som g\u00e5r \u00e5rsstudiet i fransk med didaktikk ved Det fransk-norske studiesenteret i Caen, OFNEC. <\/p>\n\n\n\n<p>Programmet g\u00e5r gjennom\u00a0NTNU og gir deg 60 studiepoeng (og st\u00f8tte fra L\u00e5nekassen) mens campuset ditt er i nydelige Normandie p\u00e5\u00a0Universitet i Caen. Det beste av begge verdener, synes vi! <\/p>\n\n\n\n<p>Se episoden <a href=\"https:\/\/www.youtube.com\/watch?v=YZAH8uV2J7M&amp;list=PLg_l1XcTNFm6otlfsUS1S-CAmciKnoeRy&amp;index=5\" type=\"link\" id=\"https:\/\/www.youtube.com\/watch?v=YZAH8uV2J7M&amp;list=PLg_l1XcTNFm6otlfsUS1S-CAmciKnoeRy&amp;index=5\" target=\"_blank\" rel=\"noreferrer noopener\">her<\/a>! <\/p>\n\n\n\n<p class=\"has-accent-color has-text-color has-link-color has-normal-font-size wp-elements-60a9a81a8e14dddff6406c4607027c3e\"><strong>Episode 6: Bayeux<\/strong><\/p>\n\n\n\n<p>\u00abDet beste med Bayeux er samholdet\u00bb forteller som tar hele VGS p\u00e5 fransk ved norskseksjonen p\u00e5 Lyc\u00e9e Alain Chartier.<\/p>\n\n\n\n<p>Er du nysgjerrig p\u00e5 hvordan de knakk spr\u00e5kkoden, livet p\u00e5 internat og hos vertsfamilie, eller de mange reisene de har v\u00e6rt p\u00e5 med skolen? F\u00f8lg med for \u00e5 h\u00f8re hvorfor akkurat du b\u00f8r s\u00f8ke VGS ved en av\u00a0norsk seksjonene i Frankrike (Bayeux, Lyon og Rouen \u2013 sjekk tidligere episode!).<\/p>\n\n\n\n<p>Se episoden <a href=\"https:\/\/www.youtube.com\/watch?v=hgvac0Au1qE&amp;list=PLg_l1XcTNFm6otlfsUS1S-CAmciKnoeRy&amp;index=6\" type=\"link\" id=\"https:\/\/www.youtube.com\/watch?v=hgvac0Au1qE&amp;list=PLg_l1XcTNFm6otlfsUS1S-CAmciKnoeRy&amp;index=6\" target=\"_blank\" rel=\"noreferrer noopener\">her<\/a>! <\/p>\n\n\n\n<p class=\"has-accent-color has-text-color has-link-color has-normal-font-size wp-elements-24e3775a69eb7d386d99e4908763c353\"><strong>Episode 7: Bayeux <\/strong><\/p>\n\n\n\n<p>G\u00e5r du i 10. klasse og dr\u00f8mmer om \u00e5 ta et \u00e5r av VGS i Frankrike?<\/p>\n\n\n\n<p>I denne siste episoden m\u00f8ter du Matilda som tar VG1 i den franske byen Bayeux, i Normandie. Hun bor hos en fransk vertsfamilie i helgene og p\u00e5 internat i ukedagene, og tar alle fagene sine p\u00e5 fransk.<\/p>\n\n\n\n<p>Gjennom v\u00e5rt 1-\u00e5rige program kan du nemlig velge mellom en rekke videreg\u00e5ende skoler over hele Frankrike. Du f\u00e5r selvf\u00f8lgelig forberedt deg p\u00e5 forh\u00e5nd med franskkurs, og du har oss i ryggen hele veien. N\u00e5r \u00e5ret er ferdig g\u00e5r du til og med rett videre p\u00e5 VG2 i Norge!<\/p>\n\n\n\n<p>Se episoden <a href=\"https:\/\/www.youtube.com\/watch?v=rEUyzBsm6_k&amp;list=PLg_l1XcTNFm6otlfsUS1S-CAmciKnoeRy&amp;index=1\" type=\"link\" id=\"https:\/\/www.youtube.com\/watch?v=rEUyzBsm6_k&amp;list=PLg_l1XcTNFm6otlfsUS1S-CAmciKnoeRy&amp;index=1\" target=\"_blank\" rel=\"noreferrer noopener\">her<\/a>! <\/p>\n\n\n<div class=\"wp-block-image\">\n<figure class=\"aligncenter size-full\"><img loading=\"lazy\" decoding=\"async\" width=\"851\" height=\"315\" src=\"https:\/\/www.france.no\/wp-content\/uploads\/2026\/04\/Pied-de-page.png\" alt=\"\" class=\"wp-image-22556\" srcset=\"https:\/\/www.france.no\/wp-content\/uploads\/2026\/04\/Pied-de-page.png 851w, https:\/\/www.france.no\/wp-content\/uploads\/2026\/04\/Pied-de-page-300x111.png 300w, https:\/\/www.france.no\/wp-content\/uploads\/2026\/04\/Pied-de-page-768x284.png 768w\" sizes=\"auto, (max-width: 851px) 100vw, 851px\" \/><\/figure>\n<\/div>","protected":false},"excerpt":{"rendered":"<p>Som en del av sitt oppdrag med \u00e5 fremme fransk h\u00f8yere utdanning, reiste teamet fra Campus France Norge til Frankrike for \u00e5 m\u00f8te norske elever og studenter som har valgt \u00e5 fortsette studiene sine der! Denne reisen gjorde det mulig \u00e5 synliggj\u00f8re deres utdanningsl\u00f8p, l\u00f8fte frem erfaringene deres og gi et innblikk i de franske [&hellip;]<\/p>\n","protected":false},"author":6,"featured_media":22595,"parent":0,"menu_order":0,"comment_status":"closed","ping_status":"closed","template":"","meta":{"footnotes":""},"categories":[15,13],"class_list":["post-22592","page","type-page","status-publish","has-post-thumbnail","hentry","category-universitetene","category-utdanning-og-fransk-sprak"],"yoast_head":"<!-- This site is optimized with the Yoast SEO plugin v27.3 - https:\/\/yoast.com\/product\/yoast-seo-wordpress\/ -->\n<title>Campus France Norge p\u00e5 reise i Frankrike - Institut fran\u00e7ais<\/title>\n<meta name=\"robots\" content=\"index, follow, max-snippet:-1, max-image-preview:large, max-video-preview:-1\" \/>\n<link rel=\"canonical\" href=\"https:\/\/www.france.no\/no\/campus-france-norge-moter-norske-studenter-i-frankrike\/\" \/>\n<meta property=\"og:locale\" content=\"nb_NO\" \/>\n<meta property=\"og:type\" content=\"article\" \/>\n<meta property=\"og:title\" content=\"Campus France Norge p\u00e5 reise i Frankrike - Institut fran\u00e7ais\" \/>\n<meta property=\"og:description\" content=\"Som en del av sitt oppdrag med \u00e5 fremme fransk h\u00f8yere utdanning, reiste teamet fra Campus France Norge til Frankrike for \u00e5 m\u00f8te norske elever og studenter som har valgt \u00e5 fortsette studiene sine der! Denne reisen gjorde det mulig \u00e5 synliggj\u00f8re deres utdanningsl\u00f8p, l\u00f8fte frem erfaringene deres og gi et innblikk i de franske [&hellip;]\" \/>\n<meta property=\"og:url\" content=\"https:\/\/www.france.no\/no\/campus-france-norge-moter-norske-studenter-i-frankrike\/\" \/>\n<meta property=\"og:site_name\" content=\"Institut fran\u00e7ais\" \/>\n<meta property=\"article:publisher\" content=\"https:\/\/www.facebook.com\/institutfrancaisoslo\" \/>\n<meta property=\"article:modified_time\" content=\"2026-04-08T08:40:54+00:00\" \/>\n<meta property=\"og:image\" content=\"https:\/\/www.france.no\/wp-content\/uploads\/2026\/04\/PA-REISE-I-FRANKRIKE-1.png\" \/>\n\t<meta property=\"og:image:width\" content=\"851\" \/>\n\t<meta property=\"og:image:height\" content=\"315\" \/>\n\t<meta property=\"og:image:type\" content=\"image\/png\" \/>\n<meta name=\"twitter:card\" content=\"summary_large_image\" \/>\n<meta name=\"twitter:site\" content=\"@ifnorvege\" \/>\n<meta name=\"twitter:label1\" content=\"Ansl. lesetid\" \/>\n\t<meta name=\"twitter:data1\" content=\"4 minutter\" \/>\n<script type=\"application\/ld+json\" class=\"yoast-schema-graph\">{\"@context\":\"https:\\\/\\\/schema.org\",\"@graph\":[{\"@type\":\"WebPage\",\"@id\":\"https:\\\/\\\/www.france.no\\\/no\\\/campus-france-norge-moter-norske-studenter-i-frankrike\\\/\",\"url\":\"https:\\\/\\\/www.france.no\\\/no\\\/campus-france-norge-moter-norske-studenter-i-frankrike\\\/\",\"name\":\"Campus France Norge p\u00e5 reise i Frankrike - Institut fran\u00e7ais\",\"isPartOf\":{\"@id\":\"https:\\\/\\\/www.france.no\\\/no\\\/#website\"},\"primaryImageOfPage\":{\"@id\":\"https:\\\/\\\/www.france.no\\\/no\\\/campus-france-norge-moter-norske-studenter-i-frankrike\\\/#primaryimage\"},\"image\":{\"@id\":\"https:\\\/\\\/www.france.no\\\/no\\\/campus-france-norge-moter-norske-studenter-i-frankrike\\\/#primaryimage\"},\"thumbnailUrl\":\"https:\\\/\\\/www.france.no\\\/wp-content\\\/uploads\\\/2026\\\/04\\\/PA-REISE-I-FRANKRIKE-1.png\",\"datePublished\":\"2026-04-08T08:34:22+00:00\",\"dateModified\":\"2026-04-08T08:40:54+00:00\",\"breadcrumb\":{\"@id\":\"https:\\\/\\\/www.france.no\\\/no\\\/campus-france-norge-moter-norske-studenter-i-frankrike\\\/#breadcrumb\"},\"inLanguage\":\"nb-NO\",\"potentialAction\":[{\"@type\":\"ReadAction\",\"target\":[\"https:\\\/\\\/www.france.no\\\/no\\\/campus-france-norge-moter-norske-studenter-i-frankrike\\\/\"]}]},{\"@type\":\"ImageObject\",\"inLanguage\":\"nb-NO\",\"@id\":\"https:\\\/\\\/www.france.no\\\/no\\\/campus-france-norge-moter-norske-studenter-i-frankrike\\\/#primaryimage\",\"url\":\"https:\\\/\\\/www.france.no\\\/wp-content\\\/uploads\\\/2026\\\/04\\\/PA-REISE-I-FRANKRIKE-1.png\",\"contentUrl\":\"https:\\\/\\\/www.france.no\\\/wp-content\\\/uploads\\\/2026\\\/04\\\/PA-REISE-I-FRANKRIKE-1.png\",\"width\":851,\"height\":315},{\"@type\":\"BreadcrumbList\",\"@id\":\"https:\\\/\\\/www.france.no\\\/no\\\/campus-france-norge-moter-norske-studenter-i-frankrike\\\/#breadcrumb\",\"itemListElement\":[{\"@type\":\"ListItem\",\"position\":1,\"name\":\"\",\"item\":\"https:\\\/\\\/www.france.no\\\/no\\\/\"},{\"@type\":\"ListItem\",\"position\":2,\"name\":\"Campus France Norge p\u00e5 reise i Frankrike\"}]},{\"@type\":\"WebSite\",\"@id\":\"https:\\\/\\\/www.france.no\\\/no\\\/#website\",\"url\":\"https:\\\/\\\/www.france.no\\\/no\\\/\",\"name\":\"Institut fran\u00e7ais\",\"description\":\"Norv\u00e8ge\",\"publisher\":{\"@id\":\"https:\\\/\\\/www.france.no\\\/no\\\/#organization\"},\"potentialAction\":[{\"@type\":\"SearchAction\",\"target\":{\"@type\":\"EntryPoint\",\"urlTemplate\":\"https:\\\/\\\/www.france.no\\\/no\\\/?s={search_term_string}\"},\"query-input\":{\"@type\":\"PropertyValueSpecification\",\"valueRequired\":true,\"valueName\":\"search_term_string\"}}],\"inLanguage\":\"nb-NO\"},{\"@type\":\"Organization\",\"@id\":\"https:\\\/\\\/www.france.no\\\/no\\\/#organization\",\"name\":\"Institut fran\u00e7ais\",\"url\":\"https:\\\/\\\/www.france.no\\\/no\\\/\",\"logo\":{\"@type\":\"ImageObject\",\"inLanguage\":\"nb-NO\",\"@id\":\"https:\\\/\\\/www.france.no\\\/no\\\/#\\\/schema\\\/logo\\\/image\\\/\",\"url\":\"https:\\\/\\\/www.france.no\\\/wp-content\\\/uploads\\\/2022\\\/11\\\/IF_Logo_Sans_Bleu_RVB.png\",\"contentUrl\":\"https:\\\/\\\/www.france.no\\\/wp-content\\\/uploads\\\/2022\\\/11\\\/IF_Logo_Sans_Bleu_RVB.png\",\"width\":852,\"height\":591,\"caption\":\"Institut fran\u00e7ais\"},\"image\":{\"@id\":\"https:\\\/\\\/www.france.no\\\/no\\\/#\\\/schema\\\/logo\\\/image\\\/\"},\"sameAs\":[\"https:\\\/\\\/www.facebook.com\\\/institutfrancaisoslo\",\"https:\\\/\\\/x.com\\\/ifnorvege\",\"https:\\\/\\\/instagram.com\\\/ifnorvege\"]}]}<\/script>\n<!-- \/ Yoast SEO plugin. -->","yoast_head_json":{"title":"Campus France Norge p\u00e5 reise i Frankrike - Institut fran\u00e7ais","robots":{"index":"index","follow":"follow","max-snippet":"max-snippet:-1","max-image-preview":"max-image-preview:large","max-video-preview":"max-video-preview:-1"},"canonical":"https:\/\/www.france.no\/no\/campus-france-norge-moter-norske-studenter-i-frankrike\/","og_locale":"nb_NO","og_type":"article","og_title":"Campus France Norge p\u00e5 reise i Frankrike - Institut fran\u00e7ais","og_description":"Som en del av sitt oppdrag med \u00e5 fremme fransk h\u00f8yere utdanning, reiste teamet fra Campus France Norge til Frankrike for \u00e5 m\u00f8te norske elever og studenter som har valgt \u00e5 fortsette studiene sine der! Denne reisen gjorde det mulig \u00e5 synliggj\u00f8re deres utdanningsl\u00f8p, l\u00f8fte frem erfaringene deres og gi et innblikk i de franske [&hellip;]","og_url":"https:\/\/www.france.no\/no\/campus-france-norge-moter-norske-studenter-i-frankrike\/","og_site_name":"Institut fran\u00e7ais","article_publisher":"https:\/\/www.facebook.com\/institutfrancaisoslo","article_modified_time":"2026-04-08T08:40:54+00:00","og_image":[{"width":851,"height":315,"url":"https:\/\/www.france.no\/wp-content\/uploads\/2026\/04\/PA-REISE-I-FRANKRIKE-1.png","type":"image\/png"}],"twitter_card":"summary_large_image","twitter_site":"@ifnorvege","twitter_misc":{"Ansl. lesetid":"4 minutter"},"schema":{"@context":"https:\/\/schema.org","@graph":[{"@type":"WebPage","@id":"https:\/\/www.france.no\/no\/campus-france-norge-moter-norske-studenter-i-frankrike\/","url":"https:\/\/www.france.no\/no\/campus-france-norge-moter-norske-studenter-i-frankrike\/","name":"Campus France Norge p\u00e5 reise i Frankrike - Institut fran\u00e7ais","isPartOf":{"@id":"https:\/\/www.france.no\/no\/#website"},"primaryImageOfPage":{"@id":"https:\/\/www.france.no\/no\/campus-france-norge-moter-norske-studenter-i-frankrike\/#primaryimage"},"image":{"@id":"https:\/\/www.france.no\/no\/campus-france-norge-moter-norske-studenter-i-frankrike\/#primaryimage"},"thumbnailUrl":"https:\/\/www.france.no\/wp-content\/uploads\/2026\/04\/PA-REISE-I-FRANKRIKE-1.png","datePublished":"2026-04-08T08:34:22+00:00","dateModified":"2026-04-08T08:40:54+00:00","breadcrumb":{"@id":"https:\/\/www.france.no\/no\/campus-france-norge-moter-norske-studenter-i-frankrike\/#breadcrumb"},"inLanguage":"nb-NO","potentialAction":[{"@type":"ReadAction","target":["https:\/\/www.france.no\/no\/campus-france-norge-moter-norske-studenter-i-frankrike\/"]}]},{"@type":"ImageObject","inLanguage":"nb-NO","@id":"https:\/\/www.france.no\/no\/campus-france-norge-moter-norske-studenter-i-frankrike\/#primaryimage","url":"https:\/\/www.france.no\/wp-content\/uploads\/2026\/04\/PA-REISE-I-FRANKRIKE-1.png","contentUrl":"https:\/\/www.france.no\/wp-content\/uploads\/2026\/04\/PA-REISE-I-FRANKRIKE-1.png","width":851,"height":315},{"@type":"BreadcrumbList","@id":"https:\/\/www.france.no\/no\/campus-france-norge-moter-norske-studenter-i-frankrike\/#breadcrumb","itemListElement":[{"@type":"ListItem","position":1,"name":"","item":"https:\/\/www.france.no\/no\/"},{"@type":"ListItem","position":2,"name":"Campus France Norge p\u00e5 reise i Frankrike"}]},{"@type":"WebSite","@id":"https:\/\/www.france.no\/no\/#website","url":"https:\/\/www.france.no\/no\/","name":"Institut fran\u00e7ais","description":"Norv\u00e8ge","publisher":{"@id":"https:\/\/www.france.no\/no\/#organization"},"potentialAction":[{"@type":"SearchAction","target":{"@type":"EntryPoint","urlTemplate":"https:\/\/www.france.no\/no\/?s={search_term_string}"},"query-input":{"@type":"PropertyValueSpecification","valueRequired":true,"valueName":"search_term_string"}}],"inLanguage":"nb-NO"},{"@type":"Organization","@id":"https:\/\/www.france.no\/no\/#organization","name":"Institut fran\u00e7ais","url":"https:\/\/www.france.no\/no\/","logo":{"@type":"ImageObject","inLanguage":"nb-NO","@id":"https:\/\/www.france.no\/no\/#\/schema\/logo\/image\/","url":"https:\/\/www.france.no\/wp-content\/uploads\/2022\/11\/IF_Logo_Sans_Bleu_RVB.png","contentUrl":"https:\/\/www.france.no\/wp-content\/uploads\/2022\/11\/IF_Logo_Sans_Bleu_RVB.png","width":852,"height":591,"caption":"Institut fran\u00e7ais"},"image":{"@id":"https:\/\/www.france.no\/no\/#\/schema\/logo\/image\/"},"sameAs":["https:\/\/www.facebook.com\/institutfrancaisoslo","https:\/\/x.com\/ifnorvege","https:\/\/instagram.com\/ifnorvege"]}]}},"_links":{"self":[{"href":"https:\/\/www.france.no\/no\/wp-json\/wp\/v2\/pages\/22592","targetHints":{"allow":["GET"]}}],"collection":[{"href":"https:\/\/www.france.no\/no\/wp-json\/wp\/v2\/pages"}],"about":[{"href":"https:\/\/www.france.no\/no\/wp-json\/wp\/v2\/types\/page"}],"author":[{"embeddable":true,"href":"https:\/\/www.france.no\/no\/wp-json\/wp\/v2\/users\/6"}],"replies":[{"embeddable":true,"href":"https:\/\/www.france.no\/no\/wp-json\/wp\/v2\/comments?post=22592"}],"version-history":[{"count":2,"href":"https:\/\/www.france.no\/no\/wp-json\/wp\/v2\/pages\/22592\/revisions"}],"predecessor-version":[{"id":22658,"href":"https:\/\/www.france.no\/no\/wp-json\/wp\/v2\/pages\/22592\/revisions\/22658"}],"wp:featuredmedia":[{"embeddable":true,"href":"https:\/\/www.france.no\/no\/wp-json\/wp\/v2\/media\/22595"}],"wp:attachment":[{"href":"https:\/\/www.france.no\/no\/wp-json\/wp\/v2\/media?parent=22592"}],"wp:term":[{"taxonomy":"category","embeddable":true,"href":"https:\/\/www.france.no\/no\/wp-json\/wp\/v2\/categories?post=22592"}],"curies":[{"name":"wp","href":"https:\/\/api.w.org\/{rel}","templated":true}]}}