{"id":226,"date":"2022-02-01T15:18:54","date_gmt":"2022-02-01T14:18:54","guid":{"rendered":"https:\/\/www.france.no\/?page_id=226"},"modified":"2026-02-25T17:27:27","modified_gmt":"2026-02-25T16:27:27","slug":"kontakt-oss","status":"publish","type":"page","link":"https:\/\/www.france.no\/no\/kontakt-oss\/","title":{"rendered":"V\u00e5rt team"},"content":{"rendered":"\n<p>Kontakt<strong> Institut fran\u00e7ais de Norv\u00e8ge<\/strong> (IFN):<br><a href=\"mailto:info@france.no\" target=\"_blank\" rel=\"noreferrer noopener\">info@france.no<\/a><\/p>\n\n\n\n<p>Bli med i teamet v\u00e5rt: <a href=\"https:\/\/www.france.no\/no\/ledige-stillinger\/\" target=\"_blank\" rel=\"noreferrer noopener\">Le<\/a><a href=\"https:\/\/www.france.no\/no\/ledige-stillinger\/\">dige stillinger<\/a><\/p>\n\n\n\n<p class=\"has-large-font-size\"><strong>LEDELSE<\/strong><br><strong>Isabelle Desvignes<\/strong><br>Direkt\u00f8r \/ kulturr\u00e5d<\/p>\n\n\n\n<p><strong>ADMINISTRASJON \u2013 \u00d8KONOMI \u2013 HR \u2013 LOGISTIKK<\/strong><br><strong>J\u00e9r\u00f4me ANDR\u00c9<\/strong><br>Generalsekret\u00e6r<\/p>\n\n\n\n<p class=\"has-large-font-size\"><strong>KULTURAVDELINGEN<\/strong>&nbsp;|&nbsp;<a href=\"mailto:kultur@france.no\" target=\"_blank\" rel=\"noreferrer noopener\"><strong>kultur@france.no<\/strong><\/a><br><strong>Marcelino Valiente<\/strong><br>Kulturattach\u00e9<\/p>\n\n\n\n<p class=\"has-large-font-size\"><strong>AVDELING FOR VITENSKAP OG H\u00d8YERE UTDANNING<\/strong>&nbsp;|&nbsp;<a href=\"mailto:science@france.no\" target=\"_blank\" rel=\"noreferrer noopener\"><strong>science@france.no<\/strong><\/a><br><strong>Fr\u00e9d\u00e9ric Bessat<\/strong><br>Vitenskaps og h\u00f8yere utdanningattach\u00e9<\/p>\n\n\n\n<p><strong>Campus France \/ H\u00f8yere utdanning:&nbsp;<\/strong><strong><a href=\"mailto:studier@france.no\" target=\"_blank\" rel=\"noreferrer noopener\">studier@france.no<\/a><\/strong><\/p>\n\n\n\n<p class=\"has-large-font-size\"><strong>UTDANNING OG SPR\u00c5KAVDELINGEN<\/strong>&nbsp;|&nbsp;<a href=\"mailto:fransk@france.no\" target=\"_blank\" rel=\"noreferrer noopener\"><strong>fransk@france.no<\/strong><\/a><br><strong>Corentin Buczkowski<\/strong><br>Spr\u00e5k og utdanningattach\u00e9<\/p>\n\n\n\n<p><strong>Sigve Halsan<\/strong><br>Prosjektmedarbeider for utdanningssamarbeid og promotering av studier i Frankrike<\/p>\n\n\n\n<p><strong>Videreg\u00e5ende i Frankrike:&nbsp;<\/strong><strong><a href=\"mailto:vgs@france.no\">vgs@<\/a><a href=\"mailto:vgs@france.no\" target=\"_blank\" rel=\"noreferrer noopener\">france.no<\/a><\/strong><\/p>\n\n\n\n<p class=\"has-large-font-size\"><strong>KOMMUNIKASJON OG PRESSE<\/strong><br><strong><a href=\"mailto:vlouis@france.no\" target=\"_blank\" rel=\"noreferrer noopener\">Valentine LOUIS<\/a><\/strong><br>kommunikasjonskoordinator<\/p>\n\n\n\n<p><\/p>\n","protected":false},"excerpt":{"rendered":"<p>Kontakt Institut fran\u00e7ais de Norv\u00e8ge (IFN):info@france.no Bli med i teamet v\u00e5rt: Ledige stillinger LEDELSEIsabelle DesvignesDirekt\u00f8r \/ kulturr\u00e5d ADMINISTRASJON \u2013 \u00d8KONOMI \u2013 HR \u2013 LOGISTIKKJ\u00e9r\u00f4me ANDR\u00c9Generalsekret\u00e6r KULTURAVDELINGEN&nbsp;|&nbsp;kultur@france.noMarcelino ValienteKulturattach\u00e9 AVDELING FOR VITENSKAP OG H\u00d8YERE UTDANNING&nbsp;|&nbsp;science@france.noFr\u00e9d\u00e9ric BessatVitenskaps og h\u00f8yere utdanningattach\u00e9 Campus France \/ H\u00f8yere utdanning:&nbsp;studier@france.no UTDANNING OG SPR\u00c5KAVDELINGEN&nbsp;|&nbsp;fransk@france.noCorentin BuczkowskiSpr\u00e5k og utdanningattach\u00e9 Sigve HalsanProsjektmedarbeider for utdanningssamarbeid og promotering av [&hellip;]<\/p>\n","protected":false},"author":6,"featured_media":0,"parent":0,"menu_order":0,"comment_status":"closed","ping_status":"closed","template":"","meta":{"footnotes":""},"categories":[],"class_list":["post-226","page","type-page","status-publish","hentry","no-media"],"yoast_head":"<!-- This site is optimized with the Yoast SEO plugin v27.6 - https:\/\/yoast.com\/product\/yoast-seo-wordpress\/ -->\n<title>V\u00e5rt team - Institut fran\u00e7ais<\/title>\n<meta name=\"robots\" content=\"index, follow, max-snippet:-1, max-image-preview:large, max-video-preview:-1\" \/>\n<link rel=\"canonical\" href=\"https:\/\/www.france.no\/no\/kontakt-oss\/\" \/>\n<meta property=\"og:locale\" content=\"nb_NO\" \/>\n<meta property=\"og:type\" content=\"article\" \/>\n<meta property=\"og:title\" content=\"V\u00e5rt team - Institut fran\u00e7ais\" \/>\n<meta property=\"og:description\" content=\"Kontakt Institut fran\u00e7ais de Norv\u00e8ge (IFN):info@france.no Bli med i teamet v\u00e5rt: Ledige stillinger LEDELSEIsabelle DesvignesDirekt\u00f8r \/ kulturr\u00e5d ADMINISTRASJON \u2013 \u00d8KONOMI \u2013 HR \u2013 LOGISTIKKJ\u00e9r\u00f4me ANDR\u00c9Generalsekret\u00e6r KULTURAVDELINGEN&nbsp;|&nbsp;kultur@france.noMarcelino ValienteKulturattach\u00e9 AVDELING FOR VITENSKAP OG H\u00d8YERE UTDANNING&nbsp;|&nbsp;science@france.noFr\u00e9d\u00e9ric BessatVitenskaps og h\u00f8yere utdanningattach\u00e9 Campus France \/ H\u00f8yere utdanning:&nbsp;studier@france.no UTDANNING OG SPR\u00c5KAVDELINGEN&nbsp;|&nbsp;fransk@france.noCorentin BuczkowskiSpr\u00e5k og utdanningattach\u00e9 Sigve HalsanProsjektmedarbeider for utdanningssamarbeid og promotering av [&hellip;]\" \/>\n<meta property=\"og:url\" content=\"https:\/\/www.france.no\/no\/kontakt-oss\/\" \/>\n<meta property=\"og:site_name\" content=\"Institut fran\u00e7ais\" \/>\n<meta property=\"article:publisher\" content=\"https:\/\/www.facebook.com\/institutfrancaisoslo\" \/>\n<meta property=\"article:modified_time\" content=\"2026-02-25T16:27:27+00:00\" \/>\n<meta property=\"og:image\" content=\"https:\/\/www.france.no\/wp-content\/uploads\/2022\/01\/IFN-logo.png\" \/>\n\t<meta property=\"og:image:width\" content=\"946\" \/>\n\t<meta property=\"og:image:height\" content=\"546\" \/>\n\t<meta property=\"og:image:type\" content=\"image\/png\" \/>\n<meta name=\"twitter:card\" content=\"summary_large_image\" \/>\n<meta name=\"twitter:site\" content=\"@ifnorvege\" \/>\n<meta name=\"twitter:label1\" content=\"Ansl. lesetid\" \/>\n\t<meta name=\"twitter:data1\" content=\"1 minutt\" \/>\n<script type=\"application\/ld+json\" class=\"yoast-schema-graph\">{\"@context\":\"https:\\\/\\\/schema.org\",\"@graph\":[{\"@type\":\"WebPage\",\"@id\":\"https:\\\/\\\/www.france.no\\\/no\\\/kontakt-oss\\\/\",\"url\":\"https:\\\/\\\/www.france.no\\\/no\\\/kontakt-oss\\\/\",\"name\":\"V\u00e5rt team - Institut fran\u00e7ais\",\"isPartOf\":{\"@id\":\"https:\\\/\\\/www.france.no\\\/no\\\/#website\"},\"datePublished\":\"2022-02-01T14:18:54+00:00\",\"dateModified\":\"2026-02-25T16:27:27+00:00\",\"breadcrumb\":{\"@id\":\"https:\\\/\\\/www.france.no\\\/no\\\/kontakt-oss\\\/#breadcrumb\"},\"inLanguage\":\"nb-NO\",\"potentialAction\":[{\"@type\":\"ReadAction\",\"target\":[\"https:\\\/\\\/www.france.no\\\/no\\\/kontakt-oss\\\/\"]}]},{\"@type\":\"BreadcrumbList\",\"@id\":\"https:\\\/\\\/www.france.no\\\/no\\\/kontakt-oss\\\/#breadcrumb\",\"itemListElement\":[{\"@type\":\"ListItem\",\"position\":1,\"name\":\"\",\"item\":\"https:\\\/\\\/www.france.no\\\/no\\\/\"},{\"@type\":\"ListItem\",\"position\":2,\"name\":\"V\u00e5rt team\"}]},{\"@type\":\"WebSite\",\"@id\":\"https:\\\/\\\/www.france.no\\\/no\\\/#website\",\"url\":\"https:\\\/\\\/www.france.no\\\/no\\\/\",\"name\":\"Institut fran\u00e7ais\",\"description\":\"Norv\u00e8ge\",\"publisher\":{\"@id\":\"https:\\\/\\\/www.france.no\\\/no\\\/#organization\"},\"potentialAction\":[{\"@type\":\"SearchAction\",\"target\":{\"@type\":\"EntryPoint\",\"urlTemplate\":\"https:\\\/\\\/www.france.no\\\/no\\\/?s={search_term_string}\"},\"query-input\":{\"@type\":\"PropertyValueSpecification\",\"valueRequired\":true,\"valueName\":\"search_term_string\"}}],\"inLanguage\":\"nb-NO\"},{\"@type\":\"Organization\",\"@id\":\"https:\\\/\\\/www.france.no\\\/no\\\/#organization\",\"name\":\"Institut fran\u00e7ais\",\"url\":\"https:\\\/\\\/www.france.no\\\/no\\\/\",\"logo\":{\"@type\":\"ImageObject\",\"inLanguage\":\"nb-NO\",\"@id\":\"https:\\\/\\\/www.france.no\\\/no\\\/#\\\/schema\\\/logo\\\/image\\\/\",\"url\":\"https:\\\/\\\/www.france.no\\\/wp-content\\\/uploads\\\/2022\\\/11\\\/IF_Logo_Sans_Bleu_RVB.png\",\"contentUrl\":\"https:\\\/\\\/www.france.no\\\/wp-content\\\/uploads\\\/2022\\\/11\\\/IF_Logo_Sans_Bleu_RVB.png\",\"width\":852,\"height\":591,\"caption\":\"Institut fran\u00e7ais\"},\"image\":{\"@id\":\"https:\\\/\\\/www.france.no\\\/no\\\/#\\\/schema\\\/logo\\\/image\\\/\"},\"sameAs\":[\"https:\\\/\\\/www.facebook.com\\\/institutfrancaisoslo\",\"https:\\\/\\\/x.com\\\/ifnorvege\",\"https:\\\/\\\/instagram.com\\\/ifnorvege\"]}]}<\/script>\n<!-- \/ Yoast SEO plugin. -->","yoast_head_json":{"title":"V\u00e5rt team - Institut fran\u00e7ais","robots":{"index":"index","follow":"follow","max-snippet":"max-snippet:-1","max-image-preview":"max-image-preview:large","max-video-preview":"max-video-preview:-1"},"canonical":"https:\/\/www.france.no\/no\/kontakt-oss\/","og_locale":"nb_NO","og_type":"article","og_title":"V\u00e5rt team - Institut fran\u00e7ais","og_description":"Kontakt Institut fran\u00e7ais de Norv\u00e8ge (IFN):info@france.no Bli med i teamet v\u00e5rt: Ledige stillinger LEDELSEIsabelle DesvignesDirekt\u00f8r \/ kulturr\u00e5d ADMINISTRASJON \u2013 \u00d8KONOMI \u2013 HR \u2013 LOGISTIKKJ\u00e9r\u00f4me ANDR\u00c9Generalsekret\u00e6r KULTURAVDELINGEN&nbsp;|&nbsp;kultur@france.noMarcelino ValienteKulturattach\u00e9 AVDELING FOR VITENSKAP OG H\u00d8YERE UTDANNING&nbsp;|&nbsp;science@france.noFr\u00e9d\u00e9ric BessatVitenskaps og h\u00f8yere utdanningattach\u00e9 Campus France \/ H\u00f8yere utdanning:&nbsp;studier@france.no UTDANNING OG SPR\u00c5KAVDELINGEN&nbsp;|&nbsp;fransk@france.noCorentin BuczkowskiSpr\u00e5k og utdanningattach\u00e9 Sigve HalsanProsjektmedarbeider for utdanningssamarbeid og promotering av [&hellip;]","og_url":"https:\/\/www.france.no\/no\/kontakt-oss\/","og_site_name":"Institut fran\u00e7ais","article_publisher":"https:\/\/www.facebook.com\/institutfrancaisoslo","article_modified_time":"2026-02-25T16:27:27+00:00","og_image":[{"width":946,"height":546,"url":"https:\/\/www.france.no\/wp-content\/uploads\/2022\/01\/IFN-logo.png","type":"image\/png"}],"twitter_card":"summary_large_image","twitter_site":"@ifnorvege","twitter_misc":{"Ansl. lesetid":"1 minutt"},"schema":{"@context":"https:\/\/schema.org","@graph":[{"@type":"WebPage","@id":"https:\/\/www.france.no\/no\/kontakt-oss\/","url":"https:\/\/www.france.no\/no\/kontakt-oss\/","name":"V\u00e5rt team - Institut fran\u00e7ais","isPartOf":{"@id":"https:\/\/www.france.no\/no\/#website"},"datePublished":"2022-02-01T14:18:54+00:00","dateModified":"2026-02-25T16:27:27+00:00","breadcrumb":{"@id":"https:\/\/www.france.no\/no\/kontakt-oss\/#breadcrumb"},"inLanguage":"nb-NO","potentialAction":[{"@type":"ReadAction","target":["https:\/\/www.france.no\/no\/kontakt-oss\/"]}]},{"@type":"BreadcrumbList","@id":"https:\/\/www.france.no\/no\/kontakt-oss\/#breadcrumb","itemListElement":[{"@type":"ListItem","position":1,"name":"","item":"https:\/\/www.france.no\/no\/"},{"@type":"ListItem","position":2,"name":"V\u00e5rt team"}]},{"@type":"WebSite","@id":"https:\/\/www.france.no\/no\/#website","url":"https:\/\/www.france.no\/no\/","name":"Institut fran\u00e7ais","description":"Norv\u00e8ge","publisher":{"@id":"https:\/\/www.france.no\/no\/#organization"},"potentialAction":[{"@type":"SearchAction","target":{"@type":"EntryPoint","urlTemplate":"https:\/\/www.france.no\/no\/?s={search_term_string}"},"query-input":{"@type":"PropertyValueSpecification","valueRequired":true,"valueName":"search_term_string"}}],"inLanguage":"nb-NO"},{"@type":"Organization","@id":"https:\/\/www.france.no\/no\/#organization","name":"Institut fran\u00e7ais","url":"https:\/\/www.france.no\/no\/","logo":{"@type":"ImageObject","inLanguage":"nb-NO","@id":"https:\/\/www.france.no\/no\/#\/schema\/logo\/image\/","url":"https:\/\/www.france.no\/wp-content\/uploads\/2022\/11\/IF_Logo_Sans_Bleu_RVB.png","contentUrl":"https:\/\/www.france.no\/wp-content\/uploads\/2022\/11\/IF_Logo_Sans_Bleu_RVB.png","width":852,"height":591,"caption":"Institut fran\u00e7ais"},"image":{"@id":"https:\/\/www.france.no\/no\/#\/schema\/logo\/image\/"},"sameAs":["https:\/\/www.facebook.com\/institutfrancaisoslo","https:\/\/x.com\/ifnorvege","https:\/\/instagram.com\/ifnorvege"]}]}},"_links":{"self":[{"href":"https:\/\/www.france.no\/no\/wp-json\/wp\/v2\/pages\/226","targetHints":{"allow":["GET"]}}],"collection":[{"href":"https:\/\/www.france.no\/no\/wp-json\/wp\/v2\/pages"}],"about":[{"href":"https:\/\/www.france.no\/no\/wp-json\/wp\/v2\/types\/page"}],"author":[{"embeddable":true,"href":"https:\/\/www.france.no\/no\/wp-json\/wp\/v2\/users\/6"}],"replies":[{"embeddable":true,"href":"https:\/\/www.france.no\/no\/wp-json\/wp\/v2\/comments?post=226"}],"version-history":[{"count":39,"href":"https:\/\/www.france.no\/no\/wp-json\/wp\/v2\/pages\/226\/revisions"}],"predecessor-version":[{"id":21314,"href":"https:\/\/www.france.no\/no\/wp-json\/wp\/v2\/pages\/226\/revisions\/21314"}],"wp:attachment":[{"href":"https:\/\/www.france.no\/no\/wp-json\/wp\/v2\/media?parent=226"}],"wp:term":[{"taxonomy":"category","embeddable":true,"href":"https:\/\/www.france.no\/no\/wp-json\/wp\/v2\/categories?post=226"}],"curies":[{"name":"wp","href":"https:\/\/api.w.org\/{rel}","templated":true}]}}