{"id":2275,"date":"2022-12-15T13:58:37","date_gmt":"2022-12-15T12:58:37","guid":{"rendered":"https:\/\/www.france.no\/?page_id=2275"},"modified":"2024-11-07T11:14:46","modified_gmt":"2024-11-07T10:14:46","slug":"samarbeidspartnere","status":"publish","type":"page","link":"https:\/\/www.france.no\/no\/utdanning-og-fransk-sprak\/skole-og-utdanningssamarbeid\/samarbeidspartnere\/","title":{"rendered":"Samarbeidspartnere"},"content":{"rendered":"\n<p class=\"has-text-align-left\"><strong>Spr\u00e5kavdelingen til Institut fran\u00e7ais i Norge jobber i n\u00e6rt samarbeid med norske utdanningsmyndigheter.<\/strong><\/p>\n\n\n\n<p class=\"has-text-align-left\"><strong>Virksomheten baserer seg p\u00e5 utveksling innenfor utdanning, kultur og spr\u00e5k i samarbeid med partnere i Oslo og resten av Norge:<\/strong><\/p>\n\n\n\n<ul class=\"wp-block-list\">\n<li>Franskl\u00e6rerforeningen i Norge: <a href=\"http:\/\/www.fransklaereren.no\" target=\"_blank\" rel=\"noreferrer noopener\">ANEF<\/a><\/li>\n\n\n\n<li>Foreningen for norske studenter i utlandet, <a href=\"http:\/\/www.ansa.no\" target=\"_blank\" rel=\"noreferrer noopener\">ANSA<\/a><\/li>\n\n\n\n<li><a href=\"http:\/\/www.fremmedspraksenteret.no\" target=\"_blank\" rel=\"noreferrer noopener\">Fremmedspr\u00e5ksenteret<\/a>, som er et nasjonalt senter for fremmedspr\u00e5k i oppl\u00e6ringen<\/li>\n\n\n\n<li><a href=\"https:\/\/hkdir.no\/en\" target=\"_blank\" rel=\"noreferrer noopener\">HK-dir<\/a>\u2013 Senter for internasjonalisering av utdanning<\/li>\n\n\n\n<li>Utdanningsetaten i Oslo kommune<\/li>\n\n\n\n<li>Kulturinstitusjoner og representanter for europeiske spr\u00e5k som undervises i norsk skole, slik som Goethe-instituttet og tjenester og kultursentre knyttet til Frankofoni-land (ambassadene til Algerie, Belgia, Canada, Egypt, Marokko, Romania, Tunisia og <a href=\"http:\/\/www.cak.no\" target=\"_blank\" rel=\"noreferrer noopener\">det afrikanske kultursenteret i Oslo<\/a>)<\/li>\n<\/ul>\n\n\n\n<h3 class=\"wp-block-heading\">Et utvidet kulturnettverk<\/h3>\n\n\n\n<p>Institut fran\u00e7ais er en viktig del av nettverket av franske og fransk-norske akt\u00f8rer i Norge, og spr\u00e5kavdelingen har et naturlig samarbeid med disse.<\/p>\n\n\n\n<ul class=\"wp-block-list\">\n<li><strong>Alliance fran\u00e7aise<\/strong> i Trondheim, Bergen og Oslo (<a href=\"mailto:info@alliancefrancaise.no\" target=\"_blank\" rel=\"noreferrer noopener\">info@alliancefrancaise.no<\/a>) og Stavanger Accueil.<\/li>\n\n\n\n<li><a href=\"http:\/\/www.ccfn.no\" target=\"_blank\" rel=\"noreferrer noopener\">Fransk-norsk handelskammer<\/a><\/li>\n\n\n\n<li><a href=\"https:\/\/lfo.no\/\" target=\"_blank\" rel=\"noreferrer noopener\">Lyc\u00e9e fran\u00e7ais Ren\u00e9 Cassin<\/a><\/li>\n<\/ul>\n\n\n\n<p><strong>Contacts du p\u00f4le linguistique<\/strong>&nbsp;:<\/p>\n\n\n\n<ul class=\"wp-block-list\">\n<li>Spr\u00e5k og Utdanningsattach\u00e9 :\u00a0<a href=\"mailto:cbuczkowski@france.no\" target=\"_blank\" rel=\"noreferrer noopener\">Corentin Buczkowski<\/a><\/li>\n\n\n\n<li>Koordinator innen spr\u00e5k- og utdanningssamarbeid : <a href=\"mailto:shalsan@france.no\">Sigve Halsan<\/a><\/li>\n<\/ul>\n","protected":false},"excerpt":{"rendered":"<p>Spr\u00e5kavdelingen til Institut fran\u00e7ais i Norge jobber i n\u00e6rt samarbeid med norske utdanningsmyndigheter. Virksomheten baserer seg p\u00e5 utveksling innenfor utdanning, kultur og spr\u00e5k i samarbeid med partnere i Oslo og resten av Norge: Et utvidet kulturnettverk Institut fran\u00e7ais er en viktig del av nettverket av franske og fransk-norske akt\u00f8rer i Norge, og spr\u00e5kavdelingen har et [&hellip;]<\/p>\n","protected":false},"author":1,"featured_media":0,"parent":2203,"menu_order":0,"comment_status":"closed","ping_status":"closed","template":"","meta":{"footnotes":""},"categories":[13],"class_list":["post-2275","page","type-page","status-publish","hentry","category-utdanning-og-fransk-sprak","no-media"],"yoast_head":"<!-- This site is optimized with the Yoast SEO plugin v27.3 - https:\/\/yoast.com\/product\/yoast-seo-wordpress\/ -->\n<title>Samarbeidspartnere - Institut fran\u00e7ais<\/title>\n<meta name=\"robots\" content=\"index, follow, max-snippet:-1, max-image-preview:large, max-video-preview:-1\" \/>\n<link rel=\"canonical\" href=\"https:\/\/www.france.no\/no\/utdanning-og-fransk-sprak\/skole-og-utdanningssamarbeid\/samarbeidspartnere\/\" \/>\n<meta property=\"og:locale\" content=\"nb_NO\" \/>\n<meta property=\"og:type\" content=\"article\" \/>\n<meta property=\"og:title\" content=\"Samarbeidspartnere - Institut fran\u00e7ais\" \/>\n<meta property=\"og:description\" content=\"Spr\u00e5kavdelingen til Institut fran\u00e7ais i Norge jobber i n\u00e6rt samarbeid med norske utdanningsmyndigheter. Virksomheten baserer seg p\u00e5 utveksling innenfor utdanning, kultur og spr\u00e5k i samarbeid med partnere i Oslo og resten av Norge: Et utvidet kulturnettverk Institut fran\u00e7ais er en viktig del av nettverket av franske og fransk-norske akt\u00f8rer i Norge, og spr\u00e5kavdelingen har et [&hellip;]\" \/>\n<meta property=\"og:url\" content=\"https:\/\/www.france.no\/no\/utdanning-og-fransk-sprak\/skole-og-utdanningssamarbeid\/samarbeidspartnere\/\" \/>\n<meta property=\"og:site_name\" content=\"Institut fran\u00e7ais\" \/>\n<meta property=\"article:publisher\" content=\"https:\/\/www.facebook.com\/institutfrancaisoslo\" \/>\n<meta property=\"article:modified_time\" content=\"2024-11-07T10:14:46+00:00\" \/>\n<meta property=\"og:image\" content=\"https:\/\/www.france.no\/wp-content\/uploads\/2022\/01\/IFN-logo.png\" \/>\n\t<meta property=\"og:image:width\" content=\"946\" \/>\n\t<meta property=\"og:image:height\" content=\"546\" \/>\n\t<meta property=\"og:image:type\" content=\"image\/png\" \/>\n<meta name=\"twitter:card\" content=\"summary_large_image\" \/>\n<meta name=\"twitter:site\" content=\"@ifnorvege\" \/>\n<meta name=\"twitter:label1\" content=\"Ansl. lesetid\" \/>\n\t<meta name=\"twitter:data1\" content=\"1 minutt\" \/>\n<script type=\"application\/ld+json\" class=\"yoast-schema-graph\">{\"@context\":\"https:\\\/\\\/schema.org\",\"@graph\":[{\"@type\":\"WebPage\",\"@id\":\"https:\\\/\\\/www.france.no\\\/no\\\/utdanning-og-fransk-sprak\\\/skole-og-utdanningssamarbeid\\\/samarbeidspartnere\\\/\",\"url\":\"https:\\\/\\\/www.france.no\\\/no\\\/utdanning-og-fransk-sprak\\\/skole-og-utdanningssamarbeid\\\/samarbeidspartnere\\\/\",\"name\":\"Samarbeidspartnere - Institut fran\u00e7ais\",\"isPartOf\":{\"@id\":\"https:\\\/\\\/www.france.no\\\/no\\\/#website\"},\"datePublished\":\"2022-12-15T12:58:37+00:00\",\"dateModified\":\"2024-11-07T10:14:46+00:00\",\"breadcrumb\":{\"@id\":\"https:\\\/\\\/www.france.no\\\/no\\\/utdanning-og-fransk-sprak\\\/skole-og-utdanningssamarbeid\\\/samarbeidspartnere\\\/#breadcrumb\"},\"inLanguage\":\"nb-NO\",\"potentialAction\":[{\"@type\":\"ReadAction\",\"target\":[\"https:\\\/\\\/www.france.no\\\/no\\\/utdanning-og-fransk-sprak\\\/skole-og-utdanningssamarbeid\\\/samarbeidspartnere\\\/\"]}]},{\"@type\":\"BreadcrumbList\",\"@id\":\"https:\\\/\\\/www.france.no\\\/no\\\/utdanning-og-fransk-sprak\\\/skole-og-utdanningssamarbeid\\\/samarbeidspartnere\\\/#breadcrumb\",\"itemListElement\":[{\"@type\":\"ListItem\",\"position\":1,\"name\":\"\",\"item\":\"https:\\\/\\\/www.france.no\\\/no\\\/\"},{\"@type\":\"ListItem\",\"position\":2,\"name\":\"Utdanning og fransk spr\u00e5k\",\"item\":\"https:\\\/\\\/www.france.no\\\/no\\\/utdanning-og-fransk-sprak\\\/\"},{\"@type\":\"ListItem\",\"position\":3,\"name\":\"Skole- og utdanningssamarbeid\",\"item\":\"https:\\\/\\\/www.france.no\\\/no\\\/utdanning-og-fransk-sprak\\\/skole-og-utdanningssamarbeid\\\/\"},{\"@type\":\"ListItem\",\"position\":4,\"name\":\"Samarbeidspartnere\"}]},{\"@type\":\"WebSite\",\"@id\":\"https:\\\/\\\/www.france.no\\\/no\\\/#website\",\"url\":\"https:\\\/\\\/www.france.no\\\/no\\\/\",\"name\":\"Institut fran\u00e7ais\",\"description\":\"Norv\u00e8ge\",\"publisher\":{\"@id\":\"https:\\\/\\\/www.france.no\\\/no\\\/#organization\"},\"potentialAction\":[{\"@type\":\"SearchAction\",\"target\":{\"@type\":\"EntryPoint\",\"urlTemplate\":\"https:\\\/\\\/www.france.no\\\/no\\\/?s={search_term_string}\"},\"query-input\":{\"@type\":\"PropertyValueSpecification\",\"valueRequired\":true,\"valueName\":\"search_term_string\"}}],\"inLanguage\":\"nb-NO\"},{\"@type\":\"Organization\",\"@id\":\"https:\\\/\\\/www.france.no\\\/no\\\/#organization\",\"name\":\"Institut fran\u00e7ais\",\"url\":\"https:\\\/\\\/www.france.no\\\/no\\\/\",\"logo\":{\"@type\":\"ImageObject\",\"inLanguage\":\"nb-NO\",\"@id\":\"https:\\\/\\\/www.france.no\\\/no\\\/#\\\/schema\\\/logo\\\/image\\\/\",\"url\":\"https:\\\/\\\/www.france.no\\\/wp-content\\\/uploads\\\/2022\\\/11\\\/IF_Logo_Sans_Bleu_RVB.png\",\"contentUrl\":\"https:\\\/\\\/www.france.no\\\/wp-content\\\/uploads\\\/2022\\\/11\\\/IF_Logo_Sans_Bleu_RVB.png\",\"width\":852,\"height\":591,\"caption\":\"Institut fran\u00e7ais\"},\"image\":{\"@id\":\"https:\\\/\\\/www.france.no\\\/no\\\/#\\\/schema\\\/logo\\\/image\\\/\"},\"sameAs\":[\"https:\\\/\\\/www.facebook.com\\\/institutfrancaisoslo\",\"https:\\\/\\\/x.com\\\/ifnorvege\",\"https:\\\/\\\/instagram.com\\\/ifnorvege\"]}]}<\/script>\n<!-- \/ Yoast SEO plugin. -->","yoast_head_json":{"title":"Samarbeidspartnere - Institut fran\u00e7ais","robots":{"index":"index","follow":"follow","max-snippet":"max-snippet:-1","max-image-preview":"max-image-preview:large","max-video-preview":"max-video-preview:-1"},"canonical":"https:\/\/www.france.no\/no\/utdanning-og-fransk-sprak\/skole-og-utdanningssamarbeid\/samarbeidspartnere\/","og_locale":"nb_NO","og_type":"article","og_title":"Samarbeidspartnere - Institut fran\u00e7ais","og_description":"Spr\u00e5kavdelingen til Institut fran\u00e7ais i Norge jobber i n\u00e6rt samarbeid med norske utdanningsmyndigheter. Virksomheten baserer seg p\u00e5 utveksling innenfor utdanning, kultur og spr\u00e5k i samarbeid med partnere i Oslo og resten av Norge: Et utvidet kulturnettverk Institut fran\u00e7ais er en viktig del av nettverket av franske og fransk-norske akt\u00f8rer i Norge, og spr\u00e5kavdelingen har et [&hellip;]","og_url":"https:\/\/www.france.no\/no\/utdanning-og-fransk-sprak\/skole-og-utdanningssamarbeid\/samarbeidspartnere\/","og_site_name":"Institut fran\u00e7ais","article_publisher":"https:\/\/www.facebook.com\/institutfrancaisoslo","article_modified_time":"2024-11-07T10:14:46+00:00","og_image":[{"width":946,"height":546,"url":"https:\/\/www.france.no\/wp-content\/uploads\/2022\/01\/IFN-logo.png","type":"image\/png"}],"twitter_card":"summary_large_image","twitter_site":"@ifnorvege","twitter_misc":{"Ansl. lesetid":"1 minutt"},"schema":{"@context":"https:\/\/schema.org","@graph":[{"@type":"WebPage","@id":"https:\/\/www.france.no\/no\/utdanning-og-fransk-sprak\/skole-og-utdanningssamarbeid\/samarbeidspartnere\/","url":"https:\/\/www.france.no\/no\/utdanning-og-fransk-sprak\/skole-og-utdanningssamarbeid\/samarbeidspartnere\/","name":"Samarbeidspartnere - Institut fran\u00e7ais","isPartOf":{"@id":"https:\/\/www.france.no\/no\/#website"},"datePublished":"2022-12-15T12:58:37+00:00","dateModified":"2024-11-07T10:14:46+00:00","breadcrumb":{"@id":"https:\/\/www.france.no\/no\/utdanning-og-fransk-sprak\/skole-og-utdanningssamarbeid\/samarbeidspartnere\/#breadcrumb"},"inLanguage":"nb-NO","potentialAction":[{"@type":"ReadAction","target":["https:\/\/www.france.no\/no\/utdanning-og-fransk-sprak\/skole-og-utdanningssamarbeid\/samarbeidspartnere\/"]}]},{"@type":"BreadcrumbList","@id":"https:\/\/www.france.no\/no\/utdanning-og-fransk-sprak\/skole-og-utdanningssamarbeid\/samarbeidspartnere\/#breadcrumb","itemListElement":[{"@type":"ListItem","position":1,"name":"","item":"https:\/\/www.france.no\/no\/"},{"@type":"ListItem","position":2,"name":"Utdanning og fransk spr\u00e5k","item":"https:\/\/www.france.no\/no\/utdanning-og-fransk-sprak\/"},{"@type":"ListItem","position":3,"name":"Skole- og utdanningssamarbeid","item":"https:\/\/www.france.no\/no\/utdanning-og-fransk-sprak\/skole-og-utdanningssamarbeid\/"},{"@type":"ListItem","position":4,"name":"Samarbeidspartnere"}]},{"@type":"WebSite","@id":"https:\/\/www.france.no\/no\/#website","url":"https:\/\/www.france.no\/no\/","name":"Institut fran\u00e7ais","description":"Norv\u00e8ge","publisher":{"@id":"https:\/\/www.france.no\/no\/#organization"},"potentialAction":[{"@type":"SearchAction","target":{"@type":"EntryPoint","urlTemplate":"https:\/\/www.france.no\/no\/?s={search_term_string}"},"query-input":{"@type":"PropertyValueSpecification","valueRequired":true,"valueName":"search_term_string"}}],"inLanguage":"nb-NO"},{"@type":"Organization","@id":"https:\/\/www.france.no\/no\/#organization","name":"Institut fran\u00e7ais","url":"https:\/\/www.france.no\/no\/","logo":{"@type":"ImageObject","inLanguage":"nb-NO","@id":"https:\/\/www.france.no\/no\/#\/schema\/logo\/image\/","url":"https:\/\/www.france.no\/wp-content\/uploads\/2022\/11\/IF_Logo_Sans_Bleu_RVB.png","contentUrl":"https:\/\/www.france.no\/wp-content\/uploads\/2022\/11\/IF_Logo_Sans_Bleu_RVB.png","width":852,"height":591,"caption":"Institut fran\u00e7ais"},"image":{"@id":"https:\/\/www.france.no\/no\/#\/schema\/logo\/image\/"},"sameAs":["https:\/\/www.facebook.com\/institutfrancaisoslo","https:\/\/x.com\/ifnorvege","https:\/\/instagram.com\/ifnorvege"]}]}},"_links":{"self":[{"href":"https:\/\/www.france.no\/no\/wp-json\/wp\/v2\/pages\/2275","targetHints":{"allow":["GET"]}}],"collection":[{"href":"https:\/\/www.france.no\/no\/wp-json\/wp\/v2\/pages"}],"about":[{"href":"https:\/\/www.france.no\/no\/wp-json\/wp\/v2\/types\/page"}],"author":[{"embeddable":true,"href":"https:\/\/www.france.no\/no\/wp-json\/wp\/v2\/users\/1"}],"replies":[{"embeddable":true,"href":"https:\/\/www.france.no\/no\/wp-json\/wp\/v2\/comments?post=2275"}],"version-history":[{"count":8,"href":"https:\/\/www.france.no\/no\/wp-json\/wp\/v2\/pages\/2275\/revisions"}],"predecessor-version":[{"id":8615,"href":"https:\/\/www.france.no\/no\/wp-json\/wp\/v2\/pages\/2275\/revisions\/8615"}],"up":[{"embeddable":true,"href":"https:\/\/www.france.no\/no\/wp-json\/wp\/v2\/pages\/2203"}],"wp:attachment":[{"href":"https:\/\/www.france.no\/no\/wp-json\/wp\/v2\/media?parent=2275"}],"wp:term":[{"taxonomy":"category","embeddable":true,"href":"https:\/\/www.france.no\/no\/wp-json\/wp\/v2\/categories?post=2275"}],"curies":[{"name":"wp","href":"https:\/\/api.w.org\/{rel}","templated":true}]}}