{"id":22862,"date":"2026-04-13T13:49:55","date_gmt":"2026-04-13T11:49:55","guid":{"rendered":"https:\/\/www.france.no\/?page_id=22862"},"modified":"2026-04-13T13:49:55","modified_gmt":"2026-04-13T11:49:55","slug":"septentrionales","status":"publish","type":"page","link":"https:\/\/www.france.no\/no\/septentrionales\/","title":{"rendered":"Septentrionales"},"content":{"rendered":"\n<p class=\"has-text-align-center has-primary-color has-text-color has-link-color has-normal-font-size wp-elements-a337df617e2e6c81825202fd05257f81\"><strong>Omreisende residens for samtidskunst<\/strong><\/p>\n\n\n\n<p>Residensen er selve reisen: en oppslukende opplevelse der utgangspunktet er at bevegelse kan gi n\u00e6ring til den kunstneriske prosessen, gjennom observasjon og kontemplasjon.<\/p>\n\n\n\n<p>Innenfor en lengre tidsramme, preget av det langsomme tempoet i lavutslippsreiser (utelukkende med tog, buss eller b\u00e5t), utspiller residensen seg like mye under selve reisen som i oppholdene underveis.<\/p>\n\n\n\n<p>Gjennom dette ambisi\u00f8se opplegget utfordrer prosjektet kunstnerens forhold til mobilitet og omgivelser. Det skapes dermed et rom for \u00e5 utvikle en original kunstnerisk refleksjon i m\u00f8te med de milj\u00f8messige, geografiske og sosiale realitetene i omr\u00e5dene som bes\u00f8kes.<\/p>\n\n\n\n<p>Underveis inviteres kunstneren til \u00e5 fordype seg i rikdommen, stillheten og det storsl\u00e5tte ved de nordiske landskapene \u2013 mellom fjorder, byer og fjell.<\/p>\n\n\n\n<p>Prosjektet koordineres av de franske instituttene i Danmark, Finland, Norge og Sverige, og er muliggjort takket v\u00e6re st\u00f8tten fra <em>La Fabrique des r\u00e9sidences<\/em>, et program ved Institut fran\u00e7ais i Paris.<\/p>\n\n\n\n<p><strong>Oppdag:<\/strong><\/p>\n\n\n\n<ul class=\"wp-block-list\">\n<li>all informasjon om residensen p\u00e5 den dedikerte <a href=\"https:\/\/septentrionales.com\/\" type=\"link\" id=\"https:\/\/septentrionales.com\/\" target=\"_blank\" rel=\"noreferrer noopener\">nettsiden<\/a>;<\/li>\n\n\n\n<li>profilen og reisedagboken til <a href=\"https:\/\/septentrionales.com\/septentrionales-2025\/\" type=\"link\" id=\"https:\/\/septentrionales.com\/septentrionales-2025\/\" target=\"_blank\" rel=\"noreferrer noopener\">Madalena Valencia<\/a>, vinner av 2025-utgaven;<\/li>\n\n\n\n<li>profilen og reisedagboken til <a href=\"https:\/\/septentrionales.com\/septentrionales-2024\/\" type=\"link\" id=\"https:\/\/septentrionales.com\/septentrionales-2024\/\" target=\"_blank\" rel=\"noreferrer noopener\">Ingrid Buffetaut<\/a>, vinner av 2024-utgaven. <\/li>\n<\/ul>\n","protected":false},"excerpt":{"rendered":"<p>Omreisende residens for samtidskunst Residensen er selve reisen: en oppslukende opplevelse der utgangspunktet er at bevegelse kan gi n\u00e6ring til den kunstneriske prosessen, gjennom observasjon og kontemplasjon. Innenfor en lengre tidsramme, preget av det langsomme tempoet i lavutslippsreiser (utelukkende med tog, buss eller b\u00e5t), utspiller residensen seg like mye under selve reisen som i oppholdene [&hellip;]<\/p>\n","protected":false},"author":6,"featured_media":22841,"parent":0,"menu_order":0,"comment_status":"closed","ping_status":"closed","template":"","meta":{"footnotes":""},"categories":[5],"class_list":["post-22862","page","type-page","status-publish","has-post-thumbnail","hentry","category-kultur"],"yoast_head":"<!-- This site is optimized with the Yoast SEO plugin v27.3 - https:\/\/yoast.com\/product\/yoast-seo-wordpress\/ -->\n<title>Septentrionales - Institut fran\u00e7ais<\/title>\n<meta name=\"robots\" content=\"index, follow, max-snippet:-1, max-image-preview:large, max-video-preview:-1\" \/>\n<link rel=\"canonical\" href=\"https:\/\/www.france.no\/no\/septentrionales\/\" \/>\n<meta property=\"og:locale\" content=\"nb_NO\" \/>\n<meta property=\"og:type\" content=\"article\" \/>\n<meta property=\"og:title\" content=\"Septentrionales - Institut fran\u00e7ais\" \/>\n<meta property=\"og:description\" content=\"Omreisende residens for samtidskunst Residensen er selve reisen: en oppslukende opplevelse der utgangspunktet er at bevegelse kan gi n\u00e6ring til den kunstneriske prosessen, gjennom observasjon og kontemplasjon. Innenfor en lengre tidsramme, preget av det langsomme tempoet i lavutslippsreiser (utelukkende med tog, buss eller b\u00e5t), utspiller residensen seg like mye under selve reisen som i oppholdene [&hellip;]\" \/>\n<meta property=\"og:url\" content=\"https:\/\/www.france.no\/no\/septentrionales\/\" \/>\n<meta property=\"og:site_name\" content=\"Institut fran\u00e7ais\" \/>\n<meta property=\"article:publisher\" content=\"https:\/\/www.facebook.com\/institutfrancaisoslo\" \/>\n<meta property=\"og:image\" content=\"https:\/\/www.france.no\/wp-content\/uploads\/2026\/04\/Illustration-carte-1098x617.png\" \/>\n\t<meta property=\"og:image:width\" content=\"1280\" \/>\n\t<meta property=\"og:image:height\" content=\"800\" \/>\n\t<meta property=\"og:image:type\" content=\"image\/png\" \/>\n<meta name=\"twitter:card\" content=\"summary_large_image\" \/>\n<meta name=\"twitter:site\" content=\"@ifnorvege\" \/>\n<meta name=\"twitter:label1\" content=\"Ansl. lesetid\" \/>\n\t<meta name=\"twitter:data1\" content=\"2 minutter\" \/>\n<script type=\"application\/ld+json\" class=\"yoast-schema-graph\">{\"@context\":\"https:\\\/\\\/schema.org\",\"@graph\":[{\"@type\":\"WebPage\",\"@id\":\"https:\\\/\\\/www.france.no\\\/no\\\/septentrionales\\\/\",\"url\":\"https:\\\/\\\/www.france.no\\\/no\\\/septentrionales\\\/\",\"name\":\"Septentrionales - Institut fran\u00e7ais\",\"isPartOf\":{\"@id\":\"https:\\\/\\\/www.france.no\\\/no\\\/#website\"},\"primaryImageOfPage\":{\"@id\":\"https:\\\/\\\/www.france.no\\\/no\\\/septentrionales\\\/#primaryimage\"},\"image\":{\"@id\":\"https:\\\/\\\/www.france.no\\\/no\\\/septentrionales\\\/#primaryimage\"},\"thumbnailUrl\":\"https:\\\/\\\/www.france.no\\\/wp-content\\\/uploads\\\/2026\\\/04\\\/Illustration-carte-1098x617.png\",\"datePublished\":\"2026-04-13T11:49:55+00:00\",\"breadcrumb\":{\"@id\":\"https:\\\/\\\/www.france.no\\\/no\\\/septentrionales\\\/#breadcrumb\"},\"inLanguage\":\"nb-NO\",\"potentialAction\":[{\"@type\":\"ReadAction\",\"target\":[\"https:\\\/\\\/www.france.no\\\/no\\\/septentrionales\\\/\"]}]},{\"@type\":\"ImageObject\",\"inLanguage\":\"nb-NO\",\"@id\":\"https:\\\/\\\/www.france.no\\\/no\\\/septentrionales\\\/#primaryimage\",\"url\":\"https:\\\/\\\/www.france.no\\\/wp-content\\\/uploads\\\/2026\\\/04\\\/Illustration-carte-1098x617.png\",\"contentUrl\":\"https:\\\/\\\/www.france.no\\\/wp-content\\\/uploads\\\/2026\\\/04\\\/Illustration-carte-1098x617.png\",\"width\":1280,\"height\":800},{\"@type\":\"BreadcrumbList\",\"@id\":\"https:\\\/\\\/www.france.no\\\/no\\\/septentrionales\\\/#breadcrumb\",\"itemListElement\":[{\"@type\":\"ListItem\",\"position\":1,\"name\":\"\",\"item\":\"https:\\\/\\\/www.france.no\\\/no\\\/\"},{\"@type\":\"ListItem\",\"position\":2,\"name\":\"Septentrionales\"}]},{\"@type\":\"WebSite\",\"@id\":\"https:\\\/\\\/www.france.no\\\/no\\\/#website\",\"url\":\"https:\\\/\\\/www.france.no\\\/no\\\/\",\"name\":\"Institut fran\u00e7ais\",\"description\":\"Norv\u00e8ge\",\"publisher\":{\"@id\":\"https:\\\/\\\/www.france.no\\\/no\\\/#organization\"},\"potentialAction\":[{\"@type\":\"SearchAction\",\"target\":{\"@type\":\"EntryPoint\",\"urlTemplate\":\"https:\\\/\\\/www.france.no\\\/no\\\/?s={search_term_string}\"},\"query-input\":{\"@type\":\"PropertyValueSpecification\",\"valueRequired\":true,\"valueName\":\"search_term_string\"}}],\"inLanguage\":\"nb-NO\"},{\"@type\":\"Organization\",\"@id\":\"https:\\\/\\\/www.france.no\\\/no\\\/#organization\",\"name\":\"Institut fran\u00e7ais\",\"url\":\"https:\\\/\\\/www.france.no\\\/no\\\/\",\"logo\":{\"@type\":\"ImageObject\",\"inLanguage\":\"nb-NO\",\"@id\":\"https:\\\/\\\/www.france.no\\\/no\\\/#\\\/schema\\\/logo\\\/image\\\/\",\"url\":\"https:\\\/\\\/www.france.no\\\/wp-content\\\/uploads\\\/2022\\\/11\\\/IF_Logo_Sans_Bleu_RVB.png\",\"contentUrl\":\"https:\\\/\\\/www.france.no\\\/wp-content\\\/uploads\\\/2022\\\/11\\\/IF_Logo_Sans_Bleu_RVB.png\",\"width\":852,\"height\":591,\"caption\":\"Institut fran\u00e7ais\"},\"image\":{\"@id\":\"https:\\\/\\\/www.france.no\\\/no\\\/#\\\/schema\\\/logo\\\/image\\\/\"},\"sameAs\":[\"https:\\\/\\\/www.facebook.com\\\/institutfrancaisoslo\",\"https:\\\/\\\/x.com\\\/ifnorvege\",\"https:\\\/\\\/instagram.com\\\/ifnorvege\"]}]}<\/script>\n<!-- \/ Yoast SEO plugin. -->","yoast_head_json":{"title":"Septentrionales - Institut fran\u00e7ais","robots":{"index":"index","follow":"follow","max-snippet":"max-snippet:-1","max-image-preview":"max-image-preview:large","max-video-preview":"max-video-preview:-1"},"canonical":"https:\/\/www.france.no\/no\/septentrionales\/","og_locale":"nb_NO","og_type":"article","og_title":"Septentrionales - Institut fran\u00e7ais","og_description":"Omreisende residens for samtidskunst Residensen er selve reisen: en oppslukende opplevelse der utgangspunktet er at bevegelse kan gi n\u00e6ring til den kunstneriske prosessen, gjennom observasjon og kontemplasjon. Innenfor en lengre tidsramme, preget av det langsomme tempoet i lavutslippsreiser (utelukkende med tog, buss eller b\u00e5t), utspiller residensen seg like mye under selve reisen som i oppholdene [&hellip;]","og_url":"https:\/\/www.france.no\/no\/septentrionales\/","og_site_name":"Institut fran\u00e7ais","article_publisher":"https:\/\/www.facebook.com\/institutfrancaisoslo","og_image":[{"width":1280,"height":800,"url":"https:\/\/www.france.no\/wp-content\/uploads\/2026\/04\/Illustration-carte-1098x617.png","type":"image\/png"}],"twitter_card":"summary_large_image","twitter_site":"@ifnorvege","twitter_misc":{"Ansl. lesetid":"2 minutter"},"schema":{"@context":"https:\/\/schema.org","@graph":[{"@type":"WebPage","@id":"https:\/\/www.france.no\/no\/septentrionales\/","url":"https:\/\/www.france.no\/no\/septentrionales\/","name":"Septentrionales - Institut fran\u00e7ais","isPartOf":{"@id":"https:\/\/www.france.no\/no\/#website"},"primaryImageOfPage":{"@id":"https:\/\/www.france.no\/no\/septentrionales\/#primaryimage"},"image":{"@id":"https:\/\/www.france.no\/no\/septentrionales\/#primaryimage"},"thumbnailUrl":"https:\/\/www.france.no\/wp-content\/uploads\/2026\/04\/Illustration-carte-1098x617.png","datePublished":"2026-04-13T11:49:55+00:00","breadcrumb":{"@id":"https:\/\/www.france.no\/no\/septentrionales\/#breadcrumb"},"inLanguage":"nb-NO","potentialAction":[{"@type":"ReadAction","target":["https:\/\/www.france.no\/no\/septentrionales\/"]}]},{"@type":"ImageObject","inLanguage":"nb-NO","@id":"https:\/\/www.france.no\/no\/septentrionales\/#primaryimage","url":"https:\/\/www.france.no\/wp-content\/uploads\/2026\/04\/Illustration-carte-1098x617.png","contentUrl":"https:\/\/www.france.no\/wp-content\/uploads\/2026\/04\/Illustration-carte-1098x617.png","width":1280,"height":800},{"@type":"BreadcrumbList","@id":"https:\/\/www.france.no\/no\/septentrionales\/#breadcrumb","itemListElement":[{"@type":"ListItem","position":1,"name":"","item":"https:\/\/www.france.no\/no\/"},{"@type":"ListItem","position":2,"name":"Septentrionales"}]},{"@type":"WebSite","@id":"https:\/\/www.france.no\/no\/#website","url":"https:\/\/www.france.no\/no\/","name":"Institut fran\u00e7ais","description":"Norv\u00e8ge","publisher":{"@id":"https:\/\/www.france.no\/no\/#organization"},"potentialAction":[{"@type":"SearchAction","target":{"@type":"EntryPoint","urlTemplate":"https:\/\/www.france.no\/no\/?s={search_term_string}"},"query-input":{"@type":"PropertyValueSpecification","valueRequired":true,"valueName":"search_term_string"}}],"inLanguage":"nb-NO"},{"@type":"Organization","@id":"https:\/\/www.france.no\/no\/#organization","name":"Institut fran\u00e7ais","url":"https:\/\/www.france.no\/no\/","logo":{"@type":"ImageObject","inLanguage":"nb-NO","@id":"https:\/\/www.france.no\/no\/#\/schema\/logo\/image\/","url":"https:\/\/www.france.no\/wp-content\/uploads\/2022\/11\/IF_Logo_Sans_Bleu_RVB.png","contentUrl":"https:\/\/www.france.no\/wp-content\/uploads\/2022\/11\/IF_Logo_Sans_Bleu_RVB.png","width":852,"height":591,"caption":"Institut fran\u00e7ais"},"image":{"@id":"https:\/\/www.france.no\/no\/#\/schema\/logo\/image\/"},"sameAs":["https:\/\/www.facebook.com\/institutfrancaisoslo","https:\/\/x.com\/ifnorvege","https:\/\/instagram.com\/ifnorvege"]}]}},"_links":{"self":[{"href":"https:\/\/www.france.no\/no\/wp-json\/wp\/v2\/pages\/22862","targetHints":{"allow":["GET"]}}],"collection":[{"href":"https:\/\/www.france.no\/no\/wp-json\/wp\/v2\/pages"}],"about":[{"href":"https:\/\/www.france.no\/no\/wp-json\/wp\/v2\/types\/page"}],"author":[{"embeddable":true,"href":"https:\/\/www.france.no\/no\/wp-json\/wp\/v2\/users\/6"}],"replies":[{"embeddable":true,"href":"https:\/\/www.france.no\/no\/wp-json\/wp\/v2\/comments?post=22862"}],"version-history":[{"count":1,"href":"https:\/\/www.france.no\/no\/wp-json\/wp\/v2\/pages\/22862\/revisions"}],"predecessor-version":[{"id":22865,"href":"https:\/\/www.france.no\/no\/wp-json\/wp\/v2\/pages\/22862\/revisions\/22865"}],"wp:featuredmedia":[{"embeddable":true,"href":"https:\/\/www.france.no\/no\/wp-json\/wp\/v2\/media\/22841"}],"wp:attachment":[{"href":"https:\/\/www.france.no\/no\/wp-json\/wp\/v2\/media?parent=22862"}],"wp:term":[{"taxonomy":"category","embeddable":true,"href":"https:\/\/www.france.no\/no\/wp-json\/wp\/v2\/categories?post=22862"}],"curies":[{"name":"wp","href":"https:\/\/api.w.org\/{rel}","templated":true}]}}