{"id":2289,"date":"2022-12-15T14:12:21","date_gmt":"2022-12-15T13:12:21","guid":{"rendered":"https:\/\/www.france.no\/?page_id=2289"},"modified":"2025-01-15T10:58:50","modified_gmt":"2025-01-15T09:58:50","slug":"kurs-og-seminarer","status":"publish","type":"page","link":"https:\/\/www.france.no\/no\/utdanning-og-fransk-sprak\/kurs-for-fransklaerere\/kurs-og-seminarer\/","title":{"rendered":"Kurs og seminarer"},"content":{"rendered":"\n<p><strong>Spr\u00e5kavdelingen ved Institut fran\u00e7ais de Norv\u00e8ge reiser hvert \u00e5r rundt i Norge for \u00e5 tilby kurs til franskl\u00e6rere.<\/strong><\/p>\n\n\n\n<p>Etter fjor\u00e5rets suksess planlegger vi nye kurs i seks norske byer i l\u00f8pet av skole\u00e5ret 2024\/2025: Bergen, Hamar, Kristiansand, Oslo, Stavanger og Trondheim.<br><br><strong>Alle arrangementene er gratis, og lunsj er inkludert.<\/strong><\/p>\n\n\n\n<p><em>Fremtidige <\/em>franskl\u00e6rere er ogs\u00e5 hjertelig velkomne.<\/p>\n\n\n\n<h2 class=\"wp-block-heading\">FREMTIDIGE KURS OG SEMINARER<\/h2>\n\n\n\n<div class=\"wp-block-buttons is-layout-flex wp-block-buttons-is-layout-flex\">\n<div class=\"wp-block-button\"><a class=\"wp-block-button__link has-text-align-left wp-element-button\" href=\"https:\/\/www.france.no\/no\/2025\/utdanning-og-fransk-sprak\/arlig-seminar-for-fransklaerere-i-norge-2025\/\">7. februar 2025 \/\/ Oslo: \u00e5rlig seminar for franskl\u00e6rere i norge<\/a><\/div>\n<\/div>\n\n\n\n<h2 class=\"wp-block-heading\">TIDLIGERE KURS OG SEMINARER<\/h2>\n\n\n\n<div class=\"wp-block-buttons is-layout-flex wp-block-buttons-is-layout-flex\">\n<div class=\"wp-block-button has-custom-width wp-block-button__width-100 is-style-fill\"><a class=\"wp-block-button__link has-text-align-left wp-element-button\" href=\"https:\/\/www.france.no\/no\/2024\/utdanning-og-fransk-sprak\/kurs-for-fransklaerere-i-kristiansand-og-omegn\/\">23. november 2024 \/\/ Kristiansand og omegn: kurs for franskl\u00e6rere<\/a><\/div>\n\n\n\n<div class=\"wp-block-button has-custom-width wp-block-button__width-100 is-style-fill\"><a class=\"wp-block-button__link has-text-align-left wp-element-button\" href=\"https:\/\/www.france.no\/no\/2024\/utdanning-og-fransk-sprak\/kurs-for-fransklaerere-i-bergen-og-omegn\/\">19. oktober 2024 \/\/ <strong>Bergen og omegn: Kurs for franskl\u00e6rere<\/strong><\/a><\/div>\n\n\n\n<div class=\"wp-block-button has-custom-width wp-block-button__width-100 is-style-fill\"><a class=\"wp-block-button__link has-text-align-left wp-element-button\">13. april 2024 \/\/ Kristiansand: seminar for franskl\u00e6rere<\/a><\/div>\n\n\n\n<div class=\"wp-block-button has-custom-width wp-block-button__width-100\"><a class=\"wp-block-button__link has-text-align-left wp-element-button\" href=\"https:\/\/www.france.no\/no\/2024\/utdanning-og-fransk-sprak\/seminaire-annuel-des-professeurs-de-francais-de-norvege\/\">9. og 10. februar 2024 \/\/ oslo: \u00e5rlig nasjonalt seminar for franskl\u00e6rere<\/a><\/div>\n\n\n\n<div class=\"wp-block-button has-custom-width wp-block-button__width-100\"><a class=\"wp-block-button__link has-text-align-left wp-element-button\" href=\"https:\/\/www.france.no\/no\/2023\/utdanning-og-fransk-sprak\/seminaire-pour-les-professeurs-de-francais-a-bergen\/\">27. januar 2024 \/\/ bergen: seminar for franskl\u00e6rere<\/a><\/div>\n\n\n\n<div class=\"wp-block-button has-custom-width wp-block-button__width-100\"><a class=\"wp-block-button__link has-text-align-left wp-element-button\" href=\"https:\/\/www.france.no\/no\/2023\/utdanning-og-fransk-sprak\/formation-des-professeurs-de-francais-de-hamar-et-alentours\/\">24. november \/\/ Hamar og omegn: Heldagskurs for franskl\u00e6rere<\/a><\/div>\n\n\n\n<div class=\"wp-block-button has-custom-width wp-block-button__width-100\"><a class=\"wp-block-button__link has-text-align-left wp-element-button\" href=\"https:\/\/www.france.no\/no\/2023\/utdanning-og-fransk-sprak\/formation-des-professeurs-de-francais-de-hamar-et-alentours\/\">21. oktober 2023 \/\/ trondheim og omegn: seminar for franskl\u00e6rere<\/a><\/div>\n\n\n\n<div class=\"wp-block-button has-custom-width wp-block-button__width-100\"><a class=\"wp-block-button__link has-text-align-left wp-element-button\" href=\"https:\/\/www.france.no\/no\/2023\/utdanning-og-fransk-sprak\/formation-des-professeurs-de-francais-de-hamar-et-alentours\/\">2. og 6. oktober 2023 \/\/ oslo: F\u00f8rste sertifisering av eksaminatorer\/sensorer for DELF-DALF i Norge<\/a><\/div>\n\n\n\n<div class=\"wp-block-button has-custom-width wp-block-button__width-100\"><a class=\"wp-block-button__link has-text-align-left wp-element-button\" href=\"https:\/\/www.france.no\/no\/2023\/utdanning-og-fransk-sprak\/formation-des-professeurs-de-francais-de-hamar-et-alentours\/\">18. februar 2023 \/\/ lillehammer: seminar for franskl\u00e6rere<\/a><\/div>\n<\/div>\n\n\n\n<p><\/p>\n","protected":false},"excerpt":{"rendered":"<p>Spr\u00e5kavdelingen ved Institut fran\u00e7ais de Norv\u00e8ge reiser hvert \u00e5r rundt i Norge for \u00e5 tilby kurs til franskl\u00e6rere. Etter fjor\u00e5rets suksess planlegger vi nye kurs i seks norske byer i l\u00f8pet av skole\u00e5ret 2024\/2025: Bergen, Hamar, Kristiansand, Oslo, Stavanger og Trondheim. Alle arrangementene er gratis, og lunsj er inkludert. Fremtidige franskl\u00e6rere er ogs\u00e5 hjertelig velkomne. [&hellip;]<\/p>\n","protected":false},"author":1,"featured_media":0,"parent":432,"menu_order":0,"comment_status":"closed","ping_status":"closed","template":"","meta":{"footnotes":""},"categories":[13],"class_list":["post-2289","page","type-page","status-publish","hentry","category-utdanning-og-fransk-sprak","no-media"],"yoast_head":"<!-- This site is optimized with the Yoast SEO plugin v27.3 - https:\/\/yoast.com\/product\/yoast-seo-wordpress\/ -->\n<title>Kurs og seminarer - Institut fran\u00e7ais<\/title>\n<meta name=\"robots\" content=\"index, follow, max-snippet:-1, max-image-preview:large, max-video-preview:-1\" \/>\n<link rel=\"canonical\" href=\"https:\/\/www.france.no\/no\/utdanning-og-fransk-sprak\/kurs-for-fransklaerere\/kurs-og-seminarer\/\" \/>\n<meta property=\"og:locale\" content=\"nb_NO\" \/>\n<meta property=\"og:type\" content=\"article\" \/>\n<meta property=\"og:title\" content=\"Kurs og seminarer - Institut fran\u00e7ais\" \/>\n<meta property=\"og:description\" content=\"Spr\u00e5kavdelingen ved Institut fran\u00e7ais de Norv\u00e8ge reiser hvert \u00e5r rundt i Norge for \u00e5 tilby kurs til franskl\u00e6rere. Etter fjor\u00e5rets suksess planlegger vi nye kurs i seks norske byer i l\u00f8pet av skole\u00e5ret 2024\/2025: Bergen, Hamar, Kristiansand, Oslo, Stavanger og Trondheim. Alle arrangementene er gratis, og lunsj er inkludert. Fremtidige franskl\u00e6rere er ogs\u00e5 hjertelig velkomne. [&hellip;]\" \/>\n<meta property=\"og:url\" content=\"https:\/\/www.france.no\/no\/utdanning-og-fransk-sprak\/kurs-for-fransklaerere\/kurs-og-seminarer\/\" \/>\n<meta property=\"og:site_name\" content=\"Institut fran\u00e7ais\" \/>\n<meta property=\"article:publisher\" content=\"https:\/\/www.facebook.com\/institutfrancaisoslo\" \/>\n<meta property=\"article:modified_time\" content=\"2025-01-15T09:58:50+00:00\" \/>\n<meta property=\"og:image\" content=\"https:\/\/www.france.no\/wp-content\/uploads\/2022\/01\/IFN-logo.png\" \/>\n\t<meta property=\"og:image:width\" content=\"946\" \/>\n\t<meta property=\"og:image:height\" content=\"546\" \/>\n\t<meta property=\"og:image:type\" content=\"image\/png\" \/>\n<meta name=\"twitter:card\" content=\"summary_large_image\" \/>\n<meta name=\"twitter:site\" content=\"@ifnorvege\" \/>\n<meta name=\"twitter:label1\" content=\"Ansl. lesetid\" \/>\n\t<meta name=\"twitter:data1\" content=\"1 minutt\" \/>\n<script type=\"application\/ld+json\" class=\"yoast-schema-graph\">{\"@context\":\"https:\\\/\\\/schema.org\",\"@graph\":[{\"@type\":\"WebPage\",\"@id\":\"https:\\\/\\\/www.france.no\\\/no\\\/utdanning-og-fransk-sprak\\\/kurs-for-fransklaerere\\\/kurs-og-seminarer\\\/\",\"url\":\"https:\\\/\\\/www.france.no\\\/no\\\/utdanning-og-fransk-sprak\\\/kurs-for-fransklaerere\\\/kurs-og-seminarer\\\/\",\"name\":\"Kurs og seminarer - Institut fran\u00e7ais\",\"isPartOf\":{\"@id\":\"https:\\\/\\\/www.france.no\\\/no\\\/#website\"},\"datePublished\":\"2022-12-15T13:12:21+00:00\",\"dateModified\":\"2025-01-15T09:58:50+00:00\",\"breadcrumb\":{\"@id\":\"https:\\\/\\\/www.france.no\\\/no\\\/utdanning-og-fransk-sprak\\\/kurs-for-fransklaerere\\\/kurs-og-seminarer\\\/#breadcrumb\"},\"inLanguage\":\"nb-NO\",\"potentialAction\":[{\"@type\":\"ReadAction\",\"target\":[\"https:\\\/\\\/www.france.no\\\/no\\\/utdanning-og-fransk-sprak\\\/kurs-for-fransklaerere\\\/kurs-og-seminarer\\\/\"]}]},{\"@type\":\"BreadcrumbList\",\"@id\":\"https:\\\/\\\/www.france.no\\\/no\\\/utdanning-og-fransk-sprak\\\/kurs-for-fransklaerere\\\/kurs-og-seminarer\\\/#breadcrumb\",\"itemListElement\":[{\"@type\":\"ListItem\",\"position\":1,\"name\":\"\",\"item\":\"https:\\\/\\\/www.france.no\\\/no\\\/\"},{\"@type\":\"ListItem\",\"position\":2,\"name\":\"Utdanning og fransk spr\u00e5k\",\"item\":\"https:\\\/\\\/www.france.no\\\/no\\\/utdanning-og-fransk-sprak\\\/\"},{\"@type\":\"ListItem\",\"position\":3,\"name\":\"Kurs for franskl\u00e6rere\",\"item\":\"https:\\\/\\\/www.france.no\\\/no\\\/utdanning-og-fransk-sprak\\\/kurs-for-fransklaerere\\\/\"},{\"@type\":\"ListItem\",\"position\":4,\"name\":\"Kurs og seminarer\"}]},{\"@type\":\"WebSite\",\"@id\":\"https:\\\/\\\/www.france.no\\\/no\\\/#website\",\"url\":\"https:\\\/\\\/www.france.no\\\/no\\\/\",\"name\":\"Institut fran\u00e7ais\",\"description\":\"Norv\u00e8ge\",\"publisher\":{\"@id\":\"https:\\\/\\\/www.france.no\\\/no\\\/#organization\"},\"potentialAction\":[{\"@type\":\"SearchAction\",\"target\":{\"@type\":\"EntryPoint\",\"urlTemplate\":\"https:\\\/\\\/www.france.no\\\/no\\\/?s={search_term_string}\"},\"query-input\":{\"@type\":\"PropertyValueSpecification\",\"valueRequired\":true,\"valueName\":\"search_term_string\"}}],\"inLanguage\":\"nb-NO\"},{\"@type\":\"Organization\",\"@id\":\"https:\\\/\\\/www.france.no\\\/no\\\/#organization\",\"name\":\"Institut fran\u00e7ais\",\"url\":\"https:\\\/\\\/www.france.no\\\/no\\\/\",\"logo\":{\"@type\":\"ImageObject\",\"inLanguage\":\"nb-NO\",\"@id\":\"https:\\\/\\\/www.france.no\\\/no\\\/#\\\/schema\\\/logo\\\/image\\\/\",\"url\":\"https:\\\/\\\/www.france.no\\\/wp-content\\\/uploads\\\/2022\\\/11\\\/IF_Logo_Sans_Bleu_RVB.png\",\"contentUrl\":\"https:\\\/\\\/www.france.no\\\/wp-content\\\/uploads\\\/2022\\\/11\\\/IF_Logo_Sans_Bleu_RVB.png\",\"width\":852,\"height\":591,\"caption\":\"Institut fran\u00e7ais\"},\"image\":{\"@id\":\"https:\\\/\\\/www.france.no\\\/no\\\/#\\\/schema\\\/logo\\\/image\\\/\"},\"sameAs\":[\"https:\\\/\\\/www.facebook.com\\\/institutfrancaisoslo\",\"https:\\\/\\\/x.com\\\/ifnorvege\",\"https:\\\/\\\/instagram.com\\\/ifnorvege\"]}]}<\/script>\n<!-- \/ Yoast SEO plugin. -->","yoast_head_json":{"title":"Kurs og seminarer - Institut fran\u00e7ais","robots":{"index":"index","follow":"follow","max-snippet":"max-snippet:-1","max-image-preview":"max-image-preview:large","max-video-preview":"max-video-preview:-1"},"canonical":"https:\/\/www.france.no\/no\/utdanning-og-fransk-sprak\/kurs-for-fransklaerere\/kurs-og-seminarer\/","og_locale":"nb_NO","og_type":"article","og_title":"Kurs og seminarer - Institut fran\u00e7ais","og_description":"Spr\u00e5kavdelingen ved Institut fran\u00e7ais de Norv\u00e8ge reiser hvert \u00e5r rundt i Norge for \u00e5 tilby kurs til franskl\u00e6rere. Etter fjor\u00e5rets suksess planlegger vi nye kurs i seks norske byer i l\u00f8pet av skole\u00e5ret 2024\/2025: Bergen, Hamar, Kristiansand, Oslo, Stavanger og Trondheim. Alle arrangementene er gratis, og lunsj er inkludert. Fremtidige franskl\u00e6rere er ogs\u00e5 hjertelig velkomne. [&hellip;]","og_url":"https:\/\/www.france.no\/no\/utdanning-og-fransk-sprak\/kurs-for-fransklaerere\/kurs-og-seminarer\/","og_site_name":"Institut fran\u00e7ais","article_publisher":"https:\/\/www.facebook.com\/institutfrancaisoslo","article_modified_time":"2025-01-15T09:58:50+00:00","og_image":[{"width":946,"height":546,"url":"https:\/\/www.france.no\/wp-content\/uploads\/2022\/01\/IFN-logo.png","type":"image\/png"}],"twitter_card":"summary_large_image","twitter_site":"@ifnorvege","twitter_misc":{"Ansl. lesetid":"1 minutt"},"schema":{"@context":"https:\/\/schema.org","@graph":[{"@type":"WebPage","@id":"https:\/\/www.france.no\/no\/utdanning-og-fransk-sprak\/kurs-for-fransklaerere\/kurs-og-seminarer\/","url":"https:\/\/www.france.no\/no\/utdanning-og-fransk-sprak\/kurs-for-fransklaerere\/kurs-og-seminarer\/","name":"Kurs og seminarer - Institut fran\u00e7ais","isPartOf":{"@id":"https:\/\/www.france.no\/no\/#website"},"datePublished":"2022-12-15T13:12:21+00:00","dateModified":"2025-01-15T09:58:50+00:00","breadcrumb":{"@id":"https:\/\/www.france.no\/no\/utdanning-og-fransk-sprak\/kurs-for-fransklaerere\/kurs-og-seminarer\/#breadcrumb"},"inLanguage":"nb-NO","potentialAction":[{"@type":"ReadAction","target":["https:\/\/www.france.no\/no\/utdanning-og-fransk-sprak\/kurs-for-fransklaerere\/kurs-og-seminarer\/"]}]},{"@type":"BreadcrumbList","@id":"https:\/\/www.france.no\/no\/utdanning-og-fransk-sprak\/kurs-for-fransklaerere\/kurs-og-seminarer\/#breadcrumb","itemListElement":[{"@type":"ListItem","position":1,"name":"","item":"https:\/\/www.france.no\/no\/"},{"@type":"ListItem","position":2,"name":"Utdanning og fransk spr\u00e5k","item":"https:\/\/www.france.no\/no\/utdanning-og-fransk-sprak\/"},{"@type":"ListItem","position":3,"name":"Kurs for franskl\u00e6rere","item":"https:\/\/www.france.no\/no\/utdanning-og-fransk-sprak\/kurs-for-fransklaerere\/"},{"@type":"ListItem","position":4,"name":"Kurs og seminarer"}]},{"@type":"WebSite","@id":"https:\/\/www.france.no\/no\/#website","url":"https:\/\/www.france.no\/no\/","name":"Institut fran\u00e7ais","description":"Norv\u00e8ge","publisher":{"@id":"https:\/\/www.france.no\/no\/#organization"},"potentialAction":[{"@type":"SearchAction","target":{"@type":"EntryPoint","urlTemplate":"https:\/\/www.france.no\/no\/?s={search_term_string}"},"query-input":{"@type":"PropertyValueSpecification","valueRequired":true,"valueName":"search_term_string"}}],"inLanguage":"nb-NO"},{"@type":"Organization","@id":"https:\/\/www.france.no\/no\/#organization","name":"Institut fran\u00e7ais","url":"https:\/\/www.france.no\/no\/","logo":{"@type":"ImageObject","inLanguage":"nb-NO","@id":"https:\/\/www.france.no\/no\/#\/schema\/logo\/image\/","url":"https:\/\/www.france.no\/wp-content\/uploads\/2022\/11\/IF_Logo_Sans_Bleu_RVB.png","contentUrl":"https:\/\/www.france.no\/wp-content\/uploads\/2022\/11\/IF_Logo_Sans_Bleu_RVB.png","width":852,"height":591,"caption":"Institut fran\u00e7ais"},"image":{"@id":"https:\/\/www.france.no\/no\/#\/schema\/logo\/image\/"},"sameAs":["https:\/\/www.facebook.com\/institutfrancaisoslo","https:\/\/x.com\/ifnorvege","https:\/\/instagram.com\/ifnorvege"]}]}},"_links":{"self":[{"href":"https:\/\/www.france.no\/no\/wp-json\/wp\/v2\/pages\/2289","targetHints":{"allow":["GET"]}}],"collection":[{"href":"https:\/\/www.france.no\/no\/wp-json\/wp\/v2\/pages"}],"about":[{"href":"https:\/\/www.france.no\/no\/wp-json\/wp\/v2\/types\/page"}],"author":[{"embeddable":true,"href":"https:\/\/www.france.no\/no\/wp-json\/wp\/v2\/users\/1"}],"replies":[{"embeddable":true,"href":"https:\/\/www.france.no\/no\/wp-json\/wp\/v2\/comments?post=2289"}],"version-history":[{"count":14,"href":"https:\/\/www.france.no\/no\/wp-json\/wp\/v2\/pages\/2289\/revisions"}],"predecessor-version":[{"id":10371,"href":"https:\/\/www.france.no\/no\/wp-json\/wp\/v2\/pages\/2289\/revisions\/10371"}],"up":[{"embeddable":true,"href":"https:\/\/www.france.no\/no\/wp-json\/wp\/v2\/pages\/432"}],"wp:attachment":[{"href":"https:\/\/www.france.no\/no\/wp-json\/wp\/v2\/media?parent=2289"}],"wp:term":[{"taxonomy":"category","embeddable":true,"href":"https:\/\/www.france.no\/no\/wp-json\/wp\/v2\/categories?post=2289"}],"curies":[{"name":"wp","href":"https:\/\/api.w.org\/{rel}","templated":true}]}}