{"id":229,"date":"2022-02-01T15:19:18","date_gmt":"2022-02-01T14:19:18","guid":{"rendered":"https:\/\/www.france.no\/?page_id=229"},"modified":"2026-04-10T10:05:29","modified_gmt":"2026-04-10T08:05:29","slug":"kultur","status":"publish","type":"page","link":"https:\/\/www.france.no\/no\/kultur\/","title":{"rendered":"Kultur"},"content":{"rendered":"\n<p><strong>Institut fran\u00e7ais de Norv\u00e8ge (IFN) har som oppgave \u00e5 fremme fransk kultur og dialog gjennom fransk-norsk kultursamarbeid.<\/strong><\/p>\n\n\n\n<h2 class=\"wp-block-heading\"><strong>Fransk-norsk samarbeid<\/strong><\/h2>\n\n\n\n<p>I tett samarbeid med b\u00e5de norske og franske institusjoner tilrettelegger IFN en m\u00f8teplass for akt\u00f8rer fra b\u00e5de den franske og den fransktalende kunst- og kulturscenen til Norge. Disse aktivitetene tillater \u00e5 vise frem en stor bredde i fransk kultur samt \u00e5 styrke samarbeidet mellom landene v\u00e5re.<\/p>\n\n\n\n<h2 class=\"wp-block-heading\"><strong>M\u00f8ter mellom profesjonelle akt\u00f8rer i kulturfeltet<\/strong><\/h2>\n\n\n\n<p>IFN arrangerer jevnlige fransk-norske m\u00f8ter mellom profesjonelle med m\u00e5l om \u00e5 dele kompetanse og ekspertise. Ved \u00e5 organisere seminarer, debatter og konferanser fremmer IFN dialog p\u00e5 tvers av disipliner mellom profesjonelle.<\/p>\n\n\n\n<h2 class=\"wp-block-heading\"><strong>Utvekslingsprogrammer<\/strong><\/h2>\n\n\n\n<p>IFN legger til rette for forskjellige utvekslingsprogrammer slik som\u00a0<a href=\"https:\/\/www.france.no\/no\/kultur\/for-profesjonelle\/pap-norsk\/\" target=\"_blank\" rel=\"noreferrer noopener\">FOCUS\u00a0<\/a>mobilitet programmet i samarbeid med Institut fran\u00e7ais de Paris og\u00a0<a href=\"https:\/\/www.france.no\/no\/kultur\/for-profesjonelle\/kunstnerresidenser\/\" target=\"_blank\" rel=\"noreferrer noopener\">Kunstnerresidenser<\/a>. For mer informasjon, ta en titt p\u00e5\u00a0<a href=\"https:\/\/www.france.no\/no\/kultur\/for-profesjonelle\/\" target=\"_blank\" rel=\"noreferrer noopener\">Espace pro<\/a>. <\/p>\n\n\n\n<p><\/p>\n\n\n\n<p><strong>Kontakt oss:<\/strong><br>Marcelino Valiente&nbsp;\u2013 Kulturattach\u00e9<br><a href=\"mailto:kultur@france.no\">kultur@france.no<\/a><\/p>\n","protected":false},"excerpt":{"rendered":"<p>Institut fran\u00e7ais de Norv\u00e8ge (IFN) har som oppgave \u00e5 fremme fransk kultur og dialog gjennom fransk-norsk kultursamarbeid. Fransk-norsk samarbeid I tett samarbeid med b\u00e5de norske og franske institusjoner tilrettelegger IFN en m\u00f8teplass for akt\u00f8rer fra b\u00e5de den franske og den fransktalende kunst- og kulturscenen til Norge. Disse aktivitetene tillater \u00e5 vise frem en stor bredde [&hellip;]<\/p>\n","protected":false},"author":6,"featured_media":0,"parent":0,"menu_order":1,"comment_status":"closed","ping_status":"closed","template":"","meta":{"footnotes":""},"categories":[5],"class_list":["post-229","page","type-page","status-publish","hentry","category-kultur","no-media"],"yoast_head":"<!-- This site is optimized with the Yoast SEO plugin v27.5 - https:\/\/yoast.com\/product\/yoast-seo-wordpress\/ -->\n<title>Kultur - Institut fran\u00e7ais<\/title>\n<meta name=\"robots\" content=\"index, follow, max-snippet:-1, max-image-preview:large, max-video-preview:-1\" \/>\n<link rel=\"canonical\" href=\"https:\/\/www.france.no\/no\/kultur\/\" \/>\n<meta property=\"og:locale\" content=\"nb_NO\" \/>\n<meta property=\"og:type\" content=\"article\" \/>\n<meta property=\"og:title\" content=\"Kultur - Institut fran\u00e7ais\" \/>\n<meta property=\"og:description\" content=\"Institut fran\u00e7ais de Norv\u00e8ge (IFN) har som oppgave \u00e5 fremme fransk kultur og dialog gjennom fransk-norsk kultursamarbeid. Fransk-norsk samarbeid I tett samarbeid med b\u00e5de norske og franske institusjoner tilrettelegger IFN en m\u00f8teplass for akt\u00f8rer fra b\u00e5de den franske og den fransktalende kunst- og kulturscenen til Norge. Disse aktivitetene tillater \u00e5 vise frem en stor bredde [&hellip;]\" \/>\n<meta property=\"og:url\" content=\"https:\/\/www.france.no\/no\/kultur\/\" \/>\n<meta property=\"og:site_name\" content=\"Institut fran\u00e7ais\" \/>\n<meta property=\"article:publisher\" content=\"https:\/\/www.facebook.com\/institutfrancaisoslo\" \/>\n<meta property=\"article:modified_time\" content=\"2026-04-10T08:05:29+00:00\" \/>\n<meta property=\"og:image\" content=\"https:\/\/www.france.no\/wp-content\/uploads\/2022\/01\/IFN-logo.png\" \/>\n\t<meta property=\"og:image:width\" content=\"946\" \/>\n\t<meta property=\"og:image:height\" content=\"546\" \/>\n\t<meta property=\"og:image:type\" content=\"image\/png\" \/>\n<meta name=\"twitter:card\" content=\"summary_large_image\" \/>\n<meta name=\"twitter:site\" content=\"@ifnorvege\" \/>\n<meta name=\"twitter:label1\" content=\"Ansl. lesetid\" \/>\n\t<meta name=\"twitter:data1\" content=\"1 minutt\" \/>\n<script type=\"application\/ld+json\" class=\"yoast-schema-graph\">{\"@context\":\"https:\\\/\\\/schema.org\",\"@graph\":[{\"@type\":\"WebPage\",\"@id\":\"https:\\\/\\\/www.france.no\\\/no\\\/kultur\\\/\",\"url\":\"https:\\\/\\\/www.france.no\\\/no\\\/kultur\\\/\",\"name\":\"Kultur - Institut fran\u00e7ais\",\"isPartOf\":{\"@id\":\"https:\\\/\\\/www.france.no\\\/no\\\/#website\"},\"datePublished\":\"2022-02-01T14:19:18+00:00\",\"dateModified\":\"2026-04-10T08:05:29+00:00\",\"breadcrumb\":{\"@id\":\"https:\\\/\\\/www.france.no\\\/no\\\/kultur\\\/#breadcrumb\"},\"inLanguage\":\"nb-NO\",\"potentialAction\":[{\"@type\":\"ReadAction\",\"target\":[\"https:\\\/\\\/www.france.no\\\/no\\\/kultur\\\/\"]}]},{\"@type\":\"BreadcrumbList\",\"@id\":\"https:\\\/\\\/www.france.no\\\/no\\\/kultur\\\/#breadcrumb\",\"itemListElement\":[{\"@type\":\"ListItem\",\"position\":1,\"name\":\"\",\"item\":\"https:\\\/\\\/www.france.no\\\/no\\\/\"},{\"@type\":\"ListItem\",\"position\":2,\"name\":\"Kultur\"}]},{\"@type\":\"WebSite\",\"@id\":\"https:\\\/\\\/www.france.no\\\/no\\\/#website\",\"url\":\"https:\\\/\\\/www.france.no\\\/no\\\/\",\"name\":\"Institut fran\u00e7ais\",\"description\":\"Norv\u00e8ge\",\"publisher\":{\"@id\":\"https:\\\/\\\/www.france.no\\\/no\\\/#organization\"},\"potentialAction\":[{\"@type\":\"SearchAction\",\"target\":{\"@type\":\"EntryPoint\",\"urlTemplate\":\"https:\\\/\\\/www.france.no\\\/no\\\/?s={search_term_string}\"},\"query-input\":{\"@type\":\"PropertyValueSpecification\",\"valueRequired\":true,\"valueName\":\"search_term_string\"}}],\"inLanguage\":\"nb-NO\"},{\"@type\":\"Organization\",\"@id\":\"https:\\\/\\\/www.france.no\\\/no\\\/#organization\",\"name\":\"Institut fran\u00e7ais\",\"url\":\"https:\\\/\\\/www.france.no\\\/no\\\/\",\"logo\":{\"@type\":\"ImageObject\",\"inLanguage\":\"nb-NO\",\"@id\":\"https:\\\/\\\/www.france.no\\\/no\\\/#\\\/schema\\\/logo\\\/image\\\/\",\"url\":\"https:\\\/\\\/www.france.no\\\/wp-content\\\/uploads\\\/2022\\\/11\\\/IF_Logo_Sans_Bleu_RVB.png\",\"contentUrl\":\"https:\\\/\\\/www.france.no\\\/wp-content\\\/uploads\\\/2022\\\/11\\\/IF_Logo_Sans_Bleu_RVB.png\",\"width\":852,\"height\":591,\"caption\":\"Institut fran\u00e7ais\"},\"image\":{\"@id\":\"https:\\\/\\\/www.france.no\\\/no\\\/#\\\/schema\\\/logo\\\/image\\\/\"},\"sameAs\":[\"https:\\\/\\\/www.facebook.com\\\/institutfrancaisoslo\",\"https:\\\/\\\/x.com\\\/ifnorvege\",\"https:\\\/\\\/instagram.com\\\/ifnorvege\"]}]}<\/script>\n<!-- \/ Yoast SEO plugin. -->","yoast_head_json":{"title":"Kultur - Institut fran\u00e7ais","robots":{"index":"index","follow":"follow","max-snippet":"max-snippet:-1","max-image-preview":"max-image-preview:large","max-video-preview":"max-video-preview:-1"},"canonical":"https:\/\/www.france.no\/no\/kultur\/","og_locale":"nb_NO","og_type":"article","og_title":"Kultur - Institut fran\u00e7ais","og_description":"Institut fran\u00e7ais de Norv\u00e8ge (IFN) har som oppgave \u00e5 fremme fransk kultur og dialog gjennom fransk-norsk kultursamarbeid. Fransk-norsk samarbeid I tett samarbeid med b\u00e5de norske og franske institusjoner tilrettelegger IFN en m\u00f8teplass for akt\u00f8rer fra b\u00e5de den franske og den fransktalende kunst- og kulturscenen til Norge. Disse aktivitetene tillater \u00e5 vise frem en stor bredde [&hellip;]","og_url":"https:\/\/www.france.no\/no\/kultur\/","og_site_name":"Institut fran\u00e7ais","article_publisher":"https:\/\/www.facebook.com\/institutfrancaisoslo","article_modified_time":"2026-04-10T08:05:29+00:00","og_image":[{"width":946,"height":546,"url":"https:\/\/www.france.no\/wp-content\/uploads\/2022\/01\/IFN-logo.png","type":"image\/png"}],"twitter_card":"summary_large_image","twitter_site":"@ifnorvege","twitter_misc":{"Ansl. lesetid":"1 minutt"},"schema":{"@context":"https:\/\/schema.org","@graph":[{"@type":"WebPage","@id":"https:\/\/www.france.no\/no\/kultur\/","url":"https:\/\/www.france.no\/no\/kultur\/","name":"Kultur - Institut fran\u00e7ais","isPartOf":{"@id":"https:\/\/www.france.no\/no\/#website"},"datePublished":"2022-02-01T14:19:18+00:00","dateModified":"2026-04-10T08:05:29+00:00","breadcrumb":{"@id":"https:\/\/www.france.no\/no\/kultur\/#breadcrumb"},"inLanguage":"nb-NO","potentialAction":[{"@type":"ReadAction","target":["https:\/\/www.france.no\/no\/kultur\/"]}]},{"@type":"BreadcrumbList","@id":"https:\/\/www.france.no\/no\/kultur\/#breadcrumb","itemListElement":[{"@type":"ListItem","position":1,"name":"","item":"https:\/\/www.france.no\/no\/"},{"@type":"ListItem","position":2,"name":"Kultur"}]},{"@type":"WebSite","@id":"https:\/\/www.france.no\/no\/#website","url":"https:\/\/www.france.no\/no\/","name":"Institut fran\u00e7ais","description":"Norv\u00e8ge","publisher":{"@id":"https:\/\/www.france.no\/no\/#organization"},"potentialAction":[{"@type":"SearchAction","target":{"@type":"EntryPoint","urlTemplate":"https:\/\/www.france.no\/no\/?s={search_term_string}"},"query-input":{"@type":"PropertyValueSpecification","valueRequired":true,"valueName":"search_term_string"}}],"inLanguage":"nb-NO"},{"@type":"Organization","@id":"https:\/\/www.france.no\/no\/#organization","name":"Institut fran\u00e7ais","url":"https:\/\/www.france.no\/no\/","logo":{"@type":"ImageObject","inLanguage":"nb-NO","@id":"https:\/\/www.france.no\/no\/#\/schema\/logo\/image\/","url":"https:\/\/www.france.no\/wp-content\/uploads\/2022\/11\/IF_Logo_Sans_Bleu_RVB.png","contentUrl":"https:\/\/www.france.no\/wp-content\/uploads\/2022\/11\/IF_Logo_Sans_Bleu_RVB.png","width":852,"height":591,"caption":"Institut fran\u00e7ais"},"image":{"@id":"https:\/\/www.france.no\/no\/#\/schema\/logo\/image\/"},"sameAs":["https:\/\/www.facebook.com\/institutfrancaisoslo","https:\/\/x.com\/ifnorvege","https:\/\/instagram.com\/ifnorvege"]}]}},"_links":{"self":[{"href":"https:\/\/www.france.no\/no\/wp-json\/wp\/v2\/pages\/229","targetHints":{"allow":["GET"]}}],"collection":[{"href":"https:\/\/www.france.no\/no\/wp-json\/wp\/v2\/pages"}],"about":[{"href":"https:\/\/www.france.no\/no\/wp-json\/wp\/v2\/types\/page"}],"author":[{"embeddable":true,"href":"https:\/\/www.france.no\/no\/wp-json\/wp\/v2\/users\/6"}],"replies":[{"embeddable":true,"href":"https:\/\/www.france.no\/no\/wp-json\/wp\/v2\/comments?post=229"}],"version-history":[{"count":12,"href":"https:\/\/www.france.no\/no\/wp-json\/wp\/v2\/pages\/229\/revisions"}],"predecessor-version":[{"id":22757,"href":"https:\/\/www.france.no\/no\/wp-json\/wp\/v2\/pages\/229\/revisions\/22757"}],"wp:attachment":[{"href":"https:\/\/www.france.no\/no\/wp-json\/wp\/v2\/media?parent=229"}],"wp:term":[{"taxonomy":"category","embeddable":true,"href":"https:\/\/www.france.no\/no\/wp-json\/wp\/v2\/categories?post=229"}],"curies":[{"name":"wp","href":"https:\/\/api.w.org\/{rel}","templated":true}]}}