{"id":2294,"date":"2022-12-15T14:14:37","date_gmt":"2022-12-15T13:14:37","guid":{"rendered":"https:\/\/www.france.no\/?page_id=2294"},"modified":"2024-10-22T17:12:27","modified_gmt":"2024-10-22T15:12:27","slug":"pedagogiske-ressurser","status":"publish","type":"page","link":"https:\/\/www.france.no\/no\/utdanning-og-fransk-sprak\/kurs-for-fransklaerere\/pedagogiske-ressurser\/","title":{"rendered":"Pedagogiske ressurser"},"content":{"rendered":"\n<div class=\"wp-block-media-text is-stacked-on-mobile\"><figure class=\"wp-block-media-text__media\"><img loading=\"lazy\" decoding=\"async\" width=\"490\" height=\"720\" src=\"https:\/\/www.france.no\/wp-content\/uploads\/2024\/10\/ifprofs_affiche_a4_1_720.png\" alt=\"\" class=\"wp-image-9294 size-full\" srcset=\"https:\/\/www.france.no\/wp-content\/uploads\/2024\/10\/ifprofs_affiche_a4_1_720.png 490w, https:\/\/www.france.no\/wp-content\/uploads\/2024\/10\/ifprofs_affiche_a4_1_720-204x300.png 204w\" sizes=\"auto, (max-width: 490px) 100vw, 490px\" \/><\/figure><div class=\"wp-block-media-text__content\">\n<p><a href=\"https:\/\/ifprofs.org\/\" target=\"_blank\" rel=\"noreferrer noopener\">IFprofs Norv\u00e8ge<\/a> er en ressursplattform for franskl\u00e6rere i Norge, lansert av Institut fran\u00e7ais. Her kan l\u00e6rere finne gratis undervisningsmateriell, delta i nettbaserte kurs, og utveksle erfaringer. Plattformen gir ogs\u00e5 mulighet til \u00e5 dele og sertifisere egne undervisningsressurser.<\/p>\n<\/div><\/div>\n\n\n\n<div class=\"wp-block-media-text is-stacked-on-mobile\"><figure class=\"wp-block-media-text__media\"><img decoding=\"async\" src=\"https:\/\/www.france.no\/wp-content\/uploads\/2022\/12\/facebook.png\" alt=\"\"\/><\/figure><div class=\"wp-block-media-text__content\">\n<p><a href=\"https:\/\/www.france.no\/no\/2023\/utdanning-og-fransk-sprak\/explora-linguae\/\">Explora Linguae<\/a> er et escape room-spill utviklet av Institut fran\u00e7ais du Danemark i samarbeid med de franske instituttene i Estland, Finland, Norge og Sverige.&nbsp;<\/p>\n<\/div><\/div>\n","protected":false},"excerpt":{"rendered":"<p>IFprofs Norv\u00e8ge er en ressursplattform for franskl\u00e6rere i Norge, lansert av Institut fran\u00e7ais. Her kan l\u00e6rere finne gratis undervisningsmateriell, delta i nettbaserte kurs, og utveksle erfaringer. Plattformen gir ogs\u00e5 mulighet til \u00e5 dele og sertifisere egne undervisningsressurser. Explora Linguae er et escape room-spill utviklet av Institut fran\u00e7ais du Danemark i samarbeid med de franske instituttene [&hellip;]<\/p>\n","protected":false},"author":1,"featured_media":0,"parent":432,"menu_order":0,"comment_status":"closed","ping_status":"closed","template":"","meta":{"footnotes":""},"categories":[13],"class_list":["post-2294","page","type-page","status-publish","hentry","category-utdanning-og-fransk-sprak","no-media"],"yoast_head":"<!-- This site is optimized with the Yoast SEO plugin v27.6 - https:\/\/yoast.com\/product\/yoast-seo-wordpress\/ -->\n<title>Pedagogiske ressurser - Institut fran\u00e7ais<\/title>\n<meta name=\"robots\" content=\"index, follow, max-snippet:-1, max-image-preview:large, max-video-preview:-1\" \/>\n<link rel=\"canonical\" href=\"https:\/\/www.france.no\/no\/utdanning-og-fransk-sprak\/kurs-for-fransklaerere\/pedagogiske-ressurser\/\" \/>\n<meta property=\"og:locale\" content=\"nb_NO\" \/>\n<meta property=\"og:type\" content=\"article\" \/>\n<meta property=\"og:title\" content=\"Pedagogiske ressurser - Institut fran\u00e7ais\" \/>\n<meta property=\"og:description\" content=\"IFprofs Norv\u00e8ge er en ressursplattform for franskl\u00e6rere i Norge, lansert av Institut fran\u00e7ais. Her kan l\u00e6rere finne gratis undervisningsmateriell, delta i nettbaserte kurs, og utveksle erfaringer. Plattformen gir ogs\u00e5 mulighet til \u00e5 dele og sertifisere egne undervisningsressurser. Explora Linguae er et escape room-spill utviklet av Institut fran\u00e7ais du Danemark i samarbeid med de franske instituttene [&hellip;]\" \/>\n<meta property=\"og:url\" content=\"https:\/\/www.france.no\/no\/utdanning-og-fransk-sprak\/kurs-for-fransklaerere\/pedagogiske-ressurser\/\" \/>\n<meta property=\"og:site_name\" content=\"Institut fran\u00e7ais\" \/>\n<meta property=\"article:publisher\" content=\"https:\/\/www.facebook.com\/institutfrancaisoslo\" \/>\n<meta property=\"article:modified_time\" content=\"2024-10-22T15:12:27+00:00\" \/>\n<meta property=\"og:image\" content=\"https:\/\/www.france.no\/wp-content\/uploads\/2024\/10\/ifprofs_affiche_a4_1_720.png\" \/>\n<meta name=\"twitter:card\" content=\"summary_large_image\" \/>\n<meta name=\"twitter:site\" content=\"@ifnorvege\" \/>\n<meta name=\"twitter:label1\" content=\"Ansl. lesetid\" \/>\n\t<meta name=\"twitter:data1\" content=\"1 minutt\" \/>\n<script type=\"application\/ld+json\" class=\"yoast-schema-graph\">{\"@context\":\"https:\\\/\\\/schema.org\",\"@graph\":[{\"@type\":\"WebPage\",\"@id\":\"https:\\\/\\\/www.france.no\\\/no\\\/utdanning-og-fransk-sprak\\\/kurs-for-fransklaerere\\\/pedagogiske-ressurser\\\/\",\"url\":\"https:\\\/\\\/www.france.no\\\/no\\\/utdanning-og-fransk-sprak\\\/kurs-for-fransklaerere\\\/pedagogiske-ressurser\\\/\",\"name\":\"Pedagogiske ressurser - Institut fran\u00e7ais\",\"isPartOf\":{\"@id\":\"https:\\\/\\\/www.france.no\\\/no\\\/#website\"},\"primaryImageOfPage\":{\"@id\":\"https:\\\/\\\/www.france.no\\\/no\\\/utdanning-og-fransk-sprak\\\/kurs-for-fransklaerere\\\/pedagogiske-ressurser\\\/#primaryimage\"},\"image\":{\"@id\":\"https:\\\/\\\/www.france.no\\\/no\\\/utdanning-og-fransk-sprak\\\/kurs-for-fransklaerere\\\/pedagogiske-ressurser\\\/#primaryimage\"},\"thumbnailUrl\":\"https:\\\/\\\/www.france.no\\\/wp-content\\\/uploads\\\/2024\\\/10\\\/ifprofs_affiche_a4_1_720.png\",\"datePublished\":\"2022-12-15T13:14:37+00:00\",\"dateModified\":\"2024-10-22T15:12:27+00:00\",\"breadcrumb\":{\"@id\":\"https:\\\/\\\/www.france.no\\\/no\\\/utdanning-og-fransk-sprak\\\/kurs-for-fransklaerere\\\/pedagogiske-ressurser\\\/#breadcrumb\"},\"inLanguage\":\"nb-NO\",\"potentialAction\":[{\"@type\":\"ReadAction\",\"target\":[\"https:\\\/\\\/www.france.no\\\/no\\\/utdanning-og-fransk-sprak\\\/kurs-for-fransklaerere\\\/pedagogiske-ressurser\\\/\"]}]},{\"@type\":\"ImageObject\",\"inLanguage\":\"nb-NO\",\"@id\":\"https:\\\/\\\/www.france.no\\\/no\\\/utdanning-og-fransk-sprak\\\/kurs-for-fransklaerere\\\/pedagogiske-ressurser\\\/#primaryimage\",\"url\":\"https:\\\/\\\/www.france.no\\\/wp-content\\\/uploads\\\/2024\\\/10\\\/ifprofs_affiche_a4_1_720.png\",\"contentUrl\":\"https:\\\/\\\/www.france.no\\\/wp-content\\\/uploads\\\/2024\\\/10\\\/ifprofs_affiche_a4_1_720.png\"},{\"@type\":\"BreadcrumbList\",\"@id\":\"https:\\\/\\\/www.france.no\\\/no\\\/utdanning-og-fransk-sprak\\\/kurs-for-fransklaerere\\\/pedagogiske-ressurser\\\/#breadcrumb\",\"itemListElement\":[{\"@type\":\"ListItem\",\"position\":1,\"name\":\"\",\"item\":\"https:\\\/\\\/www.france.no\\\/no\\\/\"},{\"@type\":\"ListItem\",\"position\":2,\"name\":\"Utdanning og fransk spr\u00e5k\",\"item\":\"https:\\\/\\\/www.france.no\\\/no\\\/utdanning-og-fransk-sprak\\\/\"},{\"@type\":\"ListItem\",\"position\":3,\"name\":\"Kurs for franskl\u00e6rere\",\"item\":\"https:\\\/\\\/www.france.no\\\/no\\\/utdanning-og-fransk-sprak\\\/kurs-for-fransklaerere\\\/\"},{\"@type\":\"ListItem\",\"position\":4,\"name\":\"Pedagogiske ressurser\"}]},{\"@type\":\"WebSite\",\"@id\":\"https:\\\/\\\/www.france.no\\\/no\\\/#website\",\"url\":\"https:\\\/\\\/www.france.no\\\/no\\\/\",\"name\":\"Institut fran\u00e7ais\",\"description\":\"Norv\u00e8ge\",\"publisher\":{\"@id\":\"https:\\\/\\\/www.france.no\\\/no\\\/#organization\"},\"potentialAction\":[{\"@type\":\"SearchAction\",\"target\":{\"@type\":\"EntryPoint\",\"urlTemplate\":\"https:\\\/\\\/www.france.no\\\/no\\\/?s={search_term_string}\"},\"query-input\":{\"@type\":\"PropertyValueSpecification\",\"valueRequired\":true,\"valueName\":\"search_term_string\"}}],\"inLanguage\":\"nb-NO\"},{\"@type\":\"Organization\",\"@id\":\"https:\\\/\\\/www.france.no\\\/no\\\/#organization\",\"name\":\"Institut fran\u00e7ais\",\"url\":\"https:\\\/\\\/www.france.no\\\/no\\\/\",\"logo\":{\"@type\":\"ImageObject\",\"inLanguage\":\"nb-NO\",\"@id\":\"https:\\\/\\\/www.france.no\\\/no\\\/#\\\/schema\\\/logo\\\/image\\\/\",\"url\":\"https:\\\/\\\/www.france.no\\\/wp-content\\\/uploads\\\/2022\\\/11\\\/IF_Logo_Sans_Bleu_RVB.png\",\"contentUrl\":\"https:\\\/\\\/www.france.no\\\/wp-content\\\/uploads\\\/2022\\\/11\\\/IF_Logo_Sans_Bleu_RVB.png\",\"width\":852,\"height\":591,\"caption\":\"Institut fran\u00e7ais\"},\"image\":{\"@id\":\"https:\\\/\\\/www.france.no\\\/no\\\/#\\\/schema\\\/logo\\\/image\\\/\"},\"sameAs\":[\"https:\\\/\\\/www.facebook.com\\\/institutfrancaisoslo\",\"https:\\\/\\\/x.com\\\/ifnorvege\",\"https:\\\/\\\/instagram.com\\\/ifnorvege\"]}]}<\/script>\n<!-- \/ Yoast SEO plugin. -->","yoast_head_json":{"title":"Pedagogiske ressurser - Institut fran\u00e7ais","robots":{"index":"index","follow":"follow","max-snippet":"max-snippet:-1","max-image-preview":"max-image-preview:large","max-video-preview":"max-video-preview:-1"},"canonical":"https:\/\/www.france.no\/no\/utdanning-og-fransk-sprak\/kurs-for-fransklaerere\/pedagogiske-ressurser\/","og_locale":"nb_NO","og_type":"article","og_title":"Pedagogiske ressurser - Institut fran\u00e7ais","og_description":"IFprofs Norv\u00e8ge er en ressursplattform for franskl\u00e6rere i Norge, lansert av Institut fran\u00e7ais. Her kan l\u00e6rere finne gratis undervisningsmateriell, delta i nettbaserte kurs, og utveksle erfaringer. Plattformen gir ogs\u00e5 mulighet til \u00e5 dele og sertifisere egne undervisningsressurser. Explora Linguae er et escape room-spill utviklet av Institut fran\u00e7ais du Danemark i samarbeid med de franske instituttene [&hellip;]","og_url":"https:\/\/www.france.no\/no\/utdanning-og-fransk-sprak\/kurs-for-fransklaerere\/pedagogiske-ressurser\/","og_site_name":"Institut fran\u00e7ais","article_publisher":"https:\/\/www.facebook.com\/institutfrancaisoslo","article_modified_time":"2024-10-22T15:12:27+00:00","og_image":[{"url":"https:\/\/www.france.no\/wp-content\/uploads\/2024\/10\/ifprofs_affiche_a4_1_720.png","type":"","width":"","height":""}],"twitter_card":"summary_large_image","twitter_site":"@ifnorvege","twitter_misc":{"Ansl. lesetid":"1 minutt"},"schema":{"@context":"https:\/\/schema.org","@graph":[{"@type":"WebPage","@id":"https:\/\/www.france.no\/no\/utdanning-og-fransk-sprak\/kurs-for-fransklaerere\/pedagogiske-ressurser\/","url":"https:\/\/www.france.no\/no\/utdanning-og-fransk-sprak\/kurs-for-fransklaerere\/pedagogiske-ressurser\/","name":"Pedagogiske ressurser - Institut fran\u00e7ais","isPartOf":{"@id":"https:\/\/www.france.no\/no\/#website"},"primaryImageOfPage":{"@id":"https:\/\/www.france.no\/no\/utdanning-og-fransk-sprak\/kurs-for-fransklaerere\/pedagogiske-ressurser\/#primaryimage"},"image":{"@id":"https:\/\/www.france.no\/no\/utdanning-og-fransk-sprak\/kurs-for-fransklaerere\/pedagogiske-ressurser\/#primaryimage"},"thumbnailUrl":"https:\/\/www.france.no\/wp-content\/uploads\/2024\/10\/ifprofs_affiche_a4_1_720.png","datePublished":"2022-12-15T13:14:37+00:00","dateModified":"2024-10-22T15:12:27+00:00","breadcrumb":{"@id":"https:\/\/www.france.no\/no\/utdanning-og-fransk-sprak\/kurs-for-fransklaerere\/pedagogiske-ressurser\/#breadcrumb"},"inLanguage":"nb-NO","potentialAction":[{"@type":"ReadAction","target":["https:\/\/www.france.no\/no\/utdanning-og-fransk-sprak\/kurs-for-fransklaerere\/pedagogiske-ressurser\/"]}]},{"@type":"ImageObject","inLanguage":"nb-NO","@id":"https:\/\/www.france.no\/no\/utdanning-og-fransk-sprak\/kurs-for-fransklaerere\/pedagogiske-ressurser\/#primaryimage","url":"https:\/\/www.france.no\/wp-content\/uploads\/2024\/10\/ifprofs_affiche_a4_1_720.png","contentUrl":"https:\/\/www.france.no\/wp-content\/uploads\/2024\/10\/ifprofs_affiche_a4_1_720.png"},{"@type":"BreadcrumbList","@id":"https:\/\/www.france.no\/no\/utdanning-og-fransk-sprak\/kurs-for-fransklaerere\/pedagogiske-ressurser\/#breadcrumb","itemListElement":[{"@type":"ListItem","position":1,"name":"","item":"https:\/\/www.france.no\/no\/"},{"@type":"ListItem","position":2,"name":"Utdanning og fransk spr\u00e5k","item":"https:\/\/www.france.no\/no\/utdanning-og-fransk-sprak\/"},{"@type":"ListItem","position":3,"name":"Kurs for franskl\u00e6rere","item":"https:\/\/www.france.no\/no\/utdanning-og-fransk-sprak\/kurs-for-fransklaerere\/"},{"@type":"ListItem","position":4,"name":"Pedagogiske ressurser"}]},{"@type":"WebSite","@id":"https:\/\/www.france.no\/no\/#website","url":"https:\/\/www.france.no\/no\/","name":"Institut fran\u00e7ais","description":"Norv\u00e8ge","publisher":{"@id":"https:\/\/www.france.no\/no\/#organization"},"potentialAction":[{"@type":"SearchAction","target":{"@type":"EntryPoint","urlTemplate":"https:\/\/www.france.no\/no\/?s={search_term_string}"},"query-input":{"@type":"PropertyValueSpecification","valueRequired":true,"valueName":"search_term_string"}}],"inLanguage":"nb-NO"},{"@type":"Organization","@id":"https:\/\/www.france.no\/no\/#organization","name":"Institut fran\u00e7ais","url":"https:\/\/www.france.no\/no\/","logo":{"@type":"ImageObject","inLanguage":"nb-NO","@id":"https:\/\/www.france.no\/no\/#\/schema\/logo\/image\/","url":"https:\/\/www.france.no\/wp-content\/uploads\/2022\/11\/IF_Logo_Sans_Bleu_RVB.png","contentUrl":"https:\/\/www.france.no\/wp-content\/uploads\/2022\/11\/IF_Logo_Sans_Bleu_RVB.png","width":852,"height":591,"caption":"Institut fran\u00e7ais"},"image":{"@id":"https:\/\/www.france.no\/no\/#\/schema\/logo\/image\/"},"sameAs":["https:\/\/www.facebook.com\/institutfrancaisoslo","https:\/\/x.com\/ifnorvege","https:\/\/instagram.com\/ifnorvege"]}]}},"_links":{"self":[{"href":"https:\/\/www.france.no\/no\/wp-json\/wp\/v2\/pages\/2294","targetHints":{"allow":["GET"]}}],"collection":[{"href":"https:\/\/www.france.no\/no\/wp-json\/wp\/v2\/pages"}],"about":[{"href":"https:\/\/www.france.no\/no\/wp-json\/wp\/v2\/types\/page"}],"author":[{"embeddable":true,"href":"https:\/\/www.france.no\/no\/wp-json\/wp\/v2\/users\/1"}],"replies":[{"embeddable":true,"href":"https:\/\/www.france.no\/no\/wp-json\/wp\/v2\/comments?post=2294"}],"version-history":[{"count":18,"href":"https:\/\/www.france.no\/no\/wp-json\/wp\/v2\/pages\/2294\/revisions"}],"predecessor-version":[{"id":9301,"href":"https:\/\/www.france.no\/no\/wp-json\/wp\/v2\/pages\/2294\/revisions\/9301"}],"up":[{"embeddable":true,"href":"https:\/\/www.france.no\/no\/wp-json\/wp\/v2\/pages\/432"}],"wp:attachment":[{"href":"https:\/\/www.france.no\/no\/wp-json\/wp\/v2\/media?parent=2294"}],"wp:term":[{"taxonomy":"category","embeddable":true,"href":"https:\/\/www.france.no\/no\/wp-json\/wp\/v2\/categories?post=2294"}],"curies":[{"name":"wp","href":"https:\/\/api.w.org\/{rel}","templated":true}]}}