{"id":235,"date":"2022-02-01T15:20:03","date_gmt":"2022-02-01T14:20:03","guid":{"rendered":"https:\/\/www.france.no\/?page_id=235"},"modified":"2024-11-07T12:15:08","modified_gmt":"2024-11-07T11:15:08","slug":"for-profesjonelle","status":"publish","type":"page","link":"https:\/\/www.france.no\/no\/kultur\/for-profesjonelle\/","title":{"rendered":"For profesjonelle"},"content":{"rendered":"\n<p>Denne siden retter seg mot profesjonelle innen kunst- og kulturfeltet.<\/p>\n\n\n\n<p>Institut fran\u00e7ais de Norv\u00e8ge (IFN) st\u00f8tter akt\u00f8rer innen kulturfeltet og andre kreative felt. PAP-programmet er rettet mot publisering av franskspr\u00e5klig litteratur p\u00e5 norsk, FOCUS-programmet gjelder mobilitet for profesjonelle og kunstnerresidensprogrammene gjelder residens for kunstnere i Norge eller i Frankrike.<\/p>\n","protected":false},"excerpt":{"rendered":"<p>Denne siden retter seg mot profesjonelle innen kunst- og kulturfeltet. Institut fran\u00e7ais de Norv\u00e8ge (IFN) st\u00f8tter akt\u00f8rer innen kulturfeltet og andre kreative felt. PAP-programmet er rettet mot publisering av franskspr\u00e5klig litteratur p\u00e5 norsk, FOCUS-programmet gjelder mobilitet for profesjonelle og kunstnerresidensprogrammene gjelder residens for kunstnere i Norge eller i Frankrike.<\/p>\n","protected":false},"author":6,"featured_media":0,"parent":229,"menu_order":2,"comment_status":"closed","ping_status":"closed","template":"","meta":{"footnotes":""},"categories":[5],"class_list":["post-235","page","type-page","status-publish","hentry","category-kultur","no-media"],"yoast_head":"<!-- This site is optimized with the Yoast SEO plugin v27.5 - https:\/\/yoast.com\/product\/yoast-seo-wordpress\/ -->\n<title>For profesjonelle - Institut fran\u00e7ais<\/title>\n<meta name=\"robots\" content=\"index, follow, max-snippet:-1, max-image-preview:large, max-video-preview:-1\" \/>\n<link rel=\"canonical\" href=\"https:\/\/www.france.no\/no\/kultur\/for-profesjonelle\/\" \/>\n<meta property=\"og:locale\" content=\"nb_NO\" \/>\n<meta property=\"og:type\" content=\"article\" \/>\n<meta property=\"og:title\" content=\"For profesjonelle - Institut fran\u00e7ais\" \/>\n<meta property=\"og:description\" content=\"Denne siden retter seg mot profesjonelle innen kunst- og kulturfeltet. Institut fran\u00e7ais de Norv\u00e8ge (IFN) st\u00f8tter akt\u00f8rer innen kulturfeltet og andre kreative felt. PAP-programmet er rettet mot publisering av franskspr\u00e5klig litteratur p\u00e5 norsk, FOCUS-programmet gjelder mobilitet for profesjonelle og kunstnerresidensprogrammene gjelder residens for kunstnere i Norge eller i Frankrike.\" \/>\n<meta property=\"og:url\" content=\"https:\/\/www.france.no\/no\/kultur\/for-profesjonelle\/\" \/>\n<meta property=\"og:site_name\" content=\"Institut fran\u00e7ais\" \/>\n<meta property=\"article:publisher\" content=\"https:\/\/www.facebook.com\/institutfrancaisoslo\" \/>\n<meta property=\"article:modified_time\" content=\"2024-11-07T11:15:08+00:00\" \/>\n<meta property=\"og:image\" content=\"https:\/\/www.france.no\/wp-content\/uploads\/2022\/01\/IFN-logo.png\" \/>\n\t<meta property=\"og:image:width\" content=\"946\" \/>\n\t<meta property=\"og:image:height\" content=\"546\" \/>\n\t<meta property=\"og:image:type\" content=\"image\/png\" \/>\n<meta name=\"twitter:card\" content=\"summary_large_image\" \/>\n<meta name=\"twitter:site\" content=\"@ifnorvege\" \/>\n<meta name=\"twitter:label1\" content=\"Ansl. lesetid\" \/>\n\t<meta name=\"twitter:data1\" content=\"1 minutt\" \/>\n<script type=\"application\/ld+json\" class=\"yoast-schema-graph\">{\"@context\":\"https:\\\/\\\/schema.org\",\"@graph\":[{\"@type\":\"WebPage\",\"@id\":\"https:\\\/\\\/www.france.no\\\/no\\\/kultur\\\/for-profesjonelle\\\/\",\"url\":\"https:\\\/\\\/www.france.no\\\/no\\\/kultur\\\/for-profesjonelle\\\/\",\"name\":\"For profesjonelle - Institut fran\u00e7ais\",\"isPartOf\":{\"@id\":\"https:\\\/\\\/www.france.no\\\/no\\\/#website\"},\"datePublished\":\"2022-02-01T14:20:03+00:00\",\"dateModified\":\"2024-11-07T11:15:08+00:00\",\"breadcrumb\":{\"@id\":\"https:\\\/\\\/www.france.no\\\/no\\\/kultur\\\/for-profesjonelle\\\/#breadcrumb\"},\"inLanguage\":\"nb-NO\",\"potentialAction\":[{\"@type\":\"ReadAction\",\"target\":[\"https:\\\/\\\/www.france.no\\\/no\\\/kultur\\\/for-profesjonelle\\\/\"]}]},{\"@type\":\"BreadcrumbList\",\"@id\":\"https:\\\/\\\/www.france.no\\\/no\\\/kultur\\\/for-profesjonelle\\\/#breadcrumb\",\"itemListElement\":[{\"@type\":\"ListItem\",\"position\":1,\"name\":\"\",\"item\":\"https:\\\/\\\/www.france.no\\\/no\\\/\"},{\"@type\":\"ListItem\",\"position\":2,\"name\":\"Kultur\",\"item\":\"https:\\\/\\\/www.france.no\\\/no\\\/kultur\\\/\"},{\"@type\":\"ListItem\",\"position\":3,\"name\":\"For profesjonelle\"}]},{\"@type\":\"WebSite\",\"@id\":\"https:\\\/\\\/www.france.no\\\/no\\\/#website\",\"url\":\"https:\\\/\\\/www.france.no\\\/no\\\/\",\"name\":\"Institut fran\u00e7ais\",\"description\":\"Norv\u00e8ge\",\"publisher\":{\"@id\":\"https:\\\/\\\/www.france.no\\\/no\\\/#organization\"},\"potentialAction\":[{\"@type\":\"SearchAction\",\"target\":{\"@type\":\"EntryPoint\",\"urlTemplate\":\"https:\\\/\\\/www.france.no\\\/no\\\/?s={search_term_string}\"},\"query-input\":{\"@type\":\"PropertyValueSpecification\",\"valueRequired\":true,\"valueName\":\"search_term_string\"}}],\"inLanguage\":\"nb-NO\"},{\"@type\":\"Organization\",\"@id\":\"https:\\\/\\\/www.france.no\\\/no\\\/#organization\",\"name\":\"Institut fran\u00e7ais\",\"url\":\"https:\\\/\\\/www.france.no\\\/no\\\/\",\"logo\":{\"@type\":\"ImageObject\",\"inLanguage\":\"nb-NO\",\"@id\":\"https:\\\/\\\/www.france.no\\\/no\\\/#\\\/schema\\\/logo\\\/image\\\/\",\"url\":\"https:\\\/\\\/www.france.no\\\/wp-content\\\/uploads\\\/2022\\\/11\\\/IF_Logo_Sans_Bleu_RVB.png\",\"contentUrl\":\"https:\\\/\\\/www.france.no\\\/wp-content\\\/uploads\\\/2022\\\/11\\\/IF_Logo_Sans_Bleu_RVB.png\",\"width\":852,\"height\":591,\"caption\":\"Institut fran\u00e7ais\"},\"image\":{\"@id\":\"https:\\\/\\\/www.france.no\\\/no\\\/#\\\/schema\\\/logo\\\/image\\\/\"},\"sameAs\":[\"https:\\\/\\\/www.facebook.com\\\/institutfrancaisoslo\",\"https:\\\/\\\/x.com\\\/ifnorvege\",\"https:\\\/\\\/instagram.com\\\/ifnorvege\"]}]}<\/script>\n<!-- \/ Yoast SEO plugin. -->","yoast_head_json":{"title":"For profesjonelle - Institut fran\u00e7ais","robots":{"index":"index","follow":"follow","max-snippet":"max-snippet:-1","max-image-preview":"max-image-preview:large","max-video-preview":"max-video-preview:-1"},"canonical":"https:\/\/www.france.no\/no\/kultur\/for-profesjonelle\/","og_locale":"nb_NO","og_type":"article","og_title":"For profesjonelle - Institut fran\u00e7ais","og_description":"Denne siden retter seg mot profesjonelle innen kunst- og kulturfeltet. Institut fran\u00e7ais de Norv\u00e8ge (IFN) st\u00f8tter akt\u00f8rer innen kulturfeltet og andre kreative felt. PAP-programmet er rettet mot publisering av franskspr\u00e5klig litteratur p\u00e5 norsk, FOCUS-programmet gjelder mobilitet for profesjonelle og kunstnerresidensprogrammene gjelder residens for kunstnere i Norge eller i Frankrike.","og_url":"https:\/\/www.france.no\/no\/kultur\/for-profesjonelle\/","og_site_name":"Institut fran\u00e7ais","article_publisher":"https:\/\/www.facebook.com\/institutfrancaisoslo","article_modified_time":"2024-11-07T11:15:08+00:00","og_image":[{"width":946,"height":546,"url":"https:\/\/www.france.no\/wp-content\/uploads\/2022\/01\/IFN-logo.png","type":"image\/png"}],"twitter_card":"summary_large_image","twitter_site":"@ifnorvege","twitter_misc":{"Ansl. lesetid":"1 minutt"},"schema":{"@context":"https:\/\/schema.org","@graph":[{"@type":"WebPage","@id":"https:\/\/www.france.no\/no\/kultur\/for-profesjonelle\/","url":"https:\/\/www.france.no\/no\/kultur\/for-profesjonelle\/","name":"For profesjonelle - Institut fran\u00e7ais","isPartOf":{"@id":"https:\/\/www.france.no\/no\/#website"},"datePublished":"2022-02-01T14:20:03+00:00","dateModified":"2024-11-07T11:15:08+00:00","breadcrumb":{"@id":"https:\/\/www.france.no\/no\/kultur\/for-profesjonelle\/#breadcrumb"},"inLanguage":"nb-NO","potentialAction":[{"@type":"ReadAction","target":["https:\/\/www.france.no\/no\/kultur\/for-profesjonelle\/"]}]},{"@type":"BreadcrumbList","@id":"https:\/\/www.france.no\/no\/kultur\/for-profesjonelle\/#breadcrumb","itemListElement":[{"@type":"ListItem","position":1,"name":"","item":"https:\/\/www.france.no\/no\/"},{"@type":"ListItem","position":2,"name":"Kultur","item":"https:\/\/www.france.no\/no\/kultur\/"},{"@type":"ListItem","position":3,"name":"For profesjonelle"}]},{"@type":"WebSite","@id":"https:\/\/www.france.no\/no\/#website","url":"https:\/\/www.france.no\/no\/","name":"Institut fran\u00e7ais","description":"Norv\u00e8ge","publisher":{"@id":"https:\/\/www.france.no\/no\/#organization"},"potentialAction":[{"@type":"SearchAction","target":{"@type":"EntryPoint","urlTemplate":"https:\/\/www.france.no\/no\/?s={search_term_string}"},"query-input":{"@type":"PropertyValueSpecification","valueRequired":true,"valueName":"search_term_string"}}],"inLanguage":"nb-NO"},{"@type":"Organization","@id":"https:\/\/www.france.no\/no\/#organization","name":"Institut fran\u00e7ais","url":"https:\/\/www.france.no\/no\/","logo":{"@type":"ImageObject","inLanguage":"nb-NO","@id":"https:\/\/www.france.no\/no\/#\/schema\/logo\/image\/","url":"https:\/\/www.france.no\/wp-content\/uploads\/2022\/11\/IF_Logo_Sans_Bleu_RVB.png","contentUrl":"https:\/\/www.france.no\/wp-content\/uploads\/2022\/11\/IF_Logo_Sans_Bleu_RVB.png","width":852,"height":591,"caption":"Institut fran\u00e7ais"},"image":{"@id":"https:\/\/www.france.no\/no\/#\/schema\/logo\/image\/"},"sameAs":["https:\/\/www.facebook.com\/institutfrancaisoslo","https:\/\/x.com\/ifnorvege","https:\/\/instagram.com\/ifnorvege"]}]}},"_links":{"self":[{"href":"https:\/\/www.france.no\/no\/wp-json\/wp\/v2\/pages\/235","targetHints":{"allow":["GET"]}}],"collection":[{"href":"https:\/\/www.france.no\/no\/wp-json\/wp\/v2\/pages"}],"about":[{"href":"https:\/\/www.france.no\/no\/wp-json\/wp\/v2\/types\/page"}],"author":[{"embeddable":true,"href":"https:\/\/www.france.no\/no\/wp-json\/wp\/v2\/users\/6"}],"replies":[{"embeddable":true,"href":"https:\/\/www.france.no\/no\/wp-json\/wp\/v2\/comments?post=235"}],"version-history":[{"count":2,"href":"https:\/\/www.france.no\/no\/wp-json\/wp\/v2\/pages\/235\/revisions"}],"predecessor-version":[{"id":2690,"href":"https:\/\/www.france.no\/no\/wp-json\/wp\/v2\/pages\/235\/revisions\/2690"}],"up":[{"embeddable":true,"href":"https:\/\/www.france.no\/no\/wp-json\/wp\/v2\/pages\/229"}],"wp:attachment":[{"href":"https:\/\/www.france.no\/no\/wp-json\/wp\/v2\/media?parent=235"}],"wp:term":[{"taxonomy":"category","embeddable":true,"href":"https:\/\/www.france.no\/no\/wp-json\/wp\/v2\/categories?post=235"}],"curies":[{"name":"wp","href":"https:\/\/api.w.org\/{rel}","templated":true}]}}