{"id":244,"date":"2022-02-01T15:21:50","date_gmt":"2022-02-01T14:21:50","guid":{"rendered":"https:\/\/www.france.no\/?page_id=244"},"modified":"2026-04-10T10:46:33","modified_gmt":"2026-04-10T08:46:33","slug":"kunstnerresidenser","status":"publish","type":"page","link":"https:\/\/www.france.no\/no\/kultur\/for-profesjonelle\/kunstnerresidenser\/","title":{"rendered":"Kunstnerresidenser"},"content":{"rendered":"\n<p><em>Residensprogrammer driftet av Institut fran\u00e7ais de Paris.<\/em><\/p>\n\n\n\n<p>Residensprogrammene til <a href=\"https:\/\/www.institutfrancais.com\/en\" target=\"_blank\" rel=\"noreferrer noopener\">Institut fran\u00e7ais de Paris<\/a> har som m\u00e5l \u00e5 fremme mobilitet og dialog mellom kunstnere og forskjellige kulturer i Frankrike, i Europa og i verden.<\/p>\n\n\n\n<p>Hvert andre \u00e5r deler Institut fran\u00e7ais de Norv\u00e8ge <em>Le Prix fran\u00e7ais<\/em> til en norsk kunstner som stiller ut p\u00e5 <a href=\"https:\/\/www.hostutstillingen.no\/2023\/\" target=\"_blank\" rel=\"noreferrer noopener\">H\u00f8stutstillingen<\/a>. En fransk kunstekspert med i juryen. Vinneren av prisen f\u00e5r et 3 m\u00e5neders opphold p\u00e5 <em>Cit\u00e9 internationale des arts<\/em> i Paris.<\/p>\n\n\n\n<p>Den franske prisen 2025 ble tildelt <a href=\"https:\/\/www.elinebenjaminsen.com\/\" target=\"_blank\" rel=\"noreferrer noopener\">Eline Benjaminsen<\/a> for verket \u00ab<a href=\"https:\/\/www.hostutstillingen.no\/2025\/eline-benjaminsen-elias-kimaiyo\/\" target=\"_blank\" rel=\"noreferrer noopener\">Footprints in the valley<\/a>\u00bb, som ble stilt ut i forbindelse med <strong><em>H\u00f8stutstillingen 2025<\/em><\/strong> i <em>Kunstnernes Hus<\/em> i Oslo.<\/p>\n\n\n<div class=\"wp-block-image\">\n<figure class=\"aligncenter size-large is-resized\"><img loading=\"lazy\" decoding=\"async\" width=\"757\" height=\"1024\" src=\"https:\/\/www.france.no\/wp-content\/uploads\/2026\/04\/Prix-francais-5-757x1024.jpg\" alt=\"\" class=\"wp-image-22778\" style=\"aspect-ratio:0.7392679278153345;width:282px;height:auto\" srcset=\"https:\/\/www.france.no\/wp-content\/uploads\/2026\/04\/Prix-francais-5-757x1024.jpg 757w, https:\/\/www.france.no\/wp-content\/uploads\/2026\/04\/Prix-francais-5-222x300.jpg 222w, https:\/\/www.france.no\/wp-content\/uploads\/2026\/04\/Prix-francais-5-768x1038.jpg 768w, https:\/\/www.france.no\/wp-content\/uploads\/2026\/04\/Prix-francais-5-1136x1536.jpg 1136w, https:\/\/www.france.no\/wp-content\/uploads\/2026\/04\/Prix-francais-5-1515x2048.jpg 1515w, https:\/\/www.france.no\/wp-content\/uploads\/2026\/04\/Prix-francais-5-1200x1623.jpg 1200w, https:\/\/www.france.no\/wp-content\/uploads\/2026\/04\/Prix-francais-5-scaled.jpg 1893w\" sizes=\"auto, (max-width: 757px) 100vw, 757px\" \/><figcaption class=\"wp-element-caption\"><br>Direkt\u00f8ren for L&#8217;Institut fran\u00e7ais de Norv\u00e8ge, Isabelle Desvignes, og vinneren av <em>Prix fran\u00e7ais 2025<\/em>, Eline Benjaminsen.<\/figcaption><\/figure>\n<\/div>\n\n\n<p>Det er hvert \u00e5r mulig <a href=\"https:\/\/www.institutfrancais.com\/en\/institut-francais\/programmes-and-projects\/the-cite-internationale-des-arts\" target=\"_blank\" rel=\"noreferrer noopener\">\u00e5 sende inn<\/a> en s\u00f8knad til <a href=\"https:\/\/www.citedesartsparis.net\/en\/\" target=\"_blank\" rel=\"noopener\">La Cit\u00e9 internationale des arts i Paris<\/a> for \u00e5 s\u00f8ke om opphold. For \u00e5 s\u00f8ke m\u00e5 du v\u00e6re en internasjonal kunstner bosatt utenfor Frankrike, og du m\u00e5 ha et kunstnerisk prosjekt du \u00f8nsker \u00e5 utvikle i l\u00f8pet av oppholdet i Paris, p\u00e5 en periode mellom 3 og 6 m\u00e5neder.<\/p>\n\n\n\n<ul class=\"wp-block-list\">\n<li>\n<h6>S\u00f8knadsfrist<\/h6>\n<\/li>\n<\/ul>\n\n\n\n<p>Informasjon kommer<\/p>\n\n\n\n<ul class=\"wp-block-list\">\n<li>\n<h6>Hvordan s\u00f8ke?<\/h6>\n<\/li>\n<\/ul>\n\n\n\n<p>Vennligst kontakt Institut fran\u00e7ais de Norv\u00e8ge sin kulturavdeling ved <a href=\"mailto:kultur@france.no\" target=\"_blank\" rel=\"noopener\">kultur@france.no<\/a><\/p>\n\n\n\n<ul class=\"wp-block-list\">\n<li><strong>Liste over residensprogrammer i Norge (ikke komplett)<\/strong><\/li>\n<\/ul>\n\n\n\n<iframe loading=\"lazy\" src=\"https:\/\/www.google.com\/maps\/d\/embed?mid=1WVntqko-uYLNf3weSG_54y0K9HRHNPM&#038;ehbc=2E312F\" width=\"640\" height=\"480\"><\/iframe>\n","protected":false},"excerpt":{"rendered":"<p>Residensprogrammer driftet av Institut fran\u00e7ais de Paris. Residensprogrammene til Institut fran\u00e7ais de Paris har som m\u00e5l \u00e5 fremme mobilitet og dialog mellom kunstnere og forskjellige kulturer i Frankrike, i Europa og i verden. Hvert andre \u00e5r deler Institut fran\u00e7ais de Norv\u00e8ge Le Prix fran\u00e7ais til en norsk kunstner som stiller ut p\u00e5 H\u00f8stutstillingen. En fransk [&hellip;]<\/p>\n","protected":false},"author":6,"featured_media":0,"parent":235,"menu_order":4,"comment_status":"closed","ping_status":"closed","template":"","meta":{"footnotes":""},"categories":[5],"class_list":["post-244","page","type-page","status-publish","hentry","category-kultur","no-media"],"yoast_head":"<!-- This site is optimized with the Yoast SEO plugin v27.5 - https:\/\/yoast.com\/product\/yoast-seo-wordpress\/ -->\n<title>Kunstnerresidenser - Institut fran\u00e7ais<\/title>\n<meta name=\"robots\" content=\"index, follow, max-snippet:-1, max-image-preview:large, max-video-preview:-1\" \/>\n<link rel=\"canonical\" href=\"https:\/\/www.france.no\/no\/kultur\/for-profesjonelle\/kunstnerresidenser\/\" \/>\n<meta property=\"og:locale\" content=\"nb_NO\" \/>\n<meta property=\"og:type\" content=\"article\" \/>\n<meta property=\"og:title\" content=\"Kunstnerresidenser - Institut fran\u00e7ais\" \/>\n<meta property=\"og:description\" content=\"Residensprogrammer driftet av Institut fran\u00e7ais de Paris. Residensprogrammene til Institut fran\u00e7ais de Paris har som m\u00e5l \u00e5 fremme mobilitet og dialog mellom kunstnere og forskjellige kulturer i Frankrike, i Europa og i verden. Hvert andre \u00e5r deler Institut fran\u00e7ais de Norv\u00e8ge Le Prix fran\u00e7ais til en norsk kunstner som stiller ut p\u00e5 H\u00f8stutstillingen. En fransk [&hellip;]\" \/>\n<meta property=\"og:url\" content=\"https:\/\/www.france.no\/no\/kultur\/for-profesjonelle\/kunstnerresidenser\/\" \/>\n<meta property=\"og:site_name\" content=\"Institut fran\u00e7ais\" \/>\n<meta property=\"article:publisher\" content=\"https:\/\/www.facebook.com\/institutfrancaisoslo\" \/>\n<meta property=\"article:modified_time\" content=\"2026-04-10T08:46:33+00:00\" \/>\n<meta property=\"og:image\" content=\"https:\/\/www.france.no\/wp-content\/uploads\/2026\/04\/Prix-francais-5-1098x617.jpg\" \/>\n\t<meta property=\"og:image:width\" content=\"1893\" \/>\n\t<meta property=\"og:image:height\" content=\"2560\" \/>\n\t<meta property=\"og:image:type\" content=\"image\/jpeg\" \/>\n<meta name=\"twitter:card\" content=\"summary_large_image\" \/>\n<meta name=\"twitter:site\" content=\"@ifnorvege\" \/>\n<meta name=\"twitter:label1\" content=\"Ansl. lesetid\" \/>\n\t<meta name=\"twitter:data1\" content=\"2 minutter\" \/>\n<script type=\"application\/ld+json\" class=\"yoast-schema-graph\">{\"@context\":\"https:\\\/\\\/schema.org\",\"@graph\":[{\"@type\":\"WebPage\",\"@id\":\"https:\\\/\\\/www.france.no\\\/no\\\/kultur\\\/for-profesjonelle\\\/kunstnerresidenser\\\/\",\"url\":\"https:\\\/\\\/www.france.no\\\/no\\\/kultur\\\/for-profesjonelle\\\/kunstnerresidenser\\\/\",\"name\":\"Kunstnerresidenser - Institut fran\u00e7ais\",\"isPartOf\":{\"@id\":\"https:\\\/\\\/www.france.no\\\/no\\\/#website\"},\"primaryImageOfPage\":{\"@id\":\"https:\\\/\\\/www.france.no\\\/no\\\/kultur\\\/for-profesjonelle\\\/kunstnerresidenser\\\/#primaryimage\"},\"image\":{\"@id\":\"https:\\\/\\\/www.france.no\\\/no\\\/kultur\\\/for-profesjonelle\\\/kunstnerresidenser\\\/#primaryimage\"},\"thumbnailUrl\":\"https:\\\/\\\/www.france.no\\\/wp-content\\\/uploads\\\/2026\\\/04\\\/Prix-francais-5-757x1024.jpg\",\"datePublished\":\"2022-02-01T14:21:50+00:00\",\"dateModified\":\"2026-04-10T08:46:33+00:00\",\"breadcrumb\":{\"@id\":\"https:\\\/\\\/www.france.no\\\/no\\\/kultur\\\/for-profesjonelle\\\/kunstnerresidenser\\\/#breadcrumb\"},\"inLanguage\":\"nb-NO\",\"potentialAction\":[{\"@type\":\"ReadAction\",\"target\":[\"https:\\\/\\\/www.france.no\\\/no\\\/kultur\\\/for-profesjonelle\\\/kunstnerresidenser\\\/\"]}]},{\"@type\":\"ImageObject\",\"inLanguage\":\"nb-NO\",\"@id\":\"https:\\\/\\\/www.france.no\\\/no\\\/kultur\\\/for-profesjonelle\\\/kunstnerresidenser\\\/#primaryimage\",\"url\":\"https:\\\/\\\/www.france.no\\\/wp-content\\\/uploads\\\/2026\\\/04\\\/Prix-francais-5-757x1024.jpg\",\"contentUrl\":\"https:\\\/\\\/www.france.no\\\/wp-content\\\/uploads\\\/2026\\\/04\\\/Prix-francais-5-757x1024.jpg\"},{\"@type\":\"BreadcrumbList\",\"@id\":\"https:\\\/\\\/www.france.no\\\/no\\\/kultur\\\/for-profesjonelle\\\/kunstnerresidenser\\\/#breadcrumb\",\"itemListElement\":[{\"@type\":\"ListItem\",\"position\":1,\"name\":\"\",\"item\":\"https:\\\/\\\/www.france.no\\\/no\\\/\"},{\"@type\":\"ListItem\",\"position\":2,\"name\":\"Kultur\",\"item\":\"https:\\\/\\\/www.france.no\\\/no\\\/kultur\\\/\"},{\"@type\":\"ListItem\",\"position\":3,\"name\":\"For profesjonelle\",\"item\":\"https:\\\/\\\/www.france.no\\\/no\\\/kultur\\\/for-profesjonelle\\\/\"},{\"@type\":\"ListItem\",\"position\":4,\"name\":\"Kunstnerresidenser\"}]},{\"@type\":\"WebSite\",\"@id\":\"https:\\\/\\\/www.france.no\\\/no\\\/#website\",\"url\":\"https:\\\/\\\/www.france.no\\\/no\\\/\",\"name\":\"Institut fran\u00e7ais\",\"description\":\"Norv\u00e8ge\",\"publisher\":{\"@id\":\"https:\\\/\\\/www.france.no\\\/no\\\/#organization\"},\"potentialAction\":[{\"@type\":\"SearchAction\",\"target\":{\"@type\":\"EntryPoint\",\"urlTemplate\":\"https:\\\/\\\/www.france.no\\\/no\\\/?s={search_term_string}\"},\"query-input\":{\"@type\":\"PropertyValueSpecification\",\"valueRequired\":true,\"valueName\":\"search_term_string\"}}],\"inLanguage\":\"nb-NO\"},{\"@type\":\"Organization\",\"@id\":\"https:\\\/\\\/www.france.no\\\/no\\\/#organization\",\"name\":\"Institut fran\u00e7ais\",\"url\":\"https:\\\/\\\/www.france.no\\\/no\\\/\",\"logo\":{\"@type\":\"ImageObject\",\"inLanguage\":\"nb-NO\",\"@id\":\"https:\\\/\\\/www.france.no\\\/no\\\/#\\\/schema\\\/logo\\\/image\\\/\",\"url\":\"https:\\\/\\\/www.france.no\\\/wp-content\\\/uploads\\\/2022\\\/11\\\/IF_Logo_Sans_Bleu_RVB.png\",\"contentUrl\":\"https:\\\/\\\/www.france.no\\\/wp-content\\\/uploads\\\/2022\\\/11\\\/IF_Logo_Sans_Bleu_RVB.png\",\"width\":852,\"height\":591,\"caption\":\"Institut fran\u00e7ais\"},\"image\":{\"@id\":\"https:\\\/\\\/www.france.no\\\/no\\\/#\\\/schema\\\/logo\\\/image\\\/\"},\"sameAs\":[\"https:\\\/\\\/www.facebook.com\\\/institutfrancaisoslo\",\"https:\\\/\\\/x.com\\\/ifnorvege\",\"https:\\\/\\\/instagram.com\\\/ifnorvege\"]}]}<\/script>\n<!-- \/ Yoast SEO plugin. -->","yoast_head_json":{"title":"Kunstnerresidenser - Institut fran\u00e7ais","robots":{"index":"index","follow":"follow","max-snippet":"max-snippet:-1","max-image-preview":"max-image-preview:large","max-video-preview":"max-video-preview:-1"},"canonical":"https:\/\/www.france.no\/no\/kultur\/for-profesjonelle\/kunstnerresidenser\/","og_locale":"nb_NO","og_type":"article","og_title":"Kunstnerresidenser - Institut fran\u00e7ais","og_description":"Residensprogrammer driftet av Institut fran\u00e7ais de Paris. Residensprogrammene til Institut fran\u00e7ais de Paris har som m\u00e5l \u00e5 fremme mobilitet og dialog mellom kunstnere og forskjellige kulturer i Frankrike, i Europa og i verden. Hvert andre \u00e5r deler Institut fran\u00e7ais de Norv\u00e8ge Le Prix fran\u00e7ais til en norsk kunstner som stiller ut p\u00e5 H\u00f8stutstillingen. En fransk [&hellip;]","og_url":"https:\/\/www.france.no\/no\/kultur\/for-profesjonelle\/kunstnerresidenser\/","og_site_name":"Institut fran\u00e7ais","article_publisher":"https:\/\/www.facebook.com\/institutfrancaisoslo","article_modified_time":"2026-04-10T08:46:33+00:00","og_image":[{"width":1893,"height":2560,"url":"https:\/\/www.france.no\/wp-content\/uploads\/2026\/04\/Prix-francais-5-1098x617.jpg","type":"image\/jpeg"}],"twitter_card":"summary_large_image","twitter_site":"@ifnorvege","twitter_misc":{"Ansl. lesetid":"2 minutter"},"schema":{"@context":"https:\/\/schema.org","@graph":[{"@type":"WebPage","@id":"https:\/\/www.france.no\/no\/kultur\/for-profesjonelle\/kunstnerresidenser\/","url":"https:\/\/www.france.no\/no\/kultur\/for-profesjonelle\/kunstnerresidenser\/","name":"Kunstnerresidenser - Institut fran\u00e7ais","isPartOf":{"@id":"https:\/\/www.france.no\/no\/#website"},"primaryImageOfPage":{"@id":"https:\/\/www.france.no\/no\/kultur\/for-profesjonelle\/kunstnerresidenser\/#primaryimage"},"image":{"@id":"https:\/\/www.france.no\/no\/kultur\/for-profesjonelle\/kunstnerresidenser\/#primaryimage"},"thumbnailUrl":"https:\/\/www.france.no\/wp-content\/uploads\/2026\/04\/Prix-francais-5-757x1024.jpg","datePublished":"2022-02-01T14:21:50+00:00","dateModified":"2026-04-10T08:46:33+00:00","breadcrumb":{"@id":"https:\/\/www.france.no\/no\/kultur\/for-profesjonelle\/kunstnerresidenser\/#breadcrumb"},"inLanguage":"nb-NO","potentialAction":[{"@type":"ReadAction","target":["https:\/\/www.france.no\/no\/kultur\/for-profesjonelle\/kunstnerresidenser\/"]}]},{"@type":"ImageObject","inLanguage":"nb-NO","@id":"https:\/\/www.france.no\/no\/kultur\/for-profesjonelle\/kunstnerresidenser\/#primaryimage","url":"https:\/\/www.france.no\/wp-content\/uploads\/2026\/04\/Prix-francais-5-757x1024.jpg","contentUrl":"https:\/\/www.france.no\/wp-content\/uploads\/2026\/04\/Prix-francais-5-757x1024.jpg"},{"@type":"BreadcrumbList","@id":"https:\/\/www.france.no\/no\/kultur\/for-profesjonelle\/kunstnerresidenser\/#breadcrumb","itemListElement":[{"@type":"ListItem","position":1,"name":"","item":"https:\/\/www.france.no\/no\/"},{"@type":"ListItem","position":2,"name":"Kultur","item":"https:\/\/www.france.no\/no\/kultur\/"},{"@type":"ListItem","position":3,"name":"For profesjonelle","item":"https:\/\/www.france.no\/no\/kultur\/for-profesjonelle\/"},{"@type":"ListItem","position":4,"name":"Kunstnerresidenser"}]},{"@type":"WebSite","@id":"https:\/\/www.france.no\/no\/#website","url":"https:\/\/www.france.no\/no\/","name":"Institut fran\u00e7ais","description":"Norv\u00e8ge","publisher":{"@id":"https:\/\/www.france.no\/no\/#organization"},"potentialAction":[{"@type":"SearchAction","target":{"@type":"EntryPoint","urlTemplate":"https:\/\/www.france.no\/no\/?s={search_term_string}"},"query-input":{"@type":"PropertyValueSpecification","valueRequired":true,"valueName":"search_term_string"}}],"inLanguage":"nb-NO"},{"@type":"Organization","@id":"https:\/\/www.france.no\/no\/#organization","name":"Institut fran\u00e7ais","url":"https:\/\/www.france.no\/no\/","logo":{"@type":"ImageObject","inLanguage":"nb-NO","@id":"https:\/\/www.france.no\/no\/#\/schema\/logo\/image\/","url":"https:\/\/www.france.no\/wp-content\/uploads\/2022\/11\/IF_Logo_Sans_Bleu_RVB.png","contentUrl":"https:\/\/www.france.no\/wp-content\/uploads\/2022\/11\/IF_Logo_Sans_Bleu_RVB.png","width":852,"height":591,"caption":"Institut fran\u00e7ais"},"image":{"@id":"https:\/\/www.france.no\/no\/#\/schema\/logo\/image\/"},"sameAs":["https:\/\/www.facebook.com\/institutfrancaisoslo","https:\/\/x.com\/ifnorvege","https:\/\/instagram.com\/ifnorvege"]}]}},"_links":{"self":[{"href":"https:\/\/www.france.no\/no\/wp-json\/wp\/v2\/pages\/244","targetHints":{"allow":["GET"]}}],"collection":[{"href":"https:\/\/www.france.no\/no\/wp-json\/wp\/v2\/pages"}],"about":[{"href":"https:\/\/www.france.no\/no\/wp-json\/wp\/v2\/types\/page"}],"author":[{"embeddable":true,"href":"https:\/\/www.france.no\/no\/wp-json\/wp\/v2\/users\/6"}],"replies":[{"embeddable":true,"href":"https:\/\/www.france.no\/no\/wp-json\/wp\/v2\/comments?post=244"}],"version-history":[{"count":11,"href":"https:\/\/www.france.no\/no\/wp-json\/wp\/v2\/pages\/244\/revisions"}],"predecessor-version":[{"id":22808,"href":"https:\/\/www.france.no\/no\/wp-json\/wp\/v2\/pages\/244\/revisions\/22808"}],"up":[{"embeddable":true,"href":"https:\/\/www.france.no\/no\/wp-json\/wp\/v2\/pages\/235"}],"wp:attachment":[{"href":"https:\/\/www.france.no\/no\/wp-json\/wp\/v2\/media?parent=244"}],"wp:term":[{"taxonomy":"category","embeddable":true,"href":"https:\/\/www.france.no\/no\/wp-json\/wp\/v2\/categories?post=244"}],"curies":[{"name":"wp","href":"https:\/\/api.w.org\/{rel}","templated":true}]}}