{"id":250,"date":"2022-02-02T14:56:32","date_gmt":"2022-02-02T13:56:32","guid":{"rendered":"https:\/\/www.france.no\/?page_id=250"},"modified":"2026-04-13T14:56:59","modified_gmt":"2026-04-13T12:56:59","slug":"vitenskap-og-forskning","status":"publish","type":"page","link":"https:\/\/www.france.no\/no\/vitenskap-og-forskning\/","title":{"rendered":"Vitenskap og forskning"},"content":{"rendered":"<p class=\"chapo\">Vitenskapsavdelingen ved Institut fran\u00e7ais de Norv\u00e8ge bidrar til \u00e5 utvikle og fremme det bilaterale samarbeidet mellom Frankrike og Norge, samt til \u00e5 st\u00f8tte og stimulere vitenskapelig utveksling p\u00e5 h\u00f8yt niv\u00e5.<\/p>\n<p><strong>Vitenskapsavdelingens hovedoppgaver: informere, st\u00f8tte, fremme og koordinere<\/strong><\/p>\n<ul>\n<li><strong>Informere<\/strong>\u00a0om teknologiske fremskritt, innovasjon, strategier, og mulig samarbeid innen forskning og utvikling i Norge.<\/li>\n<li><strong>Oppmuntre<\/strong> forskningsinstitusjoner (laboratorier, bedrifter) til \u00e5 etablere samarbeid, fra bilateral utveksling til europeiske prosjekter (spesielt Horizon Europe).<\/li>\n<li><strong>Fremme<\/strong>\u00a0fransk forskning og innovasjon innenfor vitenskapelige og teknologiske n\u00f8kkelfelt som del av det bilaterale arbeidet.<\/li>\n<li><strong>Koordinere<\/strong>, i samarbeid med v\u00e5re lokale og franske kolleger, regionale, bilaterale og europeiske arrangementer.<\/li>\n<\/ul>\n\n\n<p class=\"has-primary-color has-text-color\"><strong>Kontakt oss:<\/strong><br>Fr\u00e9deric Bessat \u2013 Vitenskaps- og universitetsattach\u00e9<br><a href=\"mailto:science@france.no\" target=\"_blank\" rel=\"noreferrer noopener\">science@france.no<\/a><\/p>\n\n\n\n<p><\/p>\n\n\n\n<p><a href=\"https:\/\/www.ccfn.no\/\" target=\"_blank\" rel=\"noreferrer noopener\"><\/a><\/p>\n","protected":false},"excerpt":{"rendered":"<p>Vitenskapsavdelingen ved Institut fran\u00e7ais de Norv\u00e8ge bidrar til \u00e5 utvikle og fremme det bilaterale samarbeidet mellom Frankrike og Norge, samt til \u00e5 st\u00f8tte og stimulere vitenskapelig utveksling p\u00e5 h\u00f8yt niv\u00e5. Vitenskapsavdelingens hovedoppgaver: informere, st\u00f8tte, fremme og koordinere Informere\u00a0om teknologiske fremskritt, innovasjon, strategier, og mulig samarbeid innen forskning og utvikling i Norge. Oppmuntre forskningsinstitusjoner (laboratorier, bedrifter) [&hellip;]<\/p>\n","protected":false},"author":6,"featured_media":0,"parent":0,"menu_order":1,"comment_status":"closed","ping_status":"closed","template":"","meta":{"footnotes":""},"categories":[17],"class_list":["post-250","page","type-page","status-publish","hentry","category-vitenskap-og-forskning","no-media"],"yoast_head":"<!-- This site is optimized with the Yoast SEO plugin v24.2 - https:\/\/yoast.com\/wordpress\/plugins\/seo\/ -->\n<title>Vitenskap og forskning - Institut fran\u00e7ais<\/title>\n<meta name=\"robots\" content=\"index, follow, max-snippet:-1, max-image-preview:large, max-video-preview:-1\" \/>\n<link rel=\"canonical\" href=\"https:\/\/www.france.no\/no\/vitenskap-og-forskning\/\" \/>\n<meta property=\"og:locale\" content=\"nb_NO\" \/>\n<meta property=\"og:type\" content=\"article\" \/>\n<meta property=\"og:title\" content=\"Vitenskap og forskning - Institut fran\u00e7ais\" \/>\n<meta property=\"og:description\" content=\"Vitenskapsavdelingen ved Institut fran\u00e7ais de Norv\u00e8ge bidrar til \u00e5 utvikle og fremme det bilaterale samarbeidet mellom Frankrike og Norge, samt til \u00e5 st\u00f8tte og stimulere vitenskapelig utveksling p\u00e5 h\u00f8yt niv\u00e5. Vitenskapsavdelingens hovedoppgaver: informere, st\u00f8tte, fremme og koordinere Informere\u00a0om teknologiske fremskritt, innovasjon, strategier, og mulig samarbeid innen forskning og utvikling i Norge. Oppmuntre forskningsinstitusjoner (laboratorier, bedrifter) [&hellip;]\" \/>\n<meta property=\"og:url\" content=\"https:\/\/www.france.no\/no\/vitenskap-og-forskning\/\" \/>\n<meta property=\"og:site_name\" content=\"Institut fran\u00e7ais\" \/>\n<meta property=\"article:publisher\" content=\"https:\/\/www.facebook.com\/institutfrancaisoslo\" \/>\n<meta property=\"article:modified_time\" content=\"2026-04-13T12:56:59+00:00\" \/>\n<meta property=\"og:image\" content=\"https:\/\/www.france.no\/wp-content\/uploads\/2022\/01\/IFN-logo.png\" \/>\n\t<meta property=\"og:image:width\" content=\"946\" \/>\n\t<meta property=\"og:image:height\" content=\"546\" \/>\n\t<meta property=\"og:image:type\" content=\"image\/png\" \/>\n<meta name=\"twitter:card\" content=\"summary_large_image\" \/>\n<meta name=\"twitter:site\" content=\"@ifnorvege\" \/>\n<meta name=\"twitter:label1\" content=\"Ansl. lesetid\" \/>\n\t<meta name=\"twitter:data1\" content=\"1 minutt\" \/>\n<script type=\"application\/ld+json\" class=\"yoast-schema-graph\">{\"@context\":\"https:\/\/schema.org\",\"@graph\":[{\"@type\":\"WebPage\",\"@id\":\"https:\/\/www.france.no\/no\/vitenskap-og-forskning\/\",\"url\":\"https:\/\/www.france.no\/no\/vitenskap-og-forskning\/\",\"name\":\"Vitenskap og forskning - Institut fran\u00e7ais\",\"isPartOf\":{\"@id\":\"https:\/\/www.france.no\/no\/#website\"},\"datePublished\":\"2022-02-02T13:56:32+00:00\",\"dateModified\":\"2026-04-13T12:56:59+00:00\",\"breadcrumb\":{\"@id\":\"https:\/\/www.france.no\/no\/vitenskap-og-forskning\/#breadcrumb\"},\"inLanguage\":\"nb-NO\",\"potentialAction\":[{\"@type\":\"ReadAction\",\"target\":[\"https:\/\/www.france.no\/no\/vitenskap-og-forskning\/\"]}]},{\"@type\":\"BreadcrumbList\",\"@id\":\"https:\/\/www.france.no\/no\/vitenskap-og-forskning\/#breadcrumb\",\"itemListElement\":[{\"@type\":\"ListItem\",\"position\":1,\"name\":\"\",\"item\":\"https:\/\/www.france.no\/no\/\"},{\"@type\":\"ListItem\",\"position\":2,\"name\":\"Vitenskap og forskning\"}]},{\"@type\":\"WebSite\",\"@id\":\"https:\/\/www.france.no\/no\/#website\",\"url\":\"https:\/\/www.france.no\/no\/\",\"name\":\"Institut fran\u00e7ais\",\"description\":\"Norv\u00e8ge\",\"publisher\":{\"@id\":\"https:\/\/www.france.no\/no\/#organization\"},\"potentialAction\":[{\"@type\":\"SearchAction\",\"target\":{\"@type\":\"EntryPoint\",\"urlTemplate\":\"https:\/\/www.france.no\/no\/?s={search_term_string}\"},\"query-input\":{\"@type\":\"PropertyValueSpecification\",\"valueRequired\":true,\"valueName\":\"search_term_string\"}}],\"inLanguage\":\"nb-NO\"},{\"@type\":\"Organization\",\"@id\":\"https:\/\/www.france.no\/no\/#organization\",\"name\":\"Institut fran\u00e7ais\",\"url\":\"https:\/\/www.france.no\/no\/\",\"logo\":{\"@type\":\"ImageObject\",\"inLanguage\":\"nb-NO\",\"@id\":\"https:\/\/www.france.no\/no\/#\/schema\/logo\/image\/\",\"url\":\"https:\/\/www.france.no\/wp-content\/uploads\/2022\/11\/IF_Logo_Sans_Bleu_RVB.png\",\"contentUrl\":\"https:\/\/www.france.no\/wp-content\/uploads\/2022\/11\/IF_Logo_Sans_Bleu_RVB.png\",\"width\":852,\"height\":591,\"caption\":\"Institut fran\u00e7ais\"},\"image\":{\"@id\":\"https:\/\/www.france.no\/no\/#\/schema\/logo\/image\/\"},\"sameAs\":[\"https:\/\/www.facebook.com\/institutfrancaisoslo\",\"https:\/\/x.com\/ifnorvege\",\"https:\/\/instagram.com\/ifnorvege\"]}]}<\/script>\n<!-- \/ Yoast SEO plugin. -->","yoast_head_json":{"title":"Vitenskap og forskning - Institut fran\u00e7ais","robots":{"index":"index","follow":"follow","max-snippet":"max-snippet:-1","max-image-preview":"max-image-preview:large","max-video-preview":"max-video-preview:-1"},"canonical":"https:\/\/www.france.no\/no\/vitenskap-og-forskning\/","og_locale":"nb_NO","og_type":"article","og_title":"Vitenskap og forskning - Institut fran\u00e7ais","og_description":"Vitenskapsavdelingen ved Institut fran\u00e7ais de Norv\u00e8ge bidrar til \u00e5 utvikle og fremme det bilaterale samarbeidet mellom Frankrike og Norge, samt til \u00e5 st\u00f8tte og stimulere vitenskapelig utveksling p\u00e5 h\u00f8yt niv\u00e5. Vitenskapsavdelingens hovedoppgaver: informere, st\u00f8tte, fremme og koordinere Informere\u00a0om teknologiske fremskritt, innovasjon, strategier, og mulig samarbeid innen forskning og utvikling i Norge. Oppmuntre forskningsinstitusjoner (laboratorier, bedrifter) [&hellip;]","og_url":"https:\/\/www.france.no\/no\/vitenskap-og-forskning\/","og_site_name":"Institut fran\u00e7ais","article_publisher":"https:\/\/www.facebook.com\/institutfrancaisoslo","article_modified_time":"2026-04-13T12:56:59+00:00","og_image":[{"width":946,"height":546,"url":"https:\/\/www.france.no\/wp-content\/uploads\/2022\/01\/IFN-logo.png","type":"image\/png"}],"twitter_card":"summary_large_image","twitter_site":"@ifnorvege","twitter_misc":{"Ansl. lesetid":"1 minutt"},"schema":{"@context":"https:\/\/schema.org","@graph":[{"@type":"WebPage","@id":"https:\/\/www.france.no\/no\/vitenskap-og-forskning\/","url":"https:\/\/www.france.no\/no\/vitenskap-og-forskning\/","name":"Vitenskap og forskning - Institut fran\u00e7ais","isPartOf":{"@id":"https:\/\/www.france.no\/no\/#website"},"datePublished":"2022-02-02T13:56:32+00:00","dateModified":"2026-04-13T12:56:59+00:00","breadcrumb":{"@id":"https:\/\/www.france.no\/no\/vitenskap-og-forskning\/#breadcrumb"},"inLanguage":"nb-NO","potentialAction":[{"@type":"ReadAction","target":["https:\/\/www.france.no\/no\/vitenskap-og-forskning\/"]}]},{"@type":"BreadcrumbList","@id":"https:\/\/www.france.no\/no\/vitenskap-og-forskning\/#breadcrumb","itemListElement":[{"@type":"ListItem","position":1,"name":"","item":"https:\/\/www.france.no\/no\/"},{"@type":"ListItem","position":2,"name":"Vitenskap og forskning"}]},{"@type":"WebSite","@id":"https:\/\/www.france.no\/no\/#website","url":"https:\/\/www.france.no\/no\/","name":"Institut fran\u00e7ais","description":"Norv\u00e8ge","publisher":{"@id":"https:\/\/www.france.no\/no\/#organization"},"potentialAction":[{"@type":"SearchAction","target":{"@type":"EntryPoint","urlTemplate":"https:\/\/www.france.no\/no\/?s={search_term_string}"},"query-input":{"@type":"PropertyValueSpecification","valueRequired":true,"valueName":"search_term_string"}}],"inLanguage":"nb-NO"},{"@type":"Organization","@id":"https:\/\/www.france.no\/no\/#organization","name":"Institut fran\u00e7ais","url":"https:\/\/www.france.no\/no\/","logo":{"@type":"ImageObject","inLanguage":"nb-NO","@id":"https:\/\/www.france.no\/no\/#\/schema\/logo\/image\/","url":"https:\/\/www.france.no\/wp-content\/uploads\/2022\/11\/IF_Logo_Sans_Bleu_RVB.png","contentUrl":"https:\/\/www.france.no\/wp-content\/uploads\/2022\/11\/IF_Logo_Sans_Bleu_RVB.png","width":852,"height":591,"caption":"Institut fran\u00e7ais"},"image":{"@id":"https:\/\/www.france.no\/no\/#\/schema\/logo\/image\/"},"sameAs":["https:\/\/www.facebook.com\/institutfrancaisoslo","https:\/\/x.com\/ifnorvege","https:\/\/instagram.com\/ifnorvege"]}]}},"_links":{"self":[{"href":"https:\/\/www.france.no\/no\/wp-json\/wp\/v2\/pages\/250","targetHints":{"allow":["GET"]}}],"collection":[{"href":"https:\/\/www.france.no\/no\/wp-json\/wp\/v2\/pages"}],"about":[{"href":"https:\/\/www.france.no\/no\/wp-json\/wp\/v2\/types\/page"}],"author":[{"embeddable":true,"href":"https:\/\/www.france.no\/no\/wp-json\/wp\/v2\/users\/6"}],"replies":[{"embeddable":true,"href":"https:\/\/www.france.no\/no\/wp-json\/wp\/v2\/comments?post=250"}],"version-history":[{"count":17,"href":"https:\/\/www.france.no\/no\/wp-json\/wp\/v2\/pages\/250\/revisions"}],"predecessor-version":[{"id":22883,"href":"https:\/\/www.france.no\/no\/wp-json\/wp\/v2\/pages\/250\/revisions\/22883"}],"wp:attachment":[{"href":"https:\/\/www.france.no\/no\/wp-json\/wp\/v2\/media?parent=250"}],"wp:term":[{"taxonomy":"category","embeddable":true,"href":"https:\/\/www.france.no\/no\/wp-json\/wp\/v2\/categories?post=250"}],"curies":[{"name":"wp","href":"https:\/\/api.w.org\/{rel}","templated":true}]}}