{"id":286,"date":"2022-02-11T15:56:45","date_gmt":"2022-02-11T14:56:45","guid":{"rendered":"https:\/\/www.france.no\/?page_id=286"},"modified":"2026-01-22T10:29:48","modified_gmt":"2026-01-22T09:29:48","slug":"spraksertifisering-delf-dalf-tcf","status":"publish","type":"page","link":"https:\/\/www.france.no\/no\/utdanning-og-fransk-sprak\/fremming-av-fransk-sprak\/spraksertifisering-delf-dalf-tcf\/","title":{"rendered":"Spr\u00e5ksertifisering (DELF\/DALF\/TCF)\u00a0"},"content":{"rendered":"\n<p><strong>DELF<\/strong>\/<strong>DALF <\/strong>og <strong>TCF <\/strong>gj\u00f8r det mulig for personer som snakker fransk \u00e5 dokumentere sitt spr\u00e5kniv\u00e5 i henhold til de seks niv\u00e5ene i <em>Det europeiske rammeverket for spr\u00e5k<\/em>: A1, A2, B1, B2, C1 og C2.<\/p>\n\n\n\n<p>Niv\u00e5ene i <em>Det europeiske rammeverket for spr\u00e5k<\/em> brukes over hele verden som <strong>en felles referanse <\/strong>for \u00e5 vurdere spr\u00e5kkunnskaper, uansett hvilket land man er i. Hvert niv\u00e5 bygger p\u00e5 <strong>spr\u00e5klige ferdigheter<\/strong> og <strong>kunnskap <\/strong>som kan anvendes p\u00e5 tvers av ulike spr\u00e5k.<\/p>\n\n\n\n<p><strong>DELF<\/strong>\/<strong>DALF <\/strong>og <strong>TCF <\/strong>er spesifikke for det franske spr\u00e5ket. Disse testene gir mulighet til \u00e5 fremheve konkrete ferdigheter i fransk, b\u00e5de muntlig og skriftlig, og <strong>validerer <\/strong>dermed spr\u00e5kkunnskapene p\u00e5 en <strong>objektiv <\/strong>m\u00e5te.<\/p>\n\n\n\n<p>For studenter er disse testene en viktig m\u00e5te \u00e5 dokumentere franskniv\u00e5et p\u00e5, spesielt overfor universiteter i fransktalende land. Sertifiseringen gir et profesjonelt inntrykk p\u00e5 CV-en og bidrar til \u00e5 skille kandidaten fra andre s\u00f8kere. Franskniv\u00e5et <strong>dokumenteres <\/strong>og er, ikke minst, lett <strong>forst\u00e5elig <\/strong>for arbeidsgivere. Niv\u00e5ene i det europeiske rammeverket for spr\u00e5k gir en mye mer <strong>presis <\/strong>vurdering enn en personlig beskrivelse som \u00abgodt niv\u00e5\u00bb.<\/p>\n\n\n\n<p><strong>Hva er forskjellen p\u00e5 DELF\/DALF og TCF?<\/strong><\/p>\n\n\n\n<p>DELF er et <strong>offisielt diplom <\/strong>for niv\u00e5ene A1 til B2, mens DALF vurderer de h\u00f8yere niv\u00e5ene C1 og C2. Disse diplomene er <strong>gyldige for alltid <\/strong>og bekrefter ens franskniv\u00e5 gjennom vurdering av fire sentrale ferdigheter i fremmedspr\u00e5k: muntlig forst\u00e5else og skriftlig forst\u00e5else, samt muntlig og skriftlig produksjon. Det finnes ogs\u00e5 et diplom for barn (DELF Prim) og for ungdom (DELF Junior), s\u00e5 fra 6 til 99 \u00e5r kan alle ta DELF!<\/p>\n\n\n\n<p>TCF er derimot en sertifisering som er <strong>gyldig i to \u00e5r<\/strong> og vurderer franskniv\u00e5et ditt p\u00e5 et bestemt tidspunkt. Den gir muligheten til \u00e5 oppn\u00e5 <strong>et niv\u00e5 for hver ferdighet<\/strong>, snarere enn et samlet niv\u00e5. Skriftlig og muntlig produksjon er valgfrie deler av TCF. Sertifiseringen er rettet mot fremtidige studenter og voksne, og er n\u00f8dvendig for dem som \u00f8nsker \u00e5 emigrere til Canada eller oppn\u00e5 fransk statsborgerskap.<\/p>\n\n\n\n<p>Informasjon : <br><a href=\"https:\/\/franskkulturhus.no\/\" target=\"_blank\" rel=\"noreferrer noopener\">Fransk Kulturhus<\/a> (<a href=\"mailto:contact@franskkulturhus.no\" target=\"_blank\" rel=\"noreferrer noopener\">contact@franskkulturhus.no<\/a>) eller <a href=\"https:\/\/lesmousquetaires-oslo.com\/no\/sertifisering\">Les Mousquetaires<\/a> (<a href=\"http:\/\/lesmousquetairesoslo@gmail.com\/\">lesmousquetairesoslo@gmail.com<\/a>). Sjekk eksamensperiodene med hvert senter.<br><\/p>\n\n\n\n<div class=\"wp-block-media-text is-stacked-on-mobile\"><figure class=\"wp-block-media-text__media\"><img loading=\"lazy\" decoding=\"async\" width=\"1024\" height=\"696\" src=\"https:\/\/www.france.no\/wp-content\/uploads\/2023\/02\/fransk-kulturhus-1024x696.png\" alt=\"\" class=\"wp-image-3637 size-full\" srcset=\"https:\/\/www.france.no\/wp-content\/uploads\/2023\/02\/fransk-kulturhus-1024x696.png 1024w, https:\/\/www.france.no\/wp-content\/uploads\/2023\/02\/fransk-kulturhus-300x204.png 300w, https:\/\/www.france.no\/wp-content\/uploads\/2023\/02\/fransk-kulturhus-768x522.png 768w, https:\/\/www.france.no\/wp-content\/uploads\/2023\/02\/fransk-kulturhus-1200x816.png 1200w, https:\/\/www.france.no\/wp-content\/uploads\/2023\/02\/fransk-kulturhus.png 1533w\" sizes=\"auto, (max-width: 1024px) 100vw, 1024px\" \/><\/figure><div class=\"wp-block-media-text__content\">\n<p><strong><a href=\"https:\/\/franskkulturhus.no\/examens-certifications-francais-oslo\/\" target=\"_blank\" rel=\"noreferrer noopener\">Fransk Kulturhu<\/a><a href=\"https:\/\/franskkulturhus.no\/no\/eksamener-sertifiseringer-fransk-oslo\/\" target=\"_blank\" rel=\"noreferrer noopener\">s<\/a>, som ligger i St. Olavs gate 21B i Oslo.<\/strong><\/p>\n\n\n\n<p>DELF\/DALF\/TCF<\/p>\n<\/div><\/div>\n\n\n\n<div class=\"wp-block-media-text is-stacked-on-mobile\"><figure class=\"wp-block-media-text__media\"><img loading=\"lazy\" decoding=\"async\" width=\"500\" height=\"500\" src=\"https:\/\/www.france.no\/wp-content\/uploads\/2026\/01\/Logo-Les-Mousquetaires.png\" alt=\"\" class=\"wp-image-19653 size-full\" srcset=\"https:\/\/www.france.no\/wp-content\/uploads\/2026\/01\/Logo-Les-Mousquetaires.png 500w, https:\/\/www.france.no\/wp-content\/uploads\/2026\/01\/Logo-Les-Mousquetaires-300x300.png 300w, https:\/\/www.france.no\/wp-content\/uploads\/2026\/01\/Logo-Les-Mousquetaires-150x150.png 150w, https:\/\/www.france.no\/wp-content\/uploads\/2026\/01\/Logo-Les-Mousquetaires-400x400.png 400w\" sizes=\"auto, (max-width: 500px) 100vw, 500px\" \/><\/figure><div class=\"wp-block-media-text__content\">\n<p><a href=\"https:\/\/lesmousquetaires-oslo.com\/no\/sertifisering\">Les Mousquetaires<\/a>, som ligger i Drammensveien 83 i Oslo.<\/p>\n\n\n\n<p>DELF\/DALF<\/p>\n<\/div><\/div>\n\n\n\n<p><\/p>\n","protected":false},"excerpt":{"rendered":"<p>DELF\/DALF og TCF gj\u00f8r det mulig for personer som snakker fransk \u00e5 dokumentere sitt spr\u00e5kniv\u00e5 i henhold til de seks niv\u00e5ene i Det europeiske rammeverket for spr\u00e5k: A1, A2, B1, B2, C1 og C2. Niv\u00e5ene i Det europeiske rammeverket for spr\u00e5k brukes over hele verden som en felles referanse for \u00e5 vurdere spr\u00e5kkunnskaper, uansett hvilket [&hellip;]<\/p>\n","protected":false},"author":6,"featured_media":0,"parent":2185,"menu_order":3,"comment_status":"closed","ping_status":"closed","template":"","meta":{"footnotes":""},"categories":[13],"class_list":["post-286","page","type-page","status-publish","hentry","category-utdanning-og-fransk-sprak","no-media"],"yoast_head":"<!-- This site is optimized with the Yoast SEO plugin v27.5 - https:\/\/yoast.com\/product\/yoast-seo-wordpress\/ -->\n<title>Spr\u00e5ksertifisering (DELF\/DALF\/TCF)\u00a0 - Institut fran\u00e7ais<\/title>\n<meta name=\"robots\" content=\"index, follow, max-snippet:-1, max-image-preview:large, max-video-preview:-1\" \/>\n<link rel=\"canonical\" href=\"https:\/\/www.france.no\/no\/utdanning-og-fransk-sprak\/fremming-av-fransk-sprak\/spraksertifisering-delf-dalf-tcf\/\" \/>\n<meta property=\"og:locale\" content=\"nb_NO\" \/>\n<meta property=\"og:type\" content=\"article\" \/>\n<meta property=\"og:title\" content=\"Spr\u00e5ksertifisering (DELF\/DALF\/TCF)\u00a0 - Institut fran\u00e7ais\" \/>\n<meta property=\"og:description\" content=\"DELF\/DALF og TCF gj\u00f8r det mulig for personer som snakker fransk \u00e5 dokumentere sitt spr\u00e5kniv\u00e5 i henhold til de seks niv\u00e5ene i Det europeiske rammeverket for spr\u00e5k: A1, A2, B1, B2, C1 og C2. Niv\u00e5ene i Det europeiske rammeverket for spr\u00e5k brukes over hele verden som en felles referanse for \u00e5 vurdere spr\u00e5kkunnskaper, uansett hvilket [&hellip;]\" \/>\n<meta property=\"og:url\" content=\"https:\/\/www.france.no\/no\/utdanning-og-fransk-sprak\/fremming-av-fransk-sprak\/spraksertifisering-delf-dalf-tcf\/\" \/>\n<meta property=\"og:site_name\" content=\"Institut fran\u00e7ais\" \/>\n<meta property=\"article:publisher\" content=\"https:\/\/www.facebook.com\/institutfrancaisoslo\" \/>\n<meta property=\"article:modified_time\" content=\"2026-01-22T09:29:48+00:00\" \/>\n<meta property=\"og:image\" content=\"https:\/\/www.france.no\/wp-content\/uploads\/2023\/02\/fransk-kulturhus-1098x617.png\" \/>\n\t<meta property=\"og:image:width\" content=\"1533\" \/>\n\t<meta property=\"og:image:height\" content=\"1042\" \/>\n\t<meta property=\"og:image:type\" content=\"image\/png\" \/>\n<meta name=\"twitter:card\" content=\"summary_large_image\" \/>\n<meta name=\"twitter:site\" content=\"@ifnorvege\" \/>\n<meta name=\"twitter:label1\" content=\"Ansl. lesetid\" \/>\n\t<meta name=\"twitter:data1\" content=\"3 minutter\" \/>\n<script type=\"application\/ld+json\" class=\"yoast-schema-graph\">{\"@context\":\"https:\\\/\\\/schema.org\",\"@graph\":[{\"@type\":\"WebPage\",\"@id\":\"https:\\\/\\\/www.france.no\\\/no\\\/utdanning-og-fransk-sprak\\\/fremming-av-fransk-sprak\\\/spraksertifisering-delf-dalf-tcf\\\/\",\"url\":\"https:\\\/\\\/www.france.no\\\/no\\\/utdanning-og-fransk-sprak\\\/fremming-av-fransk-sprak\\\/spraksertifisering-delf-dalf-tcf\\\/\",\"name\":\"Spr\u00e5ksertifisering (DELF\\\/DALF\\\/TCF)\u00a0 - Institut fran\u00e7ais\",\"isPartOf\":{\"@id\":\"https:\\\/\\\/www.france.no\\\/no\\\/#website\"},\"primaryImageOfPage\":{\"@id\":\"https:\\\/\\\/www.france.no\\\/no\\\/utdanning-og-fransk-sprak\\\/fremming-av-fransk-sprak\\\/spraksertifisering-delf-dalf-tcf\\\/#primaryimage\"},\"image\":{\"@id\":\"https:\\\/\\\/www.france.no\\\/no\\\/utdanning-og-fransk-sprak\\\/fremming-av-fransk-sprak\\\/spraksertifisering-delf-dalf-tcf\\\/#primaryimage\"},\"thumbnailUrl\":\"https:\\\/\\\/www.france.no\\\/wp-content\\\/uploads\\\/2023\\\/02\\\/fransk-kulturhus-1024x696.png\",\"datePublished\":\"2022-02-11T14:56:45+00:00\",\"dateModified\":\"2026-01-22T09:29:48+00:00\",\"breadcrumb\":{\"@id\":\"https:\\\/\\\/www.france.no\\\/no\\\/utdanning-og-fransk-sprak\\\/fremming-av-fransk-sprak\\\/spraksertifisering-delf-dalf-tcf\\\/#breadcrumb\"},\"inLanguage\":\"nb-NO\",\"potentialAction\":[{\"@type\":\"ReadAction\",\"target\":[\"https:\\\/\\\/www.france.no\\\/no\\\/utdanning-og-fransk-sprak\\\/fremming-av-fransk-sprak\\\/spraksertifisering-delf-dalf-tcf\\\/\"]}]},{\"@type\":\"ImageObject\",\"inLanguage\":\"nb-NO\",\"@id\":\"https:\\\/\\\/www.france.no\\\/no\\\/utdanning-og-fransk-sprak\\\/fremming-av-fransk-sprak\\\/spraksertifisering-delf-dalf-tcf\\\/#primaryimage\",\"url\":\"https:\\\/\\\/www.france.no\\\/wp-content\\\/uploads\\\/2023\\\/02\\\/fransk-kulturhus-1024x696.png\",\"contentUrl\":\"https:\\\/\\\/www.france.no\\\/wp-content\\\/uploads\\\/2023\\\/02\\\/fransk-kulturhus-1024x696.png\"},{\"@type\":\"BreadcrumbList\",\"@id\":\"https:\\\/\\\/www.france.no\\\/no\\\/utdanning-og-fransk-sprak\\\/fremming-av-fransk-sprak\\\/spraksertifisering-delf-dalf-tcf\\\/#breadcrumb\",\"itemListElement\":[{\"@type\":\"ListItem\",\"position\":1,\"name\":\"\",\"item\":\"https:\\\/\\\/www.france.no\\\/no\\\/\"},{\"@type\":\"ListItem\",\"position\":2,\"name\":\"Utdanning og fransk spr\u00e5k\",\"item\":\"https:\\\/\\\/www.france.no\\\/no\\\/utdanning-og-fransk-sprak\\\/\"},{\"@type\":\"ListItem\",\"position\":3,\"name\":\"Fremming av fransk spr\u00e5k\",\"item\":\"https:\\\/\\\/www.france.no\\\/no\\\/utdanning-og-fransk-sprak\\\/fremming-av-fransk-sprak\\\/\"},{\"@type\":\"ListItem\",\"position\":4,\"name\":\"Spr\u00e5ksertifisering (DELF\\\/DALF\\\/TCF)\u00a0\"}]},{\"@type\":\"WebSite\",\"@id\":\"https:\\\/\\\/www.france.no\\\/no\\\/#website\",\"url\":\"https:\\\/\\\/www.france.no\\\/no\\\/\",\"name\":\"Institut fran\u00e7ais\",\"description\":\"Norv\u00e8ge\",\"publisher\":{\"@id\":\"https:\\\/\\\/www.france.no\\\/no\\\/#organization\"},\"potentialAction\":[{\"@type\":\"SearchAction\",\"target\":{\"@type\":\"EntryPoint\",\"urlTemplate\":\"https:\\\/\\\/www.france.no\\\/no\\\/?s={search_term_string}\"},\"query-input\":{\"@type\":\"PropertyValueSpecification\",\"valueRequired\":true,\"valueName\":\"search_term_string\"}}],\"inLanguage\":\"nb-NO\"},{\"@type\":\"Organization\",\"@id\":\"https:\\\/\\\/www.france.no\\\/no\\\/#organization\",\"name\":\"Institut fran\u00e7ais\",\"url\":\"https:\\\/\\\/www.france.no\\\/no\\\/\",\"logo\":{\"@type\":\"ImageObject\",\"inLanguage\":\"nb-NO\",\"@id\":\"https:\\\/\\\/www.france.no\\\/no\\\/#\\\/schema\\\/logo\\\/image\\\/\",\"url\":\"https:\\\/\\\/www.france.no\\\/wp-content\\\/uploads\\\/2022\\\/11\\\/IF_Logo_Sans_Bleu_RVB.png\",\"contentUrl\":\"https:\\\/\\\/www.france.no\\\/wp-content\\\/uploads\\\/2022\\\/11\\\/IF_Logo_Sans_Bleu_RVB.png\",\"width\":852,\"height\":591,\"caption\":\"Institut fran\u00e7ais\"},\"image\":{\"@id\":\"https:\\\/\\\/www.france.no\\\/no\\\/#\\\/schema\\\/logo\\\/image\\\/\"},\"sameAs\":[\"https:\\\/\\\/www.facebook.com\\\/institutfrancaisoslo\",\"https:\\\/\\\/x.com\\\/ifnorvege\",\"https:\\\/\\\/instagram.com\\\/ifnorvege\"]}]}<\/script>\n<!-- \/ Yoast SEO plugin. -->","yoast_head_json":{"title":"Spr\u00e5ksertifisering (DELF\/DALF\/TCF)\u00a0 - Institut fran\u00e7ais","robots":{"index":"index","follow":"follow","max-snippet":"max-snippet:-1","max-image-preview":"max-image-preview:large","max-video-preview":"max-video-preview:-1"},"canonical":"https:\/\/www.france.no\/no\/utdanning-og-fransk-sprak\/fremming-av-fransk-sprak\/spraksertifisering-delf-dalf-tcf\/","og_locale":"nb_NO","og_type":"article","og_title":"Spr\u00e5ksertifisering (DELF\/DALF\/TCF)\u00a0 - Institut fran\u00e7ais","og_description":"DELF\/DALF og TCF gj\u00f8r det mulig for personer som snakker fransk \u00e5 dokumentere sitt spr\u00e5kniv\u00e5 i henhold til de seks niv\u00e5ene i Det europeiske rammeverket for spr\u00e5k: A1, A2, B1, B2, C1 og C2. Niv\u00e5ene i Det europeiske rammeverket for spr\u00e5k brukes over hele verden som en felles referanse for \u00e5 vurdere spr\u00e5kkunnskaper, uansett hvilket [&hellip;]","og_url":"https:\/\/www.france.no\/no\/utdanning-og-fransk-sprak\/fremming-av-fransk-sprak\/spraksertifisering-delf-dalf-tcf\/","og_site_name":"Institut fran\u00e7ais","article_publisher":"https:\/\/www.facebook.com\/institutfrancaisoslo","article_modified_time":"2026-01-22T09:29:48+00:00","og_image":[{"width":1533,"height":1042,"url":"https:\/\/www.france.no\/wp-content\/uploads\/2023\/02\/fransk-kulturhus-1098x617.png","type":"image\/png"}],"twitter_card":"summary_large_image","twitter_site":"@ifnorvege","twitter_misc":{"Ansl. lesetid":"3 minutter"},"schema":{"@context":"https:\/\/schema.org","@graph":[{"@type":"WebPage","@id":"https:\/\/www.france.no\/no\/utdanning-og-fransk-sprak\/fremming-av-fransk-sprak\/spraksertifisering-delf-dalf-tcf\/","url":"https:\/\/www.france.no\/no\/utdanning-og-fransk-sprak\/fremming-av-fransk-sprak\/spraksertifisering-delf-dalf-tcf\/","name":"Spr\u00e5ksertifisering (DELF\/DALF\/TCF)\u00a0 - Institut fran\u00e7ais","isPartOf":{"@id":"https:\/\/www.france.no\/no\/#website"},"primaryImageOfPage":{"@id":"https:\/\/www.france.no\/no\/utdanning-og-fransk-sprak\/fremming-av-fransk-sprak\/spraksertifisering-delf-dalf-tcf\/#primaryimage"},"image":{"@id":"https:\/\/www.france.no\/no\/utdanning-og-fransk-sprak\/fremming-av-fransk-sprak\/spraksertifisering-delf-dalf-tcf\/#primaryimage"},"thumbnailUrl":"https:\/\/www.france.no\/wp-content\/uploads\/2023\/02\/fransk-kulturhus-1024x696.png","datePublished":"2022-02-11T14:56:45+00:00","dateModified":"2026-01-22T09:29:48+00:00","breadcrumb":{"@id":"https:\/\/www.france.no\/no\/utdanning-og-fransk-sprak\/fremming-av-fransk-sprak\/spraksertifisering-delf-dalf-tcf\/#breadcrumb"},"inLanguage":"nb-NO","potentialAction":[{"@type":"ReadAction","target":["https:\/\/www.france.no\/no\/utdanning-og-fransk-sprak\/fremming-av-fransk-sprak\/spraksertifisering-delf-dalf-tcf\/"]}]},{"@type":"ImageObject","inLanguage":"nb-NO","@id":"https:\/\/www.france.no\/no\/utdanning-og-fransk-sprak\/fremming-av-fransk-sprak\/spraksertifisering-delf-dalf-tcf\/#primaryimage","url":"https:\/\/www.france.no\/wp-content\/uploads\/2023\/02\/fransk-kulturhus-1024x696.png","contentUrl":"https:\/\/www.france.no\/wp-content\/uploads\/2023\/02\/fransk-kulturhus-1024x696.png"},{"@type":"BreadcrumbList","@id":"https:\/\/www.france.no\/no\/utdanning-og-fransk-sprak\/fremming-av-fransk-sprak\/spraksertifisering-delf-dalf-tcf\/#breadcrumb","itemListElement":[{"@type":"ListItem","position":1,"name":"","item":"https:\/\/www.france.no\/no\/"},{"@type":"ListItem","position":2,"name":"Utdanning og fransk spr\u00e5k","item":"https:\/\/www.france.no\/no\/utdanning-og-fransk-sprak\/"},{"@type":"ListItem","position":3,"name":"Fremming av fransk spr\u00e5k","item":"https:\/\/www.france.no\/no\/utdanning-og-fransk-sprak\/fremming-av-fransk-sprak\/"},{"@type":"ListItem","position":4,"name":"Spr\u00e5ksertifisering (DELF\/DALF\/TCF)\u00a0"}]},{"@type":"WebSite","@id":"https:\/\/www.france.no\/no\/#website","url":"https:\/\/www.france.no\/no\/","name":"Institut fran\u00e7ais","description":"Norv\u00e8ge","publisher":{"@id":"https:\/\/www.france.no\/no\/#organization"},"potentialAction":[{"@type":"SearchAction","target":{"@type":"EntryPoint","urlTemplate":"https:\/\/www.france.no\/no\/?s={search_term_string}"},"query-input":{"@type":"PropertyValueSpecification","valueRequired":true,"valueName":"search_term_string"}}],"inLanguage":"nb-NO"},{"@type":"Organization","@id":"https:\/\/www.france.no\/no\/#organization","name":"Institut fran\u00e7ais","url":"https:\/\/www.france.no\/no\/","logo":{"@type":"ImageObject","inLanguage":"nb-NO","@id":"https:\/\/www.france.no\/no\/#\/schema\/logo\/image\/","url":"https:\/\/www.france.no\/wp-content\/uploads\/2022\/11\/IF_Logo_Sans_Bleu_RVB.png","contentUrl":"https:\/\/www.france.no\/wp-content\/uploads\/2022\/11\/IF_Logo_Sans_Bleu_RVB.png","width":852,"height":591,"caption":"Institut fran\u00e7ais"},"image":{"@id":"https:\/\/www.france.no\/no\/#\/schema\/logo\/image\/"},"sameAs":["https:\/\/www.facebook.com\/institutfrancaisoslo","https:\/\/x.com\/ifnorvege","https:\/\/instagram.com\/ifnorvege"]}]}},"_links":{"self":[{"href":"https:\/\/www.france.no\/no\/wp-json\/wp\/v2\/pages\/286","targetHints":{"allow":["GET"]}}],"collection":[{"href":"https:\/\/www.france.no\/no\/wp-json\/wp\/v2\/pages"}],"about":[{"href":"https:\/\/www.france.no\/no\/wp-json\/wp\/v2\/types\/page"}],"author":[{"embeddable":true,"href":"https:\/\/www.france.no\/no\/wp-json\/wp\/v2\/users\/6"}],"replies":[{"embeddable":true,"href":"https:\/\/www.france.no\/no\/wp-json\/wp\/v2\/comments?post=286"}],"version-history":[{"count":15,"href":"https:\/\/www.france.no\/no\/wp-json\/wp\/v2\/pages\/286\/revisions"}],"predecessor-version":[{"id":19659,"href":"https:\/\/www.france.no\/no\/wp-json\/wp\/v2\/pages\/286\/revisions\/19659"}],"up":[{"embeddable":true,"href":"https:\/\/www.france.no\/no\/wp-json\/wp\/v2\/pages\/2185"}],"wp:attachment":[{"href":"https:\/\/www.france.no\/no\/wp-json\/wp\/v2\/media?parent=286"}],"wp:term":[{"taxonomy":"category","embeddable":true,"href":"https:\/\/www.france.no\/no\/wp-json\/wp\/v2\/categories?post=286"}],"curies":[{"name":"wp","href":"https:\/\/api.w.org\/{rel}","templated":true}]}}