{"id":293,"date":"2022-02-11T16:50:51","date_gmt":"2022-02-11T15:50:51","guid":{"rendered":"https:\/\/www.france.no\/?page_id=293"},"modified":"2024-11-07T11:13:03","modified_gmt":"2024-11-07T10:13:03","slug":"sprakassistent-i-fransk-eller-norsk","status":"publish","type":"page","link":"https:\/\/www.france.no\/no\/utdanning-og-fransk-sprak\/skole-og-utdanningssamarbeid\/sprakassistent-i-fransk-eller-norsk\/","title":{"rendered":"Spr\u00e5kassistent i fransk eller norsk"},"content":{"rendered":"<div class=\"description\">\n<h5><strong>FRANSKE SPR\u00c5KASSISTENTER I NORGE<\/strong><\/h5>\n<p><strong>Underviser du i fransk<\/strong>? Kunne du tenke deg \u00e5 f\u00e5 en fransk l\u00e6rerassistent inn i undervisningen?<\/p>\n<p>Din skole kan s\u00f8ke hos DIKU. Les mer om\u00a0<a href=\"https:\/\/hkdir.no\/programmer-og-tilskuddsordninger\/sprakassistenter\" target=\"_blank\" rel=\"noopener noreferrer\">ordningen med spr\u00e5kassistenter<\/a>.<\/p>\n<p><strong>Er du student som tar mastergrad i fransk som fremmedspr\u00e5k (Master FLE)?<\/strong> \u00d8nsker du \u00e5 praktisere som l\u00e6rer ved en ungdomskole\/VGS i Norge samtidig som du opplever et fantastisk land?<\/p>\n<p>S\u00f8k p\u00e5 \u00e9n av 5 plasser. Mer informasjon <a href=\"https:\/\/www.france.no\/no\/if\/norge-oslo\/fransk-sprak\/assistenter\/assistenter-fransk\/\">HER<\/a><\/p>\n<\/div>\n<ul class=\"display-children clearfix\">\n<li class=\"cat-item cat-item-312\"><a href=\"https:\/\/www.france.no\/no\/if\/norge-oslo\/fransk-sprak\/assistenter\/assistenter-fransk\/\">ASSISTENTER \u2013 FRANSK<\/a><\/li>\n<li class=\"cat-item cat-item-313\"><a href=\"https:\/\/www.france.no\/no\/if\/norge-oslo\/fransk-sprak\/assistenter\/assistent-norsk\/\">ASSISTENT \u2013 NORSK<\/a><\/li>\n<\/ul>\n\n\n<h5 class=\"wp-block-heading\"><strong>NORSK ASSISTENT I FRANKRIKE<\/strong><\/h5>\n\n\n\n<p>Er du <strong>student med norsk nasjonalitet<\/strong>, og \u00f8nsker arbeidserfaring fra Frankrike? Da kan du bli assistent i Bayeux.<\/p>\n\n\n\n<p><\/p>\n\n\n\n<p>P\u00e5 bildet nedenfor spr\u00e5kassistenter i fransk p\u00e5 oppl\u00e6ring his Institut fran\u00e7ais de Norv\u00e8ge f\u00f8r de drar til sine respektive skoler i Trondheim, Sandnes, Lena, \u00c5s og Nittedal.<\/p>\n\n\n\n<figure class=\"wp-block-image size-large is-resized\"><img loading=\"lazy\" decoding=\"async\" width=\"913\" height=\"1024\" src=\"https:\/\/www.france.no\/wp-content\/uploads\/2023\/09\/20230929_134154-913x1024.jpg\" alt=\"\" class=\"wp-image-5749\" style=\"width:610px;height:684px\" srcset=\"https:\/\/www.france.no\/wp-content\/uploads\/2023\/09\/20230929_134154-913x1024.jpg 913w, https:\/\/www.france.no\/wp-content\/uploads\/2023\/09\/20230929_134154-267x300.jpg 267w, https:\/\/www.france.no\/wp-content\/uploads\/2023\/09\/20230929_134154-768x862.jpg 768w, https:\/\/www.france.no\/wp-content\/uploads\/2023\/09\/20230929_134154-1369x1536.jpg 1369w, https:\/\/www.france.no\/wp-content\/uploads\/2023\/09\/20230929_134154-1826x2048.jpg 1826w, https:\/\/www.france.no\/wp-content\/uploads\/2023\/09\/20230929_134154-1200x1346.jpg 1200w, https:\/\/www.france.no\/wp-content\/uploads\/2023\/09\/20230929_134154-1980x2221.jpg 1980w\" sizes=\"auto, (max-width: 913px) 100vw, 913px\" \/><figcaption class=\"wp-element-caption\">Bak, fra venstre: Supriya Paumier, Charlotte Navion, Maxime Rouchet. Foran, fra venstre: Thomas Vaillant, El\u00e9a Malheuvre.<\/figcaption><\/figure>\n","protected":false},"excerpt":{"rendered":"<p>FRANSKE SPR\u00c5KASSISTENTER I NORGE Underviser du i fransk? Kunne du tenke deg \u00e5 f\u00e5 en fransk l\u00e6rerassistent inn i undervisningen? Din skole kan s\u00f8ke hos DIKU. Les mer om\u00a0ordningen med spr\u00e5kassistenter. Er du student som tar mastergrad i fransk som fremmedspr\u00e5k (Master FLE)? \u00d8nsker du \u00e5 praktisere som l\u00e6rer ved en ungdomskole\/VGS i Norge samtidig [&hellip;]<\/p>\n","protected":false},"author":6,"featured_media":0,"parent":2203,"menu_order":4,"comment_status":"closed","ping_status":"closed","template":"","meta":{"footnotes":""},"categories":[13],"class_list":["post-293","page","type-page","status-publish","hentry","category-utdanning-og-fransk-sprak","no-media"],"yoast_head":"<!-- This site is optimized with the Yoast SEO plugin v27.3 - https:\/\/yoast.com\/product\/yoast-seo-wordpress\/ -->\n<title>Spr\u00e5kassistent i fransk eller norsk - Institut fran\u00e7ais<\/title>\n<meta name=\"robots\" content=\"index, follow, max-snippet:-1, max-image-preview:large, max-video-preview:-1\" \/>\n<link rel=\"canonical\" href=\"https:\/\/www.france.no\/no\/utdanning-og-fransk-sprak\/skole-og-utdanningssamarbeid\/sprakassistent-i-fransk-eller-norsk\/\" \/>\n<meta property=\"og:locale\" content=\"nb_NO\" \/>\n<meta property=\"og:type\" content=\"article\" \/>\n<meta property=\"og:title\" content=\"Spr\u00e5kassistent i fransk eller norsk - Institut fran\u00e7ais\" \/>\n<meta property=\"og:description\" content=\"FRANSKE SPR\u00c5KASSISTENTER I NORGE Underviser du i fransk? Kunne du tenke deg \u00e5 f\u00e5 en fransk l\u00e6rerassistent inn i undervisningen? Din skole kan s\u00f8ke hos DIKU. Les mer om\u00a0ordningen med spr\u00e5kassistenter. Er du student som tar mastergrad i fransk som fremmedspr\u00e5k (Master FLE)? \u00d8nsker du \u00e5 praktisere som l\u00e6rer ved en ungdomskole\/VGS i Norge samtidig [&hellip;]\" \/>\n<meta property=\"og:url\" content=\"https:\/\/www.france.no\/no\/utdanning-og-fransk-sprak\/skole-og-utdanningssamarbeid\/sprakassistent-i-fransk-eller-norsk\/\" \/>\n<meta property=\"og:site_name\" content=\"Institut fran\u00e7ais\" \/>\n<meta property=\"article:publisher\" content=\"https:\/\/www.facebook.com\/institutfrancaisoslo\" \/>\n<meta property=\"article:modified_time\" content=\"2024-11-07T10:13:03+00:00\" \/>\n<meta property=\"og:image\" content=\"https:\/\/www.france.no\/wp-content\/uploads\/2023\/09\/20230929_134154-913x1024.jpg\" \/>\n<meta name=\"twitter:card\" content=\"summary_large_image\" \/>\n<meta name=\"twitter:site\" content=\"@ifnorvege\" \/>\n<meta name=\"twitter:label1\" content=\"Ansl. lesetid\" \/>\n\t<meta name=\"twitter:data1\" content=\"1 minutt\" \/>\n<script type=\"application\/ld+json\" class=\"yoast-schema-graph\">{\"@context\":\"https:\\\/\\\/schema.org\",\"@graph\":[{\"@type\":\"WebPage\",\"@id\":\"https:\\\/\\\/www.france.no\\\/no\\\/utdanning-og-fransk-sprak\\\/skole-og-utdanningssamarbeid\\\/sprakassistent-i-fransk-eller-norsk\\\/\",\"url\":\"https:\\\/\\\/www.france.no\\\/no\\\/utdanning-og-fransk-sprak\\\/skole-og-utdanningssamarbeid\\\/sprakassistent-i-fransk-eller-norsk\\\/\",\"name\":\"Spr\u00e5kassistent i fransk eller norsk - Institut fran\u00e7ais\",\"isPartOf\":{\"@id\":\"https:\\\/\\\/www.france.no\\\/no\\\/#website\"},\"primaryImageOfPage\":{\"@id\":\"https:\\\/\\\/www.france.no\\\/no\\\/utdanning-og-fransk-sprak\\\/skole-og-utdanningssamarbeid\\\/sprakassistent-i-fransk-eller-norsk\\\/#primaryimage\"},\"image\":{\"@id\":\"https:\\\/\\\/www.france.no\\\/no\\\/utdanning-og-fransk-sprak\\\/skole-og-utdanningssamarbeid\\\/sprakassistent-i-fransk-eller-norsk\\\/#primaryimage\"},\"thumbnailUrl\":\"https:\\\/\\\/www.france.no\\\/wp-content\\\/uploads\\\/2023\\\/09\\\/20230929_134154-913x1024.jpg\",\"datePublished\":\"2022-02-11T15:50:51+00:00\",\"dateModified\":\"2024-11-07T10:13:03+00:00\",\"breadcrumb\":{\"@id\":\"https:\\\/\\\/www.france.no\\\/no\\\/utdanning-og-fransk-sprak\\\/skole-og-utdanningssamarbeid\\\/sprakassistent-i-fransk-eller-norsk\\\/#breadcrumb\"},\"inLanguage\":\"nb-NO\",\"potentialAction\":[{\"@type\":\"ReadAction\",\"target\":[\"https:\\\/\\\/www.france.no\\\/no\\\/utdanning-og-fransk-sprak\\\/skole-og-utdanningssamarbeid\\\/sprakassistent-i-fransk-eller-norsk\\\/\"]}]},{\"@type\":\"ImageObject\",\"inLanguage\":\"nb-NO\",\"@id\":\"https:\\\/\\\/www.france.no\\\/no\\\/utdanning-og-fransk-sprak\\\/skole-og-utdanningssamarbeid\\\/sprakassistent-i-fransk-eller-norsk\\\/#primaryimage\",\"url\":\"https:\\\/\\\/www.france.no\\\/wp-content\\\/uploads\\\/2023\\\/09\\\/20230929_134154-913x1024.jpg\",\"contentUrl\":\"https:\\\/\\\/www.france.no\\\/wp-content\\\/uploads\\\/2023\\\/09\\\/20230929_134154-913x1024.jpg\"},{\"@type\":\"BreadcrumbList\",\"@id\":\"https:\\\/\\\/www.france.no\\\/no\\\/utdanning-og-fransk-sprak\\\/skole-og-utdanningssamarbeid\\\/sprakassistent-i-fransk-eller-norsk\\\/#breadcrumb\",\"itemListElement\":[{\"@type\":\"ListItem\",\"position\":1,\"name\":\"\",\"item\":\"https:\\\/\\\/www.france.no\\\/no\\\/\"},{\"@type\":\"ListItem\",\"position\":2,\"name\":\"Utdanning og fransk spr\u00e5k\",\"item\":\"https:\\\/\\\/www.france.no\\\/no\\\/utdanning-og-fransk-sprak\\\/\"},{\"@type\":\"ListItem\",\"position\":3,\"name\":\"Skole- og utdanningssamarbeid\",\"item\":\"https:\\\/\\\/www.france.no\\\/no\\\/utdanning-og-fransk-sprak\\\/skole-og-utdanningssamarbeid\\\/\"},{\"@type\":\"ListItem\",\"position\":4,\"name\":\"Spr\u00e5kassistent i fransk eller norsk\"}]},{\"@type\":\"WebSite\",\"@id\":\"https:\\\/\\\/www.france.no\\\/no\\\/#website\",\"url\":\"https:\\\/\\\/www.france.no\\\/no\\\/\",\"name\":\"Institut fran\u00e7ais\",\"description\":\"Norv\u00e8ge\",\"publisher\":{\"@id\":\"https:\\\/\\\/www.france.no\\\/no\\\/#organization\"},\"potentialAction\":[{\"@type\":\"SearchAction\",\"target\":{\"@type\":\"EntryPoint\",\"urlTemplate\":\"https:\\\/\\\/www.france.no\\\/no\\\/?s={search_term_string}\"},\"query-input\":{\"@type\":\"PropertyValueSpecification\",\"valueRequired\":true,\"valueName\":\"search_term_string\"}}],\"inLanguage\":\"nb-NO\"},{\"@type\":\"Organization\",\"@id\":\"https:\\\/\\\/www.france.no\\\/no\\\/#organization\",\"name\":\"Institut fran\u00e7ais\",\"url\":\"https:\\\/\\\/www.france.no\\\/no\\\/\",\"logo\":{\"@type\":\"ImageObject\",\"inLanguage\":\"nb-NO\",\"@id\":\"https:\\\/\\\/www.france.no\\\/no\\\/#\\\/schema\\\/logo\\\/image\\\/\",\"url\":\"https:\\\/\\\/www.france.no\\\/wp-content\\\/uploads\\\/2022\\\/11\\\/IF_Logo_Sans_Bleu_RVB.png\",\"contentUrl\":\"https:\\\/\\\/www.france.no\\\/wp-content\\\/uploads\\\/2022\\\/11\\\/IF_Logo_Sans_Bleu_RVB.png\",\"width\":852,\"height\":591,\"caption\":\"Institut fran\u00e7ais\"},\"image\":{\"@id\":\"https:\\\/\\\/www.france.no\\\/no\\\/#\\\/schema\\\/logo\\\/image\\\/\"},\"sameAs\":[\"https:\\\/\\\/www.facebook.com\\\/institutfrancaisoslo\",\"https:\\\/\\\/x.com\\\/ifnorvege\",\"https:\\\/\\\/instagram.com\\\/ifnorvege\"]}]}<\/script>\n<!-- \/ Yoast SEO plugin. -->","yoast_head_json":{"title":"Spr\u00e5kassistent i fransk eller norsk - Institut fran\u00e7ais","robots":{"index":"index","follow":"follow","max-snippet":"max-snippet:-1","max-image-preview":"max-image-preview:large","max-video-preview":"max-video-preview:-1"},"canonical":"https:\/\/www.france.no\/no\/utdanning-og-fransk-sprak\/skole-og-utdanningssamarbeid\/sprakassistent-i-fransk-eller-norsk\/","og_locale":"nb_NO","og_type":"article","og_title":"Spr\u00e5kassistent i fransk eller norsk - Institut fran\u00e7ais","og_description":"FRANSKE SPR\u00c5KASSISTENTER I NORGE Underviser du i fransk? Kunne du tenke deg \u00e5 f\u00e5 en fransk l\u00e6rerassistent inn i undervisningen? Din skole kan s\u00f8ke hos DIKU. Les mer om\u00a0ordningen med spr\u00e5kassistenter. Er du student som tar mastergrad i fransk som fremmedspr\u00e5k (Master FLE)? \u00d8nsker du \u00e5 praktisere som l\u00e6rer ved en ungdomskole\/VGS i Norge samtidig [&hellip;]","og_url":"https:\/\/www.france.no\/no\/utdanning-og-fransk-sprak\/skole-og-utdanningssamarbeid\/sprakassistent-i-fransk-eller-norsk\/","og_site_name":"Institut fran\u00e7ais","article_publisher":"https:\/\/www.facebook.com\/institutfrancaisoslo","article_modified_time":"2024-11-07T10:13:03+00:00","og_image":[{"url":"https:\/\/www.france.no\/wp-content\/uploads\/2023\/09\/20230929_134154-913x1024.jpg","type":"","width":"","height":""}],"twitter_card":"summary_large_image","twitter_site":"@ifnorvege","twitter_misc":{"Ansl. lesetid":"1 minutt"},"schema":{"@context":"https:\/\/schema.org","@graph":[{"@type":"WebPage","@id":"https:\/\/www.france.no\/no\/utdanning-og-fransk-sprak\/skole-og-utdanningssamarbeid\/sprakassistent-i-fransk-eller-norsk\/","url":"https:\/\/www.france.no\/no\/utdanning-og-fransk-sprak\/skole-og-utdanningssamarbeid\/sprakassistent-i-fransk-eller-norsk\/","name":"Spr\u00e5kassistent i fransk eller norsk - Institut fran\u00e7ais","isPartOf":{"@id":"https:\/\/www.france.no\/no\/#website"},"primaryImageOfPage":{"@id":"https:\/\/www.france.no\/no\/utdanning-og-fransk-sprak\/skole-og-utdanningssamarbeid\/sprakassistent-i-fransk-eller-norsk\/#primaryimage"},"image":{"@id":"https:\/\/www.france.no\/no\/utdanning-og-fransk-sprak\/skole-og-utdanningssamarbeid\/sprakassistent-i-fransk-eller-norsk\/#primaryimage"},"thumbnailUrl":"https:\/\/www.france.no\/wp-content\/uploads\/2023\/09\/20230929_134154-913x1024.jpg","datePublished":"2022-02-11T15:50:51+00:00","dateModified":"2024-11-07T10:13:03+00:00","breadcrumb":{"@id":"https:\/\/www.france.no\/no\/utdanning-og-fransk-sprak\/skole-og-utdanningssamarbeid\/sprakassistent-i-fransk-eller-norsk\/#breadcrumb"},"inLanguage":"nb-NO","potentialAction":[{"@type":"ReadAction","target":["https:\/\/www.france.no\/no\/utdanning-og-fransk-sprak\/skole-og-utdanningssamarbeid\/sprakassistent-i-fransk-eller-norsk\/"]}]},{"@type":"ImageObject","inLanguage":"nb-NO","@id":"https:\/\/www.france.no\/no\/utdanning-og-fransk-sprak\/skole-og-utdanningssamarbeid\/sprakassistent-i-fransk-eller-norsk\/#primaryimage","url":"https:\/\/www.france.no\/wp-content\/uploads\/2023\/09\/20230929_134154-913x1024.jpg","contentUrl":"https:\/\/www.france.no\/wp-content\/uploads\/2023\/09\/20230929_134154-913x1024.jpg"},{"@type":"BreadcrumbList","@id":"https:\/\/www.france.no\/no\/utdanning-og-fransk-sprak\/skole-og-utdanningssamarbeid\/sprakassistent-i-fransk-eller-norsk\/#breadcrumb","itemListElement":[{"@type":"ListItem","position":1,"name":"","item":"https:\/\/www.france.no\/no\/"},{"@type":"ListItem","position":2,"name":"Utdanning og fransk spr\u00e5k","item":"https:\/\/www.france.no\/no\/utdanning-og-fransk-sprak\/"},{"@type":"ListItem","position":3,"name":"Skole- og utdanningssamarbeid","item":"https:\/\/www.france.no\/no\/utdanning-og-fransk-sprak\/skole-og-utdanningssamarbeid\/"},{"@type":"ListItem","position":4,"name":"Spr\u00e5kassistent i fransk eller norsk"}]},{"@type":"WebSite","@id":"https:\/\/www.france.no\/no\/#website","url":"https:\/\/www.france.no\/no\/","name":"Institut fran\u00e7ais","description":"Norv\u00e8ge","publisher":{"@id":"https:\/\/www.france.no\/no\/#organization"},"potentialAction":[{"@type":"SearchAction","target":{"@type":"EntryPoint","urlTemplate":"https:\/\/www.france.no\/no\/?s={search_term_string}"},"query-input":{"@type":"PropertyValueSpecification","valueRequired":true,"valueName":"search_term_string"}}],"inLanguage":"nb-NO"},{"@type":"Organization","@id":"https:\/\/www.france.no\/no\/#organization","name":"Institut fran\u00e7ais","url":"https:\/\/www.france.no\/no\/","logo":{"@type":"ImageObject","inLanguage":"nb-NO","@id":"https:\/\/www.france.no\/no\/#\/schema\/logo\/image\/","url":"https:\/\/www.france.no\/wp-content\/uploads\/2022\/11\/IF_Logo_Sans_Bleu_RVB.png","contentUrl":"https:\/\/www.france.no\/wp-content\/uploads\/2022\/11\/IF_Logo_Sans_Bleu_RVB.png","width":852,"height":591,"caption":"Institut fran\u00e7ais"},"image":{"@id":"https:\/\/www.france.no\/no\/#\/schema\/logo\/image\/"},"sameAs":["https:\/\/www.facebook.com\/institutfrancaisoslo","https:\/\/x.com\/ifnorvege","https:\/\/instagram.com\/ifnorvege"]}]}},"_links":{"self":[{"href":"https:\/\/www.france.no\/no\/wp-json\/wp\/v2\/pages\/293","targetHints":{"allow":["GET"]}}],"collection":[{"href":"https:\/\/www.france.no\/no\/wp-json\/wp\/v2\/pages"}],"about":[{"href":"https:\/\/www.france.no\/no\/wp-json\/wp\/v2\/types\/page"}],"author":[{"embeddable":true,"href":"https:\/\/www.france.no\/no\/wp-json\/wp\/v2\/users\/6"}],"replies":[{"embeddable":true,"href":"https:\/\/www.france.no\/no\/wp-json\/wp\/v2\/comments?post=293"}],"version-history":[{"count":11,"href":"https:\/\/www.france.no\/no\/wp-json\/wp\/v2\/pages\/293\/revisions"}],"predecessor-version":[{"id":9515,"href":"https:\/\/www.france.no\/no\/wp-json\/wp\/v2\/pages\/293\/revisions\/9515"}],"up":[{"embeddable":true,"href":"https:\/\/www.france.no\/no\/wp-json\/wp\/v2\/pages\/2203"}],"wp:attachment":[{"href":"https:\/\/www.france.no\/no\/wp-json\/wp\/v2\/media?parent=293"}],"wp:term":[{"taxonomy":"category","embeddable":true,"href":"https:\/\/www.france.no\/no\/wp-json\/wp\/v2\/categories?post=293"}],"curies":[{"name":"wp","href":"https:\/\/api.w.org\/{rel}","templated":true}]}}