{"id":380,"date":"2024-01-31T16:45:11","date_gmt":"2024-01-31T15:45:11","guid":{"rendered":"https:\/\/www.france.no\/?page_id=380"},"modified":"2026-02-02T10:55:18","modified_gmt":"2026-02-02T09:55:18","slug":"1-arig-program","status":"publish","type":"page","link":"https:\/\/www.france.no\/no\/utdanning-og-fransk-sprak\/skole-og-utdanningssamarbeid\/videregaende-i-frankrike\/1-arig-program\/","title":{"rendered":"1-\u00e5rig program"},"content":{"rendered":"\n<p><strong>Har du lyst til \u00e5 ta 1 \u00e5r p\u00e5 videreg\u00e5ende i Frankrike som en del av v\u00e5rt mobilitetsprogram? Takket v\u00e6re Institut Fran\u00e7ais er dette mulig. Elevene reiser ut for \u00e5 ta <em>seconde<\/em> (Vg1) p\u00e5 et fransk gymnas, og n\u00e5r de kommer tilbake til Norge, fortsetter de p\u00e5 Vg2.<\/strong><\/p>\n\n\n\n<p>\u00d8nsker du \u00e5 oppleve noe nytt og f\u00e5 nye spennende utfordringer? Da er dette programmet for deg. Du vil v\u00e6re 100% inkludert i en fransk klasse og en fransk familie. N\u00e5r du kommer tilbake til Norge vil du ha kunnskap om fransk spr\u00e5k, kultur og historie og ikke minst bli mer selvstendig og attraktiv p\u00e5 arbeidsmarkedet n\u00e5r den tid kommer. Frankrike har et internasjonalt anerkjent undervisningssystem.<\/p>\n\n\n\n<p><strong>Kandidatprofil:<\/strong><\/p>\n\n\n\n<ul class=\"wp-block-list\">\n<li>Elev i 10. klasse ved en skole i Norge<\/li>\n\n\n\n<li>Norsk statsborger<\/li>\n\n\n\n<li>Fransk som valgfag (ikke obligatorisk, men en fordel)<\/li>\n<\/ul>\n\n\n\n<p><strong>Du f\u00e5r:<\/strong><\/p>\n\n\n\n<ul class=\"wp-block-list\">\n<li>4 ukers forberedende kurs i Oslo f\u00f8r avreise (intensivkurs i fransk og matematikk p\u00e5 fransk).<\/li>\n\n\n\n<li>1 skole\u00e5r i Frankrike tilsvarende Vg1 studiespesialisering<\/li>\n\n\n\n<li>Ett skole\u00e5r p\u00e5 en offentlig fransk skole med franske elever<\/li>\n\n\n\n<li>Ekstratimer i fransk det f\u00f8rste halv\u00e5ret<\/li>\n\n\n\n<li>Bo p\u00e5 internat i uka og i en fransk vertsfamilie i helgen<\/li>\n\n\n\n<li>Mulighet til \u00e5 begynne rett i Vg2 i Norge etter \u00e5ret i Frankrike<\/li>\n\n\n\n<li>Stipend og \u00f8konomisk st\u00f8tte fra L\u00e5nekassen som dekker skole, kost og losji<\/li>\n\n\n\n<li>Et bredt utvalg av valgfag (idrett, kunst, musikk, naturfag osv.)<\/li>\n\n\n\n<li>En unik opplevelse<\/li>\n<\/ul>\n\n\n\n<h2 class=\"wp-block-heading\"><strong>TRYGG OG TETT OPPF\u00d8LGING<\/strong><\/h2>\n\n\n\n<p>I Frankrike har hver skole en kontaktperson (l\u00e6rer og\/eller assisterende rektor) som f\u00f8lger den norske eleven for \u00e5 sikre at han eller hun blir godt integrert i vertsfamilien og p\u00e5 skolen, og for \u00e5 sikre kvaliteten p\u00e5 studiene (timeplan, oppm\u00f8te p\u00e5 kurs).<\/p>\n\n\n\n<p>Institut fran\u00e7ais de Norv\u00e8ge har jevnlig kontakt med skolene.<\/p>\n\n\n\n<p><strong><span style=\"font-size: 14pt;\">SKOLENE:<\/span><\/strong><\/p>\n\n\n\n<p>Vi tilbyr et bredt utvalg av videreg\u00e5ende skoler for Vg1. Mange av disse tilbyr ogs\u00e5 kunst &#8211; og idrettsfag, samt europeisk linje (ett fag p\u00e5 engelsk).<br>Finn ut mer om skolene p\u00e5 det interaktive kartet under.<\/p>\n\n\n\n<p><iframe loading=\"lazy\" src=\"https:\/\/www.google.com\/maps\/d\/embed?mid=1tx4dCJZ4t8rGGKW2Mn300Cn-QOP4F6M&amp;ehbc=2E312F\" width=\"640\" height=\"480\"><\/iframe><\/p>\n\n\n\n<p><strong><span style=\"font-size: 14pt;\">S\u00d8KNADSPROSESSEN:<\/span><\/strong><\/p>\n\n\n\n<ul class=\"wp-block-list\">\n<li>S\u00f8knadsfrist: <strong>31. mars 2026&nbsp;<\/strong><\/li>\n\n\n\n<li>S\u00f8knaden sendes elektronisk<\/li>\n\n\n\n<li>S\u00f8knadene vurderes av en egen komit\u00e9<\/li>\n\n\n\n<li>P\u00e5 grunnlag av den skriftlige s\u00f8knaden blir en del av s\u00f8kerne kalt inn til digitalt intervju<\/li>\n\n\n\n<li>S\u00f8kere som har f\u00e5tt plass p\u00e5 en fransk skole, vil bli kontaktet i slutten av mai\/begynnelsen av juni.<\/li>\n<\/ul>\n\n\n\n<p>Det forventes at de utvalgte kandidatene og familiene deres gj\u00f8r f\u00f8lgende:<br>&#8211; Kontakter den franske vertsfamilien s\u00e5 snart som mulig for \u00e5 bli kjent med hverandre f\u00f8r ankomst til Frankrike og for \u00e5 sikre en smidig integrering i familien.<br>&#8211; Delta p\u00e5 4-ukers intensivkurs i Oslo i juli-august.<br>&#8211; Reiser til Frankrike og finner seg til rette hos vertsfamilien f\u00f8r skolestart 1. september 2026. Minst \u00e9n norsk forelder m\u00e5 v\u00e6re med p\u00e5 reisen og m\u00f8te vertsfamilien.<\/p>\n\n\n\n<p>1. Print ut f\u00f8lgende skjemaer. De skal scannes og lastes opp i s\u00f8knaden.<\/p>\n\n\n\n<ul class=\"wp-block-list\">\n<li><span style=\"color: #000080;\"><strong><a href=\"https:\/\/www.france.no\/wp-content\/uploads\/2026\/02\/Laererattest.pdf\" target=\"_blank\" rel=\"noreferrer noopener\">L\u00e6rerattest<\/a><\/strong><\/span>&nbsp;(skriv ut to eksemplarer. De lastes opp hver for seg)<\/li>\n\n\n\n<li><span style=\"color: #000080;\"><strong><a href=\"https:\/\/www.france.no\/wp-content\/uploads\/2026\/02\/Legeattest.pdf\" target=\"_blank\" rel=\"noreferrer noopener\">Legeattest<\/a><\/strong><\/span><\/li>\n\n\n\n<li><strong><a href=\"https:\/\/www.france.no\/wp-content\/uploads\/2026\/02\/Signaturark-ettarig.pdf\">Signaturark<\/a><\/strong><\/li>\n<\/ul>\n\n\n\n<p>Last ned brosjyre:&nbsp;<a href=\"https:\/\/www.france.no\/wp-content\/uploads\/2024\/01\/Informasjon-om-VG1-i-Frankrike.pdf\" target=\"_blank\" rel=\"noreferrer noopener\">VGS i Frankrike<\/a><\/p>\n\n\n\n<p>2. Det elektroniske s\u00f8knadsskjemaet \u00e5pner <strong>31. januar<\/strong>, og s\u00f8knadsfristen er<strong> 31. mars 2026, kl. 23:59<\/strong>. Du finner skjemaet nederst p\u00e5 siden.<\/p>\n\n\n\n<p>Du b\u00f8r beregne god tid p\u00e5 s\u00f8knaden. Vi anbefaler at du gj\u00f8r den ferdig s\u00e5 tidlig som mulig, slik at eventuelle sp\u00f8rsm\u00e5l kan stilles god tid i forkant av fristen.<\/p>\n\n\n\n<p>Foruten karakterniv\u00e5 legges det stor vekt p\u00e5 s\u00f8kernes motivasjon, arbeidsevne og evne til \u00e5 tilpasse seg nye og uvante forhold med strengere disiplin enn det som er vanlig i norsk skole. S\u00f8knadskomit\u00e9en best\u00e5r av en representant for franske myndigheter, en representant for norske myndigheter og en tidligere elev.<\/p>\n\n\n\n<p>NB: UFULLSTENDIGE S\u00d8KNADER VIL IKKE BLI BEHANDLET.<\/p>\n\n\n\n<p><strong>Last ned brosjyremed<\/strong> alle forklaringene :&nbsp;<a href=\"https:\/\/www.france.no\/wp-content\/uploads\/2024\/01\/Informasjon-om-VG1-i-Frankrike.pdf\" target=\"_blank\" rel=\"noreferrer noopener\">VGS i Frankrike<\/a><\/p>\n\n\n\n<div class=\"wp-block-media-text has-media-on-the-right is-stacked-on-mobile\" style=\"grid-template-columns:auto 40%\"><div class=\"wp-block-media-text__content\">\n<p>M\u00f8t Anne som skal g\u00e5 ett \u00e5r p\u00e5 VGS i Frankrike med toppidrett h\u00e5ndball:<\/p>\n<\/div><figure class=\"wp-block-media-text__media\"><video controls src=\"https:\/\/www.france.no\/wp-content\/uploads\/2023\/08\/Anne-Story-Instagram.mp4\"><\/video><\/figure><\/div>\n\n\n\n<hr class=\"wp-block-separator has-alpha-channel-opacity\"\/>\n\n\n<p>Beklager, skjemaet er ikke lengre tilgjengelig.<\/p>","protected":false},"excerpt":{"rendered":"<p>Har du lyst til \u00e5 ta 1 \u00e5r p\u00e5 videreg\u00e5ende i Frankrike som en del av v\u00e5rt mobilitetsprogram? Takket v\u00e6re Institut Fran\u00e7ais er dette mulig. Elevene reiser ut for \u00e5 ta seconde (Vg1) p\u00e5 et fransk gymnas, og n\u00e5r de kommer tilbake til Norge, fortsetter de p\u00e5 Vg2. \u00d8nsker du \u00e5 oppleve noe nytt og [&hellip;]<\/p>\n","protected":false},"author":1,"featured_media":3692,"parent":386,"menu_order":1,"comment_status":"closed","ping_status":"closed","template":"","meta":{"footnotes":""},"categories":[13],"class_list":["post-380","page","type-page","status-publish","has-post-thumbnail","hentry","category-utdanning-og-fransk-sprak"],"yoast_head":"<!-- This site is optimized with the Yoast SEO plugin v27.3 - https:\/\/yoast.com\/product\/yoast-seo-wordpress\/ -->\n<title>1-\u00e5rig program - Institut fran\u00e7ais<\/title>\n<meta name=\"robots\" content=\"index, follow, max-snippet:-1, max-image-preview:large, max-video-preview:-1\" \/>\n<link rel=\"canonical\" href=\"https:\/\/www.france.no\/no\/utdanning-og-fransk-sprak\/skole-og-utdanningssamarbeid\/videregaende-i-frankrike\/1-arig-program\/\" \/>\n<meta property=\"og:locale\" content=\"nb_NO\" \/>\n<meta property=\"og:type\" content=\"article\" \/>\n<meta property=\"og:title\" content=\"Reis til Frankrike med Institut fran\u00e7ais de Norv\u00e8ge\" \/>\n<meta property=\"og:description\" content=\"Har du lyst til \u00e5 ta 1 \u00e5r p\u00e5 videreg\u00e5ende i Frankrike som en del av v\u00e5rt mobilitetsprogram? Takket v\u00e6re Institut Fran\u00e7ais er dette mulig. Elevene reiser ut for \u00e5 ta seconde (Vg1) p\u00e5 et fransk gymnas, og n\u00e5r de kommer tilbake til Norge, fortsetter de p\u00e5 Vg2. \u00d8nsker du \u00e5 oppleve noe nytt og [&hellip;]\" \/>\n<meta property=\"og:url\" content=\"https:\/\/www.france.no\/no\/utdanning-og-fransk-sprak\/skole-og-utdanningssamarbeid\/videregaende-i-frankrike\/1-arig-program\/\" \/>\n<meta property=\"og:site_name\" content=\"Institut fran\u00e7ais\" \/>\n<meta property=\"article:publisher\" content=\"https:\/\/www.facebook.com\/institutfrancaisoslo\" \/>\n<meta property=\"article:modified_time\" content=\"2026-02-02T09:55:18+00:00\" \/>\n<meta property=\"og:image\" content=\"https:\/\/www.france.no\/wp-content\/uploads\/2022\/01\/IFN-logo.png\" \/>\n\t<meta property=\"og:image:width\" content=\"946\" \/>\n\t<meta property=\"og:image:height\" content=\"546\" \/>\n\t<meta property=\"og:image:type\" content=\"image\/png\" \/>\n<meta name=\"twitter:card\" content=\"summary_large_image\" \/>\n<meta name=\"twitter:site\" content=\"@ifnorvege\" \/>\n<meta name=\"twitter:label1\" content=\"Ansl. lesetid\" \/>\n\t<meta name=\"twitter:data1\" content=\"4 minutter\" \/>\n<script type=\"application\/ld+json\" class=\"yoast-schema-graph\">{\"@context\":\"https:\\\/\\\/schema.org\",\"@graph\":[{\"@type\":\"WebPage\",\"@id\":\"https:\\\/\\\/www.france.no\\\/no\\\/utdanning-og-fransk-sprak\\\/skole-og-utdanningssamarbeid\\\/videregaende-i-frankrike\\\/1-arig-program\\\/\",\"url\":\"https:\\\/\\\/www.france.no\\\/no\\\/utdanning-og-fransk-sprak\\\/skole-og-utdanningssamarbeid\\\/videregaende-i-frankrike\\\/1-arig-program\\\/\",\"name\":\"1-\u00e5rig program - Institut fran\u00e7ais\",\"isPartOf\":{\"@id\":\"https:\\\/\\\/www.france.no\\\/no\\\/#website\"},\"primaryImageOfPage\":{\"@id\":\"https:\\\/\\\/www.france.no\\\/no\\\/utdanning-og-fransk-sprak\\\/skole-og-utdanningssamarbeid\\\/videregaende-i-frankrike\\\/1-arig-program\\\/#primaryimage\"},\"image\":{\"@id\":\"https:\\\/\\\/www.france.no\\\/no\\\/utdanning-og-fransk-sprak\\\/skole-og-utdanningssamarbeid\\\/videregaende-i-frankrike\\\/1-arig-program\\\/#primaryimage\"},\"thumbnailUrl\":\"https:\\\/\\\/www.france.no\\\/wp-content\\\/uploads\\\/2023\\\/02\\\/TA-VG1-I-FRANKRIKE-MED-INSTITUT-FRANCAIS-1-1098x617.png\",\"datePublished\":\"2024-01-31T15:45:11+00:00\",\"dateModified\":\"2026-02-02T09:55:18+00:00\",\"breadcrumb\":{\"@id\":\"https:\\\/\\\/www.france.no\\\/no\\\/utdanning-og-fransk-sprak\\\/skole-og-utdanningssamarbeid\\\/videregaende-i-frankrike\\\/1-arig-program\\\/#breadcrumb\"},\"inLanguage\":\"nb-NO\",\"potentialAction\":[{\"@type\":\"ReadAction\",\"target\":[\"https:\\\/\\\/www.france.no\\\/no\\\/utdanning-og-fransk-sprak\\\/skole-og-utdanningssamarbeid\\\/videregaende-i-frankrike\\\/1-arig-program\\\/\"]}]},{\"@type\":\"ImageObject\",\"inLanguage\":\"nb-NO\",\"@id\":\"https:\\\/\\\/www.france.no\\\/no\\\/utdanning-og-fransk-sprak\\\/skole-og-utdanningssamarbeid\\\/videregaende-i-frankrike\\\/1-arig-program\\\/#primaryimage\",\"url\":\"https:\\\/\\\/www.france.no\\\/wp-content\\\/uploads\\\/2023\\\/02\\\/TA-VG1-I-FRANKRIKE-MED-INSTITUT-FRANCAIS-1-1098x617.png\",\"contentUrl\":\"https:\\\/\\\/www.france.no\\\/wp-content\\\/uploads\\\/2023\\\/02\\\/TA-VG1-I-FRANKRIKE-MED-INSTITUT-FRANCAIS-1-1098x617.png\",\"width\":1640,\"height\":924},{\"@type\":\"BreadcrumbList\",\"@id\":\"https:\\\/\\\/www.france.no\\\/no\\\/utdanning-og-fransk-sprak\\\/skole-og-utdanningssamarbeid\\\/videregaende-i-frankrike\\\/1-arig-program\\\/#breadcrumb\",\"itemListElement\":[{\"@type\":\"ListItem\",\"position\":1,\"name\":\"\",\"item\":\"https:\\\/\\\/www.france.no\\\/no\\\/\"},{\"@type\":\"ListItem\",\"position\":2,\"name\":\"Utdanning og fransk spr\u00e5k\",\"item\":\"https:\\\/\\\/www.france.no\\\/no\\\/utdanning-og-fransk-sprak\\\/\"},{\"@type\":\"ListItem\",\"position\":3,\"name\":\"Skole- og utdanningssamarbeid\",\"item\":\"https:\\\/\\\/www.france.no\\\/no\\\/utdanning-og-fransk-sprak\\\/skole-og-utdanningssamarbeid\\\/\"},{\"@type\":\"ListItem\",\"position\":4,\"name\":\"Videreg\u00e5ende i Frankrike\",\"item\":\"https:\\\/\\\/www.france.no\\\/no\\\/utdanning-og-fransk-sprak\\\/skole-og-utdanningssamarbeid\\\/videregaende-i-frankrike\\\/\"},{\"@type\":\"ListItem\",\"position\":5,\"name\":\"1-\u00e5rig program\"}]},{\"@type\":\"WebSite\",\"@id\":\"https:\\\/\\\/www.france.no\\\/no\\\/#website\",\"url\":\"https:\\\/\\\/www.france.no\\\/no\\\/\",\"name\":\"Institut fran\u00e7ais\",\"description\":\"Norv\u00e8ge\",\"publisher\":{\"@id\":\"https:\\\/\\\/www.france.no\\\/no\\\/#organization\"},\"potentialAction\":[{\"@type\":\"SearchAction\",\"target\":{\"@type\":\"EntryPoint\",\"urlTemplate\":\"https:\\\/\\\/www.france.no\\\/no\\\/?s={search_term_string}\"},\"query-input\":{\"@type\":\"PropertyValueSpecification\",\"valueRequired\":true,\"valueName\":\"search_term_string\"}}],\"inLanguage\":\"nb-NO\"},{\"@type\":\"Organization\",\"@id\":\"https:\\\/\\\/www.france.no\\\/no\\\/#organization\",\"name\":\"Institut fran\u00e7ais\",\"url\":\"https:\\\/\\\/www.france.no\\\/no\\\/\",\"logo\":{\"@type\":\"ImageObject\",\"inLanguage\":\"nb-NO\",\"@id\":\"https:\\\/\\\/www.france.no\\\/no\\\/#\\\/schema\\\/logo\\\/image\\\/\",\"url\":\"https:\\\/\\\/www.france.no\\\/wp-content\\\/uploads\\\/2022\\\/11\\\/IF_Logo_Sans_Bleu_RVB.png\",\"contentUrl\":\"https:\\\/\\\/www.france.no\\\/wp-content\\\/uploads\\\/2022\\\/11\\\/IF_Logo_Sans_Bleu_RVB.png\",\"width\":852,\"height\":591,\"caption\":\"Institut fran\u00e7ais\"},\"image\":{\"@id\":\"https:\\\/\\\/www.france.no\\\/no\\\/#\\\/schema\\\/logo\\\/image\\\/\"},\"sameAs\":[\"https:\\\/\\\/www.facebook.com\\\/institutfrancaisoslo\",\"https:\\\/\\\/x.com\\\/ifnorvege\",\"https:\\\/\\\/instagram.com\\\/ifnorvege\"]}]}<\/script>\n<!-- \/ Yoast SEO plugin. -->","yoast_head_json":{"title":"1-\u00e5rig program - Institut fran\u00e7ais","robots":{"index":"index","follow":"follow","max-snippet":"max-snippet:-1","max-image-preview":"max-image-preview:large","max-video-preview":"max-video-preview:-1"},"canonical":"https:\/\/www.france.no\/no\/utdanning-og-fransk-sprak\/skole-og-utdanningssamarbeid\/videregaende-i-frankrike\/1-arig-program\/","og_locale":"nb_NO","og_type":"article","og_title":"Reis til Frankrike med Institut fran\u00e7ais de Norv\u00e8ge","og_description":"Har du lyst til \u00e5 ta 1 \u00e5r p\u00e5 videreg\u00e5ende i Frankrike som en del av v\u00e5rt mobilitetsprogram? Takket v\u00e6re Institut Fran\u00e7ais er dette mulig. Elevene reiser ut for \u00e5 ta seconde (Vg1) p\u00e5 et fransk gymnas, og n\u00e5r de kommer tilbake til Norge, fortsetter de p\u00e5 Vg2. \u00d8nsker du \u00e5 oppleve noe nytt og [&hellip;]","og_url":"https:\/\/www.france.no\/no\/utdanning-og-fransk-sprak\/skole-og-utdanningssamarbeid\/videregaende-i-frankrike\/1-arig-program\/","og_site_name":"Institut fran\u00e7ais","article_publisher":"https:\/\/www.facebook.com\/institutfrancaisoslo","article_modified_time":"2026-02-02T09:55:18+00:00","og_image":[{"width":946,"height":546,"url":"https:\/\/www.france.no\/wp-content\/uploads\/2022\/01\/IFN-logo.png","type":"image\/png"}],"twitter_card":"summary_large_image","twitter_site":"@ifnorvege","twitter_misc":{"Ansl. lesetid":"4 minutter"},"schema":{"@context":"https:\/\/schema.org","@graph":[{"@type":"WebPage","@id":"https:\/\/www.france.no\/no\/utdanning-og-fransk-sprak\/skole-og-utdanningssamarbeid\/videregaende-i-frankrike\/1-arig-program\/","url":"https:\/\/www.france.no\/no\/utdanning-og-fransk-sprak\/skole-og-utdanningssamarbeid\/videregaende-i-frankrike\/1-arig-program\/","name":"1-\u00e5rig program - Institut fran\u00e7ais","isPartOf":{"@id":"https:\/\/www.france.no\/no\/#website"},"primaryImageOfPage":{"@id":"https:\/\/www.france.no\/no\/utdanning-og-fransk-sprak\/skole-og-utdanningssamarbeid\/videregaende-i-frankrike\/1-arig-program\/#primaryimage"},"image":{"@id":"https:\/\/www.france.no\/no\/utdanning-og-fransk-sprak\/skole-og-utdanningssamarbeid\/videregaende-i-frankrike\/1-arig-program\/#primaryimage"},"thumbnailUrl":"https:\/\/www.france.no\/wp-content\/uploads\/2023\/02\/TA-VG1-I-FRANKRIKE-MED-INSTITUT-FRANCAIS-1-1098x617.png","datePublished":"2024-01-31T15:45:11+00:00","dateModified":"2026-02-02T09:55:18+00:00","breadcrumb":{"@id":"https:\/\/www.france.no\/no\/utdanning-og-fransk-sprak\/skole-og-utdanningssamarbeid\/videregaende-i-frankrike\/1-arig-program\/#breadcrumb"},"inLanguage":"nb-NO","potentialAction":[{"@type":"ReadAction","target":["https:\/\/www.france.no\/no\/utdanning-og-fransk-sprak\/skole-og-utdanningssamarbeid\/videregaende-i-frankrike\/1-arig-program\/"]}]},{"@type":"ImageObject","inLanguage":"nb-NO","@id":"https:\/\/www.france.no\/no\/utdanning-og-fransk-sprak\/skole-og-utdanningssamarbeid\/videregaende-i-frankrike\/1-arig-program\/#primaryimage","url":"https:\/\/www.france.no\/wp-content\/uploads\/2023\/02\/TA-VG1-I-FRANKRIKE-MED-INSTITUT-FRANCAIS-1-1098x617.png","contentUrl":"https:\/\/www.france.no\/wp-content\/uploads\/2023\/02\/TA-VG1-I-FRANKRIKE-MED-INSTITUT-FRANCAIS-1-1098x617.png","width":1640,"height":924},{"@type":"BreadcrumbList","@id":"https:\/\/www.france.no\/no\/utdanning-og-fransk-sprak\/skole-og-utdanningssamarbeid\/videregaende-i-frankrike\/1-arig-program\/#breadcrumb","itemListElement":[{"@type":"ListItem","position":1,"name":"","item":"https:\/\/www.france.no\/no\/"},{"@type":"ListItem","position":2,"name":"Utdanning og fransk spr\u00e5k","item":"https:\/\/www.france.no\/no\/utdanning-og-fransk-sprak\/"},{"@type":"ListItem","position":3,"name":"Skole- og utdanningssamarbeid","item":"https:\/\/www.france.no\/no\/utdanning-og-fransk-sprak\/skole-og-utdanningssamarbeid\/"},{"@type":"ListItem","position":4,"name":"Videreg\u00e5ende i Frankrike","item":"https:\/\/www.france.no\/no\/utdanning-og-fransk-sprak\/skole-og-utdanningssamarbeid\/videregaende-i-frankrike\/"},{"@type":"ListItem","position":5,"name":"1-\u00e5rig program"}]},{"@type":"WebSite","@id":"https:\/\/www.france.no\/no\/#website","url":"https:\/\/www.france.no\/no\/","name":"Institut fran\u00e7ais","description":"Norv\u00e8ge","publisher":{"@id":"https:\/\/www.france.no\/no\/#organization"},"potentialAction":[{"@type":"SearchAction","target":{"@type":"EntryPoint","urlTemplate":"https:\/\/www.france.no\/no\/?s={search_term_string}"},"query-input":{"@type":"PropertyValueSpecification","valueRequired":true,"valueName":"search_term_string"}}],"inLanguage":"nb-NO"},{"@type":"Organization","@id":"https:\/\/www.france.no\/no\/#organization","name":"Institut fran\u00e7ais","url":"https:\/\/www.france.no\/no\/","logo":{"@type":"ImageObject","inLanguage":"nb-NO","@id":"https:\/\/www.france.no\/no\/#\/schema\/logo\/image\/","url":"https:\/\/www.france.no\/wp-content\/uploads\/2022\/11\/IF_Logo_Sans_Bleu_RVB.png","contentUrl":"https:\/\/www.france.no\/wp-content\/uploads\/2022\/11\/IF_Logo_Sans_Bleu_RVB.png","width":852,"height":591,"caption":"Institut fran\u00e7ais"},"image":{"@id":"https:\/\/www.france.no\/no\/#\/schema\/logo\/image\/"},"sameAs":["https:\/\/www.facebook.com\/institutfrancaisoslo","https:\/\/x.com\/ifnorvege","https:\/\/instagram.com\/ifnorvege"]}]}},"_links":{"self":[{"href":"https:\/\/www.france.no\/no\/wp-json\/wp\/v2\/pages\/380","targetHints":{"allow":["GET"]}}],"collection":[{"href":"https:\/\/www.france.no\/no\/wp-json\/wp\/v2\/pages"}],"about":[{"href":"https:\/\/www.france.no\/no\/wp-json\/wp\/v2\/types\/page"}],"author":[{"embeddable":true,"href":"https:\/\/www.france.no\/no\/wp-json\/wp\/v2\/users\/1"}],"replies":[{"embeddable":true,"href":"https:\/\/www.france.no\/no\/wp-json\/wp\/v2\/comments?post=380"}],"version-history":[{"count":61,"href":"https:\/\/www.france.no\/no\/wp-json\/wp\/v2\/pages\/380\/revisions"}],"predecessor-version":[{"id":20120,"href":"https:\/\/www.france.no\/no\/wp-json\/wp\/v2\/pages\/380\/revisions\/20120"}],"up":[{"embeddable":true,"href":"https:\/\/www.france.no\/no\/wp-json\/wp\/v2\/pages\/386"}],"wp:featuredmedia":[{"embeddable":true,"href":"https:\/\/www.france.no\/no\/wp-json\/wp\/v2\/media\/3692"}],"wp:attachment":[{"href":"https:\/\/www.france.no\/no\/wp-json\/wp\/v2\/media?parent=380"}],"wp:term":[{"taxonomy":"category","embeddable":true,"href":"https:\/\/www.france.no\/no\/wp-json\/wp\/v2\/categories?post=380"}],"curies":[{"name":"wp","href":"https:\/\/api.w.org\/{rel}","templated":true}]}}