{"id":386,"date":"2022-03-10T18:25:16","date_gmt":"2022-03-10T17:25:16","guid":{"rendered":"https:\/\/www.france.no\/?page_id=386"},"modified":"2024-11-07T15:44:37","modified_gmt":"2024-11-07T14:44:37","slug":"videregaende-i-frankrike","status":"publish","type":"page","link":"https:\/\/www.france.no\/no\/utdanning-og-fransk-sprak\/skole-og-utdanningssamarbeid\/videregaende-i-frankrike\/","title":{"rendered":"Videreg\u00e5ende i Frankrike"},"content":{"rendered":"\n<p>\u00d8nsker du deg en annen skolehverdag? Vil du ha nye utfordringer, f\u00e5 nye venner og oppdage et nytt milj\u00f8? Vil du l\u00e6re deg fransk eller forbedre dine realfagskunnskaper?<\/p>\n\n\n\n<p>Hvorfor ikke studere i Frankrike som en del av v\u00e5rt mobilitetsprogram?<\/p>\n\n\n\n<p>Sjekk ut v\u00e5r brosjyre:\u00a0<a href=\"https:\/\/www.france.no\/wp-content\/uploads\/2024\/01\/Informasjon-om-VG1-i-Frankrike.pdf\" target=\"_blank\" rel=\"noreferrer noopener\">Ta VGS i Frankrike med Institut fran\u00e7ais<\/a><\/p>\n\n\n\n<p><strong>Har du sp\u00f8rsm\u00e5l?&nbsp;<\/strong>Kontakt&nbsp;<a href=\"mailto:vgs@france.no\">vgs@france.no<\/a><\/p>\n\n\n\n<h3 class=\"wp-block-heading\">Sjekk ut v\u00e5re tre utvekslingsprogrammer:<\/h3>\n","protected":false},"excerpt":{"rendered":"<p>\u00d8nsker du deg en annen skolehverdag? Vil du ha nye utfordringer, f\u00e5 nye venner og oppdage et nytt milj\u00f8? Vil du l\u00e6re deg fransk eller forbedre dine realfagskunnskaper? Hvorfor ikke studere i Frankrike som en del av v\u00e5rt mobilitetsprogram? Sjekk ut v\u00e5r brosjyre:\u00a0Ta VGS i Frankrike med Institut fran\u00e7ais Har du sp\u00f8rsm\u00e5l?&nbsp;Kontakt&nbsp;vgs@france.no Sjekk ut v\u00e5re [&hellip;]<\/p>\n","protected":false},"author":1,"featured_media":5156,"parent":2203,"menu_order":2,"comment_status":"closed","ping_status":"closed","template":"","meta":{"footnotes":""},"categories":[13],"class_list":["post-386","page","type-page","status-publish","has-post-thumbnail","hentry","category-utdanning-og-fransk-sprak"],"yoast_head":"<!-- This site is optimized with the Yoast SEO plugin v27.6 - https:\/\/yoast.com\/product\/yoast-seo-wordpress\/ -->\n<title>Videreg\u00e5ende i Frankrike - Institut fran\u00e7ais<\/title>\n<meta name=\"robots\" content=\"index, follow, max-snippet:-1, max-image-preview:large, max-video-preview:-1\" \/>\n<link rel=\"canonical\" href=\"https:\/\/www.france.no\/no\/utdanning-og-fransk-sprak\/skole-og-utdanningssamarbeid\/videregaende-i-frankrike\/\" \/>\n<meta property=\"og:locale\" content=\"nb_NO\" \/>\n<meta property=\"og:type\" content=\"article\" \/>\n<meta property=\"og:title\" content=\"Videreg\u00e5ende i Frankrike - Institut fran\u00e7ais\" \/>\n<meta property=\"og:description\" content=\"\u00d8nsker du deg en annen skolehverdag? Vil du ha nye utfordringer, f\u00e5 nye venner og oppdage et nytt milj\u00f8? Vil du l\u00e6re deg fransk eller forbedre dine realfagskunnskaper? Hvorfor ikke studere i Frankrike som en del av v\u00e5rt mobilitetsprogram? Sjekk ut v\u00e5r brosjyre:\u00a0Ta VGS i Frankrike med Institut fran\u00e7ais Har du sp\u00f8rsm\u00e5l?&nbsp;Kontakt&nbsp;vgs@france.no Sjekk ut v\u00e5re [&hellip;]\" \/>\n<meta property=\"og:url\" content=\"https:\/\/www.france.no\/no\/utdanning-og-fransk-sprak\/skole-og-utdanningssamarbeid\/videregaende-i-frankrike\/\" \/>\n<meta property=\"og:site_name\" content=\"Institut fran\u00e7ais\" \/>\n<meta property=\"article:publisher\" content=\"https:\/\/www.facebook.com\/institutfrancaisoslo\" \/>\n<meta property=\"article:modified_time\" content=\"2024-11-07T14:44:37+00:00\" \/>\n<meta property=\"og:image\" content=\"https:\/\/www.france.no\/wp-content\/uploads\/2023\/08\/Lyceens2023-24-1098x617.jpg\" \/>\n\t<meta property=\"og:image:width\" content=\"1877\" \/>\n\t<meta property=\"og:image:height\" content=\"1005\" \/>\n\t<meta property=\"og:image:type\" content=\"image\/jpeg\" \/>\n<meta name=\"twitter:card\" content=\"summary_large_image\" \/>\n<meta name=\"twitter:site\" content=\"@ifnorvege\" \/>\n<meta name=\"twitter:label1\" content=\"Ansl. lesetid\" \/>\n\t<meta name=\"twitter:data1\" content=\"1 minutt\" \/>\n<script type=\"application\/ld+json\" class=\"yoast-schema-graph\">{\"@context\":\"https:\\\/\\\/schema.org\",\"@graph\":[{\"@type\":\"WebPage\",\"@id\":\"https:\\\/\\\/www.france.no\\\/no\\\/utdanning-og-fransk-sprak\\\/skole-og-utdanningssamarbeid\\\/videregaende-i-frankrike\\\/\",\"url\":\"https:\\\/\\\/www.france.no\\\/no\\\/utdanning-og-fransk-sprak\\\/skole-og-utdanningssamarbeid\\\/videregaende-i-frankrike\\\/\",\"name\":\"Videreg\u00e5ende i Frankrike - Institut fran\u00e7ais\",\"isPartOf\":{\"@id\":\"https:\\\/\\\/www.france.no\\\/no\\\/#website\"},\"primaryImageOfPage\":{\"@id\":\"https:\\\/\\\/www.france.no\\\/no\\\/utdanning-og-fransk-sprak\\\/skole-og-utdanningssamarbeid\\\/videregaende-i-frankrike\\\/#primaryimage\"},\"image\":{\"@id\":\"https:\\\/\\\/www.france.no\\\/no\\\/utdanning-og-fransk-sprak\\\/skole-og-utdanningssamarbeid\\\/videregaende-i-frankrike\\\/#primaryimage\"},\"thumbnailUrl\":\"https:\\\/\\\/www.france.no\\\/wp-content\\\/uploads\\\/2023\\\/08\\\/Lyceens2023-24-1098x617.jpg\",\"datePublished\":\"2022-03-10T17:25:16+00:00\",\"dateModified\":\"2024-11-07T14:44:37+00:00\",\"breadcrumb\":{\"@id\":\"https:\\\/\\\/www.france.no\\\/no\\\/utdanning-og-fransk-sprak\\\/skole-og-utdanningssamarbeid\\\/videregaende-i-frankrike\\\/#breadcrumb\"},\"inLanguage\":\"nb-NO\",\"potentialAction\":[{\"@type\":\"ReadAction\",\"target\":[\"https:\\\/\\\/www.france.no\\\/no\\\/utdanning-og-fransk-sprak\\\/skole-og-utdanningssamarbeid\\\/videregaende-i-frankrike\\\/\"]}]},{\"@type\":\"ImageObject\",\"inLanguage\":\"nb-NO\",\"@id\":\"https:\\\/\\\/www.france.no\\\/no\\\/utdanning-og-fransk-sprak\\\/skole-og-utdanningssamarbeid\\\/videregaende-i-frankrike\\\/#primaryimage\",\"url\":\"https:\\\/\\\/www.france.no\\\/wp-content\\\/uploads\\\/2023\\\/08\\\/Lyceens2023-24-1098x617.jpg\",\"contentUrl\":\"https:\\\/\\\/www.france.no\\\/wp-content\\\/uploads\\\/2023\\\/08\\\/Lyceens2023-24-1098x617.jpg\",\"width\":1877,\"height\":1005},{\"@type\":\"BreadcrumbList\",\"@id\":\"https:\\\/\\\/www.france.no\\\/no\\\/utdanning-og-fransk-sprak\\\/skole-og-utdanningssamarbeid\\\/videregaende-i-frankrike\\\/#breadcrumb\",\"itemListElement\":[{\"@type\":\"ListItem\",\"position\":1,\"name\":\"\",\"item\":\"https:\\\/\\\/www.france.no\\\/no\\\/\"},{\"@type\":\"ListItem\",\"position\":2,\"name\":\"Utdanning og fransk spr\u00e5k\",\"item\":\"https:\\\/\\\/www.france.no\\\/no\\\/utdanning-og-fransk-sprak\\\/\"},{\"@type\":\"ListItem\",\"position\":3,\"name\":\"Skole- og utdanningssamarbeid\",\"item\":\"https:\\\/\\\/www.france.no\\\/no\\\/utdanning-og-fransk-sprak\\\/skole-og-utdanningssamarbeid\\\/\"},{\"@type\":\"ListItem\",\"position\":4,\"name\":\"Videreg\u00e5ende i Frankrike\"}]},{\"@type\":\"WebSite\",\"@id\":\"https:\\\/\\\/www.france.no\\\/no\\\/#website\",\"url\":\"https:\\\/\\\/www.france.no\\\/no\\\/\",\"name\":\"Institut fran\u00e7ais\",\"description\":\"Norv\u00e8ge\",\"publisher\":{\"@id\":\"https:\\\/\\\/www.france.no\\\/no\\\/#organization\"},\"potentialAction\":[{\"@type\":\"SearchAction\",\"target\":{\"@type\":\"EntryPoint\",\"urlTemplate\":\"https:\\\/\\\/www.france.no\\\/no\\\/?s={search_term_string}\"},\"query-input\":{\"@type\":\"PropertyValueSpecification\",\"valueRequired\":true,\"valueName\":\"search_term_string\"}}],\"inLanguage\":\"nb-NO\"},{\"@type\":\"Organization\",\"@id\":\"https:\\\/\\\/www.france.no\\\/no\\\/#organization\",\"name\":\"Institut fran\u00e7ais\",\"url\":\"https:\\\/\\\/www.france.no\\\/no\\\/\",\"logo\":{\"@type\":\"ImageObject\",\"inLanguage\":\"nb-NO\",\"@id\":\"https:\\\/\\\/www.france.no\\\/no\\\/#\\\/schema\\\/logo\\\/image\\\/\",\"url\":\"https:\\\/\\\/www.france.no\\\/wp-content\\\/uploads\\\/2022\\\/11\\\/IF_Logo_Sans_Bleu_RVB.png\",\"contentUrl\":\"https:\\\/\\\/www.france.no\\\/wp-content\\\/uploads\\\/2022\\\/11\\\/IF_Logo_Sans_Bleu_RVB.png\",\"width\":852,\"height\":591,\"caption\":\"Institut fran\u00e7ais\"},\"image\":{\"@id\":\"https:\\\/\\\/www.france.no\\\/no\\\/#\\\/schema\\\/logo\\\/image\\\/\"},\"sameAs\":[\"https:\\\/\\\/www.facebook.com\\\/institutfrancaisoslo\",\"https:\\\/\\\/x.com\\\/ifnorvege\",\"https:\\\/\\\/instagram.com\\\/ifnorvege\"]}]}<\/script>\n<!-- \/ Yoast SEO plugin. -->","yoast_head_json":{"title":"Videreg\u00e5ende i Frankrike - Institut fran\u00e7ais","robots":{"index":"index","follow":"follow","max-snippet":"max-snippet:-1","max-image-preview":"max-image-preview:large","max-video-preview":"max-video-preview:-1"},"canonical":"https:\/\/www.france.no\/no\/utdanning-og-fransk-sprak\/skole-og-utdanningssamarbeid\/videregaende-i-frankrike\/","og_locale":"nb_NO","og_type":"article","og_title":"Videreg\u00e5ende i Frankrike - Institut fran\u00e7ais","og_description":"\u00d8nsker du deg en annen skolehverdag? Vil du ha nye utfordringer, f\u00e5 nye venner og oppdage et nytt milj\u00f8? Vil du l\u00e6re deg fransk eller forbedre dine realfagskunnskaper? Hvorfor ikke studere i Frankrike som en del av v\u00e5rt mobilitetsprogram? Sjekk ut v\u00e5r brosjyre:\u00a0Ta VGS i Frankrike med Institut fran\u00e7ais Har du sp\u00f8rsm\u00e5l?&nbsp;Kontakt&nbsp;vgs@france.no Sjekk ut v\u00e5re [&hellip;]","og_url":"https:\/\/www.france.no\/no\/utdanning-og-fransk-sprak\/skole-og-utdanningssamarbeid\/videregaende-i-frankrike\/","og_site_name":"Institut fran\u00e7ais","article_publisher":"https:\/\/www.facebook.com\/institutfrancaisoslo","article_modified_time":"2024-11-07T14:44:37+00:00","og_image":[{"width":1877,"height":1005,"url":"https:\/\/www.france.no\/wp-content\/uploads\/2023\/08\/Lyceens2023-24-1098x617.jpg","type":"image\/jpeg"}],"twitter_card":"summary_large_image","twitter_site":"@ifnorvege","twitter_misc":{"Ansl. lesetid":"1 minutt"},"schema":{"@context":"https:\/\/schema.org","@graph":[{"@type":"WebPage","@id":"https:\/\/www.france.no\/no\/utdanning-og-fransk-sprak\/skole-og-utdanningssamarbeid\/videregaende-i-frankrike\/","url":"https:\/\/www.france.no\/no\/utdanning-og-fransk-sprak\/skole-og-utdanningssamarbeid\/videregaende-i-frankrike\/","name":"Videreg\u00e5ende i Frankrike - Institut fran\u00e7ais","isPartOf":{"@id":"https:\/\/www.france.no\/no\/#website"},"primaryImageOfPage":{"@id":"https:\/\/www.france.no\/no\/utdanning-og-fransk-sprak\/skole-og-utdanningssamarbeid\/videregaende-i-frankrike\/#primaryimage"},"image":{"@id":"https:\/\/www.france.no\/no\/utdanning-og-fransk-sprak\/skole-og-utdanningssamarbeid\/videregaende-i-frankrike\/#primaryimage"},"thumbnailUrl":"https:\/\/www.france.no\/wp-content\/uploads\/2023\/08\/Lyceens2023-24-1098x617.jpg","datePublished":"2022-03-10T17:25:16+00:00","dateModified":"2024-11-07T14:44:37+00:00","breadcrumb":{"@id":"https:\/\/www.france.no\/no\/utdanning-og-fransk-sprak\/skole-og-utdanningssamarbeid\/videregaende-i-frankrike\/#breadcrumb"},"inLanguage":"nb-NO","potentialAction":[{"@type":"ReadAction","target":["https:\/\/www.france.no\/no\/utdanning-og-fransk-sprak\/skole-og-utdanningssamarbeid\/videregaende-i-frankrike\/"]}]},{"@type":"ImageObject","inLanguage":"nb-NO","@id":"https:\/\/www.france.no\/no\/utdanning-og-fransk-sprak\/skole-og-utdanningssamarbeid\/videregaende-i-frankrike\/#primaryimage","url":"https:\/\/www.france.no\/wp-content\/uploads\/2023\/08\/Lyceens2023-24-1098x617.jpg","contentUrl":"https:\/\/www.france.no\/wp-content\/uploads\/2023\/08\/Lyceens2023-24-1098x617.jpg","width":1877,"height":1005},{"@type":"BreadcrumbList","@id":"https:\/\/www.france.no\/no\/utdanning-og-fransk-sprak\/skole-og-utdanningssamarbeid\/videregaende-i-frankrike\/#breadcrumb","itemListElement":[{"@type":"ListItem","position":1,"name":"","item":"https:\/\/www.france.no\/no\/"},{"@type":"ListItem","position":2,"name":"Utdanning og fransk spr\u00e5k","item":"https:\/\/www.france.no\/no\/utdanning-og-fransk-sprak\/"},{"@type":"ListItem","position":3,"name":"Skole- og utdanningssamarbeid","item":"https:\/\/www.france.no\/no\/utdanning-og-fransk-sprak\/skole-og-utdanningssamarbeid\/"},{"@type":"ListItem","position":4,"name":"Videreg\u00e5ende i Frankrike"}]},{"@type":"WebSite","@id":"https:\/\/www.france.no\/no\/#website","url":"https:\/\/www.france.no\/no\/","name":"Institut fran\u00e7ais","description":"Norv\u00e8ge","publisher":{"@id":"https:\/\/www.france.no\/no\/#organization"},"potentialAction":[{"@type":"SearchAction","target":{"@type":"EntryPoint","urlTemplate":"https:\/\/www.france.no\/no\/?s={search_term_string}"},"query-input":{"@type":"PropertyValueSpecification","valueRequired":true,"valueName":"search_term_string"}}],"inLanguage":"nb-NO"},{"@type":"Organization","@id":"https:\/\/www.france.no\/no\/#organization","name":"Institut fran\u00e7ais","url":"https:\/\/www.france.no\/no\/","logo":{"@type":"ImageObject","inLanguage":"nb-NO","@id":"https:\/\/www.france.no\/no\/#\/schema\/logo\/image\/","url":"https:\/\/www.france.no\/wp-content\/uploads\/2022\/11\/IF_Logo_Sans_Bleu_RVB.png","contentUrl":"https:\/\/www.france.no\/wp-content\/uploads\/2022\/11\/IF_Logo_Sans_Bleu_RVB.png","width":852,"height":591,"caption":"Institut fran\u00e7ais"},"image":{"@id":"https:\/\/www.france.no\/no\/#\/schema\/logo\/image\/"},"sameAs":["https:\/\/www.facebook.com\/institutfrancaisoslo","https:\/\/x.com\/ifnorvege","https:\/\/instagram.com\/ifnorvege"]}]}},"_links":{"self":[{"href":"https:\/\/www.france.no\/no\/wp-json\/wp\/v2\/pages\/386","targetHints":{"allow":["GET"]}}],"collection":[{"href":"https:\/\/www.france.no\/no\/wp-json\/wp\/v2\/pages"}],"about":[{"href":"https:\/\/www.france.no\/no\/wp-json\/wp\/v2\/types\/page"}],"author":[{"embeddable":true,"href":"https:\/\/www.france.no\/no\/wp-json\/wp\/v2\/users\/1"}],"replies":[{"embeddable":true,"href":"https:\/\/www.france.no\/no\/wp-json\/wp\/v2\/comments?post=386"}],"version-history":[{"count":30,"href":"https:\/\/www.france.no\/no\/wp-json\/wp\/v2\/pages\/386\/revisions"}],"predecessor-version":[{"id":9586,"href":"https:\/\/www.france.no\/no\/wp-json\/wp\/v2\/pages\/386\/revisions\/9586"}],"up":[{"embeddable":true,"href":"https:\/\/www.france.no\/no\/wp-json\/wp\/v2\/pages\/2203"}],"wp:featuredmedia":[{"embeddable":true,"href":"https:\/\/www.france.no\/no\/wp-json\/wp\/v2\/media\/5156"}],"wp:attachment":[{"href":"https:\/\/www.france.no\/no\/wp-json\/wp\/v2\/media?parent=386"}],"wp:term":[{"taxonomy":"category","embeddable":true,"href":"https:\/\/www.france.no\/no\/wp-json\/wp\/v2\/categories?post=386"}],"curies":[{"name":"wp","href":"https:\/\/api.w.org\/{rel}","templated":true}]}}