{"id":394,"date":"2022-03-11T15:45:16","date_gmt":"2022-03-11T14:45:16","guid":{"rendered":"https:\/\/www.france.no\/?page_id=394"},"modified":"2026-03-26T10:19:00","modified_gmt":"2026-03-26T09:19:00","slug":"studere-i-frankrike","status":"publish","type":"page","link":"https:\/\/www.france.no\/no\/universiteter\/hoyere-utdanning-og-postdoktorstillinger\/studere-i-frankrike\/","title":{"rendered":"Studere i Frankrike"},"content":{"rendered":"\n<h4 class=\"wp-block-heading\">CAMPUS FRANCE SIN ROLLE<\/h4>\n\n\n\n<p><a href=\"https:\/\/www.norvege.campusfrance.org\/\" target=\"_blank\" rel=\"noreferrer noopener\">Campus France Norge<\/a> informerer deg om fransk h\u00f8yere utdanning og hjelper deg i ditt studieprosjekt i Frankrike.<\/p>\n\n\n\n<p>Er du en videreg\u00e5ende eller universitetsstudent? Vil du studere i Frankrike som en del av et utvekslingsprogram eller som en \u00abfree mover\u00bb? Campus France Norge er ansvarlig for \u00e5 ta imot, informere og gi r\u00e5d til studenter som er interessert i \u00e5 studere i Frankrike. Vi kan hjelpe deg gjennom hele prosjektet: Vi gir deg r\u00e5d i s\u00f8ket etter et kurs og valg av en skole, vi hjelper deg med universitetsregistrering, og vi hjelper deg med forberedelsen av oppholdet ditt (overnatting, sosial sikkerhet og andre administrative prosedyrer).<\/p>\n\n\n\n<p>Ta gjerne kontakt med oss for mer informasjon! Vi tilbyr Campus France-tjenester via telefon, videokonferanse eller p\u00e5 stedet hos Institut fran\u00e7ais de Norv\u00e8ge. For \u00e5 kontakte oss er det bare \u00e5 bestille en time via e-post:&nbsp;<a href=\"mailto:studier@france.no\" target=\"_blank\" rel=\"noreferrer noopener\">studier@france.no<\/a><\/p>\n\n\n\n<h4 class=\"wp-block-heading\">CAMPUS FRANCE NORGE TILBYR<\/h4>\n\n\n\n<ul class=\"wp-block-list\">\n<li>En oppdatert nettside med mye nyttig informasjon: <a href=\"https:\/\/www.norvege.campusfrance.org\/campus-france-norge\" target=\"_blank\" rel=\"noreferrer noopener\">Campus France Norge<\/a><\/li>\n\n\n\n<li>Personlige og praktiske r\u00e5d<\/li>\n\n\n\n<li>Presentasjoner p\u00e5 videreg\u00e5ende skoler, universiteter og p\u00e5 studentarrangementer i Norge<\/li>\n\n\n\n<li>Kommunikasjon p\u00e5 sosiale medier: <a href=\"https:\/\/www.facebook.com\/campusfrancenorvege\" target=\"_blank\" rel=\"noreferrer noopener\">Facebook<\/a> \/ <a href=\"https:\/\/www.instagram.com\/ifnorvege\/\" type=\"link\" id=\"https:\/\/www.instagram.com\/ifnorvege\/\" target=\"_blank\" rel=\"noreferrer noopener\">Instagram<\/a><\/li>\n<\/ul>\n","protected":false},"excerpt":{"rendered":"<p>CAMPUS FRANCE SIN ROLLE Campus France Norge informerer deg om fransk h\u00f8yere utdanning og hjelper deg i ditt studieprosjekt i Frankrike. Er du en videreg\u00e5ende eller universitetsstudent? Vil du studere i Frankrike som en del av et utvekslingsprogram eller som en \u00abfree mover\u00bb? Campus France Norge er ansvarlig for \u00e5 ta imot, informere og gi [&hellip;]<\/p>\n","protected":false},"author":6,"featured_media":0,"parent":419,"menu_order":0,"comment_status":"closed","ping_status":"closed","template":"","meta":{"footnotes":""},"categories":[15],"class_list":["post-394","page","type-page","status-publish","hentry","category-universitetene","no-media"],"yoast_head":"<!-- This site is optimized with the Yoast SEO plugin v27.3 - https:\/\/yoast.com\/product\/yoast-seo-wordpress\/ -->\n<title>Studere i Frankrike - Institut fran\u00e7ais<\/title>\n<meta name=\"robots\" content=\"index, follow, max-snippet:-1, max-image-preview:large, max-video-preview:-1\" \/>\n<link rel=\"canonical\" href=\"https:\/\/www.france.no\/no\/universiteter\/hoyere-utdanning-og-postdoktorstillinger\/studere-i-frankrike\/\" \/>\n<meta property=\"og:locale\" content=\"nb_NO\" \/>\n<meta property=\"og:type\" content=\"article\" \/>\n<meta property=\"og:title\" content=\"Studere i Frankrike - Institut fran\u00e7ais\" \/>\n<meta property=\"og:description\" content=\"CAMPUS FRANCE SIN ROLLE Campus France Norge informerer deg om fransk h\u00f8yere utdanning og hjelper deg i ditt studieprosjekt i Frankrike. Er du en videreg\u00e5ende eller universitetsstudent? Vil du studere i Frankrike som en del av et utvekslingsprogram eller som en \u00abfree mover\u00bb? Campus France Norge er ansvarlig for \u00e5 ta imot, informere og gi [&hellip;]\" \/>\n<meta property=\"og:url\" content=\"https:\/\/www.france.no\/no\/universiteter\/hoyere-utdanning-og-postdoktorstillinger\/studere-i-frankrike\/\" \/>\n<meta property=\"og:site_name\" content=\"Institut fran\u00e7ais\" \/>\n<meta property=\"article:publisher\" content=\"https:\/\/www.facebook.com\/institutfrancaisoslo\" \/>\n<meta property=\"article:modified_time\" content=\"2026-03-26T09:19:00+00:00\" \/>\n<meta property=\"og:image\" content=\"https:\/\/www.france.no\/wp-content\/uploads\/2022\/01\/IFN-logo.png\" \/>\n\t<meta property=\"og:image:width\" content=\"946\" \/>\n\t<meta property=\"og:image:height\" content=\"546\" \/>\n\t<meta property=\"og:image:type\" content=\"image\/png\" \/>\n<meta name=\"twitter:card\" content=\"summary_large_image\" \/>\n<meta name=\"twitter:site\" content=\"@ifnorvege\" \/>\n<meta name=\"twitter:label1\" content=\"Ansl. lesetid\" \/>\n\t<meta name=\"twitter:data1\" content=\"1 minutt\" \/>\n<script type=\"application\/ld+json\" class=\"yoast-schema-graph\">{\"@context\":\"https:\\\/\\\/schema.org\",\"@graph\":[{\"@type\":\"WebPage\",\"@id\":\"https:\\\/\\\/www.france.no\\\/no\\\/universiteter\\\/hoyere-utdanning-og-postdoktorstillinger\\\/studere-i-frankrike\\\/\",\"url\":\"https:\\\/\\\/www.france.no\\\/no\\\/universiteter\\\/hoyere-utdanning-og-postdoktorstillinger\\\/studere-i-frankrike\\\/\",\"name\":\"Studere i Frankrike - Institut fran\u00e7ais\",\"isPartOf\":{\"@id\":\"https:\\\/\\\/www.france.no\\\/no\\\/#website\"},\"datePublished\":\"2022-03-11T14:45:16+00:00\",\"dateModified\":\"2026-03-26T09:19:00+00:00\",\"breadcrumb\":{\"@id\":\"https:\\\/\\\/www.france.no\\\/no\\\/universiteter\\\/hoyere-utdanning-og-postdoktorstillinger\\\/studere-i-frankrike\\\/#breadcrumb\"},\"inLanguage\":\"nb-NO\",\"potentialAction\":[{\"@type\":\"ReadAction\",\"target\":[\"https:\\\/\\\/www.france.no\\\/no\\\/universiteter\\\/hoyere-utdanning-og-postdoktorstillinger\\\/studere-i-frankrike\\\/\"]}]},{\"@type\":\"BreadcrumbList\",\"@id\":\"https:\\\/\\\/www.france.no\\\/no\\\/universiteter\\\/hoyere-utdanning-og-postdoktorstillinger\\\/studere-i-frankrike\\\/#breadcrumb\",\"itemListElement\":[{\"@type\":\"ListItem\",\"position\":1,\"name\":\"\",\"item\":\"https:\\\/\\\/www.france.no\\\/no\\\/\"},{\"@type\":\"ListItem\",\"position\":2,\"name\":\"Universiteter\",\"item\":\"https:\\\/\\\/www.france.no\\\/no\\\/universiteter\\\/\"},{\"@type\":\"ListItem\",\"position\":3,\"name\":\"H\u00f8yere utdanning og postdoktorstillinger\",\"item\":\"https:\\\/\\\/www.france.no\\\/no\\\/universiteter\\\/hoyere-utdanning-og-postdoktorstillinger\\\/\"},{\"@type\":\"ListItem\",\"position\":4,\"name\":\"Studere i Frankrike\"}]},{\"@type\":\"WebSite\",\"@id\":\"https:\\\/\\\/www.france.no\\\/no\\\/#website\",\"url\":\"https:\\\/\\\/www.france.no\\\/no\\\/\",\"name\":\"Institut fran\u00e7ais\",\"description\":\"Norv\u00e8ge\",\"publisher\":{\"@id\":\"https:\\\/\\\/www.france.no\\\/no\\\/#organization\"},\"potentialAction\":[{\"@type\":\"SearchAction\",\"target\":{\"@type\":\"EntryPoint\",\"urlTemplate\":\"https:\\\/\\\/www.france.no\\\/no\\\/?s={search_term_string}\"},\"query-input\":{\"@type\":\"PropertyValueSpecification\",\"valueRequired\":true,\"valueName\":\"search_term_string\"}}],\"inLanguage\":\"nb-NO\"},{\"@type\":\"Organization\",\"@id\":\"https:\\\/\\\/www.france.no\\\/no\\\/#organization\",\"name\":\"Institut fran\u00e7ais\",\"url\":\"https:\\\/\\\/www.france.no\\\/no\\\/\",\"logo\":{\"@type\":\"ImageObject\",\"inLanguage\":\"nb-NO\",\"@id\":\"https:\\\/\\\/www.france.no\\\/no\\\/#\\\/schema\\\/logo\\\/image\\\/\",\"url\":\"https:\\\/\\\/www.france.no\\\/wp-content\\\/uploads\\\/2022\\\/11\\\/IF_Logo_Sans_Bleu_RVB.png\",\"contentUrl\":\"https:\\\/\\\/www.france.no\\\/wp-content\\\/uploads\\\/2022\\\/11\\\/IF_Logo_Sans_Bleu_RVB.png\",\"width\":852,\"height\":591,\"caption\":\"Institut fran\u00e7ais\"},\"image\":{\"@id\":\"https:\\\/\\\/www.france.no\\\/no\\\/#\\\/schema\\\/logo\\\/image\\\/\"},\"sameAs\":[\"https:\\\/\\\/www.facebook.com\\\/institutfrancaisoslo\",\"https:\\\/\\\/x.com\\\/ifnorvege\",\"https:\\\/\\\/instagram.com\\\/ifnorvege\"]}]}<\/script>\n<!-- \/ Yoast SEO plugin. -->","yoast_head_json":{"title":"Studere i Frankrike - Institut fran\u00e7ais","robots":{"index":"index","follow":"follow","max-snippet":"max-snippet:-1","max-image-preview":"max-image-preview:large","max-video-preview":"max-video-preview:-1"},"canonical":"https:\/\/www.france.no\/no\/universiteter\/hoyere-utdanning-og-postdoktorstillinger\/studere-i-frankrike\/","og_locale":"nb_NO","og_type":"article","og_title":"Studere i Frankrike - Institut fran\u00e7ais","og_description":"CAMPUS FRANCE SIN ROLLE Campus France Norge informerer deg om fransk h\u00f8yere utdanning og hjelper deg i ditt studieprosjekt i Frankrike. Er du en videreg\u00e5ende eller universitetsstudent? Vil du studere i Frankrike som en del av et utvekslingsprogram eller som en \u00abfree mover\u00bb? Campus France Norge er ansvarlig for \u00e5 ta imot, informere og gi [&hellip;]","og_url":"https:\/\/www.france.no\/no\/universiteter\/hoyere-utdanning-og-postdoktorstillinger\/studere-i-frankrike\/","og_site_name":"Institut fran\u00e7ais","article_publisher":"https:\/\/www.facebook.com\/institutfrancaisoslo","article_modified_time":"2026-03-26T09:19:00+00:00","og_image":[{"width":946,"height":546,"url":"https:\/\/www.france.no\/wp-content\/uploads\/2022\/01\/IFN-logo.png","type":"image\/png"}],"twitter_card":"summary_large_image","twitter_site":"@ifnorvege","twitter_misc":{"Ansl. lesetid":"1 minutt"},"schema":{"@context":"https:\/\/schema.org","@graph":[{"@type":"WebPage","@id":"https:\/\/www.france.no\/no\/universiteter\/hoyere-utdanning-og-postdoktorstillinger\/studere-i-frankrike\/","url":"https:\/\/www.france.no\/no\/universiteter\/hoyere-utdanning-og-postdoktorstillinger\/studere-i-frankrike\/","name":"Studere i Frankrike - Institut fran\u00e7ais","isPartOf":{"@id":"https:\/\/www.france.no\/no\/#website"},"datePublished":"2022-03-11T14:45:16+00:00","dateModified":"2026-03-26T09:19:00+00:00","breadcrumb":{"@id":"https:\/\/www.france.no\/no\/universiteter\/hoyere-utdanning-og-postdoktorstillinger\/studere-i-frankrike\/#breadcrumb"},"inLanguage":"nb-NO","potentialAction":[{"@type":"ReadAction","target":["https:\/\/www.france.no\/no\/universiteter\/hoyere-utdanning-og-postdoktorstillinger\/studere-i-frankrike\/"]}]},{"@type":"BreadcrumbList","@id":"https:\/\/www.france.no\/no\/universiteter\/hoyere-utdanning-og-postdoktorstillinger\/studere-i-frankrike\/#breadcrumb","itemListElement":[{"@type":"ListItem","position":1,"name":"","item":"https:\/\/www.france.no\/no\/"},{"@type":"ListItem","position":2,"name":"Universiteter","item":"https:\/\/www.france.no\/no\/universiteter\/"},{"@type":"ListItem","position":3,"name":"H\u00f8yere utdanning og postdoktorstillinger","item":"https:\/\/www.france.no\/no\/universiteter\/hoyere-utdanning-og-postdoktorstillinger\/"},{"@type":"ListItem","position":4,"name":"Studere i Frankrike"}]},{"@type":"WebSite","@id":"https:\/\/www.france.no\/no\/#website","url":"https:\/\/www.france.no\/no\/","name":"Institut fran\u00e7ais","description":"Norv\u00e8ge","publisher":{"@id":"https:\/\/www.france.no\/no\/#organization"},"potentialAction":[{"@type":"SearchAction","target":{"@type":"EntryPoint","urlTemplate":"https:\/\/www.france.no\/no\/?s={search_term_string}"},"query-input":{"@type":"PropertyValueSpecification","valueRequired":true,"valueName":"search_term_string"}}],"inLanguage":"nb-NO"},{"@type":"Organization","@id":"https:\/\/www.france.no\/no\/#organization","name":"Institut fran\u00e7ais","url":"https:\/\/www.france.no\/no\/","logo":{"@type":"ImageObject","inLanguage":"nb-NO","@id":"https:\/\/www.france.no\/no\/#\/schema\/logo\/image\/","url":"https:\/\/www.france.no\/wp-content\/uploads\/2022\/11\/IF_Logo_Sans_Bleu_RVB.png","contentUrl":"https:\/\/www.france.no\/wp-content\/uploads\/2022\/11\/IF_Logo_Sans_Bleu_RVB.png","width":852,"height":591,"caption":"Institut fran\u00e7ais"},"image":{"@id":"https:\/\/www.france.no\/no\/#\/schema\/logo\/image\/"},"sameAs":["https:\/\/www.facebook.com\/institutfrancaisoslo","https:\/\/x.com\/ifnorvege","https:\/\/instagram.com\/ifnorvege"]}]}},"_links":{"self":[{"href":"https:\/\/www.france.no\/no\/wp-json\/wp\/v2\/pages\/394","targetHints":{"allow":["GET"]}}],"collection":[{"href":"https:\/\/www.france.no\/no\/wp-json\/wp\/v2\/pages"}],"about":[{"href":"https:\/\/www.france.no\/no\/wp-json\/wp\/v2\/types\/page"}],"author":[{"embeddable":true,"href":"https:\/\/www.france.no\/no\/wp-json\/wp\/v2\/users\/6"}],"replies":[{"embeddable":true,"href":"https:\/\/www.france.no\/no\/wp-json\/wp\/v2\/comments?post=394"}],"version-history":[{"count":13,"href":"https:\/\/www.france.no\/no\/wp-json\/wp\/v2\/pages\/394\/revisions"}],"predecessor-version":[{"id":22187,"href":"https:\/\/www.france.no\/no\/wp-json\/wp\/v2\/pages\/394\/revisions\/22187"}],"up":[{"embeddable":true,"href":"https:\/\/www.france.no\/no\/wp-json\/wp\/v2\/pages\/419"}],"wp:attachment":[{"href":"https:\/\/www.france.no\/no\/wp-json\/wp\/v2\/media?parent=394"}],"wp:term":[{"taxonomy":"category","embeddable":true,"href":"https:\/\/www.france.no\/no\/wp-json\/wp\/v2\/categories?post=394"}],"curies":[{"name":"wp","href":"https:\/\/api.w.org\/{rel}","templated":true}]}}