{"id":398,"date":"2022-03-11T15:47:07","date_gmt":"2022-03-11T14:47:07","guid":{"rendered":"https:\/\/www.france.no\/?page_id=398"},"modified":"2026-03-26T11:03:52","modified_gmt":"2026-03-26T10:03:52","slug":"studere-i-norge","status":"publish","type":"page","link":"https:\/\/www.france.no\/no\/universiteter\/hoyere-utdanning-og-postdoktorstillinger\/studere-i-norge\/","title":{"rendered":"Studere i Norge"},"content":{"rendered":"\n<p>Det norske systemet for h\u00f8yere utdanning kjennetegnes av h\u00f8y kvalitet og god tilgjengelighet. Det best\u00e5r av b\u00e5de offentlige og private institusjoner, hvor et stort flertall av studentene -over 85%- er innskrevet ved offentlige l\u00e6resteder som er anerkjent for sin faglige kvalitet.<\/p>\n\n\n\n<p>Institusjonene er delt inn i tre hovedkategorier: universiteter, universiteter for anvendt vitenskap (h\u00f8yskoler) og vitenskapelige h\u00f8yskoler. Sammen tilbyr de et bredt spekter av studier tilpasset ulike faglige interesser og karrierem\u00e5l.<\/p>\n\n\n\n<p>Er du student i Frankrike? Da er det gode muligheter for deg. Franske utdanningsinstitusjoner har egne internasjonale kontorer som kan hjelpe deg med \u00e5 utforske mulighetene for et studieopphold eller praksis i Norge.<\/p>\n\n\n\n<h5 class=\"wp-block-heading\">For mer informasjon om universitetsprogrammer, stipend og studentliv i Norge, vennligst bes\u00f8k f\u00f8lgende nettsider:<\/h5>\n\n\n\n<ul class=\"wp-block-list\">\n<li>Finn en utdanning <a href=\"https:\/\/utdanning.no\/sok\/#\" target=\"_blank\" rel=\"noreferrer noopener\">her<\/a><\/li>\n\n\n\n<li>For en oversikt over det norske utdanningssystemet, se <a href=\"https:\/\/utdanning.no\/utdanningssystemet\/\" target=\"_blank\" rel=\"noreferrer noopener\">her<\/a><\/li>\n\n\n\n<li>For mer informasjon om det norske utdanningssystemet og stipender, se <a href=\"https:\/\/www.studyinnorway.no\/\">her<\/a><\/li>\n\n\n\n<li>For studentlivet:\n<ul class=\"wp-block-list\">\n<li><a href=\"https:\/\/www.esn.no\/\" target=\"_blank\" rel=\"noopener\">ESN Norway<\/a> (Erasmus Student Network)<\/li>\n\n\n\n<li>Studentsamskipnader:\n<ul class=\"wp-block-list\">\n<li><a href=\"https:\/\/sammen.no\" target=\"_blank\" rel=\"noreferrer noopener\">Sammen<\/a> \u2013 Studentsamskipnaden p\u00e5 <span style=\"text-decoration: underline;\">Vestlandet<\/span><\/li>\n\n\n\n<li><a href=\"https:\/\/samskipnaden.no\/\" target=\"_blank\" rel=\"noreferrer noopener\">Samskipnaden<\/a> \u2013 Norges <span style=\"text-decoration: underline;\">arktiske<\/span> studentsamskipnad<\/li>\n\n\n\n<li><a href=\"https:\/\/www.sia.no\/\" target=\"_blank\" rel=\"noreferrer noopener\">SiA<\/a> \u2013 Studentsamskipnaden i <span style=\"text-decoration: underline;\">Agder<\/span><\/li>\n\n\n\n<li><a href=\"https:\/\/simolde.no\/\" target=\"_blank\" rel=\"noreferrer noopener\">SiMolde<\/a> \u2013 Studentsamskipnaden i <span style=\"text-decoration: underline;\">Molde<\/span><\/li>\n\n\n\n<li><a href=\"https:\/\/www.sinn.no\/\" target=\"_blank\" rel=\"noreferrer noopener\">SINN<\/a> \u2013 Studentsamskipnaden i <span style=\"text-decoration: underline;\">Innlandet<\/span><\/li>\n\n\n\n<li><a href=\"https:\/\/www.sio.no\/\" target=\"_blank\" rel=\"noreferrer noopener\">SiO<\/a> \u2013 Studentsamskipnaden <span style=\"text-decoration: underline;\">SiO<\/span><\/li>\n\n\n\n<li><a href=\"https:\/\/minsis.no\/\" target=\"_blank\" rel=\"noreferrer noopener\">SiS<\/a> \u2013 Studentsamskipnaden i <span style=\"text-decoration: underline;\">Stavanger<\/span><\/li>\n\n\n\n<li><a href=\"https:\/\/www.sit.no\/\" target=\"_blank\" rel=\"noreferrer noopener\">Sit<\/a> \u2013 Studentsamskipnaden i <span style=\"text-decoration: underline;\">Gj\u00f8vik<\/span>, <span style=\"text-decoration: underline;\">\u00c5lesund<\/span> og <span style=\"text-decoration: underline;\">Trondheim<\/span><\/li>\n\n\n\n<li><a href=\"https:\/\/www.sivolda.no\/\" target=\"_blank\" rel=\"noreferrer noopener\">SiVolda<\/a> \u2013 Studentsamskipnaden i <span style=\"text-decoration: underline;\">Volda<\/span><\/li>\n\n\n\n<li><a href=\"https:\/\/www.siost.hiof.no\/\" target=\"_blank\" rel=\"noreferrer noopener\">Si\u00d8<\/a> \u2013 Studentsamskipnaden i <span style=\"text-decoration: underline;\">\u00d8stfold<\/span><\/li>\n\n\n\n<li><a href=\"https:\/\/www.sias.no\/\" target=\"_blank\" rel=\"noreferrer noopener\">Si\u00c5s<\/a> \u2013 Studentsamskipnaden i <span style=\"text-decoration: underline;\">\u00c5s<\/span><\/li>\n\n\n\n<li><a href=\"https:\/\/www.ssn.no\" target=\"_blank\" rel=\"noreferrer noopener\">SSN<\/a> \u2013 Studentsamskipnaden i <span style=\"text-decoration: underline;\">S\u00f8r\u00f8st-Norge<\/span><\/li>\n\n\n\n<li><a href=\"https:\/\/ssosamas.no\/\" target=\"_blank\" rel=\"noreferrer noopener\">SSO<\/a> \u2013 Studentsamskipnaden i <span style=\"text-decoration: underline;\">Indre Finnmark<\/span><\/li>\n\n\n\n<li><a href=\"https:\/\/www.studentinord.no\" target=\"_blank\" rel=\"noreferrer noopener\">Studentinord <\/a>\u2013 <span style=\"text-decoration: underline;\">Nord<\/span> studentsamskipnad<\/li>\n<\/ul>\n<\/li>\n<\/ul>\n<\/li>\n<\/ul>\n\n\n\n<p><span style=\"font-size: revert;\">Har du sp\u00f8rsm\u00e5l om studier i Norge? Ta gjerne kontakt med oss p\u00e5: <\/span><a style=\"font-size: revert;\" href=\"mailto:studier@france.no\" target=\"_blank\" rel=\"noopener\">studier@france.no<\/a><\/p>\n","protected":false},"excerpt":{"rendered":"<p>Det norske systemet for h\u00f8yere utdanning kjennetegnes av h\u00f8y kvalitet og god tilgjengelighet. Det best\u00e5r av b\u00e5de offentlige og private institusjoner, hvor et stort flertall av studentene -over 85%- er innskrevet ved offentlige l\u00e6resteder som er anerkjent for sin faglige kvalitet. Institusjonene er delt inn i tre hovedkategorier: universiteter, universiteter for anvendt vitenskap (h\u00f8yskoler) og [&hellip;]<\/p>\n","protected":false},"author":6,"featured_media":0,"parent":419,"menu_order":2,"comment_status":"closed","ping_status":"closed","template":"","meta":{"footnotes":""},"categories":[15],"class_list":["post-398","page","type-page","status-publish","hentry","category-universitetene","no-media"],"yoast_head":"<!-- This site is optimized with the Yoast SEO plugin v27.5 - https:\/\/yoast.com\/product\/yoast-seo-wordpress\/ -->\n<title>Studere i Norge - Institut fran\u00e7ais<\/title>\n<meta name=\"robots\" content=\"index, follow, max-snippet:-1, max-image-preview:large, max-video-preview:-1\" \/>\n<link rel=\"canonical\" href=\"https:\/\/www.france.no\/no\/universiteter\/hoyere-utdanning-og-postdoktorstillinger\/studere-i-norge\/\" \/>\n<meta property=\"og:locale\" content=\"nb_NO\" \/>\n<meta property=\"og:type\" content=\"article\" \/>\n<meta property=\"og:title\" content=\"Studere i Norge - Institut fran\u00e7ais\" \/>\n<meta property=\"og:description\" content=\"Det norske systemet for h\u00f8yere utdanning kjennetegnes av h\u00f8y kvalitet og god tilgjengelighet. Det best\u00e5r av b\u00e5de offentlige og private institusjoner, hvor et stort flertall av studentene -over 85%- er innskrevet ved offentlige l\u00e6resteder som er anerkjent for sin faglige kvalitet. Institusjonene er delt inn i tre hovedkategorier: universiteter, universiteter for anvendt vitenskap (h\u00f8yskoler) og [&hellip;]\" \/>\n<meta property=\"og:url\" content=\"https:\/\/www.france.no\/no\/universiteter\/hoyere-utdanning-og-postdoktorstillinger\/studere-i-norge\/\" \/>\n<meta property=\"og:site_name\" content=\"Institut fran\u00e7ais\" \/>\n<meta property=\"article:publisher\" content=\"https:\/\/www.facebook.com\/institutfrancaisoslo\" \/>\n<meta property=\"article:modified_time\" content=\"2026-03-26T10:03:52+00:00\" \/>\n<meta property=\"og:image\" content=\"https:\/\/www.france.no\/wp-content\/uploads\/2022\/01\/IFN-logo.png\" \/>\n\t<meta property=\"og:image:width\" content=\"946\" \/>\n\t<meta property=\"og:image:height\" content=\"546\" \/>\n\t<meta property=\"og:image:type\" content=\"image\/png\" \/>\n<meta name=\"twitter:card\" content=\"summary_large_image\" \/>\n<meta name=\"twitter:site\" content=\"@ifnorvege\" \/>\n<meta name=\"twitter:label1\" content=\"Ansl. lesetid\" \/>\n\t<meta name=\"twitter:data1\" content=\"2 minutter\" \/>\n<script type=\"application\/ld+json\" class=\"yoast-schema-graph\">{\"@context\":\"https:\\\/\\\/schema.org\",\"@graph\":[{\"@type\":\"WebPage\",\"@id\":\"https:\\\/\\\/www.france.no\\\/no\\\/universiteter\\\/hoyere-utdanning-og-postdoktorstillinger\\\/studere-i-norge\\\/\",\"url\":\"https:\\\/\\\/www.france.no\\\/no\\\/universiteter\\\/hoyere-utdanning-og-postdoktorstillinger\\\/studere-i-norge\\\/\",\"name\":\"Studere i Norge - Institut fran\u00e7ais\",\"isPartOf\":{\"@id\":\"https:\\\/\\\/www.france.no\\\/no\\\/#website\"},\"datePublished\":\"2022-03-11T14:47:07+00:00\",\"dateModified\":\"2026-03-26T10:03:52+00:00\",\"breadcrumb\":{\"@id\":\"https:\\\/\\\/www.france.no\\\/no\\\/universiteter\\\/hoyere-utdanning-og-postdoktorstillinger\\\/studere-i-norge\\\/#breadcrumb\"},\"inLanguage\":\"nb-NO\",\"potentialAction\":[{\"@type\":\"ReadAction\",\"target\":[\"https:\\\/\\\/www.france.no\\\/no\\\/universiteter\\\/hoyere-utdanning-og-postdoktorstillinger\\\/studere-i-norge\\\/\"]}]},{\"@type\":\"BreadcrumbList\",\"@id\":\"https:\\\/\\\/www.france.no\\\/no\\\/universiteter\\\/hoyere-utdanning-og-postdoktorstillinger\\\/studere-i-norge\\\/#breadcrumb\",\"itemListElement\":[{\"@type\":\"ListItem\",\"position\":1,\"name\":\"\",\"item\":\"https:\\\/\\\/www.france.no\\\/no\\\/\"},{\"@type\":\"ListItem\",\"position\":2,\"name\":\"Universiteter\",\"item\":\"https:\\\/\\\/www.france.no\\\/no\\\/universiteter\\\/\"},{\"@type\":\"ListItem\",\"position\":3,\"name\":\"H\u00f8yere utdanning og postdoktorstillinger\",\"item\":\"https:\\\/\\\/www.france.no\\\/no\\\/universiteter\\\/hoyere-utdanning-og-postdoktorstillinger\\\/\"},{\"@type\":\"ListItem\",\"position\":4,\"name\":\"Studere i Norge\"}]},{\"@type\":\"WebSite\",\"@id\":\"https:\\\/\\\/www.france.no\\\/no\\\/#website\",\"url\":\"https:\\\/\\\/www.france.no\\\/no\\\/\",\"name\":\"Institut fran\u00e7ais\",\"description\":\"Norv\u00e8ge\",\"publisher\":{\"@id\":\"https:\\\/\\\/www.france.no\\\/no\\\/#organization\"},\"potentialAction\":[{\"@type\":\"SearchAction\",\"target\":{\"@type\":\"EntryPoint\",\"urlTemplate\":\"https:\\\/\\\/www.france.no\\\/no\\\/?s={search_term_string}\"},\"query-input\":{\"@type\":\"PropertyValueSpecification\",\"valueRequired\":true,\"valueName\":\"search_term_string\"}}],\"inLanguage\":\"nb-NO\"},{\"@type\":\"Organization\",\"@id\":\"https:\\\/\\\/www.france.no\\\/no\\\/#organization\",\"name\":\"Institut fran\u00e7ais\",\"url\":\"https:\\\/\\\/www.france.no\\\/no\\\/\",\"logo\":{\"@type\":\"ImageObject\",\"inLanguage\":\"nb-NO\",\"@id\":\"https:\\\/\\\/www.france.no\\\/no\\\/#\\\/schema\\\/logo\\\/image\\\/\",\"url\":\"https:\\\/\\\/www.france.no\\\/wp-content\\\/uploads\\\/2022\\\/11\\\/IF_Logo_Sans_Bleu_RVB.png\",\"contentUrl\":\"https:\\\/\\\/www.france.no\\\/wp-content\\\/uploads\\\/2022\\\/11\\\/IF_Logo_Sans_Bleu_RVB.png\",\"width\":852,\"height\":591,\"caption\":\"Institut fran\u00e7ais\"},\"image\":{\"@id\":\"https:\\\/\\\/www.france.no\\\/no\\\/#\\\/schema\\\/logo\\\/image\\\/\"},\"sameAs\":[\"https:\\\/\\\/www.facebook.com\\\/institutfrancaisoslo\",\"https:\\\/\\\/x.com\\\/ifnorvege\",\"https:\\\/\\\/instagram.com\\\/ifnorvege\"]}]}<\/script>\n<!-- \/ Yoast SEO plugin. -->","yoast_head_json":{"title":"Studere i Norge - Institut fran\u00e7ais","robots":{"index":"index","follow":"follow","max-snippet":"max-snippet:-1","max-image-preview":"max-image-preview:large","max-video-preview":"max-video-preview:-1"},"canonical":"https:\/\/www.france.no\/no\/universiteter\/hoyere-utdanning-og-postdoktorstillinger\/studere-i-norge\/","og_locale":"nb_NO","og_type":"article","og_title":"Studere i Norge - Institut fran\u00e7ais","og_description":"Det norske systemet for h\u00f8yere utdanning kjennetegnes av h\u00f8y kvalitet og god tilgjengelighet. Det best\u00e5r av b\u00e5de offentlige og private institusjoner, hvor et stort flertall av studentene -over 85%- er innskrevet ved offentlige l\u00e6resteder som er anerkjent for sin faglige kvalitet. Institusjonene er delt inn i tre hovedkategorier: universiteter, universiteter for anvendt vitenskap (h\u00f8yskoler) og [&hellip;]","og_url":"https:\/\/www.france.no\/no\/universiteter\/hoyere-utdanning-og-postdoktorstillinger\/studere-i-norge\/","og_site_name":"Institut fran\u00e7ais","article_publisher":"https:\/\/www.facebook.com\/institutfrancaisoslo","article_modified_time":"2026-03-26T10:03:52+00:00","og_image":[{"width":946,"height":546,"url":"https:\/\/www.france.no\/wp-content\/uploads\/2022\/01\/IFN-logo.png","type":"image\/png"}],"twitter_card":"summary_large_image","twitter_site":"@ifnorvege","twitter_misc":{"Ansl. lesetid":"2 minutter"},"schema":{"@context":"https:\/\/schema.org","@graph":[{"@type":"WebPage","@id":"https:\/\/www.france.no\/no\/universiteter\/hoyere-utdanning-og-postdoktorstillinger\/studere-i-norge\/","url":"https:\/\/www.france.no\/no\/universiteter\/hoyere-utdanning-og-postdoktorstillinger\/studere-i-norge\/","name":"Studere i Norge - Institut fran\u00e7ais","isPartOf":{"@id":"https:\/\/www.france.no\/no\/#website"},"datePublished":"2022-03-11T14:47:07+00:00","dateModified":"2026-03-26T10:03:52+00:00","breadcrumb":{"@id":"https:\/\/www.france.no\/no\/universiteter\/hoyere-utdanning-og-postdoktorstillinger\/studere-i-norge\/#breadcrumb"},"inLanguage":"nb-NO","potentialAction":[{"@type":"ReadAction","target":["https:\/\/www.france.no\/no\/universiteter\/hoyere-utdanning-og-postdoktorstillinger\/studere-i-norge\/"]}]},{"@type":"BreadcrumbList","@id":"https:\/\/www.france.no\/no\/universiteter\/hoyere-utdanning-og-postdoktorstillinger\/studere-i-norge\/#breadcrumb","itemListElement":[{"@type":"ListItem","position":1,"name":"","item":"https:\/\/www.france.no\/no\/"},{"@type":"ListItem","position":2,"name":"Universiteter","item":"https:\/\/www.france.no\/no\/universiteter\/"},{"@type":"ListItem","position":3,"name":"H\u00f8yere utdanning og postdoktorstillinger","item":"https:\/\/www.france.no\/no\/universiteter\/hoyere-utdanning-og-postdoktorstillinger\/"},{"@type":"ListItem","position":4,"name":"Studere i Norge"}]},{"@type":"WebSite","@id":"https:\/\/www.france.no\/no\/#website","url":"https:\/\/www.france.no\/no\/","name":"Institut fran\u00e7ais","description":"Norv\u00e8ge","publisher":{"@id":"https:\/\/www.france.no\/no\/#organization"},"potentialAction":[{"@type":"SearchAction","target":{"@type":"EntryPoint","urlTemplate":"https:\/\/www.france.no\/no\/?s={search_term_string}"},"query-input":{"@type":"PropertyValueSpecification","valueRequired":true,"valueName":"search_term_string"}}],"inLanguage":"nb-NO"},{"@type":"Organization","@id":"https:\/\/www.france.no\/no\/#organization","name":"Institut fran\u00e7ais","url":"https:\/\/www.france.no\/no\/","logo":{"@type":"ImageObject","inLanguage":"nb-NO","@id":"https:\/\/www.france.no\/no\/#\/schema\/logo\/image\/","url":"https:\/\/www.france.no\/wp-content\/uploads\/2022\/11\/IF_Logo_Sans_Bleu_RVB.png","contentUrl":"https:\/\/www.france.no\/wp-content\/uploads\/2022\/11\/IF_Logo_Sans_Bleu_RVB.png","width":852,"height":591,"caption":"Institut fran\u00e7ais"},"image":{"@id":"https:\/\/www.france.no\/no\/#\/schema\/logo\/image\/"},"sameAs":["https:\/\/www.facebook.com\/institutfrancaisoslo","https:\/\/x.com\/ifnorvege","https:\/\/instagram.com\/ifnorvege"]}]}},"_links":{"self":[{"href":"https:\/\/www.france.no\/no\/wp-json\/wp\/v2\/pages\/398","targetHints":{"allow":["GET"]}}],"collection":[{"href":"https:\/\/www.france.no\/no\/wp-json\/wp\/v2\/pages"}],"about":[{"href":"https:\/\/www.france.no\/no\/wp-json\/wp\/v2\/types\/page"}],"author":[{"embeddable":true,"href":"https:\/\/www.france.no\/no\/wp-json\/wp\/v2\/users\/6"}],"replies":[{"embeddable":true,"href":"https:\/\/www.france.no\/no\/wp-json\/wp\/v2\/comments?post=398"}],"version-history":[{"count":11,"href":"https:\/\/www.france.no\/no\/wp-json\/wp\/v2\/pages\/398\/revisions"}],"predecessor-version":[{"id":22232,"href":"https:\/\/www.france.no\/no\/wp-json\/wp\/v2\/pages\/398\/revisions\/22232"}],"up":[{"embeddable":true,"href":"https:\/\/www.france.no\/no\/wp-json\/wp\/v2\/pages\/419"}],"wp:attachment":[{"href":"https:\/\/www.france.no\/no\/wp-json\/wp\/v2\/media?parent=398"}],"wp:term":[{"taxonomy":"category","embeddable":true,"href":"https:\/\/www.france.no\/no\/wp-json\/wp\/v2\/categories?post=398"}],"curies":[{"name":"wp","href":"https:\/\/api.w.org\/{rel}","templated":true}]}}