{"id":413,"date":"2022-03-11T15:55:22","date_gmt":"2022-03-11T14:55:22","guid":{"rendered":"https:\/\/www.france.no\/?page_id=413"},"modified":"2026-03-26T10:12:30","modified_gmt":"2026-03-26T09:12:30","slug":"universiteter","status":"publish","type":"page","link":"https:\/\/www.france.no\/no\/universiteter\/","title":{"rendered":"Universiteter"},"content":{"rendered":"\n<h3 class=\"wp-block-heading\">H\u00f8yere utdanning i Frankrike (Campus France)<\/h3>\n\n\n\n<p><strong>\u00d8nsker du \u00e5 studere i Frankrike?<\/strong><br>All informasjon finner du p\u00e5 nettsiden til&nbsp;<a href=\"http:\/\/www.norvege.campusfrance.org\/\" target=\"_blank\" rel=\"noreferrer noopener\">Campus France Norge<\/a>.<\/p>\n\n\n\n<p><strong>Har du sp\u00f8rsm\u00e5l? Trenger du hjelp?<br><\/strong>Kontakt oss via epost:&nbsp;<a href=\"mailto:studier@france.no\" target=\"_blank\" rel=\"noreferrer noopener\">studier@france.no<\/a><\/p>\n\n\n\n<p><strong>Institut fran\u00e7ais de Norv\u00e8ge sine samarbeidspartnere:<\/strong><\/p>\n\n\n\n<figure class=\"wp-block-image size-full is-resized\"><a href=\"https:\/\/www.campusfrance.org\/en\" target=\"_blank\" rel=\"noreferrer noopener\"><img loading=\"lazy\" decoding=\"async\" width=\"220\" height=\"233\" src=\"https:\/\/www.france.no\/wp-content\/uploads\/2022\/12\/logo-campus-france.png\" alt=\"\" class=\"wp-image-2955\" style=\"width:auto;height:150px\"\/><\/a><\/figure>\n\n\n\n<p><\/p>\n","protected":false},"excerpt":{"rendered":"<p>H\u00f8yere utdanning i Frankrike (Campus France) \u00d8nsker du \u00e5 studere i Frankrike?All informasjon finner du p\u00e5 nettsiden til&nbsp;Campus France Norge. Har du sp\u00f8rsm\u00e5l? Trenger du hjelp?Kontakt oss via epost:&nbsp;studier@france.no Institut fran\u00e7ais de Norv\u00e8ge sine samarbeidspartnere:<\/p>\n","protected":false},"author":1,"featured_media":0,"parent":0,"menu_order":3,"comment_status":"closed","ping_status":"closed","template":"","meta":{"footnotes":""},"categories":[15],"class_list":["post-413","page","type-page","status-publish","hentry","category-universitetene","no-media"],"yoast_head":"<!-- This site is optimized with the Yoast SEO plugin v27.3 - https:\/\/yoast.com\/product\/yoast-seo-wordpress\/ -->\n<title>Universiteter - Institut fran\u00e7ais<\/title>\n<meta name=\"robots\" content=\"index, follow, max-snippet:-1, max-image-preview:large, max-video-preview:-1\" \/>\n<link rel=\"canonical\" href=\"https:\/\/www.france.no\/no\/universiteter\/\" \/>\n<meta property=\"og:locale\" content=\"nb_NO\" \/>\n<meta property=\"og:type\" content=\"article\" \/>\n<meta property=\"og:title\" content=\"Universiteter - Institut fran\u00e7ais\" \/>\n<meta property=\"og:description\" content=\"H\u00f8yere utdanning i Frankrike (Campus France) \u00d8nsker du \u00e5 studere i Frankrike?All informasjon finner du p\u00e5 nettsiden til&nbsp;Campus France Norge. Har du sp\u00f8rsm\u00e5l? Trenger du hjelp?Kontakt oss via epost:&nbsp;studier@france.no Institut fran\u00e7ais de Norv\u00e8ge sine samarbeidspartnere:\" \/>\n<meta property=\"og:url\" content=\"https:\/\/www.france.no\/no\/universiteter\/\" \/>\n<meta property=\"og:site_name\" content=\"Institut fran\u00e7ais\" \/>\n<meta property=\"article:publisher\" content=\"https:\/\/www.facebook.com\/institutfrancaisoslo\" \/>\n<meta property=\"article:modified_time\" content=\"2026-03-26T09:12:30+00:00\" \/>\n<meta property=\"og:image\" content=\"https:\/\/www.france.no\/wp-content\/uploads\/2022\/12\/logo-campus-france.png\" \/>\n\t<meta property=\"og:image:width\" content=\"220\" \/>\n\t<meta property=\"og:image:height\" content=\"233\" \/>\n\t<meta property=\"og:image:type\" content=\"image\/png\" \/>\n<meta name=\"twitter:card\" content=\"summary_large_image\" \/>\n<meta name=\"twitter:site\" content=\"@ifnorvege\" \/>\n<meta name=\"twitter:label1\" content=\"Ansl. lesetid\" \/>\n\t<meta name=\"twitter:data1\" content=\"1 minutt\" \/>\n<script type=\"application\/ld+json\" class=\"yoast-schema-graph\">{\"@context\":\"https:\\\/\\\/schema.org\",\"@graph\":[{\"@type\":\"WebPage\",\"@id\":\"https:\\\/\\\/www.france.no\\\/no\\\/universiteter\\\/\",\"url\":\"https:\\\/\\\/www.france.no\\\/no\\\/universiteter\\\/\",\"name\":\"Universiteter - Institut fran\u00e7ais\",\"isPartOf\":{\"@id\":\"https:\\\/\\\/www.france.no\\\/no\\\/#website\"},\"primaryImageOfPage\":{\"@id\":\"https:\\\/\\\/www.france.no\\\/no\\\/universiteter\\\/#primaryimage\"},\"image\":{\"@id\":\"https:\\\/\\\/www.france.no\\\/no\\\/universiteter\\\/#primaryimage\"},\"thumbnailUrl\":\"https:\\\/\\\/www.france.no\\\/wp-content\\\/uploads\\\/2022\\\/12\\\/logo-campus-france.png\",\"datePublished\":\"2022-03-11T14:55:22+00:00\",\"dateModified\":\"2026-03-26T09:12:30+00:00\",\"breadcrumb\":{\"@id\":\"https:\\\/\\\/www.france.no\\\/no\\\/universiteter\\\/#breadcrumb\"},\"inLanguage\":\"nb-NO\",\"potentialAction\":[{\"@type\":\"ReadAction\",\"target\":[\"https:\\\/\\\/www.france.no\\\/no\\\/universiteter\\\/\"]}]},{\"@type\":\"ImageObject\",\"inLanguage\":\"nb-NO\",\"@id\":\"https:\\\/\\\/www.france.no\\\/no\\\/universiteter\\\/#primaryimage\",\"url\":\"https:\\\/\\\/www.france.no\\\/wp-content\\\/uploads\\\/2022\\\/12\\\/logo-campus-france.png\",\"contentUrl\":\"https:\\\/\\\/www.france.no\\\/wp-content\\\/uploads\\\/2022\\\/12\\\/logo-campus-france.png\"},{\"@type\":\"BreadcrumbList\",\"@id\":\"https:\\\/\\\/www.france.no\\\/no\\\/universiteter\\\/#breadcrumb\",\"itemListElement\":[{\"@type\":\"ListItem\",\"position\":1,\"name\":\"\",\"item\":\"https:\\\/\\\/www.france.no\\\/no\\\/\"},{\"@type\":\"ListItem\",\"position\":2,\"name\":\"Universiteter\"}]},{\"@type\":\"WebSite\",\"@id\":\"https:\\\/\\\/www.france.no\\\/no\\\/#website\",\"url\":\"https:\\\/\\\/www.france.no\\\/no\\\/\",\"name\":\"Institut fran\u00e7ais\",\"description\":\"Norv\u00e8ge\",\"publisher\":{\"@id\":\"https:\\\/\\\/www.france.no\\\/no\\\/#organization\"},\"potentialAction\":[{\"@type\":\"SearchAction\",\"target\":{\"@type\":\"EntryPoint\",\"urlTemplate\":\"https:\\\/\\\/www.france.no\\\/no\\\/?s={search_term_string}\"},\"query-input\":{\"@type\":\"PropertyValueSpecification\",\"valueRequired\":true,\"valueName\":\"search_term_string\"}}],\"inLanguage\":\"nb-NO\"},{\"@type\":\"Organization\",\"@id\":\"https:\\\/\\\/www.france.no\\\/no\\\/#organization\",\"name\":\"Institut fran\u00e7ais\",\"url\":\"https:\\\/\\\/www.france.no\\\/no\\\/\",\"logo\":{\"@type\":\"ImageObject\",\"inLanguage\":\"nb-NO\",\"@id\":\"https:\\\/\\\/www.france.no\\\/no\\\/#\\\/schema\\\/logo\\\/image\\\/\",\"url\":\"https:\\\/\\\/www.france.no\\\/wp-content\\\/uploads\\\/2022\\\/11\\\/IF_Logo_Sans_Bleu_RVB.png\",\"contentUrl\":\"https:\\\/\\\/www.france.no\\\/wp-content\\\/uploads\\\/2022\\\/11\\\/IF_Logo_Sans_Bleu_RVB.png\",\"width\":852,\"height\":591,\"caption\":\"Institut fran\u00e7ais\"},\"image\":{\"@id\":\"https:\\\/\\\/www.france.no\\\/no\\\/#\\\/schema\\\/logo\\\/image\\\/\"},\"sameAs\":[\"https:\\\/\\\/www.facebook.com\\\/institutfrancaisoslo\",\"https:\\\/\\\/x.com\\\/ifnorvege\",\"https:\\\/\\\/instagram.com\\\/ifnorvege\"]}]}<\/script>\n<!-- \/ Yoast SEO plugin. -->","yoast_head_json":{"title":"Universiteter - Institut fran\u00e7ais","robots":{"index":"index","follow":"follow","max-snippet":"max-snippet:-1","max-image-preview":"max-image-preview:large","max-video-preview":"max-video-preview:-1"},"canonical":"https:\/\/www.france.no\/no\/universiteter\/","og_locale":"nb_NO","og_type":"article","og_title":"Universiteter - Institut fran\u00e7ais","og_description":"H\u00f8yere utdanning i Frankrike (Campus France) \u00d8nsker du \u00e5 studere i Frankrike?All informasjon finner du p\u00e5 nettsiden til&nbsp;Campus France Norge. Har du sp\u00f8rsm\u00e5l? Trenger du hjelp?Kontakt oss via epost:&nbsp;studier@france.no Institut fran\u00e7ais de Norv\u00e8ge sine samarbeidspartnere:","og_url":"https:\/\/www.france.no\/no\/universiteter\/","og_site_name":"Institut fran\u00e7ais","article_publisher":"https:\/\/www.facebook.com\/institutfrancaisoslo","article_modified_time":"2026-03-26T09:12:30+00:00","og_image":[{"width":220,"height":233,"url":"https:\/\/www.france.no\/wp-content\/uploads\/2022\/12\/logo-campus-france.png","type":"image\/png"}],"twitter_card":"summary_large_image","twitter_site":"@ifnorvege","twitter_misc":{"Ansl. lesetid":"1 minutt"},"schema":{"@context":"https:\/\/schema.org","@graph":[{"@type":"WebPage","@id":"https:\/\/www.france.no\/no\/universiteter\/","url":"https:\/\/www.france.no\/no\/universiteter\/","name":"Universiteter - Institut fran\u00e7ais","isPartOf":{"@id":"https:\/\/www.france.no\/no\/#website"},"primaryImageOfPage":{"@id":"https:\/\/www.france.no\/no\/universiteter\/#primaryimage"},"image":{"@id":"https:\/\/www.france.no\/no\/universiteter\/#primaryimage"},"thumbnailUrl":"https:\/\/www.france.no\/wp-content\/uploads\/2022\/12\/logo-campus-france.png","datePublished":"2022-03-11T14:55:22+00:00","dateModified":"2026-03-26T09:12:30+00:00","breadcrumb":{"@id":"https:\/\/www.france.no\/no\/universiteter\/#breadcrumb"},"inLanguage":"nb-NO","potentialAction":[{"@type":"ReadAction","target":["https:\/\/www.france.no\/no\/universiteter\/"]}]},{"@type":"ImageObject","inLanguage":"nb-NO","@id":"https:\/\/www.france.no\/no\/universiteter\/#primaryimage","url":"https:\/\/www.france.no\/wp-content\/uploads\/2022\/12\/logo-campus-france.png","contentUrl":"https:\/\/www.france.no\/wp-content\/uploads\/2022\/12\/logo-campus-france.png"},{"@type":"BreadcrumbList","@id":"https:\/\/www.france.no\/no\/universiteter\/#breadcrumb","itemListElement":[{"@type":"ListItem","position":1,"name":"","item":"https:\/\/www.france.no\/no\/"},{"@type":"ListItem","position":2,"name":"Universiteter"}]},{"@type":"WebSite","@id":"https:\/\/www.france.no\/no\/#website","url":"https:\/\/www.france.no\/no\/","name":"Institut fran\u00e7ais","description":"Norv\u00e8ge","publisher":{"@id":"https:\/\/www.france.no\/no\/#organization"},"potentialAction":[{"@type":"SearchAction","target":{"@type":"EntryPoint","urlTemplate":"https:\/\/www.france.no\/no\/?s={search_term_string}"},"query-input":{"@type":"PropertyValueSpecification","valueRequired":true,"valueName":"search_term_string"}}],"inLanguage":"nb-NO"},{"@type":"Organization","@id":"https:\/\/www.france.no\/no\/#organization","name":"Institut fran\u00e7ais","url":"https:\/\/www.france.no\/no\/","logo":{"@type":"ImageObject","inLanguage":"nb-NO","@id":"https:\/\/www.france.no\/no\/#\/schema\/logo\/image\/","url":"https:\/\/www.france.no\/wp-content\/uploads\/2022\/11\/IF_Logo_Sans_Bleu_RVB.png","contentUrl":"https:\/\/www.france.no\/wp-content\/uploads\/2022\/11\/IF_Logo_Sans_Bleu_RVB.png","width":852,"height":591,"caption":"Institut fran\u00e7ais"},"image":{"@id":"https:\/\/www.france.no\/no\/#\/schema\/logo\/image\/"},"sameAs":["https:\/\/www.facebook.com\/institutfrancaisoslo","https:\/\/x.com\/ifnorvege","https:\/\/instagram.com\/ifnorvege"]}]}},"_links":{"self":[{"href":"https:\/\/www.france.no\/no\/wp-json\/wp\/v2\/pages\/413","targetHints":{"allow":["GET"]}}],"collection":[{"href":"https:\/\/www.france.no\/no\/wp-json\/wp\/v2\/pages"}],"about":[{"href":"https:\/\/www.france.no\/no\/wp-json\/wp\/v2\/types\/page"}],"author":[{"embeddable":true,"href":"https:\/\/www.france.no\/no\/wp-json\/wp\/v2\/users\/1"}],"replies":[{"embeddable":true,"href":"https:\/\/www.france.no\/no\/wp-json\/wp\/v2\/comments?post=413"}],"version-history":[{"count":13,"href":"https:\/\/www.france.no\/no\/wp-json\/wp\/v2\/pages\/413\/revisions"}],"predecessor-version":[{"id":22175,"href":"https:\/\/www.france.no\/no\/wp-json\/wp\/v2\/pages\/413\/revisions\/22175"}],"wp:attachment":[{"href":"https:\/\/www.france.no\/no\/wp-json\/wp\/v2\/media?parent=413"}],"wp:term":[{"taxonomy":"category","embeddable":true,"href":"https:\/\/www.france.no\/no\/wp-json\/wp\/v2\/categories?post=413"}],"curies":[{"name":"wp","href":"https:\/\/api.w.org\/{rel}","templated":true}]}}