{"id":440,"date":"2022-03-11T19:03:20","date_gmt":"2022-03-11T18:03:20","guid":{"rendered":"https:\/\/www.france.no\/?page_id=440"},"modified":"2026-02-02T11:00:30","modified_gmt":"2026-02-02T10:00:30","slug":"3-arig-yrkesfag","status":"publish","type":"page","link":"https:\/\/www.france.no\/no\/utdanning-og-fransk-sprak\/skole-og-utdanningssamarbeid\/videregaende-i-frankrike\/3-arig-yrkesfag\/","title":{"rendered":"3-\u00e5rig yrkesfag"},"content":{"rendered":"<div>\n<p><strong style=\"font-family: Roboto, sans-serif; font-size: revert; letter-spacing: normal;\"><strong style=\"font-size: revert;\">Kunne du tenke deg \u00e5 reise tre \u00e5r p\u00e5 utveksling til Frankrike for \u00e5 ta yrkesfag? Med Institut fran\u00e7ais de Norv\u00e8ge kan du enten reise ut rett etter ungdomsskolen eller vg1 yrkesfag.\u00a0<\/strong><\/strong><\/p>\n<\/div>\n<div id=\"content\">\n<div class=\"description\">\n<p class=\"chapo\">Du trenger ikke kunne ett ord fransk p\u00e5 forh\u00e5nd, spr\u00e5ket l\u00e6rer du underveis.<\/p>\n<p>Linjene vi tilbyr:<\/p>\n<ul>\n<li>Kokkelinjen (Bac Pro H\u00f4tellerie-Restauration\/Cuisine)<\/li>\n<li>M\u00f8beltapetsererfag (Bac Pro Artisanat et m\u00e9tiers d&#8217;art, option tapissier d&#8217;ameublement)<\/li>\n<\/ul>\n<p><strong>Du kan s\u00f8ke hvis du:<\/strong><\/p>\n<ul>\n<li>er elev i 10. klasse<br \/>eller<\/li>\n<li>er elev i Vg1 Restaurant- og matfag<\/li>\n<li>er norsk statsborger<\/li>\n<li>har lyst p\u00e5 nye utfordringer<\/li>\n<\/ul>\n<p><strong>Du f\u00e5r:<\/strong><\/p>\n<ul>\n<li>4 uker forkurs i Oslo f\u00f8r avreise<\/li>\n<li>3 skole\u00e5r i Frankrike (inkludert ca. 22 uker utplassering fordelt p\u00e5 de tre \u00e5rene)<\/li>\n<li>Vitnem\u00e5l tilsvarende norsk fagbrev (baccalaur\u00e9at professionnel)<\/li>\n<li><strong>generell studiekompetanse (med gyldig spr\u00e5ktest i norsk)<\/strong><\/li>\n<li>undervisning i en vanlig fransk klasse med franske elever<\/li>\n<li>opphold p\u00e5 internat og i en fransk familie det f\u00f8rste \u00e5ret<\/li>\n<li>bo p\u00e5 hybel \/ leilighet de to siste \u00e5rene eller fortsette med ordningen internat\/vertsfamilie<\/li>\n<li><strong>stipend fra L\u00e5nekassen<\/strong> alle tre \u00e5r, som dekker skole, kost og losji f\u00f8rste \u00e5ret og store deler av utgiftene de to andre \u00e5rene. Ekstra l\u00e5n kan f\u00e5s fra l\u00e5nekassen om man \u00f8nsker \u00e5 flytte ut i leilighet de to siste \u00e5rene<\/li>\n<li>tre skole\u00e5r fulle av spennende utfordringer<\/li>\n<li>en\u00a0<strong>helt unik spr\u00e5kkompetanse<\/strong><\/li>\n<li>du blir\u00a0<strong>mer attraktiv<\/strong>\u00a0p\u00e5 arbeidsmarkedet<\/li>\n<\/ul>\n<h2><strong>TRYGG OG TETT OPPF\u00d8LGING:<\/strong><\/h2>\n<p>I Frankrike har hver skole en kontaktperson (l\u00e6rer og\/eller assisterende rektor) som f\u00f8lger den norske eleven for \u00e5 sikre at han eller hun blir godt integrert i vertsfamilien og p\u00e5 skolen, og for \u00e5 sikre kvaliteten p\u00e5 studiene (timeplan, oppm\u00f8te p\u00e5 kurs).<\/p>\n<p>Institut fran\u00e7ais de Norv\u00e8ge har jevnlig kontakt med skolene.<\/p>\n<p><strong><br \/>SKOLENE:<\/strong><\/p>\n<\/div>\n<\/div>\n\n\n<iframe loading=\"lazy\" src=\"https:\/\/www.google.com\/maps\/d\/u\/0\/embed?mid=1hDOrWB_jC_cuGGdQNGotch-Qz4t_GH4&#038;ehbc=2E312F\" width=\"640\" height=\"480\"><\/iframe>\n\n\n\n<p><strong>S\u00d8KNADSPROSESSEN:<\/strong><\/p>\n\n\n\n<ul class=\"wp-block-list\">\n<li>S\u00f8knadsfrist: <strong>31. mars 2026<\/strong><\/li>\n\n\n\n<li>S\u00f8knaden sendes&nbsp;elektronisk<\/li>\n\n\n\n<li>S\u00f8knadene vurderes av en egen komit\u00e9<\/li>\n\n\n\n<li>P\u00e5 grunnlag av den skriftlige s\u00f8knaden blir en del av s\u00f8kerne kalt inn til digitalt intervju<\/li>\n\n\n\n<li>S\u00f8kere som har f\u00e5tt plass p\u00e5 en fransk skole, vil bli kontaktet i slutten av mai\/begynnelsen av juni.<\/li>\n<\/ul>\n\n\n\n<p>Det forventes at de utvalgte kandidatene og familiene deres gj\u00f8r f\u00f8lgende:<br>\u2013 Kontakter den franske vertsfamilien s\u00e5 snart som mulig for \u00e5 bli kjent med hverandre f\u00f8r ankomst til Frankrike og for \u00e5 sikre en smidig integrering i familien.<br>\u2013 Delta p\u00e5 4-ukers intensivkurs i Oslo i juli-august.<br>\u2013 Reiser til Frankrike og finner seg til rette hos vertsfamilien f\u00f8r skolestart 1. september 2026. Minst \u00e9n norsk forelder m\u00e5 v\u00e6re med p\u00e5 reisen og m\u00f8te vertsfamilien.<\/p>\n\n\n\n<p>1. Print ut vedlagte skjemaer. De skal lastes opp i s\u00f8knaden:<\/p>\n\n\n\n<ul class=\"wp-block-list\">\n<li><strong><a href=\"https:\/\/www.france.no\/wp-content\/uploads\/2026\/02\/Laererattest.pdf\" target=\"_blank\" rel=\"noreferrer noopener\">L\u00e6rerattest<\/a><\/strong> (NB! Vi beh\u00f8ver to eksemplarer av attesten, \u00e9n fra kontaktl\u00e6rer og \u00e9n fra en annen l\u00e6rer fra n\u00e5v\u00e6rende skole.)<\/li>\n\n\n\n<li><strong><a href=\"https:\/\/www.france.no\/wp-content\/uploads\/2026\/02\/Legeattest.pdf\" target=\"_blank\" rel=\"noreferrer noopener\">Legeattest<\/a><\/strong><\/li>\n\n\n\n<li><a href=\"https:\/\/www.france.no\/wp-content\/uploads\/2026\/02\/Signaturark-yrkesfag.pdf\" target=\"_blank\" rel=\"noreferrer noopener\"><strong>Signaturark<\/strong><\/a><\/li>\n<\/ul>\n\n\n\n<p>2. Det elektroniske s\u00f8knadsskjemaet \u00e5pner <strong>31. januar<\/strong>, og s\u00f8knadsfristen er <strong>31. mars 2026, kl. 23:59<\/strong>. Du finner skjemaet nederst p\u00e5 siden.<\/p>\n\n\n\n<p>Du b\u00f8r beregne god tid p\u00e5 s\u00f8knaden. Vi anbefaler at du gj\u00f8r den ferdig s\u00e5 tidlig som mulig, slik at eventuelle sp\u00f8rsm\u00e5l kan stilles god tid i forkant av fristen.<\/p>\n\n\n\n<p>NB! UFULLSTENDIGE S\u00d8KNADER VIL IKKE BLI BEHANDLET.<\/p>\n\n\n\n<p>Foruten karakterniv\u00e5 legges det stor vekt p\u00e5 s\u00f8kernes motivasjon, arbeidsevne og evne til \u00e5 tilpasse seg nye og uvante forhold med strengere disiplin enn det som er vanlig i norsk skole.<\/p>\n\n\n\n<p><strong>Har du sp\u00f8rsm\u00e5l?&nbsp;<\/strong>Kontakt <a href=\"mailto:vgs@france.no\">vgs@france.no<\/a><\/p>\n\n\n\n<p><\/p>\n\n\n\n<div class=\"wp-block-media-text has-media-on-the-right is-stacked-on-mobile\" style=\"grid-template-columns:auto 40%\"><div class=\"wp-block-media-text__content\">\n<p>M\u00f8t Nora som skal bli kokk og g\u00e5 3 \u00e5r p\u00e5 VGS i Frankrike:<\/p>\n<\/div><figure class=\"wp-block-media-text__media\"><video controls src=\"https:\/\/www.france.no\/wp-content\/uploads\/2023\/08\/Nora-Story-Instagram.mp4\"><\/video><\/figure><\/div>\n\n\n\n<p>M\u00f8t Arunas som var i La Rochelle fra 2019 til 2022:<\/p>\n\n\n\n<figure class=\"wp-block-video\"><video controls src=\"https:\/\/www.france.no\/wp-content\/uploads\/2023\/02\/bac-cuisine-arunas.mp4\"><\/video><\/figure>\n\n\n\n<p>For mer bilder, ta en titt p\u00e5 <a href=\"https:\/\/www.facebook.com\/campusfrancenorvege\">Facebook-siden<\/a> v\u00e5r, eller p\u00e5 <a href=\"https:\/\/www.instagram.com\/vgs_i_frankrike\/\">Instagram<\/a>.<\/p>\n\n\n\n<hr class=\"wp-block-separator has-alpha-channel-opacity\"\/>\n\n\n<p>Beklager, skjemaet er ikke lengre tilgjengelig.<\/p>","protected":false},"excerpt":{"rendered":"<p>Kunne du tenke deg \u00e5 reise tre \u00e5r p\u00e5 utveksling til Frankrike for \u00e5 ta yrkesfag? Med Institut fran\u00e7ais de Norv\u00e8ge kan du enten reise ut rett etter ungdomsskolen eller vg1 yrkesfag.\u00a0 Du trenger ikke kunne ett ord fransk p\u00e5 forh\u00e5nd, spr\u00e5ket l\u00e6rer du underveis. Linjene vi tilbyr: Kokkelinjen (Bac Pro H\u00f4tellerie-Restauration\/Cuisine) M\u00f8beltapetsererfag (Bac Pro [&hellip;]<\/p>\n","protected":false},"author":1,"featured_media":3719,"parent":386,"menu_order":2,"comment_status":"closed","ping_status":"closed","template":"","meta":{"footnotes":""},"categories":[13],"class_list":["post-440","page","type-page","status-publish","has-post-thumbnail","hentry","category-utdanning-og-fransk-sprak"],"yoast_head":"<!-- This site is optimized with the Yoast SEO plugin v27.3 - https:\/\/yoast.com\/product\/yoast-seo-wordpress\/ -->\n<title>3-\u00e5rig yrkesfag - Institut fran\u00e7ais<\/title>\n<meta name=\"robots\" content=\"index, follow, max-snippet:-1, max-image-preview:large, max-video-preview:-1\" \/>\n<link rel=\"canonical\" href=\"https:\/\/www.france.no\/no\/utdanning-og-fransk-sprak\/skole-og-utdanningssamarbeid\/videregaende-i-frankrike\/3-arig-yrkesfag\/\" \/>\n<meta property=\"og:locale\" content=\"nb_NO\" \/>\n<meta property=\"og:type\" content=\"article\" \/>\n<meta property=\"og:title\" content=\"3-\u00e5rig yrkesfag - Institut fran\u00e7ais\" \/>\n<meta property=\"og:description\" content=\"Kunne du tenke deg \u00e5 reise tre \u00e5r p\u00e5 utveksling til Frankrike for \u00e5 ta yrkesfag? Med Institut fran\u00e7ais de Norv\u00e8ge kan du enten reise ut rett etter ungdomsskolen eller vg1 yrkesfag.\u00a0 Du trenger ikke kunne ett ord fransk p\u00e5 forh\u00e5nd, spr\u00e5ket l\u00e6rer du underveis. Linjene vi tilbyr: Kokkelinjen (Bac Pro H\u00f4tellerie-Restauration\/Cuisine) M\u00f8beltapetsererfag (Bac Pro [&hellip;]\" \/>\n<meta property=\"og:url\" content=\"https:\/\/www.france.no\/no\/utdanning-og-fransk-sprak\/skole-og-utdanningssamarbeid\/videregaende-i-frankrike\/3-arig-yrkesfag\/\" \/>\n<meta property=\"og:site_name\" content=\"Institut fran\u00e7ais\" \/>\n<meta property=\"article:publisher\" content=\"https:\/\/www.facebook.com\/institutfrancaisoslo\" \/>\n<meta property=\"article:modified_time\" content=\"2026-02-02T10:00:30+00:00\" \/>\n<meta property=\"og:image\" content=\"https:\/\/www.france.no\/wp-content\/uploads\/2022\/03\/Yrkesfag-i-Frankrike-1098x617.jpg\" \/>\n\t<meta property=\"og:image:width\" content=\"2409\" \/>\n\t<meta property=\"og:image:height\" content=\"1119\" \/>\n\t<meta property=\"og:image:type\" content=\"image\/jpeg\" \/>\n<meta name=\"twitter:card\" content=\"summary_large_image\" \/>\n<meta name=\"twitter:site\" content=\"@ifnorvege\" \/>\n<meta name=\"twitter:label1\" content=\"Ansl. lesetid\" \/>\n\t<meta name=\"twitter:data1\" content=\"4 minutter\" \/>\n<script type=\"application\/ld+json\" class=\"yoast-schema-graph\">{\"@context\":\"https:\\\/\\\/schema.org\",\"@graph\":[{\"@type\":\"WebPage\",\"@id\":\"https:\\\/\\\/www.france.no\\\/no\\\/utdanning-og-fransk-sprak\\\/skole-og-utdanningssamarbeid\\\/videregaende-i-frankrike\\\/3-arig-yrkesfag\\\/\",\"url\":\"https:\\\/\\\/www.france.no\\\/no\\\/utdanning-og-fransk-sprak\\\/skole-og-utdanningssamarbeid\\\/videregaende-i-frankrike\\\/3-arig-yrkesfag\\\/\",\"name\":\"3-\u00e5rig yrkesfag - Institut fran\u00e7ais\",\"isPartOf\":{\"@id\":\"https:\\\/\\\/www.france.no\\\/no\\\/#website\"},\"primaryImageOfPage\":{\"@id\":\"https:\\\/\\\/www.france.no\\\/no\\\/utdanning-og-fransk-sprak\\\/skole-og-utdanningssamarbeid\\\/videregaende-i-frankrike\\\/3-arig-yrkesfag\\\/#primaryimage\"},\"image\":{\"@id\":\"https:\\\/\\\/www.france.no\\\/no\\\/utdanning-og-fransk-sprak\\\/skole-og-utdanningssamarbeid\\\/videregaende-i-frankrike\\\/3-arig-yrkesfag\\\/#primaryimage\"},\"thumbnailUrl\":\"https:\\\/\\\/www.france.no\\\/wp-content\\\/uploads\\\/2023\\\/02\\\/yrkesfag-i-frankrike-1098x617.png\",\"datePublished\":\"2022-03-11T18:03:20+00:00\",\"dateModified\":\"2026-02-02T10:00:30+00:00\",\"breadcrumb\":{\"@id\":\"https:\\\/\\\/www.france.no\\\/no\\\/utdanning-og-fransk-sprak\\\/skole-og-utdanningssamarbeid\\\/videregaende-i-frankrike\\\/3-arig-yrkesfag\\\/#breadcrumb\"},\"inLanguage\":\"nb-NO\",\"potentialAction\":[{\"@type\":\"ReadAction\",\"target\":[\"https:\\\/\\\/www.france.no\\\/no\\\/utdanning-og-fransk-sprak\\\/skole-og-utdanningssamarbeid\\\/videregaende-i-frankrike\\\/3-arig-yrkesfag\\\/\"]}]},{\"@type\":\"ImageObject\",\"inLanguage\":\"nb-NO\",\"@id\":\"https:\\\/\\\/www.france.no\\\/no\\\/utdanning-og-fransk-sprak\\\/skole-og-utdanningssamarbeid\\\/videregaende-i-frankrike\\\/3-arig-yrkesfag\\\/#primaryimage\",\"url\":\"https:\\\/\\\/www.france.no\\\/wp-content\\\/uploads\\\/2023\\\/02\\\/yrkesfag-i-frankrike-1098x617.png\",\"contentUrl\":\"https:\\\/\\\/www.france.no\\\/wp-content\\\/uploads\\\/2023\\\/02\\\/yrkesfag-i-frankrike-1098x617.png\",\"width\":1640,\"height\":924},{\"@type\":\"BreadcrumbList\",\"@id\":\"https:\\\/\\\/www.france.no\\\/no\\\/utdanning-og-fransk-sprak\\\/skole-og-utdanningssamarbeid\\\/videregaende-i-frankrike\\\/3-arig-yrkesfag\\\/#breadcrumb\",\"itemListElement\":[{\"@type\":\"ListItem\",\"position\":1,\"name\":\"\",\"item\":\"https:\\\/\\\/www.france.no\\\/no\\\/\"},{\"@type\":\"ListItem\",\"position\":2,\"name\":\"Utdanning og fransk spr\u00e5k\",\"item\":\"https:\\\/\\\/www.france.no\\\/no\\\/utdanning-og-fransk-sprak\\\/\"},{\"@type\":\"ListItem\",\"position\":3,\"name\":\"Skole- og utdanningssamarbeid\",\"item\":\"https:\\\/\\\/www.france.no\\\/no\\\/utdanning-og-fransk-sprak\\\/skole-og-utdanningssamarbeid\\\/\"},{\"@type\":\"ListItem\",\"position\":4,\"name\":\"Videreg\u00e5ende i Frankrike\",\"item\":\"https:\\\/\\\/www.france.no\\\/no\\\/utdanning-og-fransk-sprak\\\/skole-og-utdanningssamarbeid\\\/videregaende-i-frankrike\\\/\"},{\"@type\":\"ListItem\",\"position\":5,\"name\":\"3-\u00e5rig yrkesfag\"}]},{\"@type\":\"WebSite\",\"@id\":\"https:\\\/\\\/www.france.no\\\/no\\\/#website\",\"url\":\"https:\\\/\\\/www.france.no\\\/no\\\/\",\"name\":\"Institut fran\u00e7ais\",\"description\":\"Norv\u00e8ge\",\"publisher\":{\"@id\":\"https:\\\/\\\/www.france.no\\\/no\\\/#organization\"},\"potentialAction\":[{\"@type\":\"SearchAction\",\"target\":{\"@type\":\"EntryPoint\",\"urlTemplate\":\"https:\\\/\\\/www.france.no\\\/no\\\/?s={search_term_string}\"},\"query-input\":{\"@type\":\"PropertyValueSpecification\",\"valueRequired\":true,\"valueName\":\"search_term_string\"}}],\"inLanguage\":\"nb-NO\"},{\"@type\":\"Organization\",\"@id\":\"https:\\\/\\\/www.france.no\\\/no\\\/#organization\",\"name\":\"Institut fran\u00e7ais\",\"url\":\"https:\\\/\\\/www.france.no\\\/no\\\/\",\"logo\":{\"@type\":\"ImageObject\",\"inLanguage\":\"nb-NO\",\"@id\":\"https:\\\/\\\/www.france.no\\\/no\\\/#\\\/schema\\\/logo\\\/image\\\/\",\"url\":\"https:\\\/\\\/www.france.no\\\/wp-content\\\/uploads\\\/2022\\\/11\\\/IF_Logo_Sans_Bleu_RVB.png\",\"contentUrl\":\"https:\\\/\\\/www.france.no\\\/wp-content\\\/uploads\\\/2022\\\/11\\\/IF_Logo_Sans_Bleu_RVB.png\",\"width\":852,\"height\":591,\"caption\":\"Institut fran\u00e7ais\"},\"image\":{\"@id\":\"https:\\\/\\\/www.france.no\\\/no\\\/#\\\/schema\\\/logo\\\/image\\\/\"},\"sameAs\":[\"https:\\\/\\\/www.facebook.com\\\/institutfrancaisoslo\",\"https:\\\/\\\/x.com\\\/ifnorvege\",\"https:\\\/\\\/instagram.com\\\/ifnorvege\"]}]}<\/script>\n<!-- \/ Yoast SEO plugin. -->","yoast_head_json":{"title":"3-\u00e5rig yrkesfag - Institut fran\u00e7ais","robots":{"index":"index","follow":"follow","max-snippet":"max-snippet:-1","max-image-preview":"max-image-preview:large","max-video-preview":"max-video-preview:-1"},"canonical":"https:\/\/www.france.no\/no\/utdanning-og-fransk-sprak\/skole-og-utdanningssamarbeid\/videregaende-i-frankrike\/3-arig-yrkesfag\/","og_locale":"nb_NO","og_type":"article","og_title":"3-\u00e5rig yrkesfag - Institut fran\u00e7ais","og_description":"Kunne du tenke deg \u00e5 reise tre \u00e5r p\u00e5 utveksling til Frankrike for \u00e5 ta yrkesfag? Med Institut fran\u00e7ais de Norv\u00e8ge kan du enten reise ut rett etter ungdomsskolen eller vg1 yrkesfag.\u00a0 Du trenger ikke kunne ett ord fransk p\u00e5 forh\u00e5nd, spr\u00e5ket l\u00e6rer du underveis. Linjene vi tilbyr: Kokkelinjen (Bac Pro H\u00f4tellerie-Restauration\/Cuisine) M\u00f8beltapetsererfag (Bac Pro [&hellip;]","og_url":"https:\/\/www.france.no\/no\/utdanning-og-fransk-sprak\/skole-og-utdanningssamarbeid\/videregaende-i-frankrike\/3-arig-yrkesfag\/","og_site_name":"Institut fran\u00e7ais","article_publisher":"https:\/\/www.facebook.com\/institutfrancaisoslo","article_modified_time":"2026-02-02T10:00:30+00:00","og_image":[{"width":2409,"height":1119,"url":"https:\/\/www.france.no\/wp-content\/uploads\/2022\/03\/Yrkesfag-i-Frankrike-1098x617.jpg","type":"image\/jpeg"}],"twitter_card":"summary_large_image","twitter_site":"@ifnorvege","twitter_misc":{"Ansl. lesetid":"4 minutter"},"schema":{"@context":"https:\/\/schema.org","@graph":[{"@type":"WebPage","@id":"https:\/\/www.france.no\/no\/utdanning-og-fransk-sprak\/skole-og-utdanningssamarbeid\/videregaende-i-frankrike\/3-arig-yrkesfag\/","url":"https:\/\/www.france.no\/no\/utdanning-og-fransk-sprak\/skole-og-utdanningssamarbeid\/videregaende-i-frankrike\/3-arig-yrkesfag\/","name":"3-\u00e5rig yrkesfag - Institut fran\u00e7ais","isPartOf":{"@id":"https:\/\/www.france.no\/no\/#website"},"primaryImageOfPage":{"@id":"https:\/\/www.france.no\/no\/utdanning-og-fransk-sprak\/skole-og-utdanningssamarbeid\/videregaende-i-frankrike\/3-arig-yrkesfag\/#primaryimage"},"image":{"@id":"https:\/\/www.france.no\/no\/utdanning-og-fransk-sprak\/skole-og-utdanningssamarbeid\/videregaende-i-frankrike\/3-arig-yrkesfag\/#primaryimage"},"thumbnailUrl":"https:\/\/www.france.no\/wp-content\/uploads\/2023\/02\/yrkesfag-i-frankrike-1098x617.png","datePublished":"2022-03-11T18:03:20+00:00","dateModified":"2026-02-02T10:00:30+00:00","breadcrumb":{"@id":"https:\/\/www.france.no\/no\/utdanning-og-fransk-sprak\/skole-og-utdanningssamarbeid\/videregaende-i-frankrike\/3-arig-yrkesfag\/#breadcrumb"},"inLanguage":"nb-NO","potentialAction":[{"@type":"ReadAction","target":["https:\/\/www.france.no\/no\/utdanning-og-fransk-sprak\/skole-og-utdanningssamarbeid\/videregaende-i-frankrike\/3-arig-yrkesfag\/"]}]},{"@type":"ImageObject","inLanguage":"nb-NO","@id":"https:\/\/www.france.no\/no\/utdanning-og-fransk-sprak\/skole-og-utdanningssamarbeid\/videregaende-i-frankrike\/3-arig-yrkesfag\/#primaryimage","url":"https:\/\/www.france.no\/wp-content\/uploads\/2023\/02\/yrkesfag-i-frankrike-1098x617.png","contentUrl":"https:\/\/www.france.no\/wp-content\/uploads\/2023\/02\/yrkesfag-i-frankrike-1098x617.png","width":1640,"height":924},{"@type":"BreadcrumbList","@id":"https:\/\/www.france.no\/no\/utdanning-og-fransk-sprak\/skole-og-utdanningssamarbeid\/videregaende-i-frankrike\/3-arig-yrkesfag\/#breadcrumb","itemListElement":[{"@type":"ListItem","position":1,"name":"","item":"https:\/\/www.france.no\/no\/"},{"@type":"ListItem","position":2,"name":"Utdanning og fransk spr\u00e5k","item":"https:\/\/www.france.no\/no\/utdanning-og-fransk-sprak\/"},{"@type":"ListItem","position":3,"name":"Skole- og utdanningssamarbeid","item":"https:\/\/www.france.no\/no\/utdanning-og-fransk-sprak\/skole-og-utdanningssamarbeid\/"},{"@type":"ListItem","position":4,"name":"Videreg\u00e5ende i Frankrike","item":"https:\/\/www.france.no\/no\/utdanning-og-fransk-sprak\/skole-og-utdanningssamarbeid\/videregaende-i-frankrike\/"},{"@type":"ListItem","position":5,"name":"3-\u00e5rig yrkesfag"}]},{"@type":"WebSite","@id":"https:\/\/www.france.no\/no\/#website","url":"https:\/\/www.france.no\/no\/","name":"Institut fran\u00e7ais","description":"Norv\u00e8ge","publisher":{"@id":"https:\/\/www.france.no\/no\/#organization"},"potentialAction":[{"@type":"SearchAction","target":{"@type":"EntryPoint","urlTemplate":"https:\/\/www.france.no\/no\/?s={search_term_string}"},"query-input":{"@type":"PropertyValueSpecification","valueRequired":true,"valueName":"search_term_string"}}],"inLanguage":"nb-NO"},{"@type":"Organization","@id":"https:\/\/www.france.no\/no\/#organization","name":"Institut fran\u00e7ais","url":"https:\/\/www.france.no\/no\/","logo":{"@type":"ImageObject","inLanguage":"nb-NO","@id":"https:\/\/www.france.no\/no\/#\/schema\/logo\/image\/","url":"https:\/\/www.france.no\/wp-content\/uploads\/2022\/11\/IF_Logo_Sans_Bleu_RVB.png","contentUrl":"https:\/\/www.france.no\/wp-content\/uploads\/2022\/11\/IF_Logo_Sans_Bleu_RVB.png","width":852,"height":591,"caption":"Institut fran\u00e7ais"},"image":{"@id":"https:\/\/www.france.no\/no\/#\/schema\/logo\/image\/"},"sameAs":["https:\/\/www.facebook.com\/institutfrancaisoslo","https:\/\/x.com\/ifnorvege","https:\/\/instagram.com\/ifnorvege"]}]}},"_links":{"self":[{"href":"https:\/\/www.france.no\/no\/wp-json\/wp\/v2\/pages\/440","targetHints":{"allow":["GET"]}}],"collection":[{"href":"https:\/\/www.france.no\/no\/wp-json\/wp\/v2\/pages"}],"about":[{"href":"https:\/\/www.france.no\/no\/wp-json\/wp\/v2\/types\/page"}],"author":[{"embeddable":true,"href":"https:\/\/www.france.no\/no\/wp-json\/wp\/v2\/users\/1"}],"replies":[{"embeddable":true,"href":"https:\/\/www.france.no\/no\/wp-json\/wp\/v2\/comments?post=440"}],"version-history":[{"count":55,"href":"https:\/\/www.france.no\/no\/wp-json\/wp\/v2\/pages\/440\/revisions"}],"predecessor-version":[{"id":20126,"href":"https:\/\/www.france.no\/no\/wp-json\/wp\/v2\/pages\/440\/revisions\/20126"}],"up":[{"embeddable":true,"href":"https:\/\/www.france.no\/no\/wp-json\/wp\/v2\/pages\/386"}],"wp:featuredmedia":[{"embeddable":true,"href":"https:\/\/www.france.no\/no\/wp-json\/wp\/v2\/media\/3719"}],"wp:attachment":[{"href":"https:\/\/www.france.no\/no\/wp-json\/wp\/v2\/media?parent=440"}],"wp:term":[{"taxonomy":"category","embeddable":true,"href":"https:\/\/www.france.no\/no\/wp-json\/wp\/v2\/categories?post=440"}],"curies":[{"name":"wp","href":"https:\/\/api.w.org\/{rel}","templated":true}]}}