{"id":442,"date":"2022-03-11T19:04:19","date_gmt":"2022-03-11T18:04:19","guid":{"rendered":"https:\/\/www.france.no\/?page_id=442"},"modified":"2025-01-28T14:45:59","modified_gmt":"2025-01-28T13:45:59","slug":"3-arig-program","status":"publish","type":"page","link":"https:\/\/www.france.no\/no\/utdanning-og-fransk-sprak\/skole-og-utdanningssamarbeid\/videregaende-i-frankrike\/3-arig-program\/","title":{"rendered":"3-\u00e5rig program"},"content":{"rendered":"<p class=\"chapo\"><strong>Kunne du tenke deg \u00e5 ta hele videreg\u00e5ende i Frankrike og f\u00e5 generell studiekompetanse? Hvis du g\u00e5r i 10. klasse eller i Vg1, kan du s\u00f8ke p\u00e5 det 3-\u00e5rige programmet (studiespesialisering) i byene Rouen, Bayeux og Lyon.<\/strong><\/p>\n<p>Det er ikke n\u00f8dvendig \u00e5 kunne fransk p\u00e5 forh\u00e5nd, spr\u00e5ket l\u00e6rer du underveis. Tilbudet gjelder norske statsborgere i 10. klasse og i Vg1 ved skoler i Norge. Du vil bli tatt opp som ordin\u00e6r elev ved den franske skolen, men vil begynne sammen med en liten gruppe av andre norske elever.<\/p>\n<div class=\"framed\">\n<p>Dette programmet administreres av Direktoratet for h\u00f8yere utdanning og kompetanse og er lagt opp p\u00e5 en annen m\u00e5te enn de tre programmene som administreres av Institut fran\u00e7ais.<\/p>\n<p>For utfyllende informasjon og s\u00f8knadsveiledning, <a href=\"https:\/\/utdanning.no\/tema\/utdanning_i_utlandet\/lycee_videregaende_skole_i_frankrike\" target=\"_blank\" rel=\"noopener\">se her<\/a>.<\/p>\n<p><strong>S\u00f8knadsfristen er 10. mars 2025.<\/strong><\/p>\n<\/div>\n\n\n<div class=\"wp-block-media-text has-media-on-the-right is-stacked-on-mobile\" style=\"grid-template-columns:auto 40%\"><div class=\"wp-block-media-text__content\">\n<p>M\u00f8t Edvard og Andrew som skal ta tre\u00e5rig videreg\u00e5ende i hver sin by i Frankrike:<\/p>\n<\/div><figure class=\"wp-block-media-text__media\"><video controls src=\"https:\/\/www.france.no\/wp-content\/uploads\/2023\/08\/EdvardAndrew.mp4\"><\/video><\/figure><\/div>\n","protected":false},"excerpt":{"rendered":"<p>Kunne du tenke deg \u00e5 ta hele videreg\u00e5ende i Frankrike og f\u00e5 generell studiekompetanse? Hvis du g\u00e5r i 10. klasse eller i Vg1, kan du s\u00f8ke p\u00e5 det 3-\u00e5rige programmet (studiespesialisering) i byene Rouen, Bayeux og Lyon. Det er ikke n\u00f8dvendig \u00e5 kunne fransk p\u00e5 forh\u00e5nd, spr\u00e5ket l\u00e6rer du underveis. Tilbudet gjelder norske statsborgere i [&hellip;]<\/p>\n","protected":false},"author":1,"featured_media":3711,"parent":386,"menu_order":3,"comment_status":"closed","ping_status":"closed","template":"","meta":{"footnotes":""},"categories":[13],"class_list":["post-442","page","type-page","status-publish","has-post-thumbnail","hentry","category-utdanning-og-fransk-sprak"],"yoast_head":"<!-- This site is optimized with the Yoast SEO plugin v27.5 - https:\/\/yoast.com\/product\/yoast-seo-wordpress\/ -->\n<title>3-\u00e5rig program - Institut fran\u00e7ais<\/title>\n<meta name=\"robots\" content=\"index, follow, max-snippet:-1, max-image-preview:large, max-video-preview:-1\" \/>\n<link rel=\"canonical\" href=\"https:\/\/www.france.no\/no\/utdanning-og-fransk-sprak\/skole-og-utdanningssamarbeid\/videregaende-i-frankrike\/3-arig-program\/\" \/>\n<meta property=\"og:locale\" content=\"nb_NO\" \/>\n<meta property=\"og:type\" content=\"article\" \/>\n<meta property=\"og:title\" content=\"3-\u00e5rig program - Institut fran\u00e7ais\" \/>\n<meta property=\"og:description\" content=\"Kunne du tenke deg \u00e5 ta hele videreg\u00e5ende i Frankrike og f\u00e5 generell studiekompetanse? Hvis du g\u00e5r i 10. klasse eller i Vg1, kan du s\u00f8ke p\u00e5 det 3-\u00e5rige programmet (studiespesialisering) i byene Rouen, Bayeux og Lyon. Det er ikke n\u00f8dvendig \u00e5 kunne fransk p\u00e5 forh\u00e5nd, spr\u00e5ket l\u00e6rer du underveis. Tilbudet gjelder norske statsborgere i [&hellip;]\" \/>\n<meta property=\"og:url\" content=\"https:\/\/www.france.no\/no\/utdanning-og-fransk-sprak\/skole-og-utdanningssamarbeid\/videregaende-i-frankrike\/3-arig-program\/\" \/>\n<meta property=\"og:site_name\" content=\"Institut fran\u00e7ais\" \/>\n<meta property=\"article:publisher\" content=\"https:\/\/www.facebook.com\/institutfrancaisoslo\" \/>\n<meta property=\"article:modified_time\" content=\"2025-01-28T13:45:59+00:00\" \/>\n<meta property=\"og:image\" content=\"https:\/\/www.france.no\/wp-content\/uploads\/2023\/02\/elever-rouen-fb-7_size-large-1098x617.jpg\" \/>\n\t<meta property=\"og:image:width\" content=\"1200\" \/>\n\t<meta property=\"og:image:height\" content=\"675\" \/>\n\t<meta property=\"og:image:type\" content=\"image\/jpeg\" \/>\n<meta name=\"twitter:card\" content=\"summary_large_image\" \/>\n<meta name=\"twitter:site\" content=\"@ifnorvege\" \/>\n<meta name=\"twitter:label1\" content=\"Ansl. lesetid\" \/>\n\t<meta name=\"twitter:data1\" content=\"1 minutt\" \/>\n<script type=\"application\/ld+json\" class=\"yoast-schema-graph\">{\"@context\":\"https:\\\/\\\/schema.org\",\"@graph\":[{\"@type\":\"WebPage\",\"@id\":\"https:\\\/\\\/www.france.no\\\/no\\\/utdanning-og-fransk-sprak\\\/skole-og-utdanningssamarbeid\\\/videregaende-i-frankrike\\\/3-arig-program\\\/\",\"url\":\"https:\\\/\\\/www.france.no\\\/no\\\/utdanning-og-fransk-sprak\\\/skole-og-utdanningssamarbeid\\\/videregaende-i-frankrike\\\/3-arig-program\\\/\",\"name\":\"3-\u00e5rig program - Institut fran\u00e7ais\",\"isPartOf\":{\"@id\":\"https:\\\/\\\/www.france.no\\\/no\\\/#website\"},\"primaryImageOfPage\":{\"@id\":\"https:\\\/\\\/www.france.no\\\/no\\\/utdanning-og-fransk-sprak\\\/skole-og-utdanningssamarbeid\\\/videregaende-i-frankrike\\\/3-arig-program\\\/#primaryimage\"},\"image\":{\"@id\":\"https:\\\/\\\/www.france.no\\\/no\\\/utdanning-og-fransk-sprak\\\/skole-og-utdanningssamarbeid\\\/videregaende-i-frankrike\\\/3-arig-program\\\/#primaryimage\"},\"thumbnailUrl\":\"https:\\\/\\\/www.france.no\\\/wp-content\\\/uploads\\\/2023\\\/02\\\/elever-rouen-fb-7_size-large-1098x617.jpg\",\"datePublished\":\"2022-03-11T18:04:19+00:00\",\"dateModified\":\"2025-01-28T13:45:59+00:00\",\"breadcrumb\":{\"@id\":\"https:\\\/\\\/www.france.no\\\/no\\\/utdanning-og-fransk-sprak\\\/skole-og-utdanningssamarbeid\\\/videregaende-i-frankrike\\\/3-arig-program\\\/#breadcrumb\"},\"inLanguage\":\"nb-NO\",\"potentialAction\":[{\"@type\":\"ReadAction\",\"target\":[\"https:\\\/\\\/www.france.no\\\/no\\\/utdanning-og-fransk-sprak\\\/skole-og-utdanningssamarbeid\\\/videregaende-i-frankrike\\\/3-arig-program\\\/\"]}]},{\"@type\":\"ImageObject\",\"inLanguage\":\"nb-NO\",\"@id\":\"https:\\\/\\\/www.france.no\\\/no\\\/utdanning-og-fransk-sprak\\\/skole-og-utdanningssamarbeid\\\/videregaende-i-frankrike\\\/3-arig-program\\\/#primaryimage\",\"url\":\"https:\\\/\\\/www.france.no\\\/wp-content\\\/uploads\\\/2023\\\/02\\\/elever-rouen-fb-7_size-large-1098x617.jpg\",\"contentUrl\":\"https:\\\/\\\/www.france.no\\\/wp-content\\\/uploads\\\/2023\\\/02\\\/elever-rouen-fb-7_size-large-1098x617.jpg\",\"width\":1200,\"height\":675},{\"@type\":\"BreadcrumbList\",\"@id\":\"https:\\\/\\\/www.france.no\\\/no\\\/utdanning-og-fransk-sprak\\\/skole-og-utdanningssamarbeid\\\/videregaende-i-frankrike\\\/3-arig-program\\\/#breadcrumb\",\"itemListElement\":[{\"@type\":\"ListItem\",\"position\":1,\"name\":\"\",\"item\":\"https:\\\/\\\/www.france.no\\\/no\\\/\"},{\"@type\":\"ListItem\",\"position\":2,\"name\":\"Utdanning og fransk spr\u00e5k\",\"item\":\"https:\\\/\\\/www.france.no\\\/no\\\/utdanning-og-fransk-sprak\\\/\"},{\"@type\":\"ListItem\",\"position\":3,\"name\":\"Skole- og utdanningssamarbeid\",\"item\":\"https:\\\/\\\/www.france.no\\\/no\\\/utdanning-og-fransk-sprak\\\/skole-og-utdanningssamarbeid\\\/\"},{\"@type\":\"ListItem\",\"position\":4,\"name\":\"Videreg\u00e5ende i Frankrike\",\"item\":\"https:\\\/\\\/www.france.no\\\/no\\\/utdanning-og-fransk-sprak\\\/skole-og-utdanningssamarbeid\\\/videregaende-i-frankrike\\\/\"},{\"@type\":\"ListItem\",\"position\":5,\"name\":\"3-\u00e5rig program\"}]},{\"@type\":\"WebSite\",\"@id\":\"https:\\\/\\\/www.france.no\\\/no\\\/#website\",\"url\":\"https:\\\/\\\/www.france.no\\\/no\\\/\",\"name\":\"Institut fran\u00e7ais\",\"description\":\"Norv\u00e8ge\",\"publisher\":{\"@id\":\"https:\\\/\\\/www.france.no\\\/no\\\/#organization\"},\"potentialAction\":[{\"@type\":\"SearchAction\",\"target\":{\"@type\":\"EntryPoint\",\"urlTemplate\":\"https:\\\/\\\/www.france.no\\\/no\\\/?s={search_term_string}\"},\"query-input\":{\"@type\":\"PropertyValueSpecification\",\"valueRequired\":true,\"valueName\":\"search_term_string\"}}],\"inLanguage\":\"nb-NO\"},{\"@type\":\"Organization\",\"@id\":\"https:\\\/\\\/www.france.no\\\/no\\\/#organization\",\"name\":\"Institut fran\u00e7ais\",\"url\":\"https:\\\/\\\/www.france.no\\\/no\\\/\",\"logo\":{\"@type\":\"ImageObject\",\"inLanguage\":\"nb-NO\",\"@id\":\"https:\\\/\\\/www.france.no\\\/no\\\/#\\\/schema\\\/logo\\\/image\\\/\",\"url\":\"https:\\\/\\\/www.france.no\\\/wp-content\\\/uploads\\\/2022\\\/11\\\/IF_Logo_Sans_Bleu_RVB.png\",\"contentUrl\":\"https:\\\/\\\/www.france.no\\\/wp-content\\\/uploads\\\/2022\\\/11\\\/IF_Logo_Sans_Bleu_RVB.png\",\"width\":852,\"height\":591,\"caption\":\"Institut fran\u00e7ais\"},\"image\":{\"@id\":\"https:\\\/\\\/www.france.no\\\/no\\\/#\\\/schema\\\/logo\\\/image\\\/\"},\"sameAs\":[\"https:\\\/\\\/www.facebook.com\\\/institutfrancaisoslo\",\"https:\\\/\\\/x.com\\\/ifnorvege\",\"https:\\\/\\\/instagram.com\\\/ifnorvege\"]}]}<\/script>\n<!-- \/ Yoast SEO plugin. -->","yoast_head_json":{"title":"3-\u00e5rig program - Institut fran\u00e7ais","robots":{"index":"index","follow":"follow","max-snippet":"max-snippet:-1","max-image-preview":"max-image-preview:large","max-video-preview":"max-video-preview:-1"},"canonical":"https:\/\/www.france.no\/no\/utdanning-og-fransk-sprak\/skole-og-utdanningssamarbeid\/videregaende-i-frankrike\/3-arig-program\/","og_locale":"nb_NO","og_type":"article","og_title":"3-\u00e5rig program - Institut fran\u00e7ais","og_description":"Kunne du tenke deg \u00e5 ta hele videreg\u00e5ende i Frankrike og f\u00e5 generell studiekompetanse? Hvis du g\u00e5r i 10. klasse eller i Vg1, kan du s\u00f8ke p\u00e5 det 3-\u00e5rige programmet (studiespesialisering) i byene Rouen, Bayeux og Lyon. Det er ikke n\u00f8dvendig \u00e5 kunne fransk p\u00e5 forh\u00e5nd, spr\u00e5ket l\u00e6rer du underveis. Tilbudet gjelder norske statsborgere i [&hellip;]","og_url":"https:\/\/www.france.no\/no\/utdanning-og-fransk-sprak\/skole-og-utdanningssamarbeid\/videregaende-i-frankrike\/3-arig-program\/","og_site_name":"Institut fran\u00e7ais","article_publisher":"https:\/\/www.facebook.com\/institutfrancaisoslo","article_modified_time":"2025-01-28T13:45:59+00:00","og_image":[{"width":1200,"height":675,"url":"https:\/\/www.france.no\/wp-content\/uploads\/2023\/02\/elever-rouen-fb-7_size-large-1098x617.jpg","type":"image\/jpeg"}],"twitter_card":"summary_large_image","twitter_site":"@ifnorvege","twitter_misc":{"Ansl. lesetid":"1 minutt"},"schema":{"@context":"https:\/\/schema.org","@graph":[{"@type":"WebPage","@id":"https:\/\/www.france.no\/no\/utdanning-og-fransk-sprak\/skole-og-utdanningssamarbeid\/videregaende-i-frankrike\/3-arig-program\/","url":"https:\/\/www.france.no\/no\/utdanning-og-fransk-sprak\/skole-og-utdanningssamarbeid\/videregaende-i-frankrike\/3-arig-program\/","name":"3-\u00e5rig program - Institut fran\u00e7ais","isPartOf":{"@id":"https:\/\/www.france.no\/no\/#website"},"primaryImageOfPage":{"@id":"https:\/\/www.france.no\/no\/utdanning-og-fransk-sprak\/skole-og-utdanningssamarbeid\/videregaende-i-frankrike\/3-arig-program\/#primaryimage"},"image":{"@id":"https:\/\/www.france.no\/no\/utdanning-og-fransk-sprak\/skole-og-utdanningssamarbeid\/videregaende-i-frankrike\/3-arig-program\/#primaryimage"},"thumbnailUrl":"https:\/\/www.france.no\/wp-content\/uploads\/2023\/02\/elever-rouen-fb-7_size-large-1098x617.jpg","datePublished":"2022-03-11T18:04:19+00:00","dateModified":"2025-01-28T13:45:59+00:00","breadcrumb":{"@id":"https:\/\/www.france.no\/no\/utdanning-og-fransk-sprak\/skole-og-utdanningssamarbeid\/videregaende-i-frankrike\/3-arig-program\/#breadcrumb"},"inLanguage":"nb-NO","potentialAction":[{"@type":"ReadAction","target":["https:\/\/www.france.no\/no\/utdanning-og-fransk-sprak\/skole-og-utdanningssamarbeid\/videregaende-i-frankrike\/3-arig-program\/"]}]},{"@type":"ImageObject","inLanguage":"nb-NO","@id":"https:\/\/www.france.no\/no\/utdanning-og-fransk-sprak\/skole-og-utdanningssamarbeid\/videregaende-i-frankrike\/3-arig-program\/#primaryimage","url":"https:\/\/www.france.no\/wp-content\/uploads\/2023\/02\/elever-rouen-fb-7_size-large-1098x617.jpg","contentUrl":"https:\/\/www.france.no\/wp-content\/uploads\/2023\/02\/elever-rouen-fb-7_size-large-1098x617.jpg","width":1200,"height":675},{"@type":"BreadcrumbList","@id":"https:\/\/www.france.no\/no\/utdanning-og-fransk-sprak\/skole-og-utdanningssamarbeid\/videregaende-i-frankrike\/3-arig-program\/#breadcrumb","itemListElement":[{"@type":"ListItem","position":1,"name":"","item":"https:\/\/www.france.no\/no\/"},{"@type":"ListItem","position":2,"name":"Utdanning og fransk spr\u00e5k","item":"https:\/\/www.france.no\/no\/utdanning-og-fransk-sprak\/"},{"@type":"ListItem","position":3,"name":"Skole- og utdanningssamarbeid","item":"https:\/\/www.france.no\/no\/utdanning-og-fransk-sprak\/skole-og-utdanningssamarbeid\/"},{"@type":"ListItem","position":4,"name":"Videreg\u00e5ende i Frankrike","item":"https:\/\/www.france.no\/no\/utdanning-og-fransk-sprak\/skole-og-utdanningssamarbeid\/videregaende-i-frankrike\/"},{"@type":"ListItem","position":5,"name":"3-\u00e5rig program"}]},{"@type":"WebSite","@id":"https:\/\/www.france.no\/no\/#website","url":"https:\/\/www.france.no\/no\/","name":"Institut fran\u00e7ais","description":"Norv\u00e8ge","publisher":{"@id":"https:\/\/www.france.no\/no\/#organization"},"potentialAction":[{"@type":"SearchAction","target":{"@type":"EntryPoint","urlTemplate":"https:\/\/www.france.no\/no\/?s={search_term_string}"},"query-input":{"@type":"PropertyValueSpecification","valueRequired":true,"valueName":"search_term_string"}}],"inLanguage":"nb-NO"},{"@type":"Organization","@id":"https:\/\/www.france.no\/no\/#organization","name":"Institut fran\u00e7ais","url":"https:\/\/www.france.no\/no\/","logo":{"@type":"ImageObject","inLanguage":"nb-NO","@id":"https:\/\/www.france.no\/no\/#\/schema\/logo\/image\/","url":"https:\/\/www.france.no\/wp-content\/uploads\/2022\/11\/IF_Logo_Sans_Bleu_RVB.png","contentUrl":"https:\/\/www.france.no\/wp-content\/uploads\/2022\/11\/IF_Logo_Sans_Bleu_RVB.png","width":852,"height":591,"caption":"Institut fran\u00e7ais"},"image":{"@id":"https:\/\/www.france.no\/no\/#\/schema\/logo\/image\/"},"sameAs":["https:\/\/www.facebook.com\/institutfrancaisoslo","https:\/\/x.com\/ifnorvege","https:\/\/instagram.com\/ifnorvege"]}]}},"_links":{"self":[{"href":"https:\/\/www.france.no\/no\/wp-json\/wp\/v2\/pages\/442","targetHints":{"allow":["GET"]}}],"collection":[{"href":"https:\/\/www.france.no\/no\/wp-json\/wp\/v2\/pages"}],"about":[{"href":"https:\/\/www.france.no\/no\/wp-json\/wp\/v2\/types\/page"}],"author":[{"embeddable":true,"href":"https:\/\/www.france.no\/no\/wp-json\/wp\/v2\/users\/1"}],"replies":[{"embeddable":true,"href":"https:\/\/www.france.no\/no\/wp-json\/wp\/v2\/comments?post=442"}],"version-history":[{"count":14,"href":"https:\/\/www.france.no\/no\/wp-json\/wp\/v2\/pages\/442\/revisions"}],"predecessor-version":[{"id":11317,"href":"https:\/\/www.france.no\/no\/wp-json\/wp\/v2\/pages\/442\/revisions\/11317"}],"up":[{"embeddable":true,"href":"https:\/\/www.france.no\/no\/wp-json\/wp\/v2\/pages\/386"}],"wp:featuredmedia":[{"embeddable":true,"href":"https:\/\/www.france.no\/no\/wp-json\/wp\/v2\/media\/3711"}],"wp:attachment":[{"href":"https:\/\/www.france.no\/no\/wp-json\/wp\/v2\/media?parent=442"}],"wp:term":[{"taxonomy":"category","embeddable":true,"href":"https:\/\/www.france.no\/no\/wp-json\/wp\/v2\/categories?post=442"}],"curies":[{"name":"wp","href":"https:\/\/api.w.org\/{rel}","templated":true}]}}