{"id":444,"date":"2022-03-11T19:05:45","date_gmt":"2022-03-11T18:05:45","guid":{"rendered":"https:\/\/www.france.no\/?page_id=444"},"modified":"2026-02-10T10:25:50","modified_gmt":"2026-02-10T09:25:50","slug":"assistenter-fransk","status":"publish","type":"page","link":"https:\/\/www.france.no\/no\/utdanning-og-fransk-sprak\/skole-og-utdanningssamarbeid\/sprakassistent-i-fransk-eller-norsk\/assistenter-fransk\/","title":{"rendered":"Spr\u00e5kassistenter i fransk"},"content":{"rendered":"\n<p><strong>Vous \u00eates \u00e9tudiant.e en Master FLE en 2025-2026 et vous souhaitez mettre en \u0153uvre vos comp\u00e9tences professionnelles tout en d\u00e9couvrant un pays magnifique ?<\/strong><br><strong>Candidatez \u00e0 l\u2019un des postes d\u2019assistant.e.s de l\u2019Institut fran\u00e7ais de Norv\u00e8ge !<\/strong><\/p>\n\n\n\n<p>Accompagn\u00e9.e et encadr\u00e9.e par un tuteur ou une tutrice, vous intervenez 12 heures par semaine aupr\u00e8s de coll\u00e9giens ou lyc\u00e9ens. Pour compl\u00e9ter votre emploi du temps, vous pouvez \u00e9galement intervenir dans des coll\u00e8ges et des lyc\u00e9es partenaires.<\/p>\n\n\n\n<p>Le r\u00f4le de l\u2019assistant est d\u2019am\u00e9liorer les comp\u00e9tences en communication des \u00e9l\u00e8ves (notamment \u00e0 l\u2019oral) et d\u2019approfondir leur connaissance de la culture fran\u00e7aise.<br><br>Il\/elle propose des supports modernes et des activit\u00e9s ludiques afin de moderniser et dynamiser l\u2019apprentissage du fran\u00e7ais dans l\u2019\u00e9tablissement.<br><br>Il travaille en appui, en secondant les professeurs de fran\u00e7ais, et peut intervenir en classe enti\u00e8re en leur pr\u00e9sence ou prendre de petits groupes d\u2019\u00e9l\u00e8ves \u00e0 part.<\/p>\n\n\n\n<h6 class=\"wp-block-heading\"><strong>CONTEXTE<\/strong><\/h6>\n\n\n\n<p>L\u2019anglais n\u2019\u00e9tant pas consid\u00e9r\u00e9 comme une langue \u00e9trang\u00e8re (LE), le fran\u00e7ais est la troisi\u00e8me LE choisie par les lyc\u00e9ens norv\u00e9giens apr\u00e8s l\u2019espagnol et l\u2019allemand. Parmi ces \u00e9l\u00e8ves, les filles sont tr\u00e8s majoritaires. Le fran\u00e7ais a la r\u00e9putation d\u2019\u00eatre une \u00ab belle \u00bb langue mais \u00e9galement d\u2019\u00eatre difficile.<\/p>\n\n\n\n<p>Dans les \u00e9tablissements scolaires norv\u00e9giens, les relations interpersonnelles entre l\u2019\u00e9quipe d\u2019encadrement, l\u2019\u00e9quipe p\u00e9dagogique et les \u00e9l\u00e8ves sont marqu\u00e9es par la bienveillance et l\u2019\u00e9coute. L\u2019\u00e9valuation est formative et positive, ce qui, dans un premier temps, peut d\u00e9stabiliser un.e \u00e9tudiant.e venant d\u2019une culture \u00e9ducative diff\u00e9rente.<br>La qualit\u00e9 de vie nordique fait de cette formation une exp\u00e9rience tr\u00e8s appr\u00e9ci\u00e9e des assistant.e.s qui, souvent, choisissent de poursuivre l\u2019aventure en s\u2019installant en Norv\u00e8ge.<\/p>\n\n\n\n<h6 class=\"wp-block-heading\"><strong>PROFIL<\/strong><\/h6>\n\n\n\n<p>Vous devez montrer des capacit\u00e9s \u00e0:<\/p>\n\n\n\n<ul class=\"wp-block-list\">\n<li>animer des s\u00e9ances p\u00e9dagogiques ludiques et dynamiques pour des sous-groupes ou classe enti\u00e8re en suivant les consignes du tuteur ou de la tutrice,<\/li>\n\n\n\n<li>rendre compte de vos activit\u00e9s p\u00e9dagogiques \u00e0 son tuteur\/ sa tutrice,<\/li>\n\n\n\n<li>contribuer \u00e0 la vie de l\u2019\u00e9tablissement et participer \u00e0 des r\u00e9unions,<\/li>\n\n\n\n<li>animer des activit\u00e9s p\u00e9ri-scolaires,<\/li>\n\n\n\n<li>concevoir des activit\u00e9s de promotion du fran\u00e7ais et promouvoir le fran\u00e7ais dans votre \u00e9tablissement,<\/li>\n<\/ul>\n\n\n\n<p>Vous devez montrer des aptitudes suivantes:<\/p>\n\n\n\n<ul class=\"wp-block-list\">\n<li>professionnalisme,<\/li>\n\n\n\n<li>dynamisme,<\/li>\n\n\n\n<li>cr\u00e9ativit\u00e9<\/li>\n\n\n\n<li>ouverture \u00e0 l\u2019alt\u00e9rit\u00e9.<\/li>\n<\/ul>\n\n\n\n<h6 class=\"wp-block-heading\"><strong>CONDITIONS<\/strong><\/h6>\n\n\n\n<p><em>Bourse:<\/em>&nbsp;Une bourse mensuelle de 16 000 NOK (couronnes norv\u00e9giennes) vous est vers\u00e9e par HK-dir, le partenaire norv\u00e9gien du programme. Cette bourse vous permet de couvrir vos frais.<\/p>\n\n\n\n<p>Le&nbsp;<em>logement&nbsp;<\/em>est \u00e0 la charge des assistants.<\/p>\n\n\n\n<p><em>Voyage<\/em>: Forfait allou\u00e9 par l\u2019Institut fran\u00e7ais de Norv\u00e8ge.<\/p>\n\n\n\n<h6 class=\"wp-block-heading\"><strong>CALENDRIER<\/strong><\/h6>\n\n\n\n<ul class=\"wp-block-list\">\n<li><em>15 avril<\/em>: date limite de candidature aupr\u00e8s de l\u2019Institut fran\u00e7ais de Norv\u00e8ge.<\/li>\n\n\n\n<li><em>18-30 avril<\/em>&nbsp;\u2013 entretiens \u00e0 distance&nbsp;pour les candidat.e.s retenu.e.s.<\/li>\n\n\n\n<li><em>Juin&nbsp;<\/em>: signature de votre convention avec l\u2019Institut fran\u00e7ais de Norv\u00e8ge et de votre contrat avec le partenaire norv\u00e9gien HK-dir, en charge de votre r\u00e9mun\u00e9ration.<\/li>\n\n\n\n<li><em>1er septembre&nbsp;<\/em>: d\u00e9but de votre mission en Norv\u00e8ge.<\/li>\n\n\n\n<li><em>Fin septembre \u2013 d\u00e9but octobre&nbsp;<\/em>: journ\u00e9e de travail \u00e0 l\u2019Institut fran\u00e7ais de Norv\u00e8ge.<\/li>\n\n\n\n<li><em>Mars&nbsp;<\/em>: animation sur le th\u00e8me de la Francophonie.<\/li>\n\n\n\n<li><em>31 mai&nbsp;<\/em>: fin de votre mission en Norv\u00e8ge.<\/li>\n<\/ul>\n\n\n\n<h6 class=\"wp-block-heading\"><strong>LES CRIT\u00c8RES D\u2019\u00c9LIGIBILIT\u00c9&nbsp;&nbsp;<\/strong><\/h6>\n\n\n\n<ul class=\"wp-block-list\">\n<li>\u00eatre de nationalit\u00e9 fran\u00e7aise,<\/li>\n\n\n\n<li>avoir entre 20 et 30 ans,<\/li>\n\n\n\n<li>Vous devez \u00eatre \u00e9tudiant.e en Master 2 de FLE. Les candidatures d\u2019\u00e9tudiant.e.s en Master 1 de FLE seront examin\u00e9es mais ne seront pas prioritaires.<\/li>\n\n\n\n<li>Langue: la connaissance pr\u00e9alable du norv\u00e9gien n\u2019est pas n\u00e9cessaire mais un niveau B2 en anglais est indispensable.<\/li>\n<\/ul>\n\n\n\n<h6 class=\"wp-block-heading\"><strong>&nbsp;<\/strong><strong>CANDIDATURE&nbsp;<\/strong><\/h6>\n\n\n\n<p>Merci d\u2019envoyer votre lettre de motivation et CV <strong>avant le 15 avril 2026 <\/strong>dernier d\u00e9lai \u00e0&nbsp;<a href=\"mailto:cbuczkowski@france.no\" target=\"_blank\" rel=\"noreferrer noopener\">Corentin Buczkowski.<\/a><\/p>\n\n\n\n<p><\/p>\n","protected":false},"excerpt":{"rendered":"<p>Vous \u00eates \u00e9tudiant.e en Master FLE en 2025-2026 et vous souhaitez mettre en \u0153uvre vos comp\u00e9tences professionnelles tout en d\u00e9couvrant un pays magnifique ?Candidatez \u00e0 l\u2019un des postes d\u2019assistant.e.s de l\u2019Institut fran\u00e7ais de Norv\u00e8ge ! Accompagn\u00e9.e et encadr\u00e9.e par un tuteur ou une tutrice, vous intervenez 12 heures par semaine aupr\u00e8s de coll\u00e9giens ou lyc\u00e9ens. [&hellip;]<\/p>\n","protected":false},"author":1,"featured_media":0,"parent":293,"menu_order":0,"comment_status":"closed","ping_status":"closed","template":"","meta":{"footnotes":""},"categories":[13],"class_list":["post-444","page","type-page","status-publish","hentry","category-utdanning-og-fransk-sprak","no-media"],"yoast_head":"<!-- This site is optimized with the Yoast SEO plugin v27.6 - https:\/\/yoast.com\/product\/yoast-seo-wordpress\/ -->\n<title>Spr\u00e5kassistenter i fransk - Institut fran\u00e7ais<\/title>\n<meta name=\"robots\" content=\"index, follow, max-snippet:-1, max-image-preview:large, max-video-preview:-1\" \/>\n<link rel=\"canonical\" href=\"https:\/\/www.france.no\/no\/utdanning-og-fransk-sprak\/skole-og-utdanningssamarbeid\/sprakassistent-i-fransk-eller-norsk\/assistenter-fransk\/\" \/>\n<meta property=\"og:locale\" content=\"nb_NO\" \/>\n<meta property=\"og:type\" content=\"article\" \/>\n<meta property=\"og:title\" content=\"Spr\u00e5kassistenter i fransk - Institut fran\u00e7ais\" \/>\n<meta property=\"og:description\" content=\"Vous \u00eates \u00e9tudiant.e en Master FLE en 2025-2026 et vous souhaitez mettre en \u0153uvre vos comp\u00e9tences professionnelles tout en d\u00e9couvrant un pays magnifique ?Candidatez \u00e0 l\u2019un des postes d\u2019assistant.e.s de l\u2019Institut fran\u00e7ais de Norv\u00e8ge ! Accompagn\u00e9.e et encadr\u00e9.e par un tuteur ou une tutrice, vous intervenez 12 heures par semaine aupr\u00e8s de coll\u00e9giens ou lyc\u00e9ens. [&hellip;]\" \/>\n<meta property=\"og:url\" content=\"https:\/\/www.france.no\/no\/utdanning-og-fransk-sprak\/skole-og-utdanningssamarbeid\/sprakassistent-i-fransk-eller-norsk\/assistenter-fransk\/\" \/>\n<meta property=\"og:site_name\" content=\"Institut fran\u00e7ais\" \/>\n<meta property=\"article:publisher\" content=\"https:\/\/www.facebook.com\/institutfrancaisoslo\" \/>\n<meta property=\"article:modified_time\" content=\"2026-02-10T09:25:50+00:00\" \/>\n<meta property=\"og:image\" content=\"https:\/\/www.france.no\/wp-content\/uploads\/2022\/01\/IFN-logo.png\" \/>\n\t<meta property=\"og:image:width\" content=\"946\" \/>\n\t<meta property=\"og:image:height\" content=\"546\" \/>\n\t<meta property=\"og:image:type\" content=\"image\/png\" \/>\n<meta name=\"twitter:card\" content=\"summary_large_image\" \/>\n<meta name=\"twitter:site\" content=\"@ifnorvege\" \/>\n<meta name=\"twitter:label1\" content=\"Ansl. lesetid\" \/>\n\t<meta name=\"twitter:data1\" content=\"3 minutter\" \/>\n<script type=\"application\/ld+json\" class=\"yoast-schema-graph\">{\"@context\":\"https:\\\/\\\/schema.org\",\"@graph\":[{\"@type\":\"WebPage\",\"@id\":\"https:\\\/\\\/www.france.no\\\/no\\\/utdanning-og-fransk-sprak\\\/skole-og-utdanningssamarbeid\\\/sprakassistent-i-fransk-eller-norsk\\\/assistenter-fransk\\\/\",\"url\":\"https:\\\/\\\/www.france.no\\\/no\\\/utdanning-og-fransk-sprak\\\/skole-og-utdanningssamarbeid\\\/sprakassistent-i-fransk-eller-norsk\\\/assistenter-fransk\\\/\",\"name\":\"Spr\u00e5kassistenter i fransk - Institut fran\u00e7ais\",\"isPartOf\":{\"@id\":\"https:\\\/\\\/www.france.no\\\/no\\\/#website\"},\"datePublished\":\"2022-03-11T18:05:45+00:00\",\"dateModified\":\"2026-02-10T09:25:50+00:00\",\"breadcrumb\":{\"@id\":\"https:\\\/\\\/www.france.no\\\/no\\\/utdanning-og-fransk-sprak\\\/skole-og-utdanningssamarbeid\\\/sprakassistent-i-fransk-eller-norsk\\\/assistenter-fransk\\\/#breadcrumb\"},\"inLanguage\":\"nb-NO\",\"potentialAction\":[{\"@type\":\"ReadAction\",\"target\":[\"https:\\\/\\\/www.france.no\\\/no\\\/utdanning-og-fransk-sprak\\\/skole-og-utdanningssamarbeid\\\/sprakassistent-i-fransk-eller-norsk\\\/assistenter-fransk\\\/\"]}]},{\"@type\":\"BreadcrumbList\",\"@id\":\"https:\\\/\\\/www.france.no\\\/no\\\/utdanning-og-fransk-sprak\\\/skole-og-utdanningssamarbeid\\\/sprakassistent-i-fransk-eller-norsk\\\/assistenter-fransk\\\/#breadcrumb\",\"itemListElement\":[{\"@type\":\"ListItem\",\"position\":1,\"name\":\"\",\"item\":\"https:\\\/\\\/www.france.no\\\/no\\\/\"},{\"@type\":\"ListItem\",\"position\":2,\"name\":\"Utdanning og fransk spr\u00e5k\",\"item\":\"https:\\\/\\\/www.france.no\\\/no\\\/utdanning-og-fransk-sprak\\\/\"},{\"@type\":\"ListItem\",\"position\":3,\"name\":\"Skole- og utdanningssamarbeid\",\"item\":\"https:\\\/\\\/www.france.no\\\/no\\\/utdanning-og-fransk-sprak\\\/skole-og-utdanningssamarbeid\\\/\"},{\"@type\":\"ListItem\",\"position\":4,\"name\":\"Spr\u00e5kassistent i fransk eller norsk\",\"item\":\"https:\\\/\\\/www.france.no\\\/no\\\/utdanning-og-fransk-sprak\\\/skole-og-utdanningssamarbeid\\\/sprakassistent-i-fransk-eller-norsk\\\/\"},{\"@type\":\"ListItem\",\"position\":5,\"name\":\"Spr\u00e5kassistenter i fransk\"}]},{\"@type\":\"WebSite\",\"@id\":\"https:\\\/\\\/www.france.no\\\/no\\\/#website\",\"url\":\"https:\\\/\\\/www.france.no\\\/no\\\/\",\"name\":\"Institut fran\u00e7ais\",\"description\":\"Norv\u00e8ge\",\"publisher\":{\"@id\":\"https:\\\/\\\/www.france.no\\\/no\\\/#organization\"},\"potentialAction\":[{\"@type\":\"SearchAction\",\"target\":{\"@type\":\"EntryPoint\",\"urlTemplate\":\"https:\\\/\\\/www.france.no\\\/no\\\/?s={search_term_string}\"},\"query-input\":{\"@type\":\"PropertyValueSpecification\",\"valueRequired\":true,\"valueName\":\"search_term_string\"}}],\"inLanguage\":\"nb-NO\"},{\"@type\":\"Organization\",\"@id\":\"https:\\\/\\\/www.france.no\\\/no\\\/#organization\",\"name\":\"Institut fran\u00e7ais\",\"url\":\"https:\\\/\\\/www.france.no\\\/no\\\/\",\"logo\":{\"@type\":\"ImageObject\",\"inLanguage\":\"nb-NO\",\"@id\":\"https:\\\/\\\/www.france.no\\\/no\\\/#\\\/schema\\\/logo\\\/image\\\/\",\"url\":\"https:\\\/\\\/www.france.no\\\/wp-content\\\/uploads\\\/2022\\\/11\\\/IF_Logo_Sans_Bleu_RVB.png\",\"contentUrl\":\"https:\\\/\\\/www.france.no\\\/wp-content\\\/uploads\\\/2022\\\/11\\\/IF_Logo_Sans_Bleu_RVB.png\",\"width\":852,\"height\":591,\"caption\":\"Institut fran\u00e7ais\"},\"image\":{\"@id\":\"https:\\\/\\\/www.france.no\\\/no\\\/#\\\/schema\\\/logo\\\/image\\\/\"},\"sameAs\":[\"https:\\\/\\\/www.facebook.com\\\/institutfrancaisoslo\",\"https:\\\/\\\/x.com\\\/ifnorvege\",\"https:\\\/\\\/instagram.com\\\/ifnorvege\"]}]}<\/script>\n<!-- \/ Yoast SEO plugin. -->","yoast_head_json":{"title":"Spr\u00e5kassistenter i fransk - Institut fran\u00e7ais","robots":{"index":"index","follow":"follow","max-snippet":"max-snippet:-1","max-image-preview":"max-image-preview:large","max-video-preview":"max-video-preview:-1"},"canonical":"https:\/\/www.france.no\/no\/utdanning-og-fransk-sprak\/skole-og-utdanningssamarbeid\/sprakassistent-i-fransk-eller-norsk\/assistenter-fransk\/","og_locale":"nb_NO","og_type":"article","og_title":"Spr\u00e5kassistenter i fransk - Institut fran\u00e7ais","og_description":"Vous \u00eates \u00e9tudiant.e en Master FLE en 2025-2026 et vous souhaitez mettre en \u0153uvre vos comp\u00e9tences professionnelles tout en d\u00e9couvrant un pays magnifique ?Candidatez \u00e0 l\u2019un des postes d\u2019assistant.e.s de l\u2019Institut fran\u00e7ais de Norv\u00e8ge ! Accompagn\u00e9.e et encadr\u00e9.e par un tuteur ou une tutrice, vous intervenez 12 heures par semaine aupr\u00e8s de coll\u00e9giens ou lyc\u00e9ens. [&hellip;]","og_url":"https:\/\/www.france.no\/no\/utdanning-og-fransk-sprak\/skole-og-utdanningssamarbeid\/sprakassistent-i-fransk-eller-norsk\/assistenter-fransk\/","og_site_name":"Institut fran\u00e7ais","article_publisher":"https:\/\/www.facebook.com\/institutfrancaisoslo","article_modified_time":"2026-02-10T09:25:50+00:00","og_image":[{"width":946,"height":546,"url":"https:\/\/www.france.no\/wp-content\/uploads\/2022\/01\/IFN-logo.png","type":"image\/png"}],"twitter_card":"summary_large_image","twitter_site":"@ifnorvege","twitter_misc":{"Ansl. lesetid":"3 minutter"},"schema":{"@context":"https:\/\/schema.org","@graph":[{"@type":"WebPage","@id":"https:\/\/www.france.no\/no\/utdanning-og-fransk-sprak\/skole-og-utdanningssamarbeid\/sprakassistent-i-fransk-eller-norsk\/assistenter-fransk\/","url":"https:\/\/www.france.no\/no\/utdanning-og-fransk-sprak\/skole-og-utdanningssamarbeid\/sprakassistent-i-fransk-eller-norsk\/assistenter-fransk\/","name":"Spr\u00e5kassistenter i fransk - Institut fran\u00e7ais","isPartOf":{"@id":"https:\/\/www.france.no\/no\/#website"},"datePublished":"2022-03-11T18:05:45+00:00","dateModified":"2026-02-10T09:25:50+00:00","breadcrumb":{"@id":"https:\/\/www.france.no\/no\/utdanning-og-fransk-sprak\/skole-og-utdanningssamarbeid\/sprakassistent-i-fransk-eller-norsk\/assistenter-fransk\/#breadcrumb"},"inLanguage":"nb-NO","potentialAction":[{"@type":"ReadAction","target":["https:\/\/www.france.no\/no\/utdanning-og-fransk-sprak\/skole-og-utdanningssamarbeid\/sprakassistent-i-fransk-eller-norsk\/assistenter-fransk\/"]}]},{"@type":"BreadcrumbList","@id":"https:\/\/www.france.no\/no\/utdanning-og-fransk-sprak\/skole-og-utdanningssamarbeid\/sprakassistent-i-fransk-eller-norsk\/assistenter-fransk\/#breadcrumb","itemListElement":[{"@type":"ListItem","position":1,"name":"","item":"https:\/\/www.france.no\/no\/"},{"@type":"ListItem","position":2,"name":"Utdanning og fransk spr\u00e5k","item":"https:\/\/www.france.no\/no\/utdanning-og-fransk-sprak\/"},{"@type":"ListItem","position":3,"name":"Skole- og utdanningssamarbeid","item":"https:\/\/www.france.no\/no\/utdanning-og-fransk-sprak\/skole-og-utdanningssamarbeid\/"},{"@type":"ListItem","position":4,"name":"Spr\u00e5kassistent i fransk eller norsk","item":"https:\/\/www.france.no\/no\/utdanning-og-fransk-sprak\/skole-og-utdanningssamarbeid\/sprakassistent-i-fransk-eller-norsk\/"},{"@type":"ListItem","position":5,"name":"Spr\u00e5kassistenter i fransk"}]},{"@type":"WebSite","@id":"https:\/\/www.france.no\/no\/#website","url":"https:\/\/www.france.no\/no\/","name":"Institut fran\u00e7ais","description":"Norv\u00e8ge","publisher":{"@id":"https:\/\/www.france.no\/no\/#organization"},"potentialAction":[{"@type":"SearchAction","target":{"@type":"EntryPoint","urlTemplate":"https:\/\/www.france.no\/no\/?s={search_term_string}"},"query-input":{"@type":"PropertyValueSpecification","valueRequired":true,"valueName":"search_term_string"}}],"inLanguage":"nb-NO"},{"@type":"Organization","@id":"https:\/\/www.france.no\/no\/#organization","name":"Institut fran\u00e7ais","url":"https:\/\/www.france.no\/no\/","logo":{"@type":"ImageObject","inLanguage":"nb-NO","@id":"https:\/\/www.france.no\/no\/#\/schema\/logo\/image\/","url":"https:\/\/www.france.no\/wp-content\/uploads\/2022\/11\/IF_Logo_Sans_Bleu_RVB.png","contentUrl":"https:\/\/www.france.no\/wp-content\/uploads\/2022\/11\/IF_Logo_Sans_Bleu_RVB.png","width":852,"height":591,"caption":"Institut fran\u00e7ais"},"image":{"@id":"https:\/\/www.france.no\/no\/#\/schema\/logo\/image\/"},"sameAs":["https:\/\/www.facebook.com\/institutfrancaisoslo","https:\/\/x.com\/ifnorvege","https:\/\/instagram.com\/ifnorvege"]}]}},"_links":{"self":[{"href":"https:\/\/www.france.no\/no\/wp-json\/wp\/v2\/pages\/444","targetHints":{"allow":["GET"]}}],"collection":[{"href":"https:\/\/www.france.no\/no\/wp-json\/wp\/v2\/pages"}],"about":[{"href":"https:\/\/www.france.no\/no\/wp-json\/wp\/v2\/types\/page"}],"author":[{"embeddable":true,"href":"https:\/\/www.france.no\/no\/wp-json\/wp\/v2\/users\/1"}],"replies":[{"embeddable":true,"href":"https:\/\/www.france.no\/no\/wp-json\/wp\/v2\/comments?post=444"}],"version-history":[{"count":14,"href":"https:\/\/www.france.no\/no\/wp-json\/wp\/v2\/pages\/444\/revisions"}],"predecessor-version":[{"id":20504,"href":"https:\/\/www.france.no\/no\/wp-json\/wp\/v2\/pages\/444\/revisions\/20504"}],"up":[{"embeddable":true,"href":"https:\/\/www.france.no\/no\/wp-json\/wp\/v2\/pages\/293"}],"wp:attachment":[{"href":"https:\/\/www.france.no\/no\/wp-json\/wp\/v2\/media?parent=444"}],"wp:term":[{"taxonomy":"category","embeddable":true,"href":"https:\/\/www.france.no\/no\/wp-json\/wp\/v2\/categories?post=444"}],"curies":[{"name":"wp","href":"https:\/\/api.w.org\/{rel}","templated":true}]}}