{"id":446,"date":"2023-03-01T15:53:59","date_gmt":"2023-03-01T14:53:59","guid":{"rendered":"https:\/\/www.france.no\/?page_id=446"},"modified":"2026-04-07T15:50:49","modified_gmt":"2026-04-07T13:50:49","slug":"assistent-norsk","status":"publish","type":"page","link":"https:\/\/www.france.no\/no\/utdanning-og-fransk-sprak\/skole-og-utdanningssamarbeid\/sprakassistent-i-fransk-eller-norsk\/assistent-norsk\/","title":{"rendered":"Assistent \u2013 norsk"},"content":{"rendered":"<p><strong>Er du student og tiltrukket av Frankrike? \u00d8nsker du \u00e5 berike kompetansene dine innenfor pedagogikk og lingvistikk?<\/strong><\/p>\n<p>Bli norskassistent i Frankrike!<\/p>\n<p><strong><a href=\"https:\/\/www.youtube.com\/watch?v=cKA4YqFDUw0&amp;list=PLk3xLp7mAf6g2m2Cm9tcLzYUWrSHG1ecB&amp;index=1\" target=\"_blank\" rel=\"noopener\">\u00c5 v\u00e6re spr\u00e5kassistent i Frankrike<\/a><\/strong><\/p>\n<p><strong><iframe loading=\"lazy\" src=\"https:\/\/www.youtube.com\/embed\/cKA4YqFDUw0?list=PLk3xLp7mAf6g2m2Cm9tcLzYUWrSHG1ecB&amp;index=2\" width=\"560\" height=\"314\" allowfullscreen=\"allowfullscreen\" data-mce-fragment=\"1\"><\/iframe><\/strong><\/p>\n<p><strong>Flere uttalelser og praktisk informasjon p\u00e5\u00a0<a href=\"https:\/\/www.france-education-international.fr\/venir-en-france\/devenir-assistant-de-langue-en-france\" target=\"_blank\" rel=\"noopener\">nettsiden til FEI<\/a>\u00a0<\/strong><\/p>\n<h6><strong>Hva annet er viktig \u00e5 vite?<\/strong><\/h6>\n<ul>\n<li>Kontrakten varer 7 m\u00e5neder (1. oktober til 30. april).<\/li>\n<\/ul>\n<p><em>I tillegg til denne kontrakten, vil assistenten jobbe en ekstra m\u00e5ned (i september) som er l\u00f8nnet av HK-dir. V\u00e6r oppmerksom p\u00e5 at du kan bli spurt om \u00e5 bli med p\u00e5 skoleturer i l\u00f8pet av ferien som du vil motta kompensasjon fra HK-dir for.<\/em><\/p>\n<ul>\n<li>Du vil jobbe rundt 12 timer i uken.<\/li>\n<li>Du mottar <strong>800\u00a0euro<\/strong>\u00a0i m\u00e5neden.<\/li>\n<li>Du f\u00e5r ferie samtidig som elevene og kollegene p\u00e5 den franske skolen du jobber ved<\/li>\n<li>Du m\u00e5 s\u00f8ke f\u00f8r<strong> 30 april 2026<\/strong>.<\/li>\n<\/ul>\n<h6><strong>Hva er s\u00f8knadskriteriene?<\/strong><\/h6>\n<ul>\n<li>Ha norsk som morsm\u00e5l og snakke spr\u00e5ket flytende<\/li>\n<li>Ha g\u00e5tt p\u00e5 skole og h\u00f8yere utdanning i Norge<\/li>\n<li>V\u00e6re mellom 20 og 30 \u00e5r<\/li>\n<li>V\u00e6re student p\u00e5 et norsk universitet n\u00e5r du sender inn s\u00f8knaden, eller nettopp ha avsluttet studiene dine der<\/li>\n<li>Ha gjennomf\u00f8rt minst andre \u00e5r i en bachelorgrad n\u00e5r du s\u00f8ker<\/li>\n<li>Ha minimum niv\u00e5 B1 i fransk<\/li>\n<\/ul>\n<h6><strong>Hvordan s\u00f8ke?<\/strong><\/h6>\n<p>Send CV og s\u00f8knad til <a href=\"mailto:cbuczkowski@france.no\">cbuczkowski@france.no<\/a><\/p>\n<p>Har du sp\u00f8rsm\u00e5l? Kontakt Corentin Buczkowski p\u00e5: <a href=\"mailto:cbuczkowski@france.no\">cbuczkowski@france.no<\/a><\/p>\n<p>+47 40 60 51 32<\/p>\n","protected":false},"excerpt":{"rendered":"<p>Er du student og tiltrukket av Frankrike? \u00d8nsker du \u00e5 berike kompetansene dine innenfor pedagogikk og lingvistikk? Bli norskassistent i Frankrike! \u00c5 v\u00e6re spr\u00e5kassistent i Frankrike Flere uttalelser og praktisk informasjon p\u00e5\u00a0nettsiden til FEI\u00a0 Hva annet er viktig \u00e5 vite? Kontrakten varer 7 m\u00e5neder (1. oktober til 30. april). I tillegg til denne kontrakten, vil [&hellip;]<\/p>\n","protected":false},"author":9,"featured_media":0,"parent":293,"menu_order":0,"comment_status":"closed","ping_status":"closed","template":"","meta":{"footnotes":""},"categories":[13],"class_list":["post-446","page","type-page","status-publish","hentry","category-utdanning-og-fransk-sprak","no-media"],"yoast_head":"<!-- This site is optimized with the Yoast SEO plugin v27.3 - https:\/\/yoast.com\/product\/yoast-seo-wordpress\/ -->\n<title>Assistent \u2013 norsk - Institut fran\u00e7ais<\/title>\n<meta name=\"robots\" content=\"index, follow, max-snippet:-1, max-image-preview:large, max-video-preview:-1\" \/>\n<link rel=\"canonical\" href=\"https:\/\/www.france.no\/no\/utdanning-og-fransk-sprak\/skole-og-utdanningssamarbeid\/sprakassistent-i-fransk-eller-norsk\/assistent-norsk\/\" \/>\n<meta property=\"og:locale\" content=\"nb_NO\" \/>\n<meta property=\"og:type\" content=\"article\" \/>\n<meta property=\"og:title\" content=\"Assistent \u2013 norsk - Institut fran\u00e7ais\" \/>\n<meta property=\"og:description\" content=\"Er du student og tiltrukket av Frankrike? \u00d8nsker du \u00e5 berike kompetansene dine innenfor pedagogikk og lingvistikk? Bli norskassistent i Frankrike! \u00c5 v\u00e6re spr\u00e5kassistent i Frankrike Flere uttalelser og praktisk informasjon p\u00e5\u00a0nettsiden til FEI\u00a0 Hva annet er viktig \u00e5 vite? Kontrakten varer 7 m\u00e5neder (1. oktober til 30. april). I tillegg til denne kontrakten, vil [&hellip;]\" \/>\n<meta property=\"og:url\" content=\"https:\/\/www.france.no\/no\/utdanning-og-fransk-sprak\/skole-og-utdanningssamarbeid\/sprakassistent-i-fransk-eller-norsk\/assistent-norsk\/\" \/>\n<meta property=\"og:site_name\" content=\"Institut fran\u00e7ais\" \/>\n<meta property=\"article:publisher\" content=\"https:\/\/www.facebook.com\/institutfrancaisoslo\" \/>\n<meta property=\"article:modified_time\" content=\"2026-04-07T13:50:49+00:00\" \/>\n<meta property=\"og:image\" content=\"https:\/\/www.france.no\/wp-content\/uploads\/2022\/01\/IFN-logo.png\" \/>\n\t<meta property=\"og:image:width\" content=\"946\" \/>\n\t<meta property=\"og:image:height\" content=\"546\" \/>\n\t<meta property=\"og:image:type\" content=\"image\/png\" \/>\n<meta name=\"twitter:card\" content=\"summary_large_image\" \/>\n<meta name=\"twitter:site\" content=\"@ifnorvege\" \/>\n<meta name=\"twitter:label1\" content=\"Ansl. lesetid\" \/>\n\t<meta name=\"twitter:data1\" content=\"2 minutter\" \/>\n<script type=\"application\/ld+json\" class=\"yoast-schema-graph\">{\"@context\":\"https:\\\/\\\/schema.org\",\"@graph\":[{\"@type\":\"WebPage\",\"@id\":\"https:\\\/\\\/www.france.no\\\/no\\\/utdanning-og-fransk-sprak\\\/skole-og-utdanningssamarbeid\\\/sprakassistent-i-fransk-eller-norsk\\\/assistent-norsk\\\/\",\"url\":\"https:\\\/\\\/www.france.no\\\/no\\\/utdanning-og-fransk-sprak\\\/skole-og-utdanningssamarbeid\\\/sprakassistent-i-fransk-eller-norsk\\\/assistent-norsk\\\/\",\"name\":\"Assistent \u2013 norsk - Institut fran\u00e7ais\",\"isPartOf\":{\"@id\":\"https:\\\/\\\/www.france.no\\\/no\\\/#website\"},\"datePublished\":\"2023-03-01T14:53:59+00:00\",\"dateModified\":\"2026-04-07T13:50:49+00:00\",\"breadcrumb\":{\"@id\":\"https:\\\/\\\/www.france.no\\\/no\\\/utdanning-og-fransk-sprak\\\/skole-og-utdanningssamarbeid\\\/sprakassistent-i-fransk-eller-norsk\\\/assistent-norsk\\\/#breadcrumb\"},\"inLanguage\":\"nb-NO\",\"potentialAction\":[{\"@type\":\"ReadAction\",\"target\":[\"https:\\\/\\\/www.france.no\\\/no\\\/utdanning-og-fransk-sprak\\\/skole-og-utdanningssamarbeid\\\/sprakassistent-i-fransk-eller-norsk\\\/assistent-norsk\\\/\"]}]},{\"@type\":\"BreadcrumbList\",\"@id\":\"https:\\\/\\\/www.france.no\\\/no\\\/utdanning-og-fransk-sprak\\\/skole-og-utdanningssamarbeid\\\/sprakassistent-i-fransk-eller-norsk\\\/assistent-norsk\\\/#breadcrumb\",\"itemListElement\":[{\"@type\":\"ListItem\",\"position\":1,\"name\":\"\",\"item\":\"https:\\\/\\\/www.france.no\\\/no\\\/\"},{\"@type\":\"ListItem\",\"position\":2,\"name\":\"Utdanning og fransk spr\u00e5k\",\"item\":\"https:\\\/\\\/www.france.no\\\/no\\\/utdanning-og-fransk-sprak\\\/\"},{\"@type\":\"ListItem\",\"position\":3,\"name\":\"Skole- og utdanningssamarbeid\",\"item\":\"https:\\\/\\\/www.france.no\\\/no\\\/utdanning-og-fransk-sprak\\\/skole-og-utdanningssamarbeid\\\/\"},{\"@type\":\"ListItem\",\"position\":4,\"name\":\"Spr\u00e5kassistent i fransk eller norsk\",\"item\":\"https:\\\/\\\/www.france.no\\\/no\\\/utdanning-og-fransk-sprak\\\/skole-og-utdanningssamarbeid\\\/sprakassistent-i-fransk-eller-norsk\\\/\"},{\"@type\":\"ListItem\",\"position\":5,\"name\":\"Assistent \u2013 norsk\"}]},{\"@type\":\"WebSite\",\"@id\":\"https:\\\/\\\/www.france.no\\\/no\\\/#website\",\"url\":\"https:\\\/\\\/www.france.no\\\/no\\\/\",\"name\":\"Institut fran\u00e7ais\",\"description\":\"Norv\u00e8ge\",\"publisher\":{\"@id\":\"https:\\\/\\\/www.france.no\\\/no\\\/#organization\"},\"potentialAction\":[{\"@type\":\"SearchAction\",\"target\":{\"@type\":\"EntryPoint\",\"urlTemplate\":\"https:\\\/\\\/www.france.no\\\/no\\\/?s={search_term_string}\"},\"query-input\":{\"@type\":\"PropertyValueSpecification\",\"valueRequired\":true,\"valueName\":\"search_term_string\"}}],\"inLanguage\":\"nb-NO\"},{\"@type\":\"Organization\",\"@id\":\"https:\\\/\\\/www.france.no\\\/no\\\/#organization\",\"name\":\"Institut fran\u00e7ais\",\"url\":\"https:\\\/\\\/www.france.no\\\/no\\\/\",\"logo\":{\"@type\":\"ImageObject\",\"inLanguage\":\"nb-NO\",\"@id\":\"https:\\\/\\\/www.france.no\\\/no\\\/#\\\/schema\\\/logo\\\/image\\\/\",\"url\":\"https:\\\/\\\/www.france.no\\\/wp-content\\\/uploads\\\/2022\\\/11\\\/IF_Logo_Sans_Bleu_RVB.png\",\"contentUrl\":\"https:\\\/\\\/www.france.no\\\/wp-content\\\/uploads\\\/2022\\\/11\\\/IF_Logo_Sans_Bleu_RVB.png\",\"width\":852,\"height\":591,\"caption\":\"Institut fran\u00e7ais\"},\"image\":{\"@id\":\"https:\\\/\\\/www.france.no\\\/no\\\/#\\\/schema\\\/logo\\\/image\\\/\"},\"sameAs\":[\"https:\\\/\\\/www.facebook.com\\\/institutfrancaisoslo\",\"https:\\\/\\\/x.com\\\/ifnorvege\",\"https:\\\/\\\/instagram.com\\\/ifnorvege\"]}]}<\/script>\n<!-- \/ Yoast SEO plugin. -->","yoast_head_json":{"title":"Assistent \u2013 norsk - Institut fran\u00e7ais","robots":{"index":"index","follow":"follow","max-snippet":"max-snippet:-1","max-image-preview":"max-image-preview:large","max-video-preview":"max-video-preview:-1"},"canonical":"https:\/\/www.france.no\/no\/utdanning-og-fransk-sprak\/skole-og-utdanningssamarbeid\/sprakassistent-i-fransk-eller-norsk\/assistent-norsk\/","og_locale":"nb_NO","og_type":"article","og_title":"Assistent \u2013 norsk - Institut fran\u00e7ais","og_description":"Er du student og tiltrukket av Frankrike? \u00d8nsker du \u00e5 berike kompetansene dine innenfor pedagogikk og lingvistikk? Bli norskassistent i Frankrike! \u00c5 v\u00e6re spr\u00e5kassistent i Frankrike Flere uttalelser og praktisk informasjon p\u00e5\u00a0nettsiden til FEI\u00a0 Hva annet er viktig \u00e5 vite? Kontrakten varer 7 m\u00e5neder (1. oktober til 30. april). I tillegg til denne kontrakten, vil [&hellip;]","og_url":"https:\/\/www.france.no\/no\/utdanning-og-fransk-sprak\/skole-og-utdanningssamarbeid\/sprakassistent-i-fransk-eller-norsk\/assistent-norsk\/","og_site_name":"Institut fran\u00e7ais","article_publisher":"https:\/\/www.facebook.com\/institutfrancaisoslo","article_modified_time":"2026-04-07T13:50:49+00:00","og_image":[{"width":946,"height":546,"url":"https:\/\/www.france.no\/wp-content\/uploads\/2022\/01\/IFN-logo.png","type":"image\/png"}],"twitter_card":"summary_large_image","twitter_site":"@ifnorvege","twitter_misc":{"Ansl. lesetid":"2 minutter"},"schema":{"@context":"https:\/\/schema.org","@graph":[{"@type":"WebPage","@id":"https:\/\/www.france.no\/no\/utdanning-og-fransk-sprak\/skole-og-utdanningssamarbeid\/sprakassistent-i-fransk-eller-norsk\/assistent-norsk\/","url":"https:\/\/www.france.no\/no\/utdanning-og-fransk-sprak\/skole-og-utdanningssamarbeid\/sprakassistent-i-fransk-eller-norsk\/assistent-norsk\/","name":"Assistent \u2013 norsk - Institut fran\u00e7ais","isPartOf":{"@id":"https:\/\/www.france.no\/no\/#website"},"datePublished":"2023-03-01T14:53:59+00:00","dateModified":"2026-04-07T13:50:49+00:00","breadcrumb":{"@id":"https:\/\/www.france.no\/no\/utdanning-og-fransk-sprak\/skole-og-utdanningssamarbeid\/sprakassistent-i-fransk-eller-norsk\/assistent-norsk\/#breadcrumb"},"inLanguage":"nb-NO","potentialAction":[{"@type":"ReadAction","target":["https:\/\/www.france.no\/no\/utdanning-og-fransk-sprak\/skole-og-utdanningssamarbeid\/sprakassistent-i-fransk-eller-norsk\/assistent-norsk\/"]}]},{"@type":"BreadcrumbList","@id":"https:\/\/www.france.no\/no\/utdanning-og-fransk-sprak\/skole-og-utdanningssamarbeid\/sprakassistent-i-fransk-eller-norsk\/assistent-norsk\/#breadcrumb","itemListElement":[{"@type":"ListItem","position":1,"name":"","item":"https:\/\/www.france.no\/no\/"},{"@type":"ListItem","position":2,"name":"Utdanning og fransk spr\u00e5k","item":"https:\/\/www.france.no\/no\/utdanning-og-fransk-sprak\/"},{"@type":"ListItem","position":3,"name":"Skole- og utdanningssamarbeid","item":"https:\/\/www.france.no\/no\/utdanning-og-fransk-sprak\/skole-og-utdanningssamarbeid\/"},{"@type":"ListItem","position":4,"name":"Spr\u00e5kassistent i fransk eller norsk","item":"https:\/\/www.france.no\/no\/utdanning-og-fransk-sprak\/skole-og-utdanningssamarbeid\/sprakassistent-i-fransk-eller-norsk\/"},{"@type":"ListItem","position":5,"name":"Assistent \u2013 norsk"}]},{"@type":"WebSite","@id":"https:\/\/www.france.no\/no\/#website","url":"https:\/\/www.france.no\/no\/","name":"Institut fran\u00e7ais","description":"Norv\u00e8ge","publisher":{"@id":"https:\/\/www.france.no\/no\/#organization"},"potentialAction":[{"@type":"SearchAction","target":{"@type":"EntryPoint","urlTemplate":"https:\/\/www.france.no\/no\/?s={search_term_string}"},"query-input":{"@type":"PropertyValueSpecification","valueRequired":true,"valueName":"search_term_string"}}],"inLanguage":"nb-NO"},{"@type":"Organization","@id":"https:\/\/www.france.no\/no\/#organization","name":"Institut fran\u00e7ais","url":"https:\/\/www.france.no\/no\/","logo":{"@type":"ImageObject","inLanguage":"nb-NO","@id":"https:\/\/www.france.no\/no\/#\/schema\/logo\/image\/","url":"https:\/\/www.france.no\/wp-content\/uploads\/2022\/11\/IF_Logo_Sans_Bleu_RVB.png","contentUrl":"https:\/\/www.france.no\/wp-content\/uploads\/2022\/11\/IF_Logo_Sans_Bleu_RVB.png","width":852,"height":591,"caption":"Institut fran\u00e7ais"},"image":{"@id":"https:\/\/www.france.no\/no\/#\/schema\/logo\/image\/"},"sameAs":["https:\/\/www.facebook.com\/institutfrancaisoslo","https:\/\/x.com\/ifnorvege","https:\/\/instagram.com\/ifnorvege"]}]}},"_links":{"self":[{"href":"https:\/\/www.france.no\/no\/wp-json\/wp\/v2\/pages\/446","targetHints":{"allow":["GET"]}}],"collection":[{"href":"https:\/\/www.france.no\/no\/wp-json\/wp\/v2\/pages"}],"about":[{"href":"https:\/\/www.france.no\/no\/wp-json\/wp\/v2\/types\/page"}],"author":[{"embeddable":true,"href":"https:\/\/www.france.no\/no\/wp-json\/wp\/v2\/users\/9"}],"replies":[{"embeddable":true,"href":"https:\/\/www.france.no\/no\/wp-json\/wp\/v2\/comments?post=446"}],"version-history":[{"count":15,"href":"https:\/\/www.france.no\/no\/wp-json\/wp\/v2\/pages\/446\/revisions"}],"predecessor-version":[{"id":22616,"href":"https:\/\/www.france.no\/no\/wp-json\/wp\/v2\/pages\/446\/revisions\/22616"}],"up":[{"embeddable":true,"href":"https:\/\/www.france.no\/no\/wp-json\/wp\/v2\/pages\/293"}],"wp:attachment":[{"href":"https:\/\/www.france.no\/no\/wp-json\/wp\/v2\/media?parent=446"}],"wp:term":[{"taxonomy":"category","embeddable":true,"href":"https:\/\/www.france.no\/no\/wp-json\/wp\/v2\/categories?post=446"}],"curies":[{"name":"wp","href":"https:\/\/api.w.org\/{rel}","templated":true}]}}