{"id":538,"date":"2024-06-17T09:00:00","date_gmt":"2024-06-17T07:00:00","guid":{"rendered":"https:\/\/www.france.no\/?page_id=538"},"modified":"2025-12-09T14:03:50","modified_gmt":"2025-12-09T13:03:50","slug":"asgard","status":"publish","type":"page","link":"https:\/\/www.france.no\/no\/vitenskap-og-forskning\/samarbeidsprogrammer\/asgard\/","title":{"rendered":"\u00c5sgard"},"content":{"rendered":"\n<p><strong>\u00c5sgard-programmet er et utvekslingsprogram i regi av vitenskapsavdelingen ved Institut fran\u00e7ais de Norv\u00e8ge og Norges forskningsr\u00e5d med f\u00f8lgende m\u00e5lsetninger:<\/strong><\/p>\n\n\n\n<ul class=\"wp-block-list\">\n<li><strong>Utvikle den vitenskapelige utvekslingen<\/strong>&nbsp;mellom Frankrike og Norge<\/li>\n\n\n\n<li>Tilrettelegge for<strong> forskningssamarbeid<\/strong>&nbsp;og&nbsp;<strong>teknologioverf\u00f8ring<\/strong>.<\/li>\n\n\n\n<li><strong>Fasilitere et internasjonalt samarbeid<\/strong>&nbsp;for franske og norske forskere<\/li>\n<\/ul>\n\n\n\n<p><strong>Hvem<\/strong>: forskere og\/ eller ansatte i franske eller norske institusjoner.<br><strong>Hva<\/strong>:&nbsp;bes\u00f8k til Frankrike eller Norge for \u00e5 m\u00f8te akt\u00f8rer innen forskning og innovasjon.<br><strong>N\u00e5r<\/strong>: 5 dager (datoene blir fastsatt i samr\u00e5d med s\u00f8keren). <\/p>\n\n\n\n<h4 class=\"wp-block-heading\">For forskere<\/h4>\n\n\n\n<div class=\"wp-block-buttons is-content-justification-left is-layout-flex wp-container-core-buttons-is-layout-fdcfc74e wp-block-buttons-is-layout-flex\">\n<div class=\"wp-block-button\"><a class=\"wp-block-button__link has-text-align-left wp-element-button\" href=\"https:\/\/www.france.no\/wp-content\/uploads\/2024\/07\/Descriptif-Asgard-Research-1.pdf\" target=\"_blank\" rel=\"noreferrer noopener\"><strong>Last ned beskrivelse av \u00ab\u00c5sgard Research Programme\u00bb (p\u00e5 engelsk)<\/strong><\/a><\/div>\n<\/div>\n\n\n\n<h4 class=\"wp-block-heading\">For staff<\/h4>\n\n\n\n<div class=\"wp-block-buttons is-content-justification-left is-layout-flex wp-container-core-buttons-is-layout-fdcfc74e wp-block-buttons-is-layout-flex\">\n<div class=\"wp-block-button\"><a class=\"wp-block-button__link has-text-align-left wp-element-button\" href=\"https:\/\/www.france.no\/wp-content\/uploads\/2024\/07\/Descriptif-Asgard-Staff-1.pdf\" target=\"_blank\" rel=\"noreferrer noopener\"><strong>Last ned beskrivelse av\u00ab\u00c5sgard Staff Programme\u00bb (p\u00e5 engelsk)<\/strong><\/a><\/div>\n<\/div>\n\n\n\n<h4 class=\"wp-block-heading\">Call for application<\/h4>\n\n\n\n<div class=\"wp-block-buttons is-content-justification-left is-layout-flex wp-container-core-buttons-is-layout-fdcfc74e wp-block-buttons-is-layout-flex\">\n<div class=\"wp-block-button\"><a class=\"wp-block-button__link wp-element-button\" href=\"https:\/\/www.france.no\/no\/2025\/vitenskap-og-forskning\/call-for-applications-2\/\">Call for application 2026<\/a><\/div>\n<\/div>\n\n\n\n<h4 class=\"wp-block-heading\">Tilbakemelding<\/h4>\n\n\n\n<figure class=\"wp-block-pullquote\"><blockquote><p>I think that the kick provided by Asgard is a very good initiative per se. I do not think there is much room to improve.<\/p><cite>Professor at \u00d8stfold University College &#8211; Institute of Education &#8211; \u00c5sgard 2024<\/cite><\/blockquote><\/figure>\n\n\n\n<figure class=\"wp-block-pullquote\"><blockquote><p>Great opportunity for cross-cutting exchange of ideas; met many exciting researchers; enjoyed the stay!<\/p><cite>Professor at Universitetet i Bergen &#8211; Mathematics Department &#8211; \u00c5sgard 2024<\/cite><\/blockquote><\/figure>\n\n\n\n<figure class=\"wp-block-pullquote\"><blockquote><p>This mobility was an excellent opportunity to learn a new model, to meet Norwegian researchers, to discover a Norwegian research unit and the city of Oslo.<br><\/p><cite>PhD Biology and Physiopathology &#8211; Universit\u00e9 de Bordeaux &#8211; \u00c5sgard 2025<\/cite><\/blockquote><\/figure>\n\n\n\n<figure class=\"wp-block-image\"><img loading=\"lazy\" decoding=\"async\" width=\"739\" height=\"909\" src=\"https:\/\/www.france.no\/wp-content\/uploads\/2025\/12\/Capture-decran-2025-12-04-113834.png\" alt=\"\" class=\"wp-image-18266\" srcset=\"https:\/\/www.france.no\/wp-content\/uploads\/2025\/12\/Capture-decran-2025-12-04-113834.png 739w, https:\/\/www.france.no\/wp-content\/uploads\/2025\/12\/Capture-decran-2025-12-04-113834-244x300.png 244w\" sizes=\"auto, (max-width: 739px) 100vw, 739px\" \/><\/figure>\n","protected":false},"excerpt":{"rendered":"<p>\u00c5sgard-programmet er et utvekslingsprogram i regi av vitenskapsavdelingen ved Institut fran\u00e7ais de Norv\u00e8ge og Norges forskningsr\u00e5d med f\u00f8lgende m\u00e5lsetninger: Hvem: forskere og\/ eller ansatte i franske eller norske institusjoner.Hva:&nbsp;bes\u00f8k til Frankrike eller Norge for \u00e5 m\u00f8te akt\u00f8rer innen forskning og innovasjon.N\u00e5r: 5 dager (datoene blir fastsatt i samr\u00e5d med s\u00f8keren). For forskere For staff Call [&hellip;]<\/p>\n","protected":false},"author":6,"featured_media":8680,"parent":255,"menu_order":0,"comment_status":"closed","ping_status":"closed","template":"","meta":{"footnotes":""},"categories":[17],"class_list":["post-538","page","type-page","status-publish","has-post-thumbnail","hentry","category-vitenskap-og-forskning"],"yoast_head":"<!-- This site is optimized with the Yoast SEO plugin v24.2 - https:\/\/yoast.com\/wordpress\/plugins\/seo\/ -->\n<title>\u00c5sgard - Institut fran\u00e7ais<\/title>\n<meta name=\"robots\" content=\"index, follow, max-snippet:-1, max-image-preview:large, max-video-preview:-1\" \/>\n<link rel=\"canonical\" href=\"https:\/\/www.france.no\/no\/vitenskap-og-forskning\/samarbeidsprogrammer\/asgard\/\" \/>\n<meta property=\"og:locale\" content=\"nb_NO\" \/>\n<meta property=\"og:type\" content=\"article\" \/>\n<meta property=\"og:title\" content=\"\u00c5sgard - Institut fran\u00e7ais\" \/>\n<meta property=\"og:description\" content=\"\u00c5sgard-programmet er et utvekslingsprogram i regi av vitenskapsavdelingen ved Institut fran\u00e7ais de Norv\u00e8ge og Norges forskningsr\u00e5d med f\u00f8lgende m\u00e5lsetninger: Hvem: forskere og\/ eller ansatte i franske eller norske institusjoner.Hva:&nbsp;bes\u00f8k til Frankrike eller Norge for \u00e5 m\u00f8te akt\u00f8rer innen forskning og innovasjon.N\u00e5r: 5 dager (datoene blir fastsatt i samr\u00e5d med s\u00f8keren). For forskere For staff Call [&hellip;]\" \/>\n<meta property=\"og:url\" content=\"https:\/\/www.france.no\/no\/vitenskap-og-forskning\/samarbeidsprogrammer\/asgard\/\" \/>\n<meta property=\"og:site_name\" content=\"Institut fran\u00e7ais\" \/>\n<meta property=\"article:publisher\" content=\"https:\/\/www.facebook.com\/institutfrancaisoslo\" \/>\n<meta property=\"article:modified_time\" content=\"2025-12-09T13:03:50+00:00\" \/>\n<meta property=\"og:image\" content=\"https:\/\/www.france.no\/wp-content\/uploads\/2024\/07\/Asgard-1098x617.png\" \/>\n\t<meta property=\"og:image:width\" content=\"3431\" \/>\n\t<meta property=\"og:image:height\" content=\"1928\" \/>\n\t<meta property=\"og:image:type\" content=\"image\/png\" \/>\n<meta name=\"twitter:card\" content=\"summary_large_image\" \/>\n<meta name=\"twitter:site\" content=\"@ifnorvege\" \/>\n<meta name=\"twitter:label1\" content=\"Ansl. lesetid\" \/>\n\t<meta name=\"twitter:data1\" content=\"1 minutt\" \/>\n<script type=\"application\/ld+json\" class=\"yoast-schema-graph\">{\"@context\":\"https:\/\/schema.org\",\"@graph\":[{\"@type\":\"WebPage\",\"@id\":\"https:\/\/www.france.no\/no\/vitenskap-og-forskning\/samarbeidsprogrammer\/asgard\/\",\"url\":\"https:\/\/www.france.no\/no\/vitenskap-og-forskning\/samarbeidsprogrammer\/asgard\/\",\"name\":\"\u00c5sgard - Institut fran\u00e7ais\",\"isPartOf\":{\"@id\":\"https:\/\/www.france.no\/no\/#website\"},\"primaryImageOfPage\":{\"@id\":\"https:\/\/www.france.no\/no\/vitenskap-og-forskning\/samarbeidsprogrammer\/asgard\/#primaryimage\"},\"image\":{\"@id\":\"https:\/\/www.france.no\/no\/vitenskap-og-forskning\/samarbeidsprogrammer\/asgard\/#primaryimage\"},\"thumbnailUrl\":\"https:\/\/www.france.no\/wp-content\/uploads\/2024\/07\/Asgard-1098x617.png\",\"datePublished\":\"2024-06-17T07:00:00+00:00\",\"dateModified\":\"2025-12-09T13:03:50+00:00\",\"breadcrumb\":{\"@id\":\"https:\/\/www.france.no\/no\/vitenskap-og-forskning\/samarbeidsprogrammer\/asgard\/#breadcrumb\"},\"inLanguage\":\"nb-NO\",\"potentialAction\":[{\"@type\":\"ReadAction\",\"target\":[\"https:\/\/www.france.no\/no\/vitenskap-og-forskning\/samarbeidsprogrammer\/asgard\/\"]}]},{\"@type\":\"ImageObject\",\"inLanguage\":\"nb-NO\",\"@id\":\"https:\/\/www.france.no\/no\/vitenskap-og-forskning\/samarbeidsprogrammer\/asgard\/#primaryimage\",\"url\":\"https:\/\/www.france.no\/wp-content\/uploads\/2024\/07\/Asgard-1098x617.png\",\"contentUrl\":\"https:\/\/www.france.no\/wp-content\/uploads\/2024\/07\/Asgard-1098x617.png\",\"width\":3431,\"height\":1928},{\"@type\":\"BreadcrumbList\",\"@id\":\"https:\/\/www.france.no\/no\/vitenskap-og-forskning\/samarbeidsprogrammer\/asgard\/#breadcrumb\",\"itemListElement\":[{\"@type\":\"ListItem\",\"position\":1,\"name\":\"\",\"item\":\"https:\/\/www.france.no\/no\/\"},{\"@type\":\"ListItem\",\"position\":2,\"name\":\"Vitenskap og forskning\",\"item\":\"https:\/\/www.france.no\/no\/vitenskap-og-forskning\/\"},{\"@type\":\"ListItem\",\"position\":3,\"name\":\"Cooperation programs\",\"item\":\"https:\/\/www.france.no\/no\/vitenskap-og-forskning\/samarbeidsprogrammer\/\"},{\"@type\":\"ListItem\",\"position\":4,\"name\":\"\u00c5sgard\"}]},{\"@type\":\"WebSite\",\"@id\":\"https:\/\/www.france.no\/no\/#website\",\"url\":\"https:\/\/www.france.no\/no\/\",\"name\":\"Institut fran\u00e7ais\",\"description\":\"Norv\u00e8ge\",\"publisher\":{\"@id\":\"https:\/\/www.france.no\/no\/#organization\"},\"potentialAction\":[{\"@type\":\"SearchAction\",\"target\":{\"@type\":\"EntryPoint\",\"urlTemplate\":\"https:\/\/www.france.no\/no\/?s={search_term_string}\"},\"query-input\":{\"@type\":\"PropertyValueSpecification\",\"valueRequired\":true,\"valueName\":\"search_term_string\"}}],\"inLanguage\":\"nb-NO\"},{\"@type\":\"Organization\",\"@id\":\"https:\/\/www.france.no\/no\/#organization\",\"name\":\"Institut fran\u00e7ais\",\"url\":\"https:\/\/www.france.no\/no\/\",\"logo\":{\"@type\":\"ImageObject\",\"inLanguage\":\"nb-NO\",\"@id\":\"https:\/\/www.france.no\/no\/#\/schema\/logo\/image\/\",\"url\":\"https:\/\/www.france.no\/wp-content\/uploads\/2022\/11\/IF_Logo_Sans_Bleu_RVB.png\",\"contentUrl\":\"https:\/\/www.france.no\/wp-content\/uploads\/2022\/11\/IF_Logo_Sans_Bleu_RVB.png\",\"width\":852,\"height\":591,\"caption\":\"Institut fran\u00e7ais\"},\"image\":{\"@id\":\"https:\/\/www.france.no\/no\/#\/schema\/logo\/image\/\"},\"sameAs\":[\"https:\/\/www.facebook.com\/institutfrancaisoslo\",\"https:\/\/x.com\/ifnorvege\",\"https:\/\/instagram.com\/ifnorvege\"]}]}<\/script>\n<!-- \/ Yoast SEO plugin. -->","yoast_head_json":{"title":"\u00c5sgard - Institut fran\u00e7ais","robots":{"index":"index","follow":"follow","max-snippet":"max-snippet:-1","max-image-preview":"max-image-preview:large","max-video-preview":"max-video-preview:-1"},"canonical":"https:\/\/www.france.no\/no\/vitenskap-og-forskning\/samarbeidsprogrammer\/asgard\/","og_locale":"nb_NO","og_type":"article","og_title":"\u00c5sgard - Institut fran\u00e7ais","og_description":"\u00c5sgard-programmet er et utvekslingsprogram i regi av vitenskapsavdelingen ved Institut fran\u00e7ais de Norv\u00e8ge og Norges forskningsr\u00e5d med f\u00f8lgende m\u00e5lsetninger: Hvem: forskere og\/ eller ansatte i franske eller norske institusjoner.Hva:&nbsp;bes\u00f8k til Frankrike eller Norge for \u00e5 m\u00f8te akt\u00f8rer innen forskning og innovasjon.N\u00e5r: 5 dager (datoene blir fastsatt i samr\u00e5d med s\u00f8keren). For forskere For staff Call [&hellip;]","og_url":"https:\/\/www.france.no\/no\/vitenskap-og-forskning\/samarbeidsprogrammer\/asgard\/","og_site_name":"Institut fran\u00e7ais","article_publisher":"https:\/\/www.facebook.com\/institutfrancaisoslo","article_modified_time":"2025-12-09T13:03:50+00:00","og_image":[{"width":3431,"height":1928,"url":"https:\/\/www.france.no\/wp-content\/uploads\/2024\/07\/Asgard-1098x617.png","type":"image\/png"}],"twitter_card":"summary_large_image","twitter_site":"@ifnorvege","twitter_misc":{"Ansl. lesetid":"1 minutt"},"schema":{"@context":"https:\/\/schema.org","@graph":[{"@type":"WebPage","@id":"https:\/\/www.france.no\/no\/vitenskap-og-forskning\/samarbeidsprogrammer\/asgard\/","url":"https:\/\/www.france.no\/no\/vitenskap-og-forskning\/samarbeidsprogrammer\/asgard\/","name":"\u00c5sgard - Institut fran\u00e7ais","isPartOf":{"@id":"https:\/\/www.france.no\/no\/#website"},"primaryImageOfPage":{"@id":"https:\/\/www.france.no\/no\/vitenskap-og-forskning\/samarbeidsprogrammer\/asgard\/#primaryimage"},"image":{"@id":"https:\/\/www.france.no\/no\/vitenskap-og-forskning\/samarbeidsprogrammer\/asgard\/#primaryimage"},"thumbnailUrl":"https:\/\/www.france.no\/wp-content\/uploads\/2024\/07\/Asgard-1098x617.png","datePublished":"2024-06-17T07:00:00+00:00","dateModified":"2025-12-09T13:03:50+00:00","breadcrumb":{"@id":"https:\/\/www.france.no\/no\/vitenskap-og-forskning\/samarbeidsprogrammer\/asgard\/#breadcrumb"},"inLanguage":"nb-NO","potentialAction":[{"@type":"ReadAction","target":["https:\/\/www.france.no\/no\/vitenskap-og-forskning\/samarbeidsprogrammer\/asgard\/"]}]},{"@type":"ImageObject","inLanguage":"nb-NO","@id":"https:\/\/www.france.no\/no\/vitenskap-og-forskning\/samarbeidsprogrammer\/asgard\/#primaryimage","url":"https:\/\/www.france.no\/wp-content\/uploads\/2024\/07\/Asgard-1098x617.png","contentUrl":"https:\/\/www.france.no\/wp-content\/uploads\/2024\/07\/Asgard-1098x617.png","width":3431,"height":1928},{"@type":"BreadcrumbList","@id":"https:\/\/www.france.no\/no\/vitenskap-og-forskning\/samarbeidsprogrammer\/asgard\/#breadcrumb","itemListElement":[{"@type":"ListItem","position":1,"name":"","item":"https:\/\/www.france.no\/no\/"},{"@type":"ListItem","position":2,"name":"Vitenskap og forskning","item":"https:\/\/www.france.no\/no\/vitenskap-og-forskning\/"},{"@type":"ListItem","position":3,"name":"Cooperation programs","item":"https:\/\/www.france.no\/no\/vitenskap-og-forskning\/samarbeidsprogrammer\/"},{"@type":"ListItem","position":4,"name":"\u00c5sgard"}]},{"@type":"WebSite","@id":"https:\/\/www.france.no\/no\/#website","url":"https:\/\/www.france.no\/no\/","name":"Institut fran\u00e7ais","description":"Norv\u00e8ge","publisher":{"@id":"https:\/\/www.france.no\/no\/#organization"},"potentialAction":[{"@type":"SearchAction","target":{"@type":"EntryPoint","urlTemplate":"https:\/\/www.france.no\/no\/?s={search_term_string}"},"query-input":{"@type":"PropertyValueSpecification","valueRequired":true,"valueName":"search_term_string"}}],"inLanguage":"nb-NO"},{"@type":"Organization","@id":"https:\/\/www.france.no\/no\/#organization","name":"Institut fran\u00e7ais","url":"https:\/\/www.france.no\/no\/","logo":{"@type":"ImageObject","inLanguage":"nb-NO","@id":"https:\/\/www.france.no\/no\/#\/schema\/logo\/image\/","url":"https:\/\/www.france.no\/wp-content\/uploads\/2022\/11\/IF_Logo_Sans_Bleu_RVB.png","contentUrl":"https:\/\/www.france.no\/wp-content\/uploads\/2022\/11\/IF_Logo_Sans_Bleu_RVB.png","width":852,"height":591,"caption":"Institut fran\u00e7ais"},"image":{"@id":"https:\/\/www.france.no\/no\/#\/schema\/logo\/image\/"},"sameAs":["https:\/\/www.facebook.com\/institutfrancaisoslo","https:\/\/x.com\/ifnorvege","https:\/\/instagram.com\/ifnorvege"]}]}},"_links":{"self":[{"href":"https:\/\/www.france.no\/no\/wp-json\/wp\/v2\/pages\/538","targetHints":{"allow":["GET"]}}],"collection":[{"href":"https:\/\/www.france.no\/no\/wp-json\/wp\/v2\/pages"}],"about":[{"href":"https:\/\/www.france.no\/no\/wp-json\/wp\/v2\/types\/page"}],"author":[{"embeddable":true,"href":"https:\/\/www.france.no\/no\/wp-json\/wp\/v2\/users\/6"}],"replies":[{"embeddable":true,"href":"https:\/\/www.france.no\/no\/wp-json\/wp\/v2\/comments?post=538"}],"version-history":[{"count":61,"href":"https:\/\/www.france.no\/no\/wp-json\/wp\/v2\/pages\/538\/revisions"}],"predecessor-version":[{"id":18281,"href":"https:\/\/www.france.no\/no\/wp-json\/wp\/v2\/pages\/538\/revisions\/18281"}],"up":[{"embeddable":true,"href":"https:\/\/www.france.no\/no\/wp-json\/wp\/v2\/pages\/255"}],"wp:featuredmedia":[{"embeddable":true,"href":"https:\/\/www.france.no\/no\/wp-json\/wp\/v2\/media\/8680"}],"wp:attachment":[{"href":"https:\/\/www.france.no\/no\/wp-json\/wp\/v2\/media?parent=538"}],"wp:term":[{"taxonomy":"category","embeddable":true,"href":"https:\/\/www.france.no\/no\/wp-json\/wp\/v2\/categories?post=538"}],"curies":[{"name":"wp","href":"https:\/\/api.w.org\/{rel}","templated":true}]}}