{"id":543,"date":"2022-03-18T15:41:35","date_gmt":"2022-03-18T14:41:35","guid":{"rendered":"https:\/\/www.france.no\/?page_id=543"},"modified":"2026-01-19T17:14:34","modified_gmt":"2026-01-19T16:14:34","slug":"phc-aurora","status":"publish","type":"page","link":"https:\/\/www.france.no\/no\/vitenskap-og-forskning\/samarbeidsprogrammer\/phc-aurora\/","title":{"rendered":"PHC Aurora"},"content":{"rendered":"\n<p><strong>AURORA er et fransk-norsk stipendprogram, ogs\u00e5 kalt Partenariat Hubert Curien (PHC).&nbsp;Programmet&nbsp;finansierer korttidsopphold for franske og norske forskere som jobber p\u00e5 bilaterale prosjekter. Prosjektene m\u00e5 v\u00e6re godkjent av begge nasjoner.&nbsp;<\/strong><\/p>\n\n\n\n<p>Form\u00e5let med PHC er \u00e5&nbsp;<strong>utveksle ekspertise innen forskning og teknologi, mellom forskningslaboratorier i Frankrike og Norge, ved \u00e5 fremme nye samarbeidsprosjekter<\/strong>. PHC henvender seg til offentlige eller private forskningsinstitusjoner som er knyttet til universitetsmilj\u00f8er, forskningssentra eller bedrifter.&nbsp;<\/p>\n\n\n\n<p>AURORA finansieres i Norge av Forskningsr\u00e5det, og i Frankrike av utenriksdepartementet. Institut fran\u00e7ais de Norv\u00e8ge sin vitenskapsavdeling sammen med Campus France administrerer den franske delen av programmet, mens Forskningsr\u00e5det administrerer den norske delen.&nbsp;&nbsp;<\/p>\n\n\n\n<p><strong>Hvem<\/strong>: Franske og norske forskningsgrupper og vitenskapelig ansatte<br><strong>Hva<\/strong>: Samarbeid (forskningsprosjekter) mellom franske og norske forskergrupper&nbsp;<br><strong>N\u00e5r<\/strong>: Programmet fordeles over ett \u00e5r&nbsp;<\/p>\n\n\n\n<p>Mer informasjon p\u00e5&nbsp;<strong><a href=\"http:\/\/www.campusfrance.org\/fr\/aurora\" target=\"_blank\" rel=\"noreferrer noopener\">Campus France<\/a>&nbsp;<\/strong>og p\u00e5&nbsp;<a href=\"https:\/\/www.forskningsradet.no\/utlysninger\/2023\/aurora--forskerutveksling-for-nytt-samarbeid-mellom-norge-og-frankrike\/\" target=\"_blank\" rel=\"noreferrer noopener\"><strong>Forskingsr\u00e5det<\/strong>.<\/a><\/p>\n\n\n\n<h4 class=\"wp-block-heading\">Stipendutlysninger<\/h4>\n\n\n\n<div class=\"wp-block-buttons is-content-justification-center is-layout-flex wp-container-core-buttons-is-layout-16018d1d wp-block-buttons-is-layout-flex\">\n<div class=\"wp-block-button\"><a class=\"wp-block-button__link wp-element-button\" href=\"https:\/\/www.france.no\/no\/2024\/vitenskap-og-forskning\/stipendutlysning-phc-aurora-2025\/\">Stipendutlysning 2025 er stengt<\/a><\/div>\n<\/div>\n\n\n\n<h4 class=\"wp-block-heading\">Stipendmottakere<\/h4>\n\n\n\n<div class=\"wp-block-buttons is-content-justification-center is-layout-flex wp-container-core-buttons-is-layout-16018d1d wp-block-buttons-is-layout-flex\">\n<div class=\"wp-block-button\"><a class=\"wp-block-button__link wp-element-button\" href=\"https:\/\/www.france.no\/no\/2024\/vitenskap-og-forskning\/laureats-du-phc-aurora-2025\/\">Stipendmottakere 2026<\/a><\/div>\n<\/div>\n","protected":false},"excerpt":{"rendered":"<p>AURORA er et fransk-norsk stipendprogram, ogs\u00e5 kalt Partenariat Hubert Curien (PHC).&nbsp;Programmet&nbsp;finansierer korttidsopphold for franske og norske forskere som jobber p\u00e5 bilaterale prosjekter. Prosjektene m\u00e5 v\u00e6re godkjent av begge nasjoner.&nbsp; Form\u00e5let med PHC er \u00e5&nbsp;utveksle ekspertise innen forskning og teknologi, mellom forskningslaboratorier i Frankrike og Norge, ved \u00e5 fremme nye samarbeidsprosjekter. PHC henvender seg til offentlige [&hellip;]<\/p>\n","protected":false},"author":1,"featured_media":8682,"parent":255,"menu_order":0,"comment_status":"closed","ping_status":"closed","template":"","meta":{"footnotes":""},"categories":[17],"class_list":["post-543","page","type-page","status-publish","has-post-thumbnail","hentry","category-vitenskap-og-forskning"],"yoast_head":"<!-- This site is optimized with the Yoast SEO plugin v27.5 - https:\/\/yoast.com\/product\/yoast-seo-wordpress\/ -->\n<title>PHC Aurora - Institut fran\u00e7ais<\/title>\n<meta name=\"robots\" content=\"index, follow, max-snippet:-1, max-image-preview:large, max-video-preview:-1\" \/>\n<link rel=\"canonical\" href=\"https:\/\/www.france.no\/no\/vitenskap-og-forskning\/samarbeidsprogrammer\/phc-aurora\/\" \/>\n<meta property=\"og:locale\" content=\"nb_NO\" \/>\n<meta property=\"og:type\" content=\"article\" \/>\n<meta property=\"og:title\" content=\"PHC Aurora - Institut fran\u00e7ais\" \/>\n<meta property=\"og:description\" content=\"AURORA er et fransk-norsk stipendprogram, ogs\u00e5 kalt Partenariat Hubert Curien (PHC).&nbsp;Programmet&nbsp;finansierer korttidsopphold for franske og norske forskere som jobber p\u00e5 bilaterale prosjekter. Prosjektene m\u00e5 v\u00e6re godkjent av begge nasjoner.&nbsp; Form\u00e5let med PHC er \u00e5&nbsp;utveksle ekspertise innen forskning og teknologi, mellom forskningslaboratorier i Frankrike og Norge, ved \u00e5 fremme nye samarbeidsprosjekter. PHC henvender seg til offentlige [&hellip;]\" \/>\n<meta property=\"og:url\" content=\"https:\/\/www.france.no\/no\/vitenskap-og-forskning\/samarbeidsprogrammer\/phc-aurora\/\" \/>\n<meta property=\"og:site_name\" content=\"Institut fran\u00e7ais\" \/>\n<meta property=\"article:publisher\" content=\"https:\/\/www.facebook.com\/institutfrancaisoslo\" \/>\n<meta property=\"article:modified_time\" content=\"2026-01-19T16:14:34+00:00\" \/>\n<meta property=\"og:image\" content=\"https:\/\/www.france.no\/wp-content\/uploads\/2024\/07\/PHC-Aurora-1098x617.png\" \/>\n\t<meta property=\"og:image:width\" content=\"3431\" \/>\n\t<meta property=\"og:image:height\" content=\"1928\" \/>\n\t<meta property=\"og:image:type\" content=\"image\/png\" \/>\n<meta name=\"twitter:card\" content=\"summary_large_image\" \/>\n<meta name=\"twitter:site\" content=\"@ifnorvege\" \/>\n<meta name=\"twitter:label1\" content=\"Ansl. lesetid\" \/>\n\t<meta name=\"twitter:data1\" content=\"1 minutt\" \/>\n<script type=\"application\/ld+json\" class=\"yoast-schema-graph\">{\"@context\":\"https:\\\/\\\/schema.org\",\"@graph\":[{\"@type\":\"WebPage\",\"@id\":\"https:\\\/\\\/www.france.no\\\/no\\\/vitenskap-og-forskning\\\/samarbeidsprogrammer\\\/phc-aurora\\\/\",\"url\":\"https:\\\/\\\/www.france.no\\\/no\\\/vitenskap-og-forskning\\\/samarbeidsprogrammer\\\/phc-aurora\\\/\",\"name\":\"PHC Aurora - Institut fran\u00e7ais\",\"isPartOf\":{\"@id\":\"https:\\\/\\\/www.france.no\\\/no\\\/#website\"},\"primaryImageOfPage\":{\"@id\":\"https:\\\/\\\/www.france.no\\\/no\\\/vitenskap-og-forskning\\\/samarbeidsprogrammer\\\/phc-aurora\\\/#primaryimage\"},\"image\":{\"@id\":\"https:\\\/\\\/www.france.no\\\/no\\\/vitenskap-og-forskning\\\/samarbeidsprogrammer\\\/phc-aurora\\\/#primaryimage\"},\"thumbnailUrl\":\"https:\\\/\\\/www.france.no\\\/wp-content\\\/uploads\\\/2024\\\/07\\\/PHC-Aurora-1098x617.png\",\"datePublished\":\"2022-03-18T14:41:35+00:00\",\"dateModified\":\"2026-01-19T16:14:34+00:00\",\"breadcrumb\":{\"@id\":\"https:\\\/\\\/www.france.no\\\/no\\\/vitenskap-og-forskning\\\/samarbeidsprogrammer\\\/phc-aurora\\\/#breadcrumb\"},\"inLanguage\":\"nb-NO\",\"potentialAction\":[{\"@type\":\"ReadAction\",\"target\":[\"https:\\\/\\\/www.france.no\\\/no\\\/vitenskap-og-forskning\\\/samarbeidsprogrammer\\\/phc-aurora\\\/\"]}]},{\"@type\":\"ImageObject\",\"inLanguage\":\"nb-NO\",\"@id\":\"https:\\\/\\\/www.france.no\\\/no\\\/vitenskap-og-forskning\\\/samarbeidsprogrammer\\\/phc-aurora\\\/#primaryimage\",\"url\":\"https:\\\/\\\/www.france.no\\\/wp-content\\\/uploads\\\/2024\\\/07\\\/PHC-Aurora-1098x617.png\",\"contentUrl\":\"https:\\\/\\\/www.france.no\\\/wp-content\\\/uploads\\\/2024\\\/07\\\/PHC-Aurora-1098x617.png\",\"width\":3431,\"height\":1928},{\"@type\":\"BreadcrumbList\",\"@id\":\"https:\\\/\\\/www.france.no\\\/no\\\/vitenskap-og-forskning\\\/samarbeidsprogrammer\\\/phc-aurora\\\/#breadcrumb\",\"itemListElement\":[{\"@type\":\"ListItem\",\"position\":1,\"name\":\"\",\"item\":\"https:\\\/\\\/www.france.no\\\/no\\\/\"},{\"@type\":\"ListItem\",\"position\":2,\"name\":\"Vitenskap og forskning\",\"item\":\"https:\\\/\\\/www.france.no\\\/no\\\/vitenskap-og-forskning\\\/\"},{\"@type\":\"ListItem\",\"position\":3,\"name\":\"Cooperation programs\",\"item\":\"https:\\\/\\\/www.france.no\\\/no\\\/vitenskap-og-forskning\\\/samarbeidsprogrammer\\\/\"},{\"@type\":\"ListItem\",\"position\":4,\"name\":\"PHC Aurora\"}]},{\"@type\":\"WebSite\",\"@id\":\"https:\\\/\\\/www.france.no\\\/no\\\/#website\",\"url\":\"https:\\\/\\\/www.france.no\\\/no\\\/\",\"name\":\"Institut fran\u00e7ais\",\"description\":\"Norv\u00e8ge\",\"publisher\":{\"@id\":\"https:\\\/\\\/www.france.no\\\/no\\\/#organization\"},\"potentialAction\":[{\"@type\":\"SearchAction\",\"target\":{\"@type\":\"EntryPoint\",\"urlTemplate\":\"https:\\\/\\\/www.france.no\\\/no\\\/?s={search_term_string}\"},\"query-input\":{\"@type\":\"PropertyValueSpecification\",\"valueRequired\":true,\"valueName\":\"search_term_string\"}}],\"inLanguage\":\"nb-NO\"},{\"@type\":\"Organization\",\"@id\":\"https:\\\/\\\/www.france.no\\\/no\\\/#organization\",\"name\":\"Institut fran\u00e7ais\",\"url\":\"https:\\\/\\\/www.france.no\\\/no\\\/\",\"logo\":{\"@type\":\"ImageObject\",\"inLanguage\":\"nb-NO\",\"@id\":\"https:\\\/\\\/www.france.no\\\/no\\\/#\\\/schema\\\/logo\\\/image\\\/\",\"url\":\"https:\\\/\\\/www.france.no\\\/wp-content\\\/uploads\\\/2022\\\/11\\\/IF_Logo_Sans_Bleu_RVB.png\",\"contentUrl\":\"https:\\\/\\\/www.france.no\\\/wp-content\\\/uploads\\\/2022\\\/11\\\/IF_Logo_Sans_Bleu_RVB.png\",\"width\":852,\"height\":591,\"caption\":\"Institut fran\u00e7ais\"},\"image\":{\"@id\":\"https:\\\/\\\/www.france.no\\\/no\\\/#\\\/schema\\\/logo\\\/image\\\/\"},\"sameAs\":[\"https:\\\/\\\/www.facebook.com\\\/institutfrancaisoslo\",\"https:\\\/\\\/x.com\\\/ifnorvege\",\"https:\\\/\\\/instagram.com\\\/ifnorvege\"]}]}<\/script>\n<!-- \/ Yoast SEO plugin. -->","yoast_head_json":{"title":"PHC Aurora - Institut fran\u00e7ais","robots":{"index":"index","follow":"follow","max-snippet":"max-snippet:-1","max-image-preview":"max-image-preview:large","max-video-preview":"max-video-preview:-1"},"canonical":"https:\/\/www.france.no\/no\/vitenskap-og-forskning\/samarbeidsprogrammer\/phc-aurora\/","og_locale":"nb_NO","og_type":"article","og_title":"PHC Aurora - Institut fran\u00e7ais","og_description":"AURORA er et fransk-norsk stipendprogram, ogs\u00e5 kalt Partenariat Hubert Curien (PHC).&nbsp;Programmet&nbsp;finansierer korttidsopphold for franske og norske forskere som jobber p\u00e5 bilaterale prosjekter. Prosjektene m\u00e5 v\u00e6re godkjent av begge nasjoner.&nbsp; Form\u00e5let med PHC er \u00e5&nbsp;utveksle ekspertise innen forskning og teknologi, mellom forskningslaboratorier i Frankrike og Norge, ved \u00e5 fremme nye samarbeidsprosjekter. PHC henvender seg til offentlige [&hellip;]","og_url":"https:\/\/www.france.no\/no\/vitenskap-og-forskning\/samarbeidsprogrammer\/phc-aurora\/","og_site_name":"Institut fran\u00e7ais","article_publisher":"https:\/\/www.facebook.com\/institutfrancaisoslo","article_modified_time":"2026-01-19T16:14:34+00:00","og_image":[{"width":3431,"height":1928,"url":"https:\/\/www.france.no\/wp-content\/uploads\/2024\/07\/PHC-Aurora-1098x617.png","type":"image\/png"}],"twitter_card":"summary_large_image","twitter_site":"@ifnorvege","twitter_misc":{"Ansl. lesetid":"1 minutt"},"schema":{"@context":"https:\/\/schema.org","@graph":[{"@type":"WebPage","@id":"https:\/\/www.france.no\/no\/vitenskap-og-forskning\/samarbeidsprogrammer\/phc-aurora\/","url":"https:\/\/www.france.no\/no\/vitenskap-og-forskning\/samarbeidsprogrammer\/phc-aurora\/","name":"PHC Aurora - Institut fran\u00e7ais","isPartOf":{"@id":"https:\/\/www.france.no\/no\/#website"},"primaryImageOfPage":{"@id":"https:\/\/www.france.no\/no\/vitenskap-og-forskning\/samarbeidsprogrammer\/phc-aurora\/#primaryimage"},"image":{"@id":"https:\/\/www.france.no\/no\/vitenskap-og-forskning\/samarbeidsprogrammer\/phc-aurora\/#primaryimage"},"thumbnailUrl":"https:\/\/www.france.no\/wp-content\/uploads\/2024\/07\/PHC-Aurora-1098x617.png","datePublished":"2022-03-18T14:41:35+00:00","dateModified":"2026-01-19T16:14:34+00:00","breadcrumb":{"@id":"https:\/\/www.france.no\/no\/vitenskap-og-forskning\/samarbeidsprogrammer\/phc-aurora\/#breadcrumb"},"inLanguage":"nb-NO","potentialAction":[{"@type":"ReadAction","target":["https:\/\/www.france.no\/no\/vitenskap-og-forskning\/samarbeidsprogrammer\/phc-aurora\/"]}]},{"@type":"ImageObject","inLanguage":"nb-NO","@id":"https:\/\/www.france.no\/no\/vitenskap-og-forskning\/samarbeidsprogrammer\/phc-aurora\/#primaryimage","url":"https:\/\/www.france.no\/wp-content\/uploads\/2024\/07\/PHC-Aurora-1098x617.png","contentUrl":"https:\/\/www.france.no\/wp-content\/uploads\/2024\/07\/PHC-Aurora-1098x617.png","width":3431,"height":1928},{"@type":"BreadcrumbList","@id":"https:\/\/www.france.no\/no\/vitenskap-og-forskning\/samarbeidsprogrammer\/phc-aurora\/#breadcrumb","itemListElement":[{"@type":"ListItem","position":1,"name":"","item":"https:\/\/www.france.no\/no\/"},{"@type":"ListItem","position":2,"name":"Vitenskap og forskning","item":"https:\/\/www.france.no\/no\/vitenskap-og-forskning\/"},{"@type":"ListItem","position":3,"name":"Cooperation programs","item":"https:\/\/www.france.no\/no\/vitenskap-og-forskning\/samarbeidsprogrammer\/"},{"@type":"ListItem","position":4,"name":"PHC Aurora"}]},{"@type":"WebSite","@id":"https:\/\/www.france.no\/no\/#website","url":"https:\/\/www.france.no\/no\/","name":"Institut fran\u00e7ais","description":"Norv\u00e8ge","publisher":{"@id":"https:\/\/www.france.no\/no\/#organization"},"potentialAction":[{"@type":"SearchAction","target":{"@type":"EntryPoint","urlTemplate":"https:\/\/www.france.no\/no\/?s={search_term_string}"},"query-input":{"@type":"PropertyValueSpecification","valueRequired":true,"valueName":"search_term_string"}}],"inLanguage":"nb-NO"},{"@type":"Organization","@id":"https:\/\/www.france.no\/no\/#organization","name":"Institut fran\u00e7ais","url":"https:\/\/www.france.no\/no\/","logo":{"@type":"ImageObject","inLanguage":"nb-NO","@id":"https:\/\/www.france.no\/no\/#\/schema\/logo\/image\/","url":"https:\/\/www.france.no\/wp-content\/uploads\/2022\/11\/IF_Logo_Sans_Bleu_RVB.png","contentUrl":"https:\/\/www.france.no\/wp-content\/uploads\/2022\/11\/IF_Logo_Sans_Bleu_RVB.png","width":852,"height":591,"caption":"Institut fran\u00e7ais"},"image":{"@id":"https:\/\/www.france.no\/no\/#\/schema\/logo\/image\/"},"sameAs":["https:\/\/www.facebook.com\/institutfrancaisoslo","https:\/\/x.com\/ifnorvege","https:\/\/instagram.com\/ifnorvege"]}]}},"_links":{"self":[{"href":"https:\/\/www.france.no\/no\/wp-json\/wp\/v2\/pages\/543","targetHints":{"allow":["GET"]}}],"collection":[{"href":"https:\/\/www.france.no\/no\/wp-json\/wp\/v2\/pages"}],"about":[{"href":"https:\/\/www.france.no\/no\/wp-json\/wp\/v2\/types\/page"}],"author":[{"embeddable":true,"href":"https:\/\/www.france.no\/no\/wp-json\/wp\/v2\/users\/1"}],"replies":[{"embeddable":true,"href":"https:\/\/www.france.no\/no\/wp-json\/wp\/v2\/comments?post=543"}],"version-history":[{"count":21,"href":"https:\/\/www.france.no\/no\/wp-json\/wp\/v2\/pages\/543\/revisions"}],"predecessor-version":[{"id":19075,"href":"https:\/\/www.france.no\/no\/wp-json\/wp\/v2\/pages\/543\/revisions\/19075"}],"up":[{"embeddable":true,"href":"https:\/\/www.france.no\/no\/wp-json\/wp\/v2\/pages\/255"}],"wp:featuredmedia":[{"embeddable":true,"href":"https:\/\/www.france.no\/no\/wp-json\/wp\/v2\/media\/8682"}],"wp:attachment":[{"href":"https:\/\/www.france.no\/no\/wp-json\/wp\/v2\/media?parent=543"}],"wp:term":[{"taxonomy":"category","embeddable":true,"href":"https:\/\/www.france.no\/no\/wp-json\/wp\/v2\/categories?post=543"}],"curies":[{"name":"wp","href":"https:\/\/api.w.org\/{rel}","templated":true}]}}