{"id":548,"date":"2024-06-17T09:00:00","date_gmt":"2024-06-17T07:00:00","guid":{"rendered":"https:\/\/www.france.no\/?page_id=548"},"modified":"2026-01-07T14:23:59","modified_gmt":"2026-01-07T13:23:59","slug":"asgard-horizon","status":"publish","type":"page","link":"https:\/\/www.france.no\/no\/vitenskap-og-forskning\/samarbeidsprogrammer\/asgard-horizon\/","title":{"rendered":"\u00c5sgard Horizon"},"content":{"rendered":"\n<p><strong>\u00c5sgard Horizon<\/strong> is a programme that aims to strengthen French-Norwegian research cooperation by&nbsp;<strong>supporting the organisation of scientific conferences, workshops and meetings of experts<\/strong>. The objectives of the programme are to&nbsp;<strong>structure and develop ambitious research networks<\/strong>&nbsp;and to facilitate the&nbsp;<strong>development of european projects<\/strong>.<\/p>\n\n\n\n<p>The programme is funded in Norway by the Norwegian Research Council (NFR), and in France by the Ministry of Europe and Foreign Affairs (MEAE) and the Ministry of Higher Education and Research (MESR). It is managed by the scientific department of the French Institute of Norway.&nbsp;<\/p>\n\n\n\n<figure class=\"wp-block-table\"><table><tbody><tr><td><strong>Who<\/strong>: French and Norwegian research teams. Projects may include one or more additional partners, only French and Norwegian actors will be eligible for the funding programme.<br><strong>When<\/strong>: The programme is spread over two consecutive years. Particular attention will be paid to long-term cooperation projects.<br><strong>How:&nbsp;<\/strong>Organisation of a scientific event in France and a scientific event in Norway. Priority will be given in particular to collaborative projects with a European dimension.<br><strong>Call for applications<\/strong>: Online application form on the website of the French Institute of Norway from June &#8211; end of September each year.<\/td><\/tr><\/tbody><\/table><\/figure>\n\n\n\n<ul class=\"wp-block-list\">\n<li><strong>CVs of the participants<\/strong> for whom funding is requested and the name and contact details of the<br>main contact person.<\/li>\n\n\n\n<li><strong>Description of the planned research project<\/strong> (3 pages maximum), <em>specifying the objectives in terms of cooperation (funding requests and future call for applications envisaged,<br>etc.). Both Norwegian and French teams should provide the same joint document here.<\/em><\/li>\n\n\n\n<li><strong>A programme or pre-programme of the events<\/strong>,<em> specifying the planned date and place of the event, the envisaged number of participants. The invited teams could be mentioned in details here.<\/em><\/li>\n\n\n\n<li><strong>A provisional budget<\/strong><em> indicating the amount of the grant requested by the team.<\/em><\/li>\n<\/ul>\n\n\n\n<h4 class=\"wp-block-heading\">Calls for applications<\/h4>\n\n\n\n<div class=\"wp-block-buttons is-content-justification-left is-layout-flex wp-container-core-buttons-is-layout-fdcfc74e wp-block-buttons-is-layout-flex\">\n<div class=\"wp-block-button\"><a class=\"wp-block-button__link wp-element-button\" href=\"https:\/\/www.france.no\/no\/2024\/vitenskap-og-forskning\/call-for-applications-asgard-horizon-2025\/\">The 2025 call for applciations is now closed<\/a><\/div>\n<\/div>\n\n\n\n<h4 class=\"wp-block-heading\">Laureates<\/h4>\n\n\n\n<div class=\"wp-block-buttons is-content-justification-left is-layout-flex wp-container-core-buttons-is-layout-fdcfc74e wp-block-buttons-is-layout-flex\">\n<div class=\"wp-block-button\"><a class=\"wp-block-button__link wp-element-button\" href=\"https:\/\/www.france.no\/no\/2024\/vitenskap-og-forskning\/laureats-du-programme-asgard-horizon-2025\/\">Laureates 2026<\/a><\/div>\n<\/div>\n\n\n\n<p><\/p>\n","protected":false},"excerpt":{"rendered":"<p>\u00c5sgard Horizon is a programme that aims to strengthen French-Norwegian research cooperation by&nbsp;supporting the organisation of scientific conferences, workshops and meetings of experts. The objectives of the programme are to&nbsp;structure and develop ambitious research networks&nbsp;and to facilitate the&nbsp;development of european projects. The programme is funded in Norway by the Norwegian Research Council (NFR), and in [&hellip;]<\/p>\n","protected":false},"author":6,"featured_media":8755,"parent":255,"menu_order":0,"comment_status":"closed","ping_status":"closed","template":"","meta":{"footnotes":""},"categories":[17],"class_list":["post-548","page","type-page","status-publish","has-post-thumbnail","hentry","category-vitenskap-og-forskning"],"yoast_head":"<!-- This site is optimized with the Yoast SEO plugin v27.5 - https:\/\/yoast.com\/product\/yoast-seo-wordpress\/ -->\n<title>\u00c5sgard Horizon - Institut fran\u00e7ais<\/title>\n<meta name=\"robots\" content=\"index, follow, max-snippet:-1, max-image-preview:large, max-video-preview:-1\" \/>\n<link rel=\"canonical\" href=\"https:\/\/www.france.no\/no\/vitenskap-og-forskning\/samarbeidsprogrammer\/asgard-horizon\/\" \/>\n<meta property=\"og:locale\" content=\"nb_NO\" \/>\n<meta property=\"og:type\" content=\"article\" \/>\n<meta property=\"og:title\" content=\"\u00c5sgard Horizon - Institut fran\u00e7ais\" \/>\n<meta property=\"og:description\" content=\"\u00c5sgard Horizon is a programme that aims to strengthen French-Norwegian research cooperation by&nbsp;supporting the organisation of scientific conferences, workshops and meetings of experts. The objectives of the programme are to&nbsp;structure and develop ambitious research networks&nbsp;and to facilitate the&nbsp;development of european projects. The programme is funded in Norway by the Norwegian Research Council (NFR), and in [&hellip;]\" \/>\n<meta property=\"og:url\" content=\"https:\/\/www.france.no\/no\/vitenskap-og-forskning\/samarbeidsprogrammer\/asgard-horizon\/\" \/>\n<meta property=\"og:site_name\" content=\"Institut fran\u00e7ais\" \/>\n<meta property=\"article:publisher\" content=\"https:\/\/www.facebook.com\/institutfrancaisoslo\" \/>\n<meta property=\"article:modified_time\" content=\"2026-01-07T13:23:59+00:00\" \/>\n<meta property=\"og:image\" content=\"https:\/\/www.france.no\/wp-content\/uploads\/2024\/09\/Asgard-Horizon-Logo-2024-1098x617.png\" \/>\n\t<meta property=\"og:image:width\" content=\"3431\" \/>\n\t<meta property=\"og:image:height\" content=\"1928\" \/>\n\t<meta property=\"og:image:type\" content=\"image\/png\" \/>\n<meta name=\"twitter:card\" content=\"summary_large_image\" \/>\n<meta name=\"twitter:site\" content=\"@ifnorvege\" \/>\n<meta name=\"twitter:label1\" content=\"Ansl. lesetid\" \/>\n\t<meta name=\"twitter:data1\" content=\"2 minutter\" \/>\n<script type=\"application\/ld+json\" class=\"yoast-schema-graph\">{\"@context\":\"https:\\\/\\\/schema.org\",\"@graph\":[{\"@type\":\"WebPage\",\"@id\":\"https:\\\/\\\/www.france.no\\\/no\\\/vitenskap-og-forskning\\\/samarbeidsprogrammer\\\/asgard-horizon\\\/\",\"url\":\"https:\\\/\\\/www.france.no\\\/no\\\/vitenskap-og-forskning\\\/samarbeidsprogrammer\\\/asgard-horizon\\\/\",\"name\":\"\u00c5sgard Horizon - Institut fran\u00e7ais\",\"isPartOf\":{\"@id\":\"https:\\\/\\\/www.france.no\\\/no\\\/#website\"},\"primaryImageOfPage\":{\"@id\":\"https:\\\/\\\/www.france.no\\\/no\\\/vitenskap-og-forskning\\\/samarbeidsprogrammer\\\/asgard-horizon\\\/#primaryimage\"},\"image\":{\"@id\":\"https:\\\/\\\/www.france.no\\\/no\\\/vitenskap-og-forskning\\\/samarbeidsprogrammer\\\/asgard-horizon\\\/#primaryimage\"},\"thumbnailUrl\":\"https:\\\/\\\/www.france.no\\\/wp-content\\\/uploads\\\/2024\\\/09\\\/Asgard-Horizon-Logo-2024-1098x617.png\",\"datePublished\":\"2024-06-17T07:00:00+00:00\",\"dateModified\":\"2026-01-07T13:23:59+00:00\",\"breadcrumb\":{\"@id\":\"https:\\\/\\\/www.france.no\\\/no\\\/vitenskap-og-forskning\\\/samarbeidsprogrammer\\\/asgard-horizon\\\/#breadcrumb\"},\"inLanguage\":\"nb-NO\",\"potentialAction\":[{\"@type\":\"ReadAction\",\"target\":[\"https:\\\/\\\/www.france.no\\\/no\\\/vitenskap-og-forskning\\\/samarbeidsprogrammer\\\/asgard-horizon\\\/\"]}]},{\"@type\":\"ImageObject\",\"inLanguage\":\"nb-NO\",\"@id\":\"https:\\\/\\\/www.france.no\\\/no\\\/vitenskap-og-forskning\\\/samarbeidsprogrammer\\\/asgard-horizon\\\/#primaryimage\",\"url\":\"https:\\\/\\\/www.france.no\\\/wp-content\\\/uploads\\\/2024\\\/09\\\/Asgard-Horizon-Logo-2024-1098x617.png\",\"contentUrl\":\"https:\\\/\\\/www.france.no\\\/wp-content\\\/uploads\\\/2024\\\/09\\\/Asgard-Horizon-Logo-2024-1098x617.png\",\"width\":3431,\"height\":1928},{\"@type\":\"BreadcrumbList\",\"@id\":\"https:\\\/\\\/www.france.no\\\/no\\\/vitenskap-og-forskning\\\/samarbeidsprogrammer\\\/asgard-horizon\\\/#breadcrumb\",\"itemListElement\":[{\"@type\":\"ListItem\",\"position\":1,\"name\":\"\",\"item\":\"https:\\\/\\\/www.france.no\\\/no\\\/\"},{\"@type\":\"ListItem\",\"position\":2,\"name\":\"Vitenskap og forskning\",\"item\":\"https:\\\/\\\/www.france.no\\\/no\\\/vitenskap-og-forskning\\\/\"},{\"@type\":\"ListItem\",\"position\":3,\"name\":\"Cooperation programs\",\"item\":\"https:\\\/\\\/www.france.no\\\/no\\\/vitenskap-og-forskning\\\/samarbeidsprogrammer\\\/\"},{\"@type\":\"ListItem\",\"position\":4,\"name\":\"\u00c5sgard Horizon\"}]},{\"@type\":\"WebSite\",\"@id\":\"https:\\\/\\\/www.france.no\\\/no\\\/#website\",\"url\":\"https:\\\/\\\/www.france.no\\\/no\\\/\",\"name\":\"Institut fran\u00e7ais\",\"description\":\"Norv\u00e8ge\",\"publisher\":{\"@id\":\"https:\\\/\\\/www.france.no\\\/no\\\/#organization\"},\"potentialAction\":[{\"@type\":\"SearchAction\",\"target\":{\"@type\":\"EntryPoint\",\"urlTemplate\":\"https:\\\/\\\/www.france.no\\\/no\\\/?s={search_term_string}\"},\"query-input\":{\"@type\":\"PropertyValueSpecification\",\"valueRequired\":true,\"valueName\":\"search_term_string\"}}],\"inLanguage\":\"nb-NO\"},{\"@type\":\"Organization\",\"@id\":\"https:\\\/\\\/www.france.no\\\/no\\\/#organization\",\"name\":\"Institut fran\u00e7ais\",\"url\":\"https:\\\/\\\/www.france.no\\\/no\\\/\",\"logo\":{\"@type\":\"ImageObject\",\"inLanguage\":\"nb-NO\",\"@id\":\"https:\\\/\\\/www.france.no\\\/no\\\/#\\\/schema\\\/logo\\\/image\\\/\",\"url\":\"https:\\\/\\\/www.france.no\\\/wp-content\\\/uploads\\\/2022\\\/11\\\/IF_Logo_Sans_Bleu_RVB.png\",\"contentUrl\":\"https:\\\/\\\/www.france.no\\\/wp-content\\\/uploads\\\/2022\\\/11\\\/IF_Logo_Sans_Bleu_RVB.png\",\"width\":852,\"height\":591,\"caption\":\"Institut fran\u00e7ais\"},\"image\":{\"@id\":\"https:\\\/\\\/www.france.no\\\/no\\\/#\\\/schema\\\/logo\\\/image\\\/\"},\"sameAs\":[\"https:\\\/\\\/www.facebook.com\\\/institutfrancaisoslo\",\"https:\\\/\\\/x.com\\\/ifnorvege\",\"https:\\\/\\\/instagram.com\\\/ifnorvege\"]}]}<\/script>\n<!-- \/ Yoast SEO plugin. -->","yoast_head_json":{"title":"\u00c5sgard Horizon - Institut fran\u00e7ais","robots":{"index":"index","follow":"follow","max-snippet":"max-snippet:-1","max-image-preview":"max-image-preview:large","max-video-preview":"max-video-preview:-1"},"canonical":"https:\/\/www.france.no\/no\/vitenskap-og-forskning\/samarbeidsprogrammer\/asgard-horizon\/","og_locale":"nb_NO","og_type":"article","og_title":"\u00c5sgard Horizon - Institut fran\u00e7ais","og_description":"\u00c5sgard Horizon is a programme that aims to strengthen French-Norwegian research cooperation by&nbsp;supporting the organisation of scientific conferences, workshops and meetings of experts. The objectives of the programme are to&nbsp;structure and develop ambitious research networks&nbsp;and to facilitate the&nbsp;development of european projects. The programme is funded in Norway by the Norwegian Research Council (NFR), and in [&hellip;]","og_url":"https:\/\/www.france.no\/no\/vitenskap-og-forskning\/samarbeidsprogrammer\/asgard-horizon\/","og_site_name":"Institut fran\u00e7ais","article_publisher":"https:\/\/www.facebook.com\/institutfrancaisoslo","article_modified_time":"2026-01-07T13:23:59+00:00","og_image":[{"width":3431,"height":1928,"url":"https:\/\/www.france.no\/wp-content\/uploads\/2024\/09\/Asgard-Horizon-Logo-2024-1098x617.png","type":"image\/png"}],"twitter_card":"summary_large_image","twitter_site":"@ifnorvege","twitter_misc":{"Ansl. lesetid":"2 minutter"},"schema":{"@context":"https:\/\/schema.org","@graph":[{"@type":"WebPage","@id":"https:\/\/www.france.no\/no\/vitenskap-og-forskning\/samarbeidsprogrammer\/asgard-horizon\/","url":"https:\/\/www.france.no\/no\/vitenskap-og-forskning\/samarbeidsprogrammer\/asgard-horizon\/","name":"\u00c5sgard Horizon - Institut fran\u00e7ais","isPartOf":{"@id":"https:\/\/www.france.no\/no\/#website"},"primaryImageOfPage":{"@id":"https:\/\/www.france.no\/no\/vitenskap-og-forskning\/samarbeidsprogrammer\/asgard-horizon\/#primaryimage"},"image":{"@id":"https:\/\/www.france.no\/no\/vitenskap-og-forskning\/samarbeidsprogrammer\/asgard-horizon\/#primaryimage"},"thumbnailUrl":"https:\/\/www.france.no\/wp-content\/uploads\/2024\/09\/Asgard-Horizon-Logo-2024-1098x617.png","datePublished":"2024-06-17T07:00:00+00:00","dateModified":"2026-01-07T13:23:59+00:00","breadcrumb":{"@id":"https:\/\/www.france.no\/no\/vitenskap-og-forskning\/samarbeidsprogrammer\/asgard-horizon\/#breadcrumb"},"inLanguage":"nb-NO","potentialAction":[{"@type":"ReadAction","target":["https:\/\/www.france.no\/no\/vitenskap-og-forskning\/samarbeidsprogrammer\/asgard-horizon\/"]}]},{"@type":"ImageObject","inLanguage":"nb-NO","@id":"https:\/\/www.france.no\/no\/vitenskap-og-forskning\/samarbeidsprogrammer\/asgard-horizon\/#primaryimage","url":"https:\/\/www.france.no\/wp-content\/uploads\/2024\/09\/Asgard-Horizon-Logo-2024-1098x617.png","contentUrl":"https:\/\/www.france.no\/wp-content\/uploads\/2024\/09\/Asgard-Horizon-Logo-2024-1098x617.png","width":3431,"height":1928},{"@type":"BreadcrumbList","@id":"https:\/\/www.france.no\/no\/vitenskap-og-forskning\/samarbeidsprogrammer\/asgard-horizon\/#breadcrumb","itemListElement":[{"@type":"ListItem","position":1,"name":"","item":"https:\/\/www.france.no\/no\/"},{"@type":"ListItem","position":2,"name":"Vitenskap og forskning","item":"https:\/\/www.france.no\/no\/vitenskap-og-forskning\/"},{"@type":"ListItem","position":3,"name":"Cooperation programs","item":"https:\/\/www.france.no\/no\/vitenskap-og-forskning\/samarbeidsprogrammer\/"},{"@type":"ListItem","position":4,"name":"\u00c5sgard Horizon"}]},{"@type":"WebSite","@id":"https:\/\/www.france.no\/no\/#website","url":"https:\/\/www.france.no\/no\/","name":"Institut fran\u00e7ais","description":"Norv\u00e8ge","publisher":{"@id":"https:\/\/www.france.no\/no\/#organization"},"potentialAction":[{"@type":"SearchAction","target":{"@type":"EntryPoint","urlTemplate":"https:\/\/www.france.no\/no\/?s={search_term_string}"},"query-input":{"@type":"PropertyValueSpecification","valueRequired":true,"valueName":"search_term_string"}}],"inLanguage":"nb-NO"},{"@type":"Organization","@id":"https:\/\/www.france.no\/no\/#organization","name":"Institut fran\u00e7ais","url":"https:\/\/www.france.no\/no\/","logo":{"@type":"ImageObject","inLanguage":"nb-NO","@id":"https:\/\/www.france.no\/no\/#\/schema\/logo\/image\/","url":"https:\/\/www.france.no\/wp-content\/uploads\/2022\/11\/IF_Logo_Sans_Bleu_RVB.png","contentUrl":"https:\/\/www.france.no\/wp-content\/uploads\/2022\/11\/IF_Logo_Sans_Bleu_RVB.png","width":852,"height":591,"caption":"Institut fran\u00e7ais"},"image":{"@id":"https:\/\/www.france.no\/no\/#\/schema\/logo\/image\/"},"sameAs":["https:\/\/www.facebook.com\/institutfrancaisoslo","https:\/\/x.com\/ifnorvege","https:\/\/instagram.com\/ifnorvege"]}]}},"_links":{"self":[{"href":"https:\/\/www.france.no\/no\/wp-json\/wp\/v2\/pages\/548","targetHints":{"allow":["GET"]}}],"collection":[{"href":"https:\/\/www.france.no\/no\/wp-json\/wp\/v2\/pages"}],"about":[{"href":"https:\/\/www.france.no\/no\/wp-json\/wp\/v2\/types\/page"}],"author":[{"embeddable":true,"href":"https:\/\/www.france.no\/no\/wp-json\/wp\/v2\/users\/6"}],"replies":[{"embeddable":true,"href":"https:\/\/www.france.no\/no\/wp-json\/wp\/v2\/comments?post=548"}],"version-history":[{"count":30,"href":"https:\/\/www.france.no\/no\/wp-json\/wp\/v2\/pages\/548\/revisions"}],"predecessor-version":[{"id":19081,"href":"https:\/\/www.france.no\/no\/wp-json\/wp\/v2\/pages\/548\/revisions\/19081"}],"up":[{"embeddable":true,"href":"https:\/\/www.france.no\/no\/wp-json\/wp\/v2\/pages\/255"}],"wp:featuredmedia":[{"embeddable":true,"href":"https:\/\/www.france.no\/no\/wp-json\/wp\/v2\/media\/8755"}],"wp:attachment":[{"href":"https:\/\/www.france.no\/no\/wp-json\/wp\/v2\/media?parent=548"}],"wp:term":[{"taxonomy":"category","embeddable":true,"href":"https:\/\/www.france.no\/no\/wp-json\/wp\/v2\/categories?post=548"}],"curies":[{"name":"wp","href":"https:\/\/api.w.org\/{rel}","templated":true}]}}